{"id":23620,"date":"2024-04-25T08:31:11","date_gmt":"2024-04-25T08:31:11","guid":{"rendered":"https:\/\/unhz.eu\/?page_id=23620"},"modified":"2025-07-18T11:26:08","modified_gmt":"2025-07-18T09:26:08","slug":"keshilli-per-menaxhim-te-cilesise-dhe-vleresim","status":"publish","type":"page","link":"https:\/\/unhz.eu\/bs\/keshilli-per-menaxhim-te-cilesise-dhe-vleresim\/","title":{"rendered":"Vije\u0107e za upravljanje i ocjenjivanje kvalitete"},"content":{"rendered":"<div data-elementor-type=\"wp-page\" data-elementor-id=\"23620\" class=\"elementor elementor-23620\" data-elementor-post-type=\"page\">\n\t\t\t\t\t\t<section class=\"elementor-section elementor-top-section elementor-element elementor-element-07d4828 elementor-section-boxed elementor-section-height-default elementor-section-height-default sc_fly_static\" data-id=\"07d4828\" data-element_type=\"section\" data-e-type=\"section\">\n\t\t\t\t\t\t<div class=\"elementor-container elementor-column-gap-extended\">\n\t\t\t\t\t<div class=\"elementor-column elementor-col-100 elementor-top-column elementor-element elementor-element-d381f8e sc_content_align_inherit sc_layouts_column_icons_position_left sc_fly_static\" data-id=\"d381f8e\" data-element_type=\"column\" data-e-type=\"column\">\n\t\t\t<div class=\"elementor-widget-wrap elementor-element-populated\">\n\t\t\t\t\t\t<div class=\"elementor-element elementor-element-2a328e1 sc_fly_static elementor-widget elementor-widget-trx_sc_title\" data-id=\"2a328e1\" data-element_type=\"widget\" data-e-type=\"widget\" data-widget_type=\"trx_sc_title.default\">\n\t\t\t\t<div class=\"elementor-widget-container\">\n\t\t\t\t\t<div\t\tclass=\"sc_title sc_title_default\" ><span class=\"sc_item_subtitle sc_title_subtitle sc_item_subtitle_above sc_item_title_style_default\">O nama<\/span><h5 class=\"sc_item_title sc_title_title sc_item_title_style_default sc_item_title_tag\"\n\t\t\t><span class=\"sc_item_title_text\">Detyrave t\u00cb pun\u00ebs s\u00eb KMCV<\/span><\/h5><\/div>\t\t\t\t<\/div>\n\t\t\t\t<\/div>\n\t\t\t\t<div class=\"elementor-element elementor-element-96470d3 sc_fly_static elementor-widget elementor-widget-spacer\" data-id=\"96470d3\" data-element_type=\"widget\" data-e-type=\"widget\" data-widget_type=\"spacer.default\">\n\t\t\t\t<div class=\"elementor-widget-container\">\n\t\t\t\t\t\t\t<div class=\"elementor-spacer\">\n\t\t\t<div class=\"elementor-spacer-inner\"><\/div>\n\t\t<\/div>\n\t\t\t\t\t\t<\/div>\n\t\t\t\t<\/div>\n\t\t\t\t<div class=\"elementor-element elementor-element-a4f3114 sc_fly_static elementor-widget elementor-widget-text-editor\" data-id=\"a4f3114\" data-element_type=\"widget\" data-e-type=\"widget\" data-widget_type=\"text-editor.default\">\n\t\t\t\t<div class=\"elementor-widget-container\">\n\t\t\t\t\t\t\t\t\t<p>Ured podr\u017eava KMCV u pokretanju i koordinaciji inicijativa te u kontinuiranoj implementaciji osiguranja i pobolj\u0161anja kvalitete;<\/p><p>Provodi Plan aktivnosti osiguranja kvalitete koji je odobrio KMCV;<\/p><p>Prikupljati informacije o kvaliteti i evaluaciji od svih u\u010desnika u sistemu unutar Univerziteta;<\/p><p>U saradnji sa KMCV-om i koordinatorima za osiguranje kvaliteta i evaluaciju, organizuje proces interne evaluacije u skladu sa Vodi\u010dem za osiguranje kvaliteta, putem upitnika i drugih instrumenata datih u Vodi\u010du;<\/p><p>Shp\u00ebrndan\u00a0\u00a0pyet\u00ebsor\u00ebt, mbledh\u00eb, p\u00ebrpunon dhe vler\u00ebson t\u00eb dh\u00ebnat nga fushat e vler\u00ebsuara;<\/p><p>Pru\u017ea podr\u0161ku Ad Hoc komisijama u procesu evaluacije postoje\u0107ih studijskih programa, kao i u periodi\u010dnim postupcima interne evaluacije;<\/p><p>Pru\u017ea administrativnu podr\u0161ku u postupcima interne evaluacije sistema osiguranja kvaliteta Univerziteta;<\/p><p>Pru\u017ea podr\u0161ku akademskim jedinicama putem koordinatora za osiguranje kvaliteta i ocjenjivanje;<\/p><p>Prikuplja, obra\u0111uje i analizira podatke potrebne za sastavljanje godi\u0161njeg izvje\u0161taja o radu;<\/p><p>Koordinon pun\u00ebn n\u00eb mb\u00ebshtetje t\u00eb nj\u00ebsive akademike\u00a0p\u00ebr\u00a0procesin e\u00a0Ri\/Akreditimit institucional dhe t\u00eb Ri\/Akreditimit t\u00eb\u00a0programeve t\u00eb\u00a0studimit, bazuar n\u00eb udh\u00ebzuesit dhe standardet e AKA-s\u00eb;<\/p><p>Mir\u00ebmban\u00a0dhe\u00a0shqyrton\u00a0<wbr \/>dokumentacionin e\u00a0procesit\u00a0t\u00eb ri\/akreditimit,\u00a0p\u00ebrgatit\u00eb\u00a0raporte\u00a0dhe\u00a0analiza p\u00ebrkat\u00ebse.<\/p>\t\t\t\t\t\t\t\t<\/div>\n\t\t\t\t<\/div>\n\t\t\t\t<div class=\"elementor-element elementor-element-0c0dbb9 sc_fly_static elementor-widget elementor-widget-spacer\" data-id=\"0c0dbb9\" data-element_type=\"widget\" data-e-type=\"widget\" data-widget_type=\"spacer.default\">\n\t\t\t\t<div class=\"elementor-widget-container\">\n\t\t\t\t\t\t\t<div class=\"elementor-spacer\">\n\t\t\t<div class=\"elementor-spacer-inner\"><\/div>\n\t\t<\/div>\n\t\t\t\t\t\t<\/div>\n\t\t\t\t<\/div>\n\t\t\t\t<div class=\"elementor-element elementor-element-575f27a sc_fly_static elementor-widget elementor-widget-trx_sc_title\" data-id=\"575f27a\" data-element_type=\"widget\" data-e-type=\"widget\" data-widget_type=\"trx_sc_title.default\">\n\t\t\t\t<div class=\"elementor-widget-container\">\n\t\t\t\t\t<div\t\tclass=\"sc_title sc_title_default\" ><span class=\"sc_item_subtitle sc_title_subtitle sc_item_subtitle_above sc_item_title_style_default\">O nama<\/span><h5 class=\"sc_item_title sc_title_title sc_item_title_style_default sc_item_title_tag\"\n\t\t\t><span class=\"sc_item_title_text\">K\u00ebshillit  p\u00ebr Menaxhim t\u00eb Cil\u00ebsis\u00eb dhe Vler\u00ebsim<\/span><\/h5><\/div>\t\t\t\t<\/div>\n\t\t\t\t<\/div>\n\t\t\t\t<div class=\"elementor-element elementor-element-0f2e2e8 sc_fly_static elementor-widget elementor-widget-spacer\" data-id=\"0f2e2e8\" data-element_type=\"widget\" data-e-type=\"widget\" data-widget_type=\"spacer.default\">\n\t\t\t\t<div class=\"elementor-widget-container\">\n\t\t\t\t\t\t\t<div class=\"elementor-spacer\">\n\t\t\t<div class=\"elementor-spacer-inner\"><\/div>\n\t\t<\/div>\n\t\t\t\t\t\t<\/div>\n\t\t\t\t<\/div>\n\t\t\t\t<div class=\"elementor-element elementor-element-8fa9cd3 sc_fly_static elementor-widget elementor-widget-text-editor\" data-id=\"8fa9cd3\" data-element_type=\"widget\" data-e-type=\"widget\" data-widget_type=\"text-editor.default\">\n\t\t\t\t<div class=\"elementor-widget-container\">\n\t\t\t\t\t\t\t\t\t<p>N\u00eb baz\u00eb t\u00eb nenit 42, 47, 48, t\u00eb statutit t\u00eb Universiteti \u201cHaxhi Zeka\u201d n\u00eb Pej\u00eb, nenit 7 t\u00eb Rregullores p\u00ebr Sistemin e Sigurimit t\u00eb Cil\u00ebsis\u00eb n\u00eb UHZ, ref. nr. 319\/20, t\u00eb dat\u00ebs 13.02.2020, Senati i UHZ-s\u00eb, n\u00eb mbledhjen e mbajtur me dat\u00eb 18.02.2020, ka themeluar K\u00ebshillin p\u00ebr Menaxhim t\u00eb Cil\u00ebsis\u00eb dhe Vler\u00ebsim, n\u00eb Universitetin \u201cHaxhi Zeka\u201d n\u00eb Pej\u00eb.<\/p>\n<p>P\u00ebrb\u00ebrja e K\u00ebshillit p\u00ebr Menaxhim t\u00eb Cil\u00ebsis\u00eb dhe Vler\u00ebsim, \u00ebsht\u00eb si n\u00eb vijim:<\/p>\n<p>Prof. Dr. Edmond Beqiri \u2013 Kryetar<br>edmond.beqiri@unhz.eu<\/p>\n<p>Prof.ass.dr. Enkeleda Lulaj \u2013 An\u00ebtare<br>enkeleda.lulaj@unhz.eu<\/p>\n<p>Prof.ass.dr. Mensur Morina \u2013 An\u00ebtar<br>mensur.morina@unhz.eu<\/p><p>Prof.asoc.dr. Albona Shala Abazi \u2013 An\u00ebtare<br>albona.abazi@unhz.eu<\/p><p>Prof.ass.dr. Milaim Musliu \u2013 An\u00ebtar<br>milaim.musliu@unhz.eu<\/p><p>Prof.mr. Syzana Jakupi \u2013 An\u00ebtare<br>suzana.jakupi@unhz.eu<br><\/p><p>MSc. Gentiana Kastrati \u2013 An\u00ebtare<br>gentiana.kastrati@unhz.eu<\/p>\n<p>Luan Lulaj \u2013 An\u00ebtar<br>luan.lulaj@unhz.eu<\/p>\n<p>Ardit Bobii \u2013 An\u00ebtar\/Student<br>ardit.bobi@unhz.eu<\/p>\n<p>Leart Husaj \u2013 An\u00ebtar\/Student<br>leart.husaj@unhz.eu<\/p>\t\t\t\t\t\t\t\t<\/div>\n\t\t\t\t<\/div>\n\t\t\t\t<div class=\"elementor-element elementor-element-d0c3018 sc_fly_static elementor-widget elementor-widget-spacer\" data-id=\"d0c3018\" data-element_type=\"widget\" data-e-type=\"widget\" data-widget_type=\"spacer.default\">\n\t\t\t\t<div class=\"elementor-widget-container\">\n\t\t\t\t\t\t\t<div class=\"elementor-spacer\">\n\t\t\t<div class=\"elementor-spacer-inner\"><\/div>\n\t\t<\/div>\n\t\t\t\t\t\t<\/div>\n\t\t\t\t<\/div>\n\t\t\t\t<div class=\"elementor-element elementor-element-d28b284 sc_fly_static elementor-widget elementor-widget-trx_sc_title\" data-id=\"d28b284\" data-element_type=\"widget\" data-e-type=\"widget\" data-widget_type=\"trx_sc_title.default\">\n\t\t\t\t<div class=\"elementor-widget-container\">\n\t\t\t\t\t<div\t\tclass=\"sc_title sc_title_default\" ><span class=\"sc_item_subtitle sc_title_subtitle sc_item_subtitle_above sc_item_title_style_default\">O nama<\/span><h5 class=\"sc_item_title sc_title_title sc_item_title_style_default sc_item_title_tag\"\n\t\t\t><span class=\"sc_item_title_text\">Rregullores p\u00ebr pun\u00ebn e K\u00ebshillit p\u00ebr Menaxhim t\u00eb Cil\u00ebsis\u00eb dhe Vler\u00ebsim<\/span><\/h5><\/div>\t\t\t\t<\/div>\n\t\t\t\t<\/div>\n\t\t\t\t<div class=\"elementor-element elementor-element-c10f1f6 sc_fly_static elementor-widget elementor-widget-spacer\" data-id=\"c10f1f6\" data-element_type=\"widget\" data-e-type=\"widget\" data-widget_type=\"spacer.default\">\n\t\t\t\t<div class=\"elementor-widget-container\">\n\t\t\t\t\t\t\t<div class=\"elementor-spacer\">\n\t\t\t<div class=\"elementor-spacer-inner\"><\/div>\n\t\t<\/div>\n\t\t\t\t\t\t<\/div>\n\t\t\t\t<\/div>\n\t\t\t\t<div class=\"elementor-element elementor-element-4d9509e sc_fly_static elementor-widget elementor-widget-text-editor\" data-id=\"4d9509e\" data-element_type=\"widget\" data-e-type=\"widget\" data-widget_type=\"text-editor.default\">\n\t\t\t\t<div class=\"elementor-widget-container\">\n\t\t\t\t\t\t\t\t\t<p><a href=\"https:\/\/drive.google.com\/file\/d\/1P2ad_6UZmPEOFfptSaXcDCnO6XNlZlB2\/view\" target=\"_blank\" rel=\"noopener\">2524 &#8211; Rregullore p\u00ebr pun\u00ebn e K\u00ebshillit p\u00ebr Menaxhim t\u00eb Cil\u00ebsis\u00eb dhe Vler\u00ebsim &#8211; Edmond Beqiri.PDF<\/a><\/p>\t\t\t\t\t\t\t\t<\/div>\n\t\t\t\t<\/div>\n\t\t\t\t\t<\/div>\n\t\t<\/div>\n\t\t\t\t\t<\/div>\n\t\t<\/section>\n\t\t\t\t<\/div>","protected":false},"excerpt":{"rendered":"<p>Rreth Detyrave t\u00cb pun\u00ebs s\u00eb KMCV Zyra \u00ebsht\u00eb mb\u00ebshtet\u00ebse e KMCV-s\u00eb n\u00eb inicimin dhe koordinimin&hellip;<\/p>","protected":false},"author":1,"featured_media":50754,"parent":0,"menu_order":0,"comment_status":"closed","ping_status":"closed","template":"","meta":{"_acf_changed":false,"footnotes":""},"class_list":["post-23620","page","type-page","status-publish","has-post-thumbnail","hentry"],"yoast_head":"<!-- This site is optimized with the Yoast SEO Premium plugin v27.2 (Yoast SEO v27.2) - https:\/\/yoast.com\/product\/yoast-seo-premium-wordpress\/ -->\n<title>K\u00ebshilli p\u00ebr Menaxhim t\u00eb Cil\u00ebsis\u00eb dhe Vler\u00ebsim - University Haxhi Zeka<\/title>\n<meta name=\"description\" content=\"KMCV e UHZ-s\u00eb (themeluar n\u00eb shkurt 2020) mbik\u00ebqyr vler\u00ebsimin e brendsh\u00ebm, akreditimin dhe bashk\u00ebpunon p\u00ebr p\u00ebrmir\u00ebsimin cil\u00ebsor institucional.\" \/>\n<meta name=\"robots\" content=\"index, follow, max-snippet:-1, max-image-preview:large, max-video-preview:-1\" \/>\n<link rel=\"canonical\" href=\"https:\/\/unhz.eu\/bs\/keshilli-per-menaxhim-te-cilesise-dhe-vleresim\/\" \/>\n<meta property=\"og:locale\" content=\"bs_BA\" \/>\n<meta property=\"og:type\" content=\"article\" \/>\n<meta property=\"og:title\" content=\"K\u00ebshilli p\u00ebr Menaxhim t\u00eb Cil\u00ebsis\u00eb dhe Vler\u00ebsim\" \/>\n<meta property=\"og:description\" content=\"KMCV e UHZ-s\u00eb (themeluar n\u00eb shkurt 2020) mbik\u00ebqyr vler\u00ebsimin e brendsh\u00ebm, akreditimin dhe bashk\u00ebpunon p\u00ebr p\u00ebrmir\u00ebsimin cil\u00ebsor institucional.\" \/>\n<meta property=\"og:url\" content=\"https:\/\/unhz.eu\/bs\/keshilli-per-menaxhim-te-cilesise-dhe-vleresim\/\" \/>\n<meta property=\"og:site_name\" content=\"University Haxhi Zeka\" \/>\n<meta property=\"article:publisher\" content=\"https:\/\/www.facebook.com\/uni.haxhizeka\" \/>\n<meta property=\"article:modified_time\" content=\"2025-07-18T09:26:08+00:00\" \/>\n<meta property=\"og:image\" content=\"https:\/\/unhz.eu\/wp-content\/uploads\/2025\/04\/Dizajn-me-logo-te-UHZ.webp\" \/>\n\t<meta property=\"og:image:width\" content=\"1000\" \/>\n\t<meta property=\"og:image:height\" content=\"1000\" \/>\n\t<meta property=\"og:image:type\" content=\"image\/webp\" \/>\n<meta name=\"twitter:card\" content=\"summary_large_image\" \/>\n<meta name=\"twitter:site\" content=\"@uni_haxhizeka\" \/>\n<meta name=\"twitter:label1\" content=\"Est. reading time\" \/>\n\t<meta name=\"twitter:data1\" content=\"2 minute\" \/>\n<script type=\"application\/ld+json\" class=\"yoast-schema-graph\">{\"@context\":\"https:\/\/schema.org\",\"@graph\":[{\"@type\":\"WebPage\",\"@id\":\"https:\/\/unhz.eu\/keshilli-per-menaxhim-te-cilesise-dhe-vleresim\/\",\"url\":\"https:\/\/unhz.eu\/keshilli-per-menaxhim-te-cilesise-dhe-vleresim\/\",\"name\":\"K\u00ebshilli p\u00ebr Menaxhim t\u00eb Cil\u00ebsis\u00eb dhe Vler\u00ebsim - University Haxhi Zeka\",\"isPartOf\":{\"@id\":\"https:\/\/unhz.eu\/#website\"},\"primaryImageOfPage\":{\"@id\":\"https:\/\/unhz.eu\/keshilli-per-menaxhim-te-cilesise-dhe-vleresim\/#primaryimage\"},\"image\":{\"@id\":\"https:\/\/unhz.eu\/keshilli-per-menaxhim-te-cilesise-dhe-vleresim\/#primaryimage\"},\"thumbnailUrl\":\"https:\/\/unhz.eu\/wp-content\/uploads\/2025\/04\/Dizajn-me-logo-te-UHZ.webp\",\"datePublished\":\"2024-04-25T08:31:11+00:00\",\"dateModified\":\"2025-07-18T09:26:08+00:00\",\"description\":\"KMCV e UHZ-s\u00eb (themeluar n\u00eb shkurt 2020) mbik\u00ebqyr vler\u00ebsimin e brendsh\u00ebm, akreditimin dhe bashk\u00ebpunon p\u00ebr p\u00ebrmir\u00ebsimin cil\u00ebsor institucional.\",\"breadcrumb\":{\"@id\":\"https:\/\/unhz.eu\/keshilli-per-menaxhim-te-cilesise-dhe-vleresim\/#breadcrumb\"},\"inLanguage\":\"bs-BA\",\"potentialAction\":[{\"@type\":\"ReadAction\",\"target\":[\"https:\/\/unhz.eu\/keshilli-per-menaxhim-te-cilesise-dhe-vleresim\/\"]}]},{\"@type\":\"ImageObject\",\"inLanguage\":\"bs-BA\",\"@id\":\"https:\/\/unhz.eu\/keshilli-per-menaxhim-te-cilesise-dhe-vleresim\/#primaryimage\",\"url\":\"https:\/\/unhz.eu\/wp-content\/uploads\/2025\/04\/Dizajn-me-logo-te-UHZ.webp\",\"contentUrl\":\"https:\/\/unhz.eu\/wp-content\/uploads\/2025\/04\/Dizajn-me-logo-te-UHZ.webp\",\"width\":1000,\"height\":1000,\"caption\":\"Universiteti Haxhi Zeka, UHZ logo me background te kuq\"},{\"@type\":\"BreadcrumbList\",\"@id\":\"https:\/\/unhz.eu\/keshilli-per-menaxhim-te-cilesise-dhe-vleresim\/#breadcrumb\",\"itemListElement\":[{\"@type\":\"ListItem\",\"position\":1,\"name\":\"Home\",\"item\":\"https:\/\/unhz.eu\/\"},{\"@type\":\"ListItem\",\"position\":2,\"name\":\"K\u00ebshilli p\u00ebr Menaxhim t\u00eb Cil\u00ebsis\u00eb dhe Vler\u00ebsim\"}]},{\"@type\":\"WebSite\",\"@id\":\"https:\/\/unhz.eu\/#website\",\"url\":\"https:\/\/unhz.eu\/\",\"name\":\"Universiteti \u201cHaxhi Zeka\u201d\",\"description\":\"I dedikuar p\u00ebr cil\u00ebsi, standarde dhe suksese\",\"publisher\":{\"@id\":\"https:\/\/unhz.eu\/#organization\"},\"alternateName\":\"Universiteti Haxhi Zeka\",\"potentialAction\":[{\"@type\":\"SearchAction\",\"target\":{\"@type\":\"EntryPoint\",\"urlTemplate\":\"https:\/\/unhz.eu\/?s={search_term_string}\"},\"query-input\":{\"@type\":\"PropertyValueSpecification\",\"valueRequired\":true,\"valueName\":\"search_term_string\"}}],\"inLanguage\":\"bs-BA\"},{\"@type\":\"Organization\",\"@id\":\"https:\/\/unhz.eu\/#organization\",\"name\":\"Universiteti \u201cHaxhi Zeka\u201d\",\"alternateName\":\"Universiteti Haxhi Zeka\",\"url\":\"https:\/\/unhz.eu\/\",\"logo\":{\"@type\":\"ImageObject\",\"inLanguage\":\"bs-BA\",\"@id\":\"https:\/\/unhz.eu\/#\/schema\/logo\/image\/\",\"url\":\"https:\/\/unhz.eu\/wp-content\/uploads\/2025\/04\/logo-unhz.webp\",\"contentUrl\":\"https:\/\/unhz.eu\/wp-content\/uploads\/2025\/04\/logo-unhz.webp\",\"width\":1024,\"height\":260,\"caption\":\"Universiteti \u201cHaxhi Zeka\u201d\"},\"image\":{\"@id\":\"https:\/\/unhz.eu\/#\/schema\/logo\/image\/\"},\"sameAs\":[\"https:\/\/www.facebook.com\/uni.haxhizeka\",\"https:\/\/x.com\/uni_haxhizeka\",\"https:\/\/www.linkedin.com\/school\/haxhi-zeka-university\",\"https:\/\/www.instagram.com\/uni_haxhizeka\/\"],\"description\":\"Universiteti \u201cHaxhi Zeka\u201d n\u00eb Pej\u00eb \u00ebsht\u00eb institucion publik i arsimit t\u00eb lart\u00eb, q\u00eb ofron studime bachelor, master dhe doktorat\u00eb n\u00eb fusha t\u00eb ndryshme si menaxhimi, turizmi, ekonomia, bujq\u00ebsia, arti dhe drejt\u00ebsia. Universiteti synon zhvillimin akademik, hulumtimin shkencor dhe kontributin n\u00eb komunitet.\",\"email\":\"info@unhz.eu\",\"telephone\":\"+38339410970\",\"legalName\":\"Universiteti \u201cHaxhi Zeka\u201d n\u00eb Pej\u00eb\",\"foundingDate\":\"2011-11-14\",\"numberOfEmployees\":{\"@type\":\"QuantitativeValue\",\"minValue\":\"201\",\"maxValue\":\"500\"}}]}<\/script>\n<!-- \/ Yoast SEO Premium plugin. -->","yoast_head_json":{"title":"K\u00ebshilli p\u00ebr Menaxhim t\u00eb Cil\u00ebsis\u00eb dhe Vler\u00ebsim - University Haxhi Zeka","description":"KMCV e UHZ-s\u00eb (themeluar n\u00eb shkurt 2020) mbik\u00ebqyr vler\u00ebsimin e brendsh\u00ebm, akreditimin dhe bashk\u00ebpunon p\u00ebr p\u00ebrmir\u00ebsimin cil\u00ebsor institucional.","robots":{"index":"index","follow":"follow","max-snippet":"max-snippet:-1","max-image-preview":"max-image-preview:large","max-video-preview":"max-video-preview:-1"},"canonical":"https:\/\/unhz.eu\/bs\/keshilli-per-menaxhim-te-cilesise-dhe-vleresim\/","og_locale":"bs_BA","og_type":"article","og_title":"K\u00ebshilli p\u00ebr Menaxhim t\u00eb Cil\u00ebsis\u00eb dhe Vler\u00ebsim","og_description":"KMCV e UHZ-s\u00eb (themeluar n\u00eb shkurt 2020) mbik\u00ebqyr vler\u00ebsimin e brendsh\u00ebm, akreditimin dhe bashk\u00ebpunon p\u00ebr p\u00ebrmir\u00ebsimin cil\u00ebsor institucional.","og_url":"https:\/\/unhz.eu\/bs\/keshilli-per-menaxhim-te-cilesise-dhe-vleresim\/","og_site_name":"University Haxhi Zeka","article_publisher":"https:\/\/www.facebook.com\/uni.haxhizeka","article_modified_time":"2025-07-18T09:26:08+00:00","og_image":[{"width":1000,"height":1000,"url":"https:\/\/unhz.eu\/wp-content\/uploads\/2025\/04\/Dizajn-me-logo-te-UHZ.webp","type":"image\/webp"}],"twitter_card":"summary_large_image","twitter_site":"@uni_haxhizeka","twitter_misc":{"Est. reading time":"2 minute"},"schema":{"@context":"https:\/\/schema.org","@graph":[{"@type":"WebPage","@id":"https:\/\/unhz.eu\/keshilli-per-menaxhim-te-cilesise-dhe-vleresim\/","url":"https:\/\/unhz.eu\/keshilli-per-menaxhim-te-cilesise-dhe-vleresim\/","name":"K\u00ebshilli p\u00ebr Menaxhim t\u00eb Cil\u00ebsis\u00eb dhe Vler\u00ebsim - University Haxhi Zeka","isPartOf":{"@id":"https:\/\/unhz.eu\/#website"},"primaryImageOfPage":{"@id":"https:\/\/unhz.eu\/keshilli-per-menaxhim-te-cilesise-dhe-vleresim\/#primaryimage"},"image":{"@id":"https:\/\/unhz.eu\/keshilli-per-menaxhim-te-cilesise-dhe-vleresim\/#primaryimage"},"thumbnailUrl":"https:\/\/unhz.eu\/wp-content\/uploads\/2025\/04\/Dizajn-me-logo-te-UHZ.webp","datePublished":"2024-04-25T08:31:11+00:00","dateModified":"2025-07-18T09:26:08+00:00","description":"KMCV e UHZ-s\u00eb (themeluar n\u00eb shkurt 2020) mbik\u00ebqyr vler\u00ebsimin e brendsh\u00ebm, akreditimin dhe bashk\u00ebpunon p\u00ebr p\u00ebrmir\u00ebsimin cil\u00ebsor institucional.","breadcrumb":{"@id":"https:\/\/unhz.eu\/keshilli-per-menaxhim-te-cilesise-dhe-vleresim\/#breadcrumb"},"inLanguage":"bs-BA","potentialAction":[{"@type":"ReadAction","target":["https:\/\/unhz.eu\/keshilli-per-menaxhim-te-cilesise-dhe-vleresim\/"]}]},{"@type":"ImageObject","inLanguage":"bs-BA","@id":"https:\/\/unhz.eu\/keshilli-per-menaxhim-te-cilesise-dhe-vleresim\/#primaryimage","url":"https:\/\/unhz.eu\/wp-content\/uploads\/2025\/04\/Dizajn-me-logo-te-UHZ.webp","contentUrl":"https:\/\/unhz.eu\/wp-content\/uploads\/2025\/04\/Dizajn-me-logo-te-UHZ.webp","width":1000,"height":1000,"caption":"Universiteti Haxhi Zeka, UHZ logo me background te kuq"},{"@type":"BreadcrumbList","@id":"https:\/\/unhz.eu\/keshilli-per-menaxhim-te-cilesise-dhe-vleresim\/#breadcrumb","itemListElement":[{"@type":"ListItem","position":1,"name":"Home","item":"https:\/\/unhz.eu\/"},{"@type":"ListItem","position":2,"name":"K\u00ebshilli p\u00ebr Menaxhim t\u00eb Cil\u00ebsis\u00eb dhe Vler\u00ebsim"}]},{"@type":"WebSite","@id":"https:\/\/unhz.eu\/#website","url":"https:\/\/unhz.eu\/","name":"Univerzitet &quot;Had\u017ei Zeka&quot;\u201c","description":"Posve\u0107eni kvaliteti, standardima i uspjehu","publisher":{"@id":"https:\/\/unhz.eu\/#organization"},"alternateName":"Universiteti Haxhi Zeka","potentialAction":[{"@type":"SearchAction","target":{"@type":"EntryPoint","urlTemplate":"https:\/\/unhz.eu\/?s={search_term_string}"},"query-input":{"@type":"PropertyValueSpecification","valueRequired":true,"valueName":"search_term_string"}}],"inLanguage":"bs-BA"},{"@type":"Organization","@id":"https:\/\/unhz.eu\/#organization","name":"Univerzitet &quot;Had\u017ei Zeka&quot;\u201c","alternateName":"Universiteti Haxhi Zeka","url":"https:\/\/unhz.eu\/","logo":{"@type":"ImageObject","inLanguage":"bs-BA","@id":"https:\/\/unhz.eu\/#\/schema\/logo\/image\/","url":"https:\/\/unhz.eu\/wp-content\/uploads\/2025\/04\/logo-unhz.webp","contentUrl":"https:\/\/unhz.eu\/wp-content\/uploads\/2025\/04\/logo-unhz.webp","width":1024,"height":260,"caption":"Universiteti \u201cHaxhi Zeka\u201d"},"image":{"@id":"https:\/\/unhz.eu\/#\/schema\/logo\/image\/"},"sameAs":["https:\/\/www.facebook.com\/uni.haxhizeka","https:\/\/x.com\/uni_haxhizeka","https:\/\/www.linkedin.com\/school\/haxhi-zeka-university","https:\/\/www.instagram.com\/uni_haxhizeka\/"],"description":"Univerzitet &quot;Had\u017ei Zeka&quot; u Pe\u0107i je javna visoko\u0161kolska ustanova koja nudi dodiplomske, master i doktorske studije u raznim oblastima kao \u0161to su menad\u017ement, turizam, ekonomija, poljoprivreda, umjetnost i pravo. Univerzitet ima za cilj akademski razvoj, nau\u010dna istra\u017eivanja i doprinos zajednici.","email":"info@unhz.eu","telephone":"+38339410970","legalName":"Universiteti \u201cHaxhi Zeka\u201d n\u00eb Pej\u00eb","foundingDate":"2011-11-14","numberOfEmployees":{"@type":"QuantitativeValue","minValue":"201","maxValue":"500"}}]}},"acf":[],"_links":{"self":[{"href":"https:\/\/unhz.eu\/bs\/wp-json\/wp\/v2\/pages\/23620","targetHints":{"allow":["GET"]}}],"collection":[{"href":"https:\/\/unhz.eu\/bs\/wp-json\/wp\/v2\/pages"}],"about":[{"href":"https:\/\/unhz.eu\/bs\/wp-json\/wp\/v2\/types\/page"}],"author":[{"embeddable":true,"href":"https:\/\/unhz.eu\/bs\/wp-json\/wp\/v2\/users\/1"}],"replies":[{"embeddable":true,"href":"https:\/\/unhz.eu\/bs\/wp-json\/wp\/v2\/comments?post=23620"}],"version-history":[{"count":2,"href":"https:\/\/unhz.eu\/bs\/wp-json\/wp\/v2\/pages\/23620\/revisions"}],"predecessor-version":[{"id":56757,"href":"https:\/\/unhz.eu\/bs\/wp-json\/wp\/v2\/pages\/23620\/revisions\/56757"}],"wp:featuredmedia":[{"embeddable":true,"href":"https:\/\/unhz.eu\/bs\/wp-json\/wp\/v2\/media\/50754"}],"wp:attachment":[{"href":"https:\/\/unhz.eu\/bs\/wp-json\/wp\/v2\/media?parent=23620"}],"curies":[{"name":"radni list","href":"https:\/\/api.w.org\/{rel}","templated":true}]}}