{"id":23350,"date":"2024-04-24T08:08:16","date_gmt":"2024-04-24T08:08:16","guid":{"rendered":"https:\/\/unhz.eu\/?page_id=23350"},"modified":"2025-09-04T08:51:43","modified_gmt":"2025-09-04T06:51:43","slug":"punimet-shkencore-te-publikuara-ne-revista-te-indeksuara-ne-platformat-wos-scopus-2","status":"publish","type":"page","link":"https:\/\/unhz.eu\/bs\/punimet-shkencore-te-publikuara-ne-revista-te-indeksuara-ne-platformat-wos-scopus-2\/","title":{"rendered":"Nau\u010dni radovi objavljeni u \u010dasopisima indeksiranim na platformama WOS i SCOPUS"},"content":{"rendered":"<div data-elementor-type=\"wp-page\" data-elementor-id=\"23350\" class=\"elementor elementor-23350\" data-elementor-post-type=\"page\">\n\t\t\t\t\t\t<section class=\"elementor-section elementor-top-section elementor-element elementor-element-4e3b492a elementor-section-boxed elementor-section-height-default elementor-section-height-default sc_fly_static\" data-id=\"4e3b492a\" data-element_type=\"section\" data-e-type=\"section\">\n\t\t\t\t\t\t<div class=\"elementor-container elementor-column-gap-extended\">\n\t\t\t\t\t<div class=\"elementor-column elementor-col-100 elementor-top-column elementor-element elementor-element-590c2e45 sc_content_align_inherit sc_layouts_column_icons_position_left sc_fly_static\" data-id=\"590c2e45\" data-element_type=\"column\" data-e-type=\"column\">\n\t\t\t<div class=\"elementor-widget-wrap elementor-element-populated\">\n\t\t\t\t\t\t<div class=\"elementor-element elementor-element-32aeb811 sc_fly_static elementor-widget elementor-widget-text-editor\" data-id=\"32aeb811\" data-element_type=\"widget\" data-e-type=\"widget\" data-widget_type=\"text-editor.default\">\n\t\t\t\t<div class=\"elementor-widget-container\">\n\t\t\t\t\t\t\t\t\t<h4>Listave t\u00eb punimeve shkencore t\u00eb publikuara n\u00eb revistat e indeksuara n\u00eb platformat WOS &amp; SCOPUS<\/h4>\n<p><a href=\"https:\/\/unhz.eu\/wp-content\/uploads\/2025\/09\/List-of-scientific-papers-published-in-journals-indexed-on-WEB-OF-SCIENCE-SCOPUS-platforms_Faculty-of-Agribusiness_FIRST-6-MONTHS_2025.pdf\">List of scientific papers published in journals indexed on WEB OF SCIENCE &amp; SCOPUS platforms_Faculty of Agribusiness_FIRST 6 MONTHS_2025<\/a><\/p>\n<p><a href=\"https:\/\/unhz.eu\/wp-content\/uploads\/2025\/09\/List-of-scientific-papers-published-in-journals-indexed-on-WEB-OF-SCIENCE-SCOPUS-platforms_Faculty-of-Arts_FIRST-6-MONTHS_2025.pdf\">List of scientific papers published in journals indexed on WEB OF SCIENCE &amp; SCOPUS platforms_Faculty of Arts_FIRST 6 MONTHS_2025<\/a><\/p>\n<p><a href=\"https:\/\/unhz.eu\/wp-content\/uploads\/2025\/09\/List-of-scientific-papers-published-in-journals-indexed-on-WEB-OF-SCIENCE-SCOPUS-platforms_Faculty-of-Business_FIRST-6-MONTHS_2025.pdf\">List of scientific papers published in journals indexed on WEB OF SCIENCE &amp; SCOPUS platforms_Faculty of Business_FIRST 6 MONTHS_2025<\/a><\/p>\n<p><a href=\"https:\/\/unhz.eu\/wp-content\/uploads\/2025\/09\/List-of-scientific-papers-published-in-journals-indexed-on-WEB-OF-SCIENCE-SCOPUS-platforms_Faculty-of-Law_FIRST-6-MONTHS_2025.pdf\">List of scientific papers published in journals indexed on WEB OF SCIENCE &amp; SCOPUS platforms_Faculty of Law_FIRST 6 MONTHS_2025<\/a><\/p>\n<p><a href=\"https:\/\/unhz.eu\/wp-content\/uploads\/2025\/09\/List-of-scientific-papers-published-in-journals-indexed-on-WEB-OF-SCIENCE-SCOPUS-platforms_Faculty-of-MTHE_FIRST-6-MONTHS_2025.pdf\">List of scientific papers published in journals indexed on WEB OF SCIENCE &amp; SCOPUS platforms_Faculty of MTHE_FIRST 6 MONTHS_2025<\/a><\/p>\n<p><a href=\"https:\/\/unhz.eu\/wp-content\/uploads\/2025\/02\/List-of-scientific-papers-published-in-journals-indexed-on-WEB-OF-SCIENCE-SCOPUS-platforms_Faculty-of-Arts_2024-2.pdf\">List of scientific papers published in journals indexed on WEB OF SCIENCE &amp; SCOPUS platforms_Faculty of Arts_2024<\/a><\/p>\n<p><a href=\"https:\/\/unhz.eu\/wp-content\/uploads\/2025\/02\/List-of-scientific-papers-published-in-journals-indexed-on-WEB-OF-SCIENCE-SCOPUS-platforms_Faculty-of-Business_2024-2.pdf\">List of scientific papers published in journals indexed on WEB OF SCIENCE &amp; SCOPUS platforms_Faculty of Business_2024<\/a><\/p>\n<p><a href=\"https:\/\/unhz.eu\/wp-content\/uploads\/2025\/02\/List-of-scientific-papers-published-in-journals-indexed-on-WEB-OF-SCIENCE-SCOPUS-platforms_Faculty-of-Law_2024-2.pdf\">List of scientific papers published in journals indexed on WEB OF SCIENCE &amp; SCOPUS platforms_Faculty of Law_2024<\/a><\/p>\n<p><a href=\"https:\/\/unhz.eu\/wp-content\/uploads\/2025\/02\/List-of-scientific-papers-published-in-journals-indexed-on-WEB-OF-SCIENCE-SCOPUS-platforms_Faculty-of-MTHE_2024-2.pdf\">List of scientific papers published in journals indexed on WEB OF SCIENCE &amp; SCOPUS platforms_Faculty of MTHE_2024<\/a><\/p>\n<p><a href=\"https:\/\/unhz.eu\/Dokumente\/Kerkime_Shkencore\/List%20of%20scientific%20papers%20published%20in%20journals%20indexed%20on%20WEB%20OF%20SCIENCE%20&amp;%20SCOPUS%20platforms%202023%202.pdf\">List of scientific papers published in journals indexed on WEB OF SCIENCE &amp; SCOPUS platforms 2023<\/a><\/p>\n<p><a href=\"https:\/\/drive.google.com\/file\/d\/1V4LPcErKD7m58W0Q2-QAYrDpUEigZpyJ\/view?usp=sharing\" target=\"_blank\" rel=\"noreferrer noopener\">List of scientific papers published in journals indexed on WEB OF SCIENCE &amp; SCOPUS platforms until 2022<\/a><\/p>\n<p><\/p>\n<p><\/p>\t\t\t\t\t\t\t\t<\/div>\n\t\t\t\t<\/div>\n\t\t\t\t\t<\/div>\n\t\t<\/div>\n\t\t\t\t\t<\/div>\n\t\t<\/section>\n\t\t\t\t<\/div>","protected":false},"excerpt":{"rendered":"<p>Listave t\u00eb punimeve shkencore t\u00eb publikuara n\u00eb revistat e indeksuara n\u00eb platformat WOS &amp; SCOPUS&hellip;<\/p>","protected":false},"author":1,"featured_media":50754,"parent":0,"menu_order":0,"comment_status":"closed","ping_status":"closed","template":"","meta":{"_acf_changed":false,"footnotes":""},"class_list":["post-23350","page","type-page","status-publish","has-post-thumbnail","hentry"],"yoast_head":"<!-- This site is optimized with the Yoast SEO Premium plugin v27.2 (Yoast SEO v27.2) - https:\/\/yoast.com\/product\/yoast-seo-premium-wordpress\/ -->\n<title>Punimet shkencore t\u00eb publikuara n\u00eb revista t\u00eb indeksuara n\u00eb platformat WOS &amp; SCOPUS - University Haxhi Zeka<\/title>\n<meta name=\"description\" content=\"Punimet shkencore t\u00eb stafit akademik t\u00eb UHZ-s\u00eb t\u00eb publikuara n\u00eb revista t\u00eb indeksuara n\u00eb platformat WOS &amp; SCOPUS, duke kontribuar n\u00eb avancimin e k\u00ebrkimeve shkencore.\" \/>\n<meta name=\"robots\" content=\"index, follow, max-snippet:-1, max-image-preview:large, max-video-preview:-1\" \/>\n<link rel=\"canonical\" href=\"https:\/\/unhz.eu\/bs\/punimet-shkencore-te-publikuara-ne-revista-te-indeksuara-ne-platformat-wos-scopus-2\/\" \/>\n<meta property=\"og:locale\" content=\"bs_BA\" \/>\n<meta property=\"og:type\" content=\"article\" \/>\n<meta property=\"og:title\" content=\"Punimet shkencore t\u00eb publikuara n\u00eb revista t\u00eb indeksuara n\u00eb platformat WOS &amp; SCOPUS\" \/>\n<meta property=\"og:description\" content=\"Punimet shkencore t\u00eb stafit akademik t\u00eb UHZ-s\u00eb t\u00eb publikuara n\u00eb revista t\u00eb indeksuara n\u00eb platformat WOS &amp; SCOPUS, duke kontribuar n\u00eb avancimin e k\u00ebrkimeve shkencore.\" \/>\n<meta property=\"og:url\" content=\"https:\/\/unhz.eu\/bs\/punimet-shkencore-te-publikuara-ne-revista-te-indeksuara-ne-platformat-wos-scopus-2\/\" \/>\n<meta property=\"og:site_name\" content=\"University Haxhi Zeka\" \/>\n<meta property=\"article:publisher\" content=\"https:\/\/www.facebook.com\/uni.haxhizeka\" \/>\n<meta property=\"article:modified_time\" content=\"2025-09-04T06:51:43+00:00\" \/>\n<meta property=\"og:image\" content=\"https:\/\/unhz.eu\/wp-content\/uploads\/2025\/04\/Dizajn-me-logo-te-UHZ.webp\" \/>\n\t<meta property=\"og:image:width\" content=\"1000\" \/>\n\t<meta property=\"og:image:height\" content=\"1000\" \/>\n\t<meta property=\"og:image:type\" content=\"image\/webp\" \/>\n<meta name=\"twitter:card\" content=\"summary_large_image\" \/>\n<meta name=\"twitter:site\" content=\"@uni_haxhizeka\" \/>\n<meta name=\"twitter:label1\" content=\"Est. reading time\" \/>\n\t<meta name=\"twitter:data1\" content=\"1 minuta\" \/>\n<script type=\"application\/ld+json\" class=\"yoast-schema-graph\">{\"@context\":\"https:\/\/schema.org\",\"@graph\":[{\"@type\":\"WebPage\",\"@id\":\"https:\/\/unhz.eu\/punimet-shkencore-te-publikuara-ne-revista-te-indeksuara-ne-platformat-wos-scopus-2\/\",\"url\":\"https:\/\/unhz.eu\/punimet-shkencore-te-publikuara-ne-revista-te-indeksuara-ne-platformat-wos-scopus-2\/\",\"name\":\"Punimet shkencore t\u00eb publikuara n\u00eb revista t\u00eb indeksuara n\u00eb platformat WOS &amp; SCOPUS - University Haxhi Zeka\",\"isPartOf\":{\"@id\":\"https:\/\/unhz.eu\/#website\"},\"primaryImageOfPage\":{\"@id\":\"https:\/\/unhz.eu\/punimet-shkencore-te-publikuara-ne-revista-te-indeksuara-ne-platformat-wos-scopus-2\/#primaryimage\"},\"image\":{\"@id\":\"https:\/\/unhz.eu\/punimet-shkencore-te-publikuara-ne-revista-te-indeksuara-ne-platformat-wos-scopus-2\/#primaryimage\"},\"thumbnailUrl\":\"https:\/\/unhz.eu\/wp-content\/uploads\/2025\/04\/Dizajn-me-logo-te-UHZ.webp\",\"datePublished\":\"2024-04-24T08:08:16+00:00\",\"dateModified\":\"2025-09-04T06:51:43+00:00\",\"description\":\"Punimet shkencore t\u00eb stafit akademik t\u00eb UHZ-s\u00eb t\u00eb publikuara n\u00eb revista t\u00eb indeksuara n\u00eb platformat WOS & SCOPUS, duke kontribuar n\u00eb avancimin e k\u00ebrkimeve shkencore.\",\"breadcrumb\":{\"@id\":\"https:\/\/unhz.eu\/punimet-shkencore-te-publikuara-ne-revista-te-indeksuara-ne-platformat-wos-scopus-2\/#breadcrumb\"},\"inLanguage\":\"bs-BA\",\"potentialAction\":[{\"@type\":\"ReadAction\",\"target\":[\"https:\/\/unhz.eu\/punimet-shkencore-te-publikuara-ne-revista-te-indeksuara-ne-platformat-wos-scopus-2\/\"]}]},{\"@type\":\"ImageObject\",\"inLanguage\":\"bs-BA\",\"@id\":\"https:\/\/unhz.eu\/punimet-shkencore-te-publikuara-ne-revista-te-indeksuara-ne-platformat-wos-scopus-2\/#primaryimage\",\"url\":\"https:\/\/unhz.eu\/wp-content\/uploads\/2025\/04\/Dizajn-me-logo-te-UHZ.webp\",\"contentUrl\":\"https:\/\/unhz.eu\/wp-content\/uploads\/2025\/04\/Dizajn-me-logo-te-UHZ.webp\",\"width\":1000,\"height\":1000,\"caption\":\"Universiteti Haxhi Zeka, UHZ logo me background te kuq\"},{\"@type\":\"BreadcrumbList\",\"@id\":\"https:\/\/unhz.eu\/punimet-shkencore-te-publikuara-ne-revista-te-indeksuara-ne-platformat-wos-scopus-2\/#breadcrumb\",\"itemListElement\":[{\"@type\":\"ListItem\",\"position\":1,\"name\":\"Home\",\"item\":\"https:\/\/unhz.eu\/\"},{\"@type\":\"ListItem\",\"position\":2,\"name\":\"Punimet shkencore t\u00eb publikuara n\u00eb revista t\u00eb indeksuara n\u00eb platformat WOS &amp; SCOPUS\"}]},{\"@type\":\"WebSite\",\"@id\":\"https:\/\/unhz.eu\/#website\",\"url\":\"https:\/\/unhz.eu\/\",\"name\":\"Universiteti \u201cHaxhi Zeka\u201d\",\"description\":\"I dedikuar p\u00ebr cil\u00ebsi, standarde dhe suksese\",\"publisher\":{\"@id\":\"https:\/\/unhz.eu\/#organization\"},\"alternateName\":\"Universiteti Haxhi Zeka\",\"potentialAction\":[{\"@type\":\"SearchAction\",\"target\":{\"@type\":\"EntryPoint\",\"urlTemplate\":\"https:\/\/unhz.eu\/?s={search_term_string}\"},\"query-input\":{\"@type\":\"PropertyValueSpecification\",\"valueRequired\":true,\"valueName\":\"search_term_string\"}}],\"inLanguage\":\"bs-BA\"},{\"@type\":\"Organization\",\"@id\":\"https:\/\/unhz.eu\/#organization\",\"name\":\"Universiteti \u201cHaxhi Zeka\u201d\",\"alternateName\":\"Universiteti Haxhi Zeka\",\"url\":\"https:\/\/unhz.eu\/\",\"logo\":{\"@type\":\"ImageObject\",\"inLanguage\":\"bs-BA\",\"@id\":\"https:\/\/unhz.eu\/#\/schema\/logo\/image\/\",\"url\":\"https:\/\/unhz.eu\/wp-content\/uploads\/2025\/04\/logo-unhz.webp\",\"contentUrl\":\"https:\/\/unhz.eu\/wp-content\/uploads\/2025\/04\/logo-unhz.webp\",\"width\":1024,\"height\":260,\"caption\":\"Universiteti \u201cHaxhi Zeka\u201d\"},\"image\":{\"@id\":\"https:\/\/unhz.eu\/#\/schema\/logo\/image\/\"},\"sameAs\":[\"https:\/\/www.facebook.com\/uni.haxhizeka\",\"https:\/\/x.com\/uni_haxhizeka\",\"https:\/\/www.linkedin.com\/school\/haxhi-zeka-university\",\"https:\/\/www.instagram.com\/uni_haxhizeka\/\"],\"description\":\"Universiteti \u201cHaxhi Zeka\u201d n\u00eb Pej\u00eb \u00ebsht\u00eb institucion publik i arsimit t\u00eb lart\u00eb, q\u00eb ofron studime bachelor, master dhe doktorat\u00eb n\u00eb fusha t\u00eb ndryshme si menaxhimi, turizmi, ekonomia, bujq\u00ebsia, arti dhe drejt\u00ebsia. Universiteti synon zhvillimin akademik, hulumtimin shkencor dhe kontributin n\u00eb komunitet.\",\"email\":\"info@unhz.eu\",\"telephone\":\"+38339410970\",\"legalName\":\"Universiteti \u201cHaxhi Zeka\u201d n\u00eb Pej\u00eb\",\"foundingDate\":\"2011-11-14\",\"numberOfEmployees\":{\"@type\":\"QuantitativeValue\",\"minValue\":\"201\",\"maxValue\":\"500\"}}]}<\/script>\n<!-- \/ Yoast SEO Premium plugin. -->","yoast_head_json":{"title":"Punimet shkencore t\u00eb publikuara n\u00eb revista t\u00eb indeksuara n\u00eb platformat WOS &amp; SCOPUS - University Haxhi Zeka","description":"Punimet shkencore t\u00eb stafit akademik t\u00eb UHZ-s\u00eb t\u00eb publikuara n\u00eb revista t\u00eb indeksuara n\u00eb platformat WOS & SCOPUS, duke kontribuar n\u00eb avancimin e k\u00ebrkimeve shkencore.","robots":{"index":"index","follow":"follow","max-snippet":"max-snippet:-1","max-image-preview":"max-image-preview:large","max-video-preview":"max-video-preview:-1"},"canonical":"https:\/\/unhz.eu\/bs\/punimet-shkencore-te-publikuara-ne-revista-te-indeksuara-ne-platformat-wos-scopus-2\/","og_locale":"bs_BA","og_type":"article","og_title":"Punimet shkencore t\u00eb publikuara n\u00eb revista t\u00eb indeksuara n\u00eb platformat WOS &amp; SCOPUS","og_description":"Punimet shkencore t\u00eb stafit akademik t\u00eb UHZ-s\u00eb t\u00eb publikuara n\u00eb revista t\u00eb indeksuara n\u00eb platformat WOS & SCOPUS, duke kontribuar n\u00eb avancimin e k\u00ebrkimeve shkencore.","og_url":"https:\/\/unhz.eu\/bs\/punimet-shkencore-te-publikuara-ne-revista-te-indeksuara-ne-platformat-wos-scopus-2\/","og_site_name":"University Haxhi Zeka","article_publisher":"https:\/\/www.facebook.com\/uni.haxhizeka","article_modified_time":"2025-09-04T06:51:43+00:00","og_image":[{"width":1000,"height":1000,"url":"https:\/\/unhz.eu\/wp-content\/uploads\/2025\/04\/Dizajn-me-logo-te-UHZ.webp","type":"image\/webp"}],"twitter_card":"summary_large_image","twitter_site":"@uni_haxhizeka","twitter_misc":{"Est. reading time":"1 minuta"},"schema":{"@context":"https:\/\/schema.org","@graph":[{"@type":"WebPage","@id":"https:\/\/unhz.eu\/punimet-shkencore-te-publikuara-ne-revista-te-indeksuara-ne-platformat-wos-scopus-2\/","url":"https:\/\/unhz.eu\/punimet-shkencore-te-publikuara-ne-revista-te-indeksuara-ne-platformat-wos-scopus-2\/","name":"Punimet shkencore t\u00eb publikuara n\u00eb revista t\u00eb indeksuara n\u00eb platformat WOS &amp; SCOPUS - University Haxhi Zeka","isPartOf":{"@id":"https:\/\/unhz.eu\/#website"},"primaryImageOfPage":{"@id":"https:\/\/unhz.eu\/punimet-shkencore-te-publikuara-ne-revista-te-indeksuara-ne-platformat-wos-scopus-2\/#primaryimage"},"image":{"@id":"https:\/\/unhz.eu\/punimet-shkencore-te-publikuara-ne-revista-te-indeksuara-ne-platformat-wos-scopus-2\/#primaryimage"},"thumbnailUrl":"https:\/\/unhz.eu\/wp-content\/uploads\/2025\/04\/Dizajn-me-logo-te-UHZ.webp","datePublished":"2024-04-24T08:08:16+00:00","dateModified":"2025-09-04T06:51:43+00:00","description":"Punimet shkencore t\u00eb stafit akademik t\u00eb UHZ-s\u00eb t\u00eb publikuara n\u00eb revista t\u00eb indeksuara n\u00eb platformat WOS & SCOPUS, duke kontribuar n\u00eb avancimin e k\u00ebrkimeve shkencore.","breadcrumb":{"@id":"https:\/\/unhz.eu\/punimet-shkencore-te-publikuara-ne-revista-te-indeksuara-ne-platformat-wos-scopus-2\/#breadcrumb"},"inLanguage":"bs-BA","potentialAction":[{"@type":"ReadAction","target":["https:\/\/unhz.eu\/punimet-shkencore-te-publikuara-ne-revista-te-indeksuara-ne-platformat-wos-scopus-2\/"]}]},{"@type":"ImageObject","inLanguage":"bs-BA","@id":"https:\/\/unhz.eu\/punimet-shkencore-te-publikuara-ne-revista-te-indeksuara-ne-platformat-wos-scopus-2\/#primaryimage","url":"https:\/\/unhz.eu\/wp-content\/uploads\/2025\/04\/Dizajn-me-logo-te-UHZ.webp","contentUrl":"https:\/\/unhz.eu\/wp-content\/uploads\/2025\/04\/Dizajn-me-logo-te-UHZ.webp","width":1000,"height":1000,"caption":"Universiteti Haxhi Zeka, UHZ logo me background te kuq"},{"@type":"BreadcrumbList","@id":"https:\/\/unhz.eu\/punimet-shkencore-te-publikuara-ne-revista-te-indeksuara-ne-platformat-wos-scopus-2\/#breadcrumb","itemListElement":[{"@type":"ListItem","position":1,"name":"Home","item":"https:\/\/unhz.eu\/"},{"@type":"ListItem","position":2,"name":"Punimet shkencore t\u00eb publikuara n\u00eb revista t\u00eb indeksuara n\u00eb platformat WOS &amp; SCOPUS"}]},{"@type":"WebSite","@id":"https:\/\/unhz.eu\/#website","url":"https:\/\/unhz.eu\/","name":"Univerzitet &quot;Had\u017ei Zeka&quot;\u201c","description":"Posve\u0107eni kvaliteti, standardima i uspjehu","publisher":{"@id":"https:\/\/unhz.eu\/#organization"},"alternateName":"Universiteti Haxhi Zeka","potentialAction":[{"@type":"SearchAction","target":{"@type":"EntryPoint","urlTemplate":"https:\/\/unhz.eu\/?s={search_term_string}"},"query-input":{"@type":"PropertyValueSpecification","valueRequired":true,"valueName":"search_term_string"}}],"inLanguage":"bs-BA"},{"@type":"Organization","@id":"https:\/\/unhz.eu\/#organization","name":"Univerzitet &quot;Had\u017ei Zeka&quot;\u201c","alternateName":"Universiteti Haxhi Zeka","url":"https:\/\/unhz.eu\/","logo":{"@type":"ImageObject","inLanguage":"bs-BA","@id":"https:\/\/unhz.eu\/#\/schema\/logo\/image\/","url":"https:\/\/unhz.eu\/wp-content\/uploads\/2025\/04\/logo-unhz.webp","contentUrl":"https:\/\/unhz.eu\/wp-content\/uploads\/2025\/04\/logo-unhz.webp","width":1024,"height":260,"caption":"Universiteti \u201cHaxhi Zeka\u201d"},"image":{"@id":"https:\/\/unhz.eu\/#\/schema\/logo\/image\/"},"sameAs":["https:\/\/www.facebook.com\/uni.haxhizeka","https:\/\/x.com\/uni_haxhizeka","https:\/\/www.linkedin.com\/school\/haxhi-zeka-university","https:\/\/www.instagram.com\/uni_haxhizeka\/"],"description":"Univerzitet &quot;Had\u017ei Zeka&quot; u Pe\u0107i je javna visoko\u0161kolska ustanova koja nudi dodiplomske, master i doktorske studije u raznim oblastima kao \u0161to su menad\u017ement, turizam, ekonomija, poljoprivreda, umjetnost i pravo. Univerzitet ima za cilj akademski razvoj, nau\u010dna istra\u017eivanja i doprinos zajednici.","email":"info@unhz.eu","telephone":"+38339410970","legalName":"Universiteti \u201cHaxhi Zeka\u201d n\u00eb Pej\u00eb","foundingDate":"2011-11-14","numberOfEmployees":{"@type":"QuantitativeValue","minValue":"201","maxValue":"500"}}]}},"acf":[],"_links":{"self":[{"href":"https:\/\/unhz.eu\/bs\/wp-json\/wp\/v2\/pages\/23350","targetHints":{"allow":["GET"]}}],"collection":[{"href":"https:\/\/unhz.eu\/bs\/wp-json\/wp\/v2\/pages"}],"about":[{"href":"https:\/\/unhz.eu\/bs\/wp-json\/wp\/v2\/types\/page"}],"author":[{"embeddable":true,"href":"https:\/\/unhz.eu\/bs\/wp-json\/wp\/v2\/users\/1"}],"replies":[{"embeddable":true,"href":"https:\/\/unhz.eu\/bs\/wp-json\/wp\/v2\/comments?post=23350"}],"version-history":[{"count":6,"href":"https:\/\/unhz.eu\/bs\/wp-json\/wp\/v2\/pages\/23350\/revisions"}],"predecessor-version":[{"id":57572,"href":"https:\/\/unhz.eu\/bs\/wp-json\/wp\/v2\/pages\/23350\/revisions\/57572"}],"wp:featuredmedia":[{"embeddable":true,"href":"https:\/\/unhz.eu\/bs\/wp-json\/wp\/v2\/media\/50754"}],"wp:attachment":[{"href":"https:\/\/unhz.eu\/bs\/wp-json\/wp\/v2\/media?parent=23350"}],"curies":[{"name":"radni list","href":"https:\/\/api.w.org\/{rel}","templated":true}]}}