{"id":23342,"date":"2024-04-24T08:04:52","date_gmt":"2024-04-24T08:04:52","guid":{"rendered":"https:\/\/unhz.eu\/?page_id=23342"},"modified":"2025-06-03T13:25:08","modified_gmt":"2025-06-03T11:25:08","slug":"aktivitetet-shkencore-stafi","status":"publish","type":"page","link":"https:\/\/unhz.eu\/bs\/aktivitetet-shkencore-stafi\/","title":{"rendered":"Nau\u010dne aktivnosti akademskog osoblja"},"content":{"rendered":"<p>O nama<\/p>\n<h4>D\u00ebrgimit t\u00eb t\u00eb dh\u00ebnave p\u00ebr aktivitete shkencore<\/h4>\n<p><a tabindex=\"0\">Takime t\u00eb rregullta<\/a><\/p>\n<p><a href=\"https:\/\/drive.google.com\/file\/d\/1St6gctOnxfr4cQL5bn_I-_ZZzKrWeOe8\/view\" target=\"_blank\" rel=\"noopener\">GRUPI P\u00cbR K\u00cbRKIME SHKENCORE TAKIME T\u00cb RREGULLTA<\/a><\/p>\n<p><a tabindex=\"0\">Redovni sastanci<\/a><\/p>\n<p><a href=\"https:\/\/drive.google.com\/file\/d\/1jBmEOJOpeDeob_9v5J9W79cZCri0vFmk\/view\" target=\"_blank\" rel=\"noopener\">GRUPA ZA NAU\u010cNA ISTRA\u017dIVANJA REDOVNI SASTANCI<\/a><\/p>\n<p>O nama<\/p>\n<h4>Aplikimit p\u00ebr mb\u00ebshtetje financiare p\u00ebr aktivitete shkencore<\/h4>\n<p><a tabindex=\"0\">Aktivitetet shkencore t\u00eb stafit akademik<\/a><\/p>\n<p><a href=\"https:\/\/drive.google.com\/file\/d\/1BNIXYnXdD22vcD3_QmH7Ffj4IEMQMF3i\/view\" target=\"_blank\" rel=\"noopener\">T\u00cb DH\u00cbNA RRETH AKTIVITETEVE SHKENCORE T\u00cb STAFIT AKADEMIK<\/a><\/p>\n<p><a tabindex=\"0\">PODACI O NAUCNIM AKTIVNOSTIMA<\/a><\/p>\n<p><a href=\"https:\/\/drive.google.com\/file\/d\/1T7L8TyFXstx2F6Ak8xSrkRbBKhqAmkAt\/view\" target=\"_blank\" rel=\"noopener\">NAU\u010cNE AKTIVNOSTI AKADEMSKOG OSOBLJA<\/a><\/p>","protected":false},"excerpt":{"rendered":"<p>Rreth D\u00ebrgimit t\u00eb t\u00eb dh\u00ebnave p\u00ebr aktivitete shkencore Takime t\u00eb rregullta GRUPI P\u00cbR K\u00cbRKIME SHKENCORE&hellip;<\/p>","protected":false},"author":1,"featured_media":52552,"parent":0,"menu_order":0,"comment_status":"closed","ping_status":"closed","template":"","meta":{"_acf_changed":false,"footnotes":""},"class_list":["post-23342","page","type-page","status-publish","has-post-thumbnail","hentry"],"yoast_head":"<!-- This site is optimized with the Yoast SEO Premium plugin v27.2 (Yoast SEO v27.2) - https:\/\/yoast.com\/product\/yoast-seo-premium-wordpress\/ -->\n<title>Aktivitetet Shkencore \u2013 Stafi Akademik | Universiteti Haxhi Zeka<\/title>\n<meta name=\"description\" content=\"T\u00eb dh\u00ebna dhe informacione rreth aktiviteteve shkencore t\u00eb stafit akademik n\u00eb Universitetin Haxhi Zeka, p\u00ebrfshir\u00eb aplikimin p\u00ebr mb\u00ebshtetje financiare dhe takimet e rregullta t\u00eb grupit p\u00ebr k\u00ebrkime shkencore.\" \/>\n<meta name=\"robots\" content=\"index, follow, max-snippet:-1, max-image-preview:large, max-video-preview:-1\" \/>\n<link rel=\"canonical\" href=\"https:\/\/unhz.eu\/bs\/aktivitetet-shkencore-stafi\/\" \/>\n<meta property=\"og:locale\" content=\"bs_BA\" \/>\n<meta property=\"og:type\" content=\"article\" \/>\n<meta property=\"og:title\" content=\"Aktivitetet Shkencore t\u00eb Stafit Akademik\" \/>\n<meta property=\"og:description\" content=\"T\u00eb dh\u00ebna dhe informacione rreth aktiviteteve shkencore t\u00eb stafit akademik n\u00eb Universitetin Haxhi Zeka, p\u00ebrfshir\u00eb aplikimin p\u00ebr mb\u00ebshtetje financiare dhe takimet e rregullta t\u00eb grupit p\u00ebr k\u00ebrkime shkencore.\" \/>\n<meta property=\"og:url\" content=\"https:\/\/unhz.eu\/bs\/aktivitetet-shkencore-stafi\/\" \/>\n<meta property=\"og:site_name\" content=\"University Haxhi Zeka\" \/>\n<meta property=\"article:publisher\" content=\"https:\/\/www.facebook.com\/uni.haxhizeka\" \/>\n<meta property=\"article:modified_time\" content=\"2025-06-03T11:25:08+00:00\" \/>\n<meta property=\"og:image\" content=\"https:\/\/unhz.eu\/wp-content\/uploads\/2025\/06\/images.jpg\" \/>\n\t<meta property=\"og:image:width\" content=\"275\" \/>\n\t<meta property=\"og:image:height\" content=\"183\" \/>\n\t<meta property=\"og:image:type\" content=\"image\/jpeg\" \/>\n<meta name=\"twitter:card\" content=\"summary_large_image\" \/>\n<meta name=\"twitter:site\" content=\"@uni_haxhizeka\" \/>\n<meta name=\"twitter:label1\" content=\"Est. reading time\" \/>\n\t<meta name=\"twitter:data1\" content=\"1 minuta\" \/>\n<script type=\"application\/ld+json\" class=\"yoast-schema-graph\">{\"@context\":\"https:\/\/schema.org\",\"@graph\":[{\"@type\":\"WebPage\",\"@id\":\"https:\/\/unhz.eu\/aktivitetet-shkencore-stafi\/\",\"url\":\"https:\/\/unhz.eu\/aktivitetet-shkencore-stafi\/\",\"name\":\"Aktivitetet Shkencore \u2013 Stafi Akademik | Universiteti Haxhi Zeka\",\"isPartOf\":{\"@id\":\"https:\/\/unhz.eu\/#website\"},\"primaryImageOfPage\":{\"@id\":\"https:\/\/unhz.eu\/aktivitetet-shkencore-stafi\/#primaryimage\"},\"image\":{\"@id\":\"https:\/\/unhz.eu\/aktivitetet-shkencore-stafi\/#primaryimage\"},\"thumbnailUrl\":\"https:\/\/unhz.eu\/wp-content\/uploads\/2025\/06\/images.jpg\",\"datePublished\":\"2024-04-24T08:04:52+00:00\",\"dateModified\":\"2025-06-03T11:25:08+00:00\",\"description\":\"T\u00eb dh\u00ebna dhe informacione rreth aktiviteteve shkencore t\u00eb stafit akademik n\u00eb Universitetin Haxhi Zeka, p\u00ebrfshir\u00eb aplikimin p\u00ebr mb\u00ebshtetje financiare dhe takimet e rregullta t\u00eb grupit p\u00ebr k\u00ebrkime shkencore.\",\"breadcrumb\":{\"@id\":\"https:\/\/unhz.eu\/aktivitetet-shkencore-stafi\/#breadcrumb\"},\"inLanguage\":\"bs-BA\",\"potentialAction\":[{\"@type\":\"ReadAction\",\"target\":[\"https:\/\/unhz.eu\/aktivitetet-shkencore-stafi\/\"]}]},{\"@type\":\"ImageObject\",\"inLanguage\":\"bs-BA\",\"@id\":\"https:\/\/unhz.eu\/aktivitetet-shkencore-stafi\/#primaryimage\",\"url\":\"https:\/\/unhz.eu\/wp-content\/uploads\/2025\/06\/images.jpg\",\"contentUrl\":\"https:\/\/unhz.eu\/wp-content\/uploads\/2025\/06\/images.jpg\",\"width\":275,\"height\":183,\"caption\":\"Takim i grupit p\u00ebr k\u00ebrkime shkencore n\u00eb Universitetin Haxhi Zeka\"},{\"@type\":\"BreadcrumbList\",\"@id\":\"https:\/\/unhz.eu\/aktivitetet-shkencore-stafi\/#breadcrumb\",\"itemListElement\":[{\"@type\":\"ListItem\",\"position\":1,\"name\":\"Home\",\"item\":\"https:\/\/unhz.eu\/\"},{\"@type\":\"ListItem\",\"position\":2,\"name\":\"Aktivitetet Shkencore t\u00eb Stafit Akademik\"}]},{\"@type\":\"WebSite\",\"@id\":\"https:\/\/unhz.eu\/#website\",\"url\":\"https:\/\/unhz.eu\/\",\"name\":\"Universiteti \u201cHaxhi Zeka\u201d\",\"description\":\"I dedikuar p\u00ebr cil\u00ebsi, standarde dhe suksese\",\"publisher\":{\"@id\":\"https:\/\/unhz.eu\/#organization\"},\"alternateName\":\"Universiteti Haxhi Zeka\",\"potentialAction\":[{\"@type\":\"SearchAction\",\"target\":{\"@type\":\"EntryPoint\",\"urlTemplate\":\"https:\/\/unhz.eu\/?s={search_term_string}\"},\"query-input\":{\"@type\":\"PropertyValueSpecification\",\"valueRequired\":true,\"valueName\":\"search_term_string\"}}],\"inLanguage\":\"bs-BA\"},{\"@type\":\"Organization\",\"@id\":\"https:\/\/unhz.eu\/#organization\",\"name\":\"Universiteti \u201cHaxhi Zeka\u201d\",\"alternateName\":\"Universiteti Haxhi Zeka\",\"url\":\"https:\/\/unhz.eu\/\",\"logo\":{\"@type\":\"ImageObject\",\"inLanguage\":\"bs-BA\",\"@id\":\"https:\/\/unhz.eu\/#\/schema\/logo\/image\/\",\"url\":\"https:\/\/unhz.eu\/wp-content\/uploads\/2025\/04\/logo-unhz.webp\",\"contentUrl\":\"https:\/\/unhz.eu\/wp-content\/uploads\/2025\/04\/logo-unhz.webp\",\"width\":1024,\"height\":260,\"caption\":\"Universiteti \u201cHaxhi Zeka\u201d\"},\"image\":{\"@id\":\"https:\/\/unhz.eu\/#\/schema\/logo\/image\/\"},\"sameAs\":[\"https:\/\/www.facebook.com\/uni.haxhizeka\",\"https:\/\/x.com\/uni_haxhizeka\",\"https:\/\/www.linkedin.com\/school\/haxhi-zeka-university\",\"https:\/\/www.instagram.com\/uni_haxhizeka\/\"],\"description\":\"Universiteti \u201cHaxhi Zeka\u201d n\u00eb Pej\u00eb \u00ebsht\u00eb institucion publik i arsimit t\u00eb lart\u00eb, q\u00eb ofron studime bachelor, master dhe doktorat\u00eb n\u00eb fusha t\u00eb ndryshme si menaxhimi, turizmi, ekonomia, bujq\u00ebsia, arti dhe drejt\u00ebsia. Universiteti synon zhvillimin akademik, hulumtimin shkencor dhe kontributin n\u00eb komunitet.\",\"email\":\"info@unhz.eu\",\"telephone\":\"+38339410970\",\"legalName\":\"Universiteti \u201cHaxhi Zeka\u201d n\u00eb Pej\u00eb\",\"foundingDate\":\"2011-11-14\",\"numberOfEmployees\":{\"@type\":\"QuantitativeValue\",\"minValue\":\"201\",\"maxValue\":\"500\"}}]}<\/script>\n<!-- \/ Yoast SEO Premium plugin. -->","yoast_head_json":{"title":"Aktivitetet Shkencore \u2013 Stafi Akademik | Universiteti Haxhi Zeka","description":"T\u00eb dh\u00ebna dhe informacione rreth aktiviteteve shkencore t\u00eb stafit akademik n\u00eb Universitetin Haxhi Zeka, p\u00ebrfshir\u00eb aplikimin p\u00ebr mb\u00ebshtetje financiare dhe takimet e rregullta t\u00eb grupit p\u00ebr k\u00ebrkime shkencore.","robots":{"index":"index","follow":"follow","max-snippet":"max-snippet:-1","max-image-preview":"max-image-preview:large","max-video-preview":"max-video-preview:-1"},"canonical":"https:\/\/unhz.eu\/bs\/aktivitetet-shkencore-stafi\/","og_locale":"bs_BA","og_type":"article","og_title":"Aktivitetet Shkencore t\u00eb Stafit Akademik","og_description":"T\u00eb dh\u00ebna dhe informacione rreth aktiviteteve shkencore t\u00eb stafit akademik n\u00eb Universitetin Haxhi Zeka, p\u00ebrfshir\u00eb aplikimin p\u00ebr mb\u00ebshtetje financiare dhe takimet e rregullta t\u00eb grupit p\u00ebr k\u00ebrkime shkencore.","og_url":"https:\/\/unhz.eu\/bs\/aktivitetet-shkencore-stafi\/","og_site_name":"University Haxhi Zeka","article_publisher":"https:\/\/www.facebook.com\/uni.haxhizeka","article_modified_time":"2025-06-03T11:25:08+00:00","og_image":[{"width":275,"height":183,"url":"https:\/\/unhz.eu\/wp-content\/uploads\/2025\/06\/images.jpg","type":"image\/jpeg"}],"twitter_card":"summary_large_image","twitter_site":"@uni_haxhizeka","twitter_misc":{"Est. reading time":"1 minuta"},"schema":{"@context":"https:\/\/schema.org","@graph":[{"@type":"WebPage","@id":"https:\/\/unhz.eu\/aktivitetet-shkencore-stafi\/","url":"https:\/\/unhz.eu\/aktivitetet-shkencore-stafi\/","name":"Aktivitetet Shkencore \u2013 Stafi Akademik | Universiteti Haxhi Zeka","isPartOf":{"@id":"https:\/\/unhz.eu\/#website"},"primaryImageOfPage":{"@id":"https:\/\/unhz.eu\/aktivitetet-shkencore-stafi\/#primaryimage"},"image":{"@id":"https:\/\/unhz.eu\/aktivitetet-shkencore-stafi\/#primaryimage"},"thumbnailUrl":"https:\/\/unhz.eu\/wp-content\/uploads\/2025\/06\/images.jpg","datePublished":"2024-04-24T08:04:52+00:00","dateModified":"2025-06-03T11:25:08+00:00","description":"T\u00eb dh\u00ebna dhe informacione rreth aktiviteteve shkencore t\u00eb stafit akademik n\u00eb Universitetin Haxhi Zeka, p\u00ebrfshir\u00eb aplikimin p\u00ebr mb\u00ebshtetje financiare dhe takimet e rregullta t\u00eb grupit p\u00ebr k\u00ebrkime shkencore.","breadcrumb":{"@id":"https:\/\/unhz.eu\/aktivitetet-shkencore-stafi\/#breadcrumb"},"inLanguage":"bs-BA","potentialAction":[{"@type":"ReadAction","target":["https:\/\/unhz.eu\/aktivitetet-shkencore-stafi\/"]}]},{"@type":"ImageObject","inLanguage":"bs-BA","@id":"https:\/\/unhz.eu\/aktivitetet-shkencore-stafi\/#primaryimage","url":"https:\/\/unhz.eu\/wp-content\/uploads\/2025\/06\/images.jpg","contentUrl":"https:\/\/unhz.eu\/wp-content\/uploads\/2025\/06\/images.jpg","width":275,"height":183,"caption":"Takim i grupit p\u00ebr k\u00ebrkime shkencore n\u00eb Universitetin Haxhi Zeka"},{"@type":"BreadcrumbList","@id":"https:\/\/unhz.eu\/aktivitetet-shkencore-stafi\/#breadcrumb","itemListElement":[{"@type":"ListItem","position":1,"name":"Home","item":"https:\/\/unhz.eu\/"},{"@type":"ListItem","position":2,"name":"Aktivitetet Shkencore t\u00eb Stafit Akademik"}]},{"@type":"WebSite","@id":"https:\/\/unhz.eu\/#website","url":"https:\/\/unhz.eu\/","name":"Univerzitet &quot;Had\u017ei Zeka&quot;\u201c","description":"Posve\u0107eni kvaliteti, standardima i uspjehu","publisher":{"@id":"https:\/\/unhz.eu\/#organization"},"alternateName":"Universiteti Haxhi Zeka","potentialAction":[{"@type":"SearchAction","target":{"@type":"EntryPoint","urlTemplate":"https:\/\/unhz.eu\/?s={search_term_string}"},"query-input":{"@type":"PropertyValueSpecification","valueRequired":true,"valueName":"search_term_string"}}],"inLanguage":"bs-BA"},{"@type":"Organization","@id":"https:\/\/unhz.eu\/#organization","name":"Univerzitet &quot;Had\u017ei Zeka&quot;\u201c","alternateName":"Universiteti Haxhi Zeka","url":"https:\/\/unhz.eu\/","logo":{"@type":"ImageObject","inLanguage":"bs-BA","@id":"https:\/\/unhz.eu\/#\/schema\/logo\/image\/","url":"https:\/\/unhz.eu\/wp-content\/uploads\/2025\/04\/logo-unhz.webp","contentUrl":"https:\/\/unhz.eu\/wp-content\/uploads\/2025\/04\/logo-unhz.webp","width":1024,"height":260,"caption":"Universiteti \u201cHaxhi Zeka\u201d"},"image":{"@id":"https:\/\/unhz.eu\/#\/schema\/logo\/image\/"},"sameAs":["https:\/\/www.facebook.com\/uni.haxhizeka","https:\/\/x.com\/uni_haxhizeka","https:\/\/www.linkedin.com\/school\/haxhi-zeka-university","https:\/\/www.instagram.com\/uni_haxhizeka\/"],"description":"Univerzitet &quot;Had\u017ei Zeka&quot; u Pe\u0107i je javna visoko\u0161kolska ustanova koja nudi dodiplomske, master i doktorske studije u raznim oblastima kao \u0161to su menad\u017ement, turizam, ekonomija, poljoprivreda, umjetnost i pravo. Univerzitet ima za cilj akademski razvoj, nau\u010dna istra\u017eivanja i doprinos zajednici.","email":"info@unhz.eu","telephone":"+38339410970","legalName":"Universiteti \u201cHaxhi Zeka\u201d n\u00eb Pej\u00eb","foundingDate":"2011-11-14","numberOfEmployees":{"@type":"QuantitativeValue","minValue":"201","maxValue":"500"}}]}},"acf":[],"_links":{"self":[{"href":"https:\/\/unhz.eu\/bs\/wp-json\/wp\/v2\/pages\/23342","targetHints":{"allow":["GET"]}}],"collection":[{"href":"https:\/\/unhz.eu\/bs\/wp-json\/wp\/v2\/pages"}],"about":[{"href":"https:\/\/unhz.eu\/bs\/wp-json\/wp\/v2\/types\/page"}],"author":[{"embeddable":true,"href":"https:\/\/unhz.eu\/bs\/wp-json\/wp\/v2\/users\/1"}],"replies":[{"embeddable":true,"href":"https:\/\/unhz.eu\/bs\/wp-json\/wp\/v2\/comments?post=23342"}],"version-history":[{"count":3,"href":"https:\/\/unhz.eu\/bs\/wp-json\/wp\/v2\/pages\/23342\/revisions"}],"predecessor-version":[{"id":52553,"href":"https:\/\/unhz.eu\/bs\/wp-json\/wp\/v2\/pages\/23342\/revisions\/52553"}],"wp:featuredmedia":[{"embeddable":true,"href":"https:\/\/unhz.eu\/bs\/wp-json\/wp\/v2\/media\/52552"}],"wp:attachment":[{"href":"https:\/\/unhz.eu\/bs\/wp-json\/wp\/v2\/media?parent=23342"}],"curies":[{"name":"radni list","href":"https:\/\/api.w.org\/{rel}","templated":true}]}}