{"id":23316,"date":"2024-04-24T08:00:56","date_gmt":"2024-04-24T08:00:56","guid":{"rendered":"https:\/\/unhz.eu\/?page_id=23316"},"modified":"2025-09-02T09:09:34","modified_gmt":"2025-09-02T07:09:34","slug":"mbeshtetje-financiare-per-pjesemarrje-ne-konferenca-shkencore-nderkombetare","status":"publish","type":"page","link":"https:\/\/unhz.eu\/bs\/mbeshtetje-financiare-per-pjesemarrje-ne-konferenca-shkencore-nderkombetare\/","title":{"rendered":"Finansijska podr\u0161ka za u\u010de\u0161\u0107e na me\u0111unarodnim nau\u010dnim konferencijama"},"content":{"rendered":"<div data-elementor-type=\"wp-page\" data-elementor-id=\"23316\" class=\"elementor elementor-23316\" data-elementor-post-type=\"page\">\n\t\t\t\t\t\t<section class=\"elementor-section elementor-top-section elementor-element elementor-element-8ee80c3 elementor-section-boxed elementor-section-height-default elementor-section-height-default sc_fly_static\" data-id=\"8ee80c3\" data-element_type=\"section\" data-e-type=\"section\">\n\t\t\t\t\t\t<div class=\"elementor-container elementor-column-gap-extended\">\n\t\t\t\t\t<div class=\"elementor-column elementor-col-100 elementor-top-column elementor-element elementor-element-70ae914 sc_content_align_inherit sc_layouts_column_icons_position_left sc_fly_static\" data-id=\"70ae914\" data-element_type=\"column\" data-e-type=\"column\">\n\t\t\t<div class=\"elementor-widget-wrap elementor-element-populated\">\n\t\t\t\t\t\t<div class=\"elementor-element elementor-element-ef18c39 sc_fly_static elementor-widget elementor-widget-trx_sc_title\" data-id=\"ef18c39\" data-element_type=\"widget\" data-e-type=\"widget\" data-widget_type=\"trx_sc_title.default\">\n\t\t\t\t<div class=\"elementor-widget-container\">\n\t\t\t\t\t<div\t\tclass=\"sc_title sc_title_default\" ><span class=\"sc_item_subtitle sc_title_subtitle sc_item_subtitle_above sc_item_title_style_default\">O nama<\/span><h4 class=\"sc_item_title sc_title_title sc_item_title_style_default sc_item_title_tag\"\n\t\t\t><span class=\"sc_item_title_text\">Mb\u00ebshtetjes financiare p\u00ebr pjes\u00ebmarrje n\u00eb konferenca shkencore nd\u00ebrkomb\u00ebtare<\/span><\/h4><\/div>\t\t\t\t<\/div>\n\t\t\t\t<\/div>\n\t\t\t\t<div class=\"elementor-element elementor-element-767db2f sc_fly_static elementor-widget elementor-widget-spacer\" data-id=\"767db2f\" data-element_type=\"widget\" data-e-type=\"widget\" data-widget_type=\"spacer.default\">\n\t\t\t\t<div class=\"elementor-widget-container\">\n\t\t\t\t\t\t\t<div class=\"elementor-spacer\">\n\t\t\t<div class=\"elementor-spacer-inner\"><\/div>\n\t\t<\/div>\n\t\t\t\t\t\t<\/div>\n\t\t\t\t<\/div>\n\t\t\t\t\t<\/div>\n\t\t<\/div>\n\t\t\t\t\t<\/div>\n\t\t<\/section>\n\t\t\t\t<section class=\"elementor-section elementor-top-section elementor-element elementor-element-070cff3 elementor-section-boxed elementor-section-height-default elementor-section-height-default sc_fly_static\" data-id=\"070cff3\" data-element_type=\"section\" data-e-type=\"section\">\n\t\t\t\t\t\t<div class=\"elementor-container elementor-column-gap-extended\">\n\t\t\t\t\t<div class=\"elementor-column elementor-col-100 elementor-top-column elementor-element elementor-element-ca347a4 sc_content_align_inherit sc_layouts_column_icons_position_left sc_fly_static\" data-id=\"ca347a4\" data-element_type=\"column\" data-e-type=\"column\">\n\t\t\t<div class=\"elementor-widget-wrap elementor-element-populated\">\n\t\t\t\t\t\t<div class=\"elementor-element elementor-element-1cc61e0 sc_fly_static elementor-widget elementor-widget-text-editor\" data-id=\"1cc61e0\" data-element_type=\"widget\" data-e-type=\"widget\" data-widget_type=\"text-editor.default\">\n\t\t\t\t<div class=\"elementor-widget-container\">\n\t\t\t\t\t\t\t\t\t<p><a href=\"https:\/\/unhz.eu\/wp-content\/uploads\/2025\/09\/FINANCIAL-SUPPORT-FOR-PARTICIPATION-IN-THE-INTERNATIONAL-SCIENTIFIC-CONFERENCES_FIRST-6-MONTHS_2025.pdf\">FINANCIAL SUPPORT FOR THE PARTICIPATION OF ACADEMIC STAFF IN THE INTERNATIONAL SCIENTIFIC CONFERENCES_2025<\/a><\/p><p><a href=\"https:\/\/unhz.eu\/wp-content\/uploads\/2025\/06\/FINANCIAL-SUPPORT-FOR-PARTICIPATION-IN-THE-INTERNATIONAL-SCIENTIFIC-CONFERENCES_2024-2.pdf\">FINANCIAL SUPPORT FOR THE PARTICIPATION OF ACADEMIC STAFF IN THE INTERNATIONAL SCIENTIFIC CONFERENCES_2024<\/a><\/p><p><a href=\"https:\/\/unhz.eu\/wp-content\/uploads\/2025\/03\/FINANCIAL-SUPPORT-FOR-THE-PUBLICATION-OF-SCIENTIFIC-PAPERS_2023.pdf\">FINANCIAL SUPPORT FOR PARTICIPATION IN THE CONFERENCES_2023<\/a><\/p><p><a href=\"https:\/\/drive.google.com\/file\/d\/1uiWFsYnI0Ki1Th0c3QwK1HSgKsF5ncKO\/view?usp=sharing\">Mb\u00ebshtetje financiare p\u00ebr pjes\u00ebmarrje n\u00eb konferenc\u00eb_2021<\/a><\/p><p><a href=\"https:\/\/drive.google.com\/file\/d\/1M0cIEkwW3GLsBsNpqHpHfWv_vEUdA0FA\/view?usp=sharing\">Finansijska podrska za ucesce na medjunarodnim konferencijama_2021<\/a><\/p>\t\t\t\t\t\t\t\t<\/div>\n\t\t\t\t<\/div>\n\t\t\t\t\t<\/div>\n\t\t<\/div>\n\t\t\t\t\t<\/div>\n\t\t<\/section>\n\t\t\t\t<\/div>","protected":false},"excerpt":{"rendered":"<p>Rreth Mb\u00ebshtetjes financiare p\u00ebr pjes\u00ebmarrje n\u00eb konferenca shkencore nd\u00ebrkomb\u00ebtare FINANCIAL SUPPORT FOR THE PARTICIPATION OF&hellip;<\/p>","protected":false},"author":1,"featured_media":0,"parent":0,"menu_order":0,"comment_status":"closed","ping_status":"closed","template":"","meta":{"_acf_changed":false,"footnotes":""},"class_list":["post-23316","page","type-page","status-publish","hentry"],"yoast_head":"<!-- This site is optimized with the Yoast SEO Premium plugin v27.2 (Yoast SEO v27.2) - https:\/\/yoast.com\/product\/yoast-seo-premium-wordpress\/ -->\n<title>Mb\u00ebshtetje financiare p\u00ebr pjes\u00ebmarrje n\u00eb konferenca shkencore nd\u00ebrkomb\u00ebtare - University Haxhi Zeka<\/title>\n<meta name=\"description\" content=\"Mb\u00ebshtetje financiare p\u00ebr pjes\u00ebmarrje n\u00eb konferenca shkencore nd\u00ebrkomb\u00ebtare p\u00ebr staf akademik t\u00eb UHZ-s\u00eb.\" \/>\n<meta name=\"robots\" content=\"index, follow, max-snippet:-1, max-image-preview:large, max-video-preview:-1\" \/>\n<link rel=\"canonical\" href=\"https:\/\/unhz.eu\/bs\/mbeshtetje-financiare-per-pjesemarrje-ne-konferenca-shkencore-nderkombetare\/\" \/>\n<meta property=\"og:locale\" content=\"bs_BA\" \/>\n<meta property=\"og:type\" content=\"article\" \/>\n<meta property=\"og:title\" content=\"Mb\u00ebshtetje financiare p\u00ebr pjes\u00ebmarrje n\u00eb konferenca shkencore nd\u00ebrkomb\u00ebtare\" \/>\n<meta property=\"og:description\" content=\"Mb\u00ebshtetje financiare p\u00ebr pjes\u00ebmarrje n\u00eb konferenca shkencore nd\u00ebrkomb\u00ebtare p\u00ebr staf akademik t\u00eb UHZ-s\u00eb.\" \/>\n<meta property=\"og:url\" content=\"https:\/\/unhz.eu\/bs\/mbeshtetje-financiare-per-pjesemarrje-ne-konferenca-shkencore-nderkombetare\/\" \/>\n<meta property=\"og:site_name\" content=\"University Haxhi Zeka\" \/>\n<meta property=\"article:publisher\" content=\"https:\/\/www.facebook.com\/uni.haxhizeka\" \/>\n<meta property=\"article:modified_time\" content=\"2025-09-02T07:09:34+00:00\" \/>\n<meta name=\"twitter:card\" content=\"summary_large_image\" \/>\n<meta name=\"twitter:site\" content=\"@uni_haxhizeka\" \/>\n<meta name=\"twitter:label1\" content=\"Est. reading time\" \/>\n\t<meta name=\"twitter:data1\" content=\"1 minuta\" \/>\n<script type=\"application\/ld+json\" class=\"yoast-schema-graph\">{\"@context\":\"https:\/\/schema.org\",\"@graph\":[{\"@type\":\"WebPage\",\"@id\":\"https:\/\/unhz.eu\/mbeshtetje-financiare-per-pjesemarrje-ne-konferenca-shkencore-nderkombetare\/\",\"url\":\"https:\/\/unhz.eu\/mbeshtetje-financiare-per-pjesemarrje-ne-konferenca-shkencore-nderkombetare\/\",\"name\":\"Mb\u00ebshtetje financiare p\u00ebr pjes\u00ebmarrje n\u00eb konferenca shkencore nd\u00ebrkomb\u00ebtare - University Haxhi Zeka\",\"isPartOf\":{\"@id\":\"https:\/\/unhz.eu\/#website\"},\"datePublished\":\"2024-04-24T08:00:56+00:00\",\"dateModified\":\"2025-09-02T07:09:34+00:00\",\"description\":\"Mb\u00ebshtetje financiare p\u00ebr pjes\u00ebmarrje n\u00eb konferenca shkencore nd\u00ebrkomb\u00ebtare p\u00ebr staf akademik t\u00eb UHZ-s\u00eb.\",\"breadcrumb\":{\"@id\":\"https:\/\/unhz.eu\/mbeshtetje-financiare-per-pjesemarrje-ne-konferenca-shkencore-nderkombetare\/#breadcrumb\"},\"inLanguage\":\"bs-BA\",\"potentialAction\":[{\"@type\":\"ReadAction\",\"target\":[\"https:\/\/unhz.eu\/mbeshtetje-financiare-per-pjesemarrje-ne-konferenca-shkencore-nderkombetare\/\"]}]},{\"@type\":\"BreadcrumbList\",\"@id\":\"https:\/\/unhz.eu\/mbeshtetje-financiare-per-pjesemarrje-ne-konferenca-shkencore-nderkombetare\/#breadcrumb\",\"itemListElement\":[{\"@type\":\"ListItem\",\"position\":1,\"name\":\"Home\",\"item\":\"https:\/\/unhz.eu\/\"},{\"@type\":\"ListItem\",\"position\":2,\"name\":\"Mb\u00ebshtetje financiare p\u00ebr pjes\u00ebmarrje n\u00eb konferenca shkencore nd\u00ebrkomb\u00ebtare\"}]},{\"@type\":\"WebSite\",\"@id\":\"https:\/\/unhz.eu\/#website\",\"url\":\"https:\/\/unhz.eu\/\",\"name\":\"Universiteti \u201cHaxhi Zeka\u201d\",\"description\":\"I dedikuar p\u00ebr cil\u00ebsi, standarde dhe suksese\",\"publisher\":{\"@id\":\"https:\/\/unhz.eu\/#organization\"},\"alternateName\":\"Universiteti Haxhi Zeka\",\"potentialAction\":[{\"@type\":\"SearchAction\",\"target\":{\"@type\":\"EntryPoint\",\"urlTemplate\":\"https:\/\/unhz.eu\/?s={search_term_string}\"},\"query-input\":{\"@type\":\"PropertyValueSpecification\",\"valueRequired\":true,\"valueName\":\"search_term_string\"}}],\"inLanguage\":\"bs-BA\"},{\"@type\":\"Organization\",\"@id\":\"https:\/\/unhz.eu\/#organization\",\"name\":\"Universiteti \u201cHaxhi Zeka\u201d\",\"alternateName\":\"Universiteti Haxhi Zeka\",\"url\":\"https:\/\/unhz.eu\/\",\"logo\":{\"@type\":\"ImageObject\",\"inLanguage\":\"bs-BA\",\"@id\":\"https:\/\/unhz.eu\/#\/schema\/logo\/image\/\",\"url\":\"https:\/\/unhz.eu\/wp-content\/uploads\/2025\/04\/logo-unhz.webp\",\"contentUrl\":\"https:\/\/unhz.eu\/wp-content\/uploads\/2025\/04\/logo-unhz.webp\",\"width\":1024,\"height\":260,\"caption\":\"Universiteti \u201cHaxhi Zeka\u201d\"},\"image\":{\"@id\":\"https:\/\/unhz.eu\/#\/schema\/logo\/image\/\"},\"sameAs\":[\"https:\/\/www.facebook.com\/uni.haxhizeka\",\"https:\/\/x.com\/uni_haxhizeka\",\"https:\/\/www.linkedin.com\/school\/haxhi-zeka-university\",\"https:\/\/www.instagram.com\/uni_haxhizeka\/\"],\"description\":\"Universiteti \u201cHaxhi Zeka\u201d n\u00eb Pej\u00eb \u00ebsht\u00eb institucion publik i arsimit t\u00eb lart\u00eb, q\u00eb ofron studime bachelor, master dhe doktorat\u00eb n\u00eb fusha t\u00eb ndryshme si menaxhimi, turizmi, ekonomia, bujq\u00ebsia, arti dhe drejt\u00ebsia. Universiteti synon zhvillimin akademik, hulumtimin shkencor dhe kontributin n\u00eb komunitet.\",\"email\":\"info@unhz.eu\",\"telephone\":\"+38339410970\",\"legalName\":\"Universiteti \u201cHaxhi Zeka\u201d n\u00eb Pej\u00eb\",\"foundingDate\":\"2011-11-14\",\"numberOfEmployees\":{\"@type\":\"QuantitativeValue\",\"minValue\":\"201\",\"maxValue\":\"500\"}}]}<\/script>\n<!-- \/ Yoast SEO Premium plugin. -->","yoast_head_json":{"title":"Mb\u00ebshtetje financiare p\u00ebr pjes\u00ebmarrje n\u00eb konferenca shkencore nd\u00ebrkomb\u00ebtare - University Haxhi Zeka","description":"Mb\u00ebshtetje financiare p\u00ebr pjes\u00ebmarrje n\u00eb konferenca shkencore nd\u00ebrkomb\u00ebtare p\u00ebr staf akademik t\u00eb UHZ-s\u00eb.","robots":{"index":"index","follow":"follow","max-snippet":"max-snippet:-1","max-image-preview":"max-image-preview:large","max-video-preview":"max-video-preview:-1"},"canonical":"https:\/\/unhz.eu\/bs\/mbeshtetje-financiare-per-pjesemarrje-ne-konferenca-shkencore-nderkombetare\/","og_locale":"bs_BA","og_type":"article","og_title":"Mb\u00ebshtetje financiare p\u00ebr pjes\u00ebmarrje n\u00eb konferenca shkencore nd\u00ebrkomb\u00ebtare","og_description":"Mb\u00ebshtetje financiare p\u00ebr pjes\u00ebmarrje n\u00eb konferenca shkencore nd\u00ebrkomb\u00ebtare p\u00ebr staf akademik t\u00eb UHZ-s\u00eb.","og_url":"https:\/\/unhz.eu\/bs\/mbeshtetje-financiare-per-pjesemarrje-ne-konferenca-shkencore-nderkombetare\/","og_site_name":"University Haxhi Zeka","article_publisher":"https:\/\/www.facebook.com\/uni.haxhizeka","article_modified_time":"2025-09-02T07:09:34+00:00","twitter_card":"summary_large_image","twitter_site":"@uni_haxhizeka","twitter_misc":{"Est. reading time":"1 minuta"},"schema":{"@context":"https:\/\/schema.org","@graph":[{"@type":"WebPage","@id":"https:\/\/unhz.eu\/mbeshtetje-financiare-per-pjesemarrje-ne-konferenca-shkencore-nderkombetare\/","url":"https:\/\/unhz.eu\/mbeshtetje-financiare-per-pjesemarrje-ne-konferenca-shkencore-nderkombetare\/","name":"Mb\u00ebshtetje financiare p\u00ebr pjes\u00ebmarrje n\u00eb konferenca shkencore nd\u00ebrkomb\u00ebtare - University Haxhi Zeka","isPartOf":{"@id":"https:\/\/unhz.eu\/#website"},"datePublished":"2024-04-24T08:00:56+00:00","dateModified":"2025-09-02T07:09:34+00:00","description":"Mb\u00ebshtetje financiare p\u00ebr pjes\u00ebmarrje n\u00eb konferenca shkencore nd\u00ebrkomb\u00ebtare p\u00ebr staf akademik t\u00eb UHZ-s\u00eb.","breadcrumb":{"@id":"https:\/\/unhz.eu\/mbeshtetje-financiare-per-pjesemarrje-ne-konferenca-shkencore-nderkombetare\/#breadcrumb"},"inLanguage":"bs-BA","potentialAction":[{"@type":"ReadAction","target":["https:\/\/unhz.eu\/mbeshtetje-financiare-per-pjesemarrje-ne-konferenca-shkencore-nderkombetare\/"]}]},{"@type":"BreadcrumbList","@id":"https:\/\/unhz.eu\/mbeshtetje-financiare-per-pjesemarrje-ne-konferenca-shkencore-nderkombetare\/#breadcrumb","itemListElement":[{"@type":"ListItem","position":1,"name":"Home","item":"https:\/\/unhz.eu\/"},{"@type":"ListItem","position":2,"name":"Mb\u00ebshtetje financiare p\u00ebr pjes\u00ebmarrje n\u00eb konferenca shkencore nd\u00ebrkomb\u00ebtare"}]},{"@type":"WebSite","@id":"https:\/\/unhz.eu\/#website","url":"https:\/\/unhz.eu\/","name":"Univerzitet &quot;Had\u017ei Zeka&quot;\u201c","description":"Posve\u0107eni kvaliteti, standardima i uspjehu","publisher":{"@id":"https:\/\/unhz.eu\/#organization"},"alternateName":"Universiteti Haxhi Zeka","potentialAction":[{"@type":"SearchAction","target":{"@type":"EntryPoint","urlTemplate":"https:\/\/unhz.eu\/?s={search_term_string}"},"query-input":{"@type":"PropertyValueSpecification","valueRequired":true,"valueName":"search_term_string"}}],"inLanguage":"bs-BA"},{"@type":"Organization","@id":"https:\/\/unhz.eu\/#organization","name":"Univerzitet &quot;Had\u017ei Zeka&quot;\u201c","alternateName":"Universiteti Haxhi Zeka","url":"https:\/\/unhz.eu\/","logo":{"@type":"ImageObject","inLanguage":"bs-BA","@id":"https:\/\/unhz.eu\/#\/schema\/logo\/image\/","url":"https:\/\/unhz.eu\/wp-content\/uploads\/2025\/04\/logo-unhz.webp","contentUrl":"https:\/\/unhz.eu\/wp-content\/uploads\/2025\/04\/logo-unhz.webp","width":1024,"height":260,"caption":"Universiteti \u201cHaxhi Zeka\u201d"},"image":{"@id":"https:\/\/unhz.eu\/#\/schema\/logo\/image\/"},"sameAs":["https:\/\/www.facebook.com\/uni.haxhizeka","https:\/\/x.com\/uni_haxhizeka","https:\/\/www.linkedin.com\/school\/haxhi-zeka-university","https:\/\/www.instagram.com\/uni_haxhizeka\/"],"description":"Univerzitet &quot;Had\u017ei Zeka&quot; u Pe\u0107i je javna visoko\u0161kolska ustanova koja nudi dodiplomske, master i doktorske studije u raznim oblastima kao \u0161to su menad\u017ement, turizam, ekonomija, poljoprivreda, umjetnost i pravo. Univerzitet ima za cilj akademski razvoj, nau\u010dna istra\u017eivanja i doprinos zajednici.","email":"info@unhz.eu","telephone":"+38339410970","legalName":"Universiteti \u201cHaxhi Zeka\u201d n\u00eb Pej\u00eb","foundingDate":"2011-11-14","numberOfEmployees":{"@type":"QuantitativeValue","minValue":"201","maxValue":"500"}}]}},"acf":[],"_links":{"self":[{"href":"https:\/\/unhz.eu\/bs\/wp-json\/wp\/v2\/pages\/23316","targetHints":{"allow":["GET"]}}],"collection":[{"href":"https:\/\/unhz.eu\/bs\/wp-json\/wp\/v2\/pages"}],"about":[{"href":"https:\/\/unhz.eu\/bs\/wp-json\/wp\/v2\/types\/page"}],"author":[{"embeddable":true,"href":"https:\/\/unhz.eu\/bs\/wp-json\/wp\/v2\/users\/1"}],"replies":[{"embeddable":true,"href":"https:\/\/unhz.eu\/bs\/wp-json\/wp\/v2\/comments?post=23316"}],"version-history":[{"count":5,"href":"https:\/\/unhz.eu\/bs\/wp-json\/wp\/v2\/pages\/23316\/revisions"}],"predecessor-version":[{"id":57530,"href":"https:\/\/unhz.eu\/bs\/wp-json\/wp\/v2\/pages\/23316\/revisions\/57530"}],"wp:attachment":[{"href":"https:\/\/unhz.eu\/bs\/wp-json\/wp\/v2\/media?parent=23316"}],"curies":[{"name":"radni list","href":"https:\/\/api.w.org\/{rel}","templated":true}]}}