{"id":23093,"date":"2024-04-23T11:52:47","date_gmt":"2024-04-23T11:52:47","guid":{"rendered":"https:\/\/unhz.eu\/?page_id=23093"},"modified":"2025-07-17T13:51:57","modified_gmt":"2025-07-17T11:51:57","slug":"dokumentet-nderkombetare","status":"publish","type":"page","link":"https:\/\/unhz.eu\/bs\/dokumentet-nderkombetare\/","title":{"rendered":"Dokumentet nd\u00ebrkomb\u00ebtare"},"content":{"rendered":"<div data-elementor-type=\"wp-page\" data-elementor-id=\"23093\" class=\"elementor elementor-23093\" data-elementor-post-type=\"page\">\n\t\t\t\t\t\t<section class=\"elementor-section elementor-top-section elementor-element elementor-element-974d9d3 elementor-section-boxed elementor-section-height-default elementor-section-height-default sc_fly_static\" data-id=\"974d9d3\" data-element_type=\"section\" data-e-type=\"section\">\n\t\t\t\t\t\t<div class=\"elementor-container elementor-column-gap-extended\">\n\t\t\t\t\t<div class=\"elementor-column elementor-col-100 elementor-top-column elementor-element elementor-element-b58ff45 sc_content_align_inherit sc_layouts_column_icons_position_left sc_fly_static\" data-id=\"b58ff45\" data-element_type=\"column\" data-e-type=\"column\">\n\t\t\t<div class=\"elementor-widget-wrap elementor-element-populated\">\n\t\t\t\t\t\t<div class=\"elementor-element elementor-element-87de693 sc_fly_static elementor-widget elementor-widget-trx_sc_title\" data-id=\"87de693\" data-element_type=\"widget\" data-e-type=\"widget\" data-widget_type=\"trx_sc_title.default\">\n\t\t\t\t<div class=\"elementor-widget-container\">\n\t\t\t\t\t<div\t\tclass=\"sc_title sc_title_default\" ><span class=\"sc_item_subtitle sc_title_subtitle sc_item_subtitle_above sc_item_title_style_default\">Detaje rreth Dokumeteve Nderkomb\u00cbtare<\/span><\/div>\t\t\t\t<\/div>\n\t\t\t\t<\/div>\n\t\t\t\t<div class=\"elementor-element elementor-element-86b6e91 sc_fly_static elementor-widget elementor-widget-spacer\" data-id=\"86b6e91\" data-element_type=\"widget\" data-e-type=\"widget\" data-widget_type=\"spacer.default\">\n\t\t\t\t<div class=\"elementor-widget-container\">\n\t\t\t\t\t\t\t<div class=\"elementor-spacer\">\n\t\t\t<div class=\"elementor-spacer-inner\"><\/div>\n\t\t<\/div>\n\t\t\t\t\t\t<\/div>\n\t\t\t\t<\/div>\n\t\t\t\t\t<\/div>\n\t\t<\/div>\n\t\t\t\t\t<\/div>\n\t\t<\/section>\n\t\t\t\t<section class=\"elementor-section elementor-top-section elementor-element elementor-element-5240a3c elementor-section-boxed elementor-section-height-default elementor-section-height-default sc_fly_static\" data-id=\"5240a3c\" data-element_type=\"section\" data-e-type=\"section\">\n\t\t\t\t\t\t<div class=\"elementor-container elementor-column-gap-extended\">\n\t\t\t\t\t<div class=\"elementor-column elementor-col-100 elementor-top-column elementor-element elementor-element-db4b9e2 sc_content_align_inherit sc_layouts_column_icons_position_left sc_fly_static\" data-id=\"db4b9e2\" data-element_type=\"column\" data-e-type=\"column\">\n\t\t\t<div class=\"elementor-widget-wrap elementor-element-populated\">\n\t\t\t\t\t\t<div class=\"elementor-element elementor-element-9774d19 sc_fly_static elementor-widget elementor-widget-text-editor\" data-id=\"9774d19\" data-element_type=\"widget\" data-e-type=\"widget\" data-widget_type=\"text-editor.default\">\n\t\t\t\t<div class=\"elementor-widget-container\">\n\t\t\t\t\t\t\t\t\t<p><a href=\"https:\/\/unhz.eu\/Dokumente\/Dokumente_tjera\/KODI%20EUROPIAN%20I%20SJELLJES%20P%C3%8BR%20INTEGRITET%20N%C3%8B%20K%C3%8BRKIMIN%20SHKENCOR_ALLEA.pdf\">KODI EUROPIAN I SJELLJES P\u00cbR INTEGRITET N\u00cb K\u00cbRKIMIN SHKENCOR_ALLEA<\/a><\/p><p><a href=\"https:\/\/unhz.eu\/Dokumente\/Dokumente_tjera\/ESRC%20FRAMEWORK%20FOR%20RESEARCH%20ETHICS_2015.pdf\">The European Code of Conduct for Research Integrity<\/a><\/p><p><a href=\"https:\/\/unhz.eu\/Dokumente\/Dokumente_tjera\/GUIDELINES%20FOR%20RESEARCH%20INTEGRITY_2019_EU.pdf\">GUIDELINES FOR RESEARCH INTEGRITY_2019_EU<\/a><\/p><p><a href=\"https:\/\/unhz.eu\/Dokumente\/Dokumente_tjera\/T%C3%8B%20(PA)%20BARABART%C3%8B%20NJ%C3%8B%20TREGIM%20MBI%20KONKURRENC%C3%8BN%20N%C3%8B%20KOSOV%C3%8B_04-2018.pdf\">T\u00cb (PA) BARABART\u00cb NJ\u00cb TREGIM MBI KONKURRENC\u00cbN N\u00cb KOSOV\u00cb_04-2018<\/a><\/p><p><a href=\"https:\/\/unhz.eu\/Dokumente\/Dokumente_tjera\/ESRC%20FRAMEWORK%20FOR%20RESEARCH%20ETHICS_2015.pdf\">ESRC FRAMEWORK FOR RESEARCH ETHICS_2015<\/a><\/p><p><a href=\"https:\/\/unhz.eu\/Dokumente\/Dokumente_tjera\/INTERNATIONAL%20COVENANT%20ON%20ECONOMIC,%20SOCIAL%20AND%20CULTURAL%20RIGHTS.pdf\">INTERNATIONAL COVENANT ON ECONOMIC, SOCIAL AND CULTURAL RIGHTS<\/a><\/p>\t\t\t\t\t\t\t\t<\/div>\n\t\t\t\t<\/div>\n\t\t\t\t\t<\/div>\n\t\t<\/div>\n\t\t\t\t\t<\/div>\n\t\t<\/section>\n\t\t\t\t<\/div>","protected":false},"excerpt":{"rendered":"<p>Detaje rreth Dokumeteve Nderkomb\u00cbtare KODI EUROPIAN I SJELLJES P\u00cbR INTEGRITET N\u00cb K\u00cbRKIMIN SHKENCOR_ALLEA The European&hellip;<\/p>","protected":false},"author":1,"featured_media":50754,"parent":0,"menu_order":0,"comment_status":"closed","ping_status":"closed","template":"","meta":{"_acf_changed":false,"footnotes":""},"class_list":["post-23093","page","type-page","status-publish","has-post-thumbnail","hentry"],"yoast_head":"<!-- This site is optimized with the Yoast SEO Premium plugin v27.2 (Yoast SEO v27.2) - https:\/\/yoast.com\/product\/yoast-seo-premium-wordpress\/ -->\n<title>Dokumentet nd\u00ebrkomb\u00ebtare - University Haxhi Zeka<\/title>\n<meta name=\"description\" content=\"Shkarkoni dokumentet nd\u00ebrkomb\u00ebtare t\u00eb UHZ-s\u00eb: konventa, traktate dhe udh\u00ebzime mbi arsimin e lart\u00eb dhe t\u00eb drejtat njer\u00ebzore.\" \/>\n<meta name=\"robots\" content=\"index, follow, max-snippet:-1, max-image-preview:large, max-video-preview:-1\" \/>\n<link rel=\"canonical\" href=\"https:\/\/unhz.eu\/bs\/dokumentet-nderkombetare\/\" \/>\n<meta property=\"og:locale\" content=\"bs_BA\" \/>\n<meta property=\"og:type\" content=\"article\" \/>\n<meta property=\"og:title\" content=\"Dokumentet nd\u00ebrkomb\u00ebtare\" \/>\n<meta property=\"og:description\" content=\"Shkarkoni dokumentet nd\u00ebrkomb\u00ebtare t\u00eb UHZ-s\u00eb: konventa, traktate dhe udh\u00ebzime mbi arsimin e lart\u00eb dhe t\u00eb drejtat njer\u00ebzore.\" \/>\n<meta property=\"og:url\" content=\"https:\/\/unhz.eu\/bs\/dokumentet-nderkombetare\/\" \/>\n<meta property=\"og:site_name\" content=\"University Haxhi Zeka\" \/>\n<meta property=\"article:publisher\" content=\"https:\/\/www.facebook.com\/uni.haxhizeka\" \/>\n<meta property=\"article:modified_time\" content=\"2025-07-17T11:51:57+00:00\" \/>\n<meta property=\"og:image\" content=\"https:\/\/unhz.eu\/wp-content\/uploads\/2025\/04\/Dizajn-me-logo-te-UHZ.webp\" \/>\n\t<meta property=\"og:image:width\" content=\"1000\" \/>\n\t<meta property=\"og:image:height\" content=\"1000\" \/>\n\t<meta property=\"og:image:type\" content=\"image\/webp\" \/>\n<meta name=\"twitter:card\" content=\"summary_large_image\" \/>\n<meta name=\"twitter:site\" content=\"@uni_haxhizeka\" \/>\n<meta name=\"twitter:label1\" content=\"Est. reading time\" \/>\n\t<meta name=\"twitter:data1\" content=\"1 minuta\" \/>\n<script type=\"application\/ld+json\" class=\"yoast-schema-graph\">{\"@context\":\"https:\/\/schema.org\",\"@graph\":[{\"@type\":\"WebPage\",\"@id\":\"https:\/\/unhz.eu\/dokumentet-nderkombetare\/\",\"url\":\"https:\/\/unhz.eu\/dokumentet-nderkombetare\/\",\"name\":\"Dokumentet nd\u00ebrkomb\u00ebtare - University Haxhi Zeka\",\"isPartOf\":{\"@id\":\"https:\/\/unhz.eu\/#website\"},\"primaryImageOfPage\":{\"@id\":\"https:\/\/unhz.eu\/dokumentet-nderkombetare\/#primaryimage\"},\"image\":{\"@id\":\"https:\/\/unhz.eu\/dokumentet-nderkombetare\/#primaryimage\"},\"thumbnailUrl\":\"https:\/\/unhz.eu\/wp-content\/uploads\/2025\/04\/Dizajn-me-logo-te-UHZ.webp\",\"datePublished\":\"2024-04-23T11:52:47+00:00\",\"dateModified\":\"2025-07-17T11:51:57+00:00\",\"description\":\"Shkarkoni dokumentet nd\u00ebrkomb\u00ebtare t\u00eb UHZ-s\u00eb: konventa, traktate dhe udh\u00ebzime mbi arsimin e lart\u00eb dhe t\u00eb drejtat njer\u00ebzore.\",\"breadcrumb\":{\"@id\":\"https:\/\/unhz.eu\/dokumentet-nderkombetare\/#breadcrumb\"},\"inLanguage\":\"bs-BA\",\"potentialAction\":[{\"@type\":\"ReadAction\",\"target\":[\"https:\/\/unhz.eu\/dokumentet-nderkombetare\/\"]}]},{\"@type\":\"ImageObject\",\"inLanguage\":\"bs-BA\",\"@id\":\"https:\/\/unhz.eu\/dokumentet-nderkombetare\/#primaryimage\",\"url\":\"https:\/\/unhz.eu\/wp-content\/uploads\/2025\/04\/Dizajn-me-logo-te-UHZ.webp\",\"contentUrl\":\"https:\/\/unhz.eu\/wp-content\/uploads\/2025\/04\/Dizajn-me-logo-te-UHZ.webp\",\"width\":1000,\"height\":1000,\"caption\":\"Universiteti Haxhi Zeka, UHZ logo me background te kuq\"},{\"@type\":\"BreadcrumbList\",\"@id\":\"https:\/\/unhz.eu\/dokumentet-nderkombetare\/#breadcrumb\",\"itemListElement\":[{\"@type\":\"ListItem\",\"position\":1,\"name\":\"Home\",\"item\":\"https:\/\/unhz.eu\/\"},{\"@type\":\"ListItem\",\"position\":2,\"name\":\"Dokumentet nd\u00ebrkomb\u00ebtare\"}]},{\"@type\":\"WebSite\",\"@id\":\"https:\/\/unhz.eu\/#website\",\"url\":\"https:\/\/unhz.eu\/\",\"name\":\"Universiteti \u201cHaxhi Zeka\u201d\",\"description\":\"I dedikuar p\u00ebr cil\u00ebsi, standarde dhe suksese\",\"publisher\":{\"@id\":\"https:\/\/unhz.eu\/#organization\"},\"alternateName\":\"Universiteti Haxhi Zeka\",\"potentialAction\":[{\"@type\":\"SearchAction\",\"target\":{\"@type\":\"EntryPoint\",\"urlTemplate\":\"https:\/\/unhz.eu\/?s={search_term_string}\"},\"query-input\":{\"@type\":\"PropertyValueSpecification\",\"valueRequired\":true,\"valueName\":\"search_term_string\"}}],\"inLanguage\":\"bs-BA\"},{\"@type\":\"Organization\",\"@id\":\"https:\/\/unhz.eu\/#organization\",\"name\":\"Universiteti \u201cHaxhi Zeka\u201d\",\"alternateName\":\"Universiteti Haxhi Zeka\",\"url\":\"https:\/\/unhz.eu\/\",\"logo\":{\"@type\":\"ImageObject\",\"inLanguage\":\"bs-BA\",\"@id\":\"https:\/\/unhz.eu\/#\/schema\/logo\/image\/\",\"url\":\"https:\/\/unhz.eu\/wp-content\/uploads\/2025\/04\/logo-unhz.webp\",\"contentUrl\":\"https:\/\/unhz.eu\/wp-content\/uploads\/2025\/04\/logo-unhz.webp\",\"width\":1024,\"height\":260,\"caption\":\"Universiteti \u201cHaxhi Zeka\u201d\"},\"image\":{\"@id\":\"https:\/\/unhz.eu\/#\/schema\/logo\/image\/\"},\"sameAs\":[\"https:\/\/www.facebook.com\/uni.haxhizeka\",\"https:\/\/x.com\/uni_haxhizeka\",\"https:\/\/www.linkedin.com\/school\/haxhi-zeka-university\",\"https:\/\/www.instagram.com\/uni_haxhizeka\/\"],\"description\":\"Universiteti \u201cHaxhi Zeka\u201d n\u00eb Pej\u00eb \u00ebsht\u00eb institucion publik i arsimit t\u00eb lart\u00eb, q\u00eb ofron studime bachelor, master dhe doktorat\u00eb n\u00eb fusha t\u00eb ndryshme si menaxhimi, turizmi, ekonomia, bujq\u00ebsia, arti dhe drejt\u00ebsia. Universiteti synon zhvillimin akademik, hulumtimin shkencor dhe kontributin n\u00eb komunitet.\",\"email\":\"info@unhz.eu\",\"telephone\":\"+38339410970\",\"legalName\":\"Universiteti \u201cHaxhi Zeka\u201d n\u00eb Pej\u00eb\",\"foundingDate\":\"2011-11-14\",\"numberOfEmployees\":{\"@type\":\"QuantitativeValue\",\"minValue\":\"201\",\"maxValue\":\"500\"}}]}<\/script>\n<!-- \/ Yoast SEO Premium plugin. -->","yoast_head_json":{"title":"Dokumentet nd\u00ebrkomb\u00ebtare - University Haxhi Zeka","description":"Shkarkoni dokumentet nd\u00ebrkomb\u00ebtare t\u00eb UHZ-s\u00eb: konventa, traktate dhe udh\u00ebzime mbi arsimin e lart\u00eb dhe t\u00eb drejtat njer\u00ebzore.","robots":{"index":"index","follow":"follow","max-snippet":"max-snippet:-1","max-image-preview":"max-image-preview:large","max-video-preview":"max-video-preview:-1"},"canonical":"https:\/\/unhz.eu\/bs\/dokumentet-nderkombetare\/","og_locale":"bs_BA","og_type":"article","og_title":"Dokumentet nd\u00ebrkomb\u00ebtare","og_description":"Shkarkoni dokumentet nd\u00ebrkomb\u00ebtare t\u00eb UHZ-s\u00eb: konventa, traktate dhe udh\u00ebzime mbi arsimin e lart\u00eb dhe t\u00eb drejtat njer\u00ebzore.","og_url":"https:\/\/unhz.eu\/bs\/dokumentet-nderkombetare\/","og_site_name":"University Haxhi Zeka","article_publisher":"https:\/\/www.facebook.com\/uni.haxhizeka","article_modified_time":"2025-07-17T11:51:57+00:00","og_image":[{"width":1000,"height":1000,"url":"https:\/\/unhz.eu\/wp-content\/uploads\/2025\/04\/Dizajn-me-logo-te-UHZ.webp","type":"image\/webp"}],"twitter_card":"summary_large_image","twitter_site":"@uni_haxhizeka","twitter_misc":{"Est. reading time":"1 minuta"},"schema":{"@context":"https:\/\/schema.org","@graph":[{"@type":"WebPage","@id":"https:\/\/unhz.eu\/dokumentet-nderkombetare\/","url":"https:\/\/unhz.eu\/dokumentet-nderkombetare\/","name":"Dokumentet nd\u00ebrkomb\u00ebtare - University Haxhi Zeka","isPartOf":{"@id":"https:\/\/unhz.eu\/#website"},"primaryImageOfPage":{"@id":"https:\/\/unhz.eu\/dokumentet-nderkombetare\/#primaryimage"},"image":{"@id":"https:\/\/unhz.eu\/dokumentet-nderkombetare\/#primaryimage"},"thumbnailUrl":"https:\/\/unhz.eu\/wp-content\/uploads\/2025\/04\/Dizajn-me-logo-te-UHZ.webp","datePublished":"2024-04-23T11:52:47+00:00","dateModified":"2025-07-17T11:51:57+00:00","description":"Shkarkoni dokumentet nd\u00ebrkomb\u00ebtare t\u00eb UHZ-s\u00eb: konventa, traktate dhe udh\u00ebzime mbi arsimin e lart\u00eb dhe t\u00eb drejtat njer\u00ebzore.","breadcrumb":{"@id":"https:\/\/unhz.eu\/dokumentet-nderkombetare\/#breadcrumb"},"inLanguage":"bs-BA","potentialAction":[{"@type":"ReadAction","target":["https:\/\/unhz.eu\/dokumentet-nderkombetare\/"]}]},{"@type":"ImageObject","inLanguage":"bs-BA","@id":"https:\/\/unhz.eu\/dokumentet-nderkombetare\/#primaryimage","url":"https:\/\/unhz.eu\/wp-content\/uploads\/2025\/04\/Dizajn-me-logo-te-UHZ.webp","contentUrl":"https:\/\/unhz.eu\/wp-content\/uploads\/2025\/04\/Dizajn-me-logo-te-UHZ.webp","width":1000,"height":1000,"caption":"Universiteti Haxhi Zeka, UHZ logo me background te kuq"},{"@type":"BreadcrumbList","@id":"https:\/\/unhz.eu\/dokumentet-nderkombetare\/#breadcrumb","itemListElement":[{"@type":"ListItem","position":1,"name":"Home","item":"https:\/\/unhz.eu\/"},{"@type":"ListItem","position":2,"name":"Dokumentet nd\u00ebrkomb\u00ebtare"}]},{"@type":"WebSite","@id":"https:\/\/unhz.eu\/#website","url":"https:\/\/unhz.eu\/","name":"Univerzitet &quot;Had\u017ei Zeka&quot;\u201c","description":"Posve\u0107eni kvaliteti, standardima i uspjehu","publisher":{"@id":"https:\/\/unhz.eu\/#organization"},"alternateName":"Universiteti Haxhi Zeka","potentialAction":[{"@type":"SearchAction","target":{"@type":"EntryPoint","urlTemplate":"https:\/\/unhz.eu\/?s={search_term_string}"},"query-input":{"@type":"PropertyValueSpecification","valueRequired":true,"valueName":"search_term_string"}}],"inLanguage":"bs-BA"},{"@type":"Organization","@id":"https:\/\/unhz.eu\/#organization","name":"Univerzitet &quot;Had\u017ei Zeka&quot;\u201c","alternateName":"Universiteti Haxhi Zeka","url":"https:\/\/unhz.eu\/","logo":{"@type":"ImageObject","inLanguage":"bs-BA","@id":"https:\/\/unhz.eu\/#\/schema\/logo\/image\/","url":"https:\/\/unhz.eu\/wp-content\/uploads\/2025\/04\/logo-unhz.webp","contentUrl":"https:\/\/unhz.eu\/wp-content\/uploads\/2025\/04\/logo-unhz.webp","width":1024,"height":260,"caption":"Universiteti \u201cHaxhi Zeka\u201d"},"image":{"@id":"https:\/\/unhz.eu\/#\/schema\/logo\/image\/"},"sameAs":["https:\/\/www.facebook.com\/uni.haxhizeka","https:\/\/x.com\/uni_haxhizeka","https:\/\/www.linkedin.com\/school\/haxhi-zeka-university","https:\/\/www.instagram.com\/uni_haxhizeka\/"],"description":"Univerzitet &quot;Had\u017ei Zeka&quot; u Pe\u0107i je javna visoko\u0161kolska ustanova koja nudi dodiplomske, master i doktorske studije u raznim oblastima kao \u0161to su menad\u017ement, turizam, ekonomija, poljoprivreda, umjetnost i pravo. Univerzitet ima za cilj akademski razvoj, nau\u010dna istra\u017eivanja i doprinos zajednici.","email":"info@unhz.eu","telephone":"+38339410970","legalName":"Universiteti \u201cHaxhi Zeka\u201d n\u00eb Pej\u00eb","foundingDate":"2011-11-14","numberOfEmployees":{"@type":"QuantitativeValue","minValue":"201","maxValue":"500"}}]}},"acf":[],"_links":{"self":[{"href":"https:\/\/unhz.eu\/bs\/wp-json\/wp\/v2\/pages\/23093","targetHints":{"allow":["GET"]}}],"collection":[{"href":"https:\/\/unhz.eu\/bs\/wp-json\/wp\/v2\/pages"}],"about":[{"href":"https:\/\/unhz.eu\/bs\/wp-json\/wp\/v2\/types\/page"}],"author":[{"embeddable":true,"href":"https:\/\/unhz.eu\/bs\/wp-json\/wp\/v2\/users\/1"}],"replies":[{"embeddable":true,"href":"https:\/\/unhz.eu\/bs\/wp-json\/wp\/v2\/comments?post=23093"}],"version-history":[{"count":1,"href":"https:\/\/unhz.eu\/bs\/wp-json\/wp\/v2\/pages\/23093\/revisions"}],"predecessor-version":[{"id":52582,"href":"https:\/\/unhz.eu\/bs\/wp-json\/wp\/v2\/pages\/23093\/revisions\/52582"}],"wp:featuredmedia":[{"embeddable":true,"href":"https:\/\/unhz.eu\/bs\/wp-json\/wp\/v2\/media\/50754"}],"wp:attachment":[{"href":"https:\/\/unhz.eu\/bs\/wp-json\/wp\/v2\/media?parent=23093"}],"curies":[{"name":"radni list","href":"https:\/\/api.w.org\/{rel}","templated":true}]}}