{"id":23089,"date":"2024-04-23T11:51:53","date_gmt":"2024-04-23T11:51:53","guid":{"rendered":"https:\/\/unhz.eu\/?page_id=23089"},"modified":"2025-06-03T15:33:16","modified_gmt":"2025-06-03T13:33:16","slug":"vendime","status":"publish","type":"page","link":"https:\/\/unhz.eu\/bs\/vendime\/","title":{"rendered":"Vendime ISHA"},"content":{"rendered":"<div data-elementor-type=\"wp-page\" data-elementor-id=\"23089\" class=\"elementor elementor-23089\" data-elementor-post-type=\"page\">\n\t\t\t\t\t\t<section class=\"elementor-section elementor-top-section elementor-element elementor-element-8c16dbf elementor-section-boxed elementor-section-height-default elementor-section-height-default sc_fly_static\" data-id=\"8c16dbf\" data-element_type=\"section\" data-e-type=\"section\">\n\t\t\t\t\t\t<div class=\"elementor-container elementor-column-gap-extended\">\n\t\t\t\t\t<div class=\"elementor-column elementor-col-100 elementor-top-column elementor-element elementor-element-7f30973 sc_content_align_inherit sc_layouts_column_icons_position_left sc_fly_static\" data-id=\"7f30973\" data-element_type=\"column\" data-e-type=\"column\">\n\t\t\t<div class=\"elementor-widget-wrap elementor-element-populated\">\n\t\t\t\t\t\t<div class=\"elementor-element elementor-element-7dec952 sc_fly_static elementor-widget elementor-widget-trx_sc_table\" data-id=\"7dec952\" data-element_type=\"widget\" data-e-type=\"widget\" data-widget_type=\"trx_sc_table.default\">\n\t\t\t\t<div class=\"elementor-widget-container\">\n\t\t\t\t\t<div class=\"sc_table_wrap\"><div\t\tclass=\"sc_table sc_table_default trx_addons_inline_2142583195\" ><table cellspacing=\"0\" summary=\"sdsad\">\n\t<tr>\n\t\t<td>Nr.<\/td>\n\t\t<td>Opis<\/td>\n\t\t<td>Data<\/td>\n\t\t<td>Shqip\u00eb<\/td>\n\t<\/tr>\n\t<tr>\n\t\t<td>16<\/td>\n\t\t<td>Themelohet komisioni p\u00ebr hartimin e rregullores p\u00ebr angazhimin e bahsk\u00ebpuntor\u00ebve\nt\u00eb jasht\u00ebm n\u00eb ISHA t\u00eb UHZ<\/td>\n\t\t<td>19.07.2023<\/td>\n\t\t<td>\n      <a href=\"https:\/\/unhz.eu\/Dokumente\/Publikime\/Vendimi_16_2024.pdf\" target=\"_blank\">ALB<\/a>\n    <\/td>\n\t<\/tr>\n\t<tr>\n\t\t<td>14<\/td>\n\t\t<td>Vendim i KSH- Themelohet komisioni p\u00ebr hartimin e Kodit t\u00eb Etik\u00ebs t\u00eb ISHA-s\u00eb<\/td>\n\t\t<td>19.07.2023<\/td>\n\t\t<td>\n      <a href=\"https:\/\/unhz.eu\/Dokumente\/Publikime\/Vendimi_16_2024.pdf\" target=\"_blank\">ALB<\/a>\n    <\/td>\n\n\t<\/tr>\n\t<tr>\n\t\t<td>13<\/td>\n\t\t<td>Vendim i KD-s\u00eb_Themelohet komisioni p\u00ebr hartimin e Rregullores s\u00eb pun\u00ebs t\u00eb ISHA-s\u00eb<\/td>\n\t\t<td>19.07.2023<\/td>\n\t\t<td>\n      <a href=\"https:\/\/drive.google.com\/file\/d\/1rjTZN-y1BxaQNesNW97vDdyWpxTQo2Ye\/view\" target=\"_blank\">ALB<\/a>\n    <\/td>\n\t<\/tr>\n\t<tr>\n\t\t<td>11<\/td>\n\t\t<td>Vendim i KSH_Themelohet Komisioni p\u00ebr hartimin e rregullores p\u00ebr em\u00ebrim-riem\u00ebrim dhe procedurat e rekrutimit t\u00eb personelit n\u00eb ISHA<\/td>\n\t\t<td>05.06.2023<\/td>\n\t\t<td>\n      <a href=\"https:\/\/unhz.eu\/Dokumente\/Publikime\/Vendimi_16_2024.pdf\" target=\"_blank\">ALB<\/a>\n    <\/td>\n\t<\/tr>\n\t<tr>\n\t\t<td>10<\/td>\n\t\t<td>Vendim i K\u00ebshillit Drejtues i ISHA- Suada Ajdarpasic em\u00ebrohet Drejtor i Institutit p\u00ebr Shkenc\u00eb dhe Arte n\u00eb UHZ<\/td>\n\t\t<td>01.06.2023<\/td>\n\t\t<td>\n      <a href=\"https:\/\/unhz.eu\/Dokumente\/Publikime\/Vendimi_16_2024.pdf\" target=\"_blank\">ALB<\/a>\n    <\/td>\n\t<\/tr>\n\t<tr>\n\t\t<td>03<\/td>\n\t\t<td>Vendim i ISHA- Themelohet komisioni p\u00ebr hartimin e Rregullores p\u00ebr sistematizimin dhe p\u00ebrshkrimin e vendeve t\u00eb pun\u00ebs n\u00eb ISHA<\/td>\n\t\t<td>01.03.2023<\/td>\n\t\t<td>\n      <a href=\"https:\/\/unhz.eu\/Dokumente\/Publikime\/Vendimi_16_2024.pdf\" target=\"_blank\">ALB<\/a>\n    <\/td>\n\t<\/tr>\n\t<tr>\n\t\t<td>380<\/td>\n\t\t<td>Vendim i Senatit p\u00ebr Themelimin e Nj\u00ebsive t\u00eb Institutit n\u00ebp\u00ebr Nj\u00ebsi Akademike t\u00eb UHZ-s\u00eb<\/td>\n\t\t<td>22.02.2023<\/td>\n\t\t<td>\n      <a href=\"https:\/\/unhz.eu\/Dokumente\/Publikime\/Vendimi_16_2024.pdf\" target=\"_blank\">ALB<\/a>\n    <\/td>\n\t<\/tr>\n\t<tr>\n\t\t<td>378<\/td>\n\t\t<td>Vendim i Senatit p\u00ebr Themelimin e K\u00ebshillit shkencor<\/td>\n\t\t<td>22.02.2023<\/td>\n\t\t<td>\n      <a href=\"https:\/\/unhz.eu\/Dokumente\/Publikime\/Vendimi_16_2024.pdf\" target=\"_blank\">ALB<\/a>\n    <\/td>\n\t<\/tr>\n\t<tr>\n\t\t<td>377<\/td>\n\t\t<td>Vendim i Senatit p\u00ebr themelimin e K\u00ebshillit Drejtues t\u00eb Institutit p\u00ebr shkenc\u00eb dhe arte<\/td>\n\t\t<td>22.02.2023<\/td>\n\t\t<td>\n      <a href=\"https:\/\/unhz.eu\/Dokumente\/Publikime\/Vendimi_16_2024.pdf\" target=\"_blank\">ALB<\/a>\n    <\/td>\n\t<\/tr>\n\t<tr>\n\t\t<td>249<\/td>\n\t\t<td>Vendimi p\u00ebr miratimin e Statutit t\u00eb Inistitutit p\u00ebr Shkenc\u00eb dhe Arte<\/td>\n\t\t<td>07.02.2023<\/td>\n\t\t<td>\n      <a href=\"https:\/\/unhz.eu\/Dokumente\/Publikime\/Vendimi_16_2024.pdf\" target=\"_blank\">ALB<\/a>\n    <\/td>\n\t<\/tr>\n\t<tr>\n\t\t<td>1874<\/td>\n\t\t<td>Themelohet Komisioni p\u00ebr Institutin p\u00ebr Shkenc\u00eb dhe Arte n\u00eb UHZ<\/td>\n\t\t<td>29.07.2022<\/td>\n\t\t<td>\n      <a href=\"https:\/\/unhz.eu\/Dokumente\/Publikime\/Vendimi_16_2024.pdf\" target=\"_blank\">ALB<\/a>\n    <\/td>\n\t<\/tr>\n<\/table><\/div><\/div>\t\t\t\t<\/div>\n\t\t\t\t<\/div>\n\t\t\t\t\t<\/div>\n\t\t<\/div>\n\t\t\t\t\t<\/div>\n\t\t<\/section>\n\t\t\t\t<\/div>","protected":false},"excerpt":{"rendered":"<p>Nr. P\u00ebrshkrimi Data Shqip\u00eb 16 Themelohet komisioni p\u00ebr hartimin e rregullores p\u00ebr angazhimin e bahsk\u00ebpuntor\u00ebve&hellip;<\/p>","protected":false},"author":1,"featured_media":0,"parent":0,"menu_order":0,"comment_status":"closed","ping_status":"closed","template":"","meta":{"_acf_changed":false,"footnotes":""},"class_list":["post-23089","page","type-page","status-publish","hentry"],"yoast_head":"<!-- This site is optimized with the Yoast SEO Premium plugin v27.2 (Yoast SEO v27.2) - https:\/\/yoast.com\/product\/yoast-seo-premium-wordpress\/ -->\n<title>Vendime ISHA - University Haxhi Zeka<\/title>\n<meta name=\"robots\" content=\"index, follow, max-snippet:-1, max-image-preview:large, max-video-preview:-1\" \/>\n<link rel=\"canonical\" href=\"https:\/\/unhz.eu\/bs\/vendime\/\" \/>\n<meta property=\"og:locale\" content=\"bs_BA\" \/>\n<meta property=\"og:type\" content=\"article\" \/>\n<meta property=\"og:title\" content=\"Vendime ISHA\" \/>\n<meta property=\"og:description\" content=\"Nr. P\u00ebrshkrimi Data Shqip\u00eb 16 Themelohet komisioni p\u00ebr hartimin e rregullores p\u00ebr angazhimin e bahsk\u00ebpuntor\u00ebve&hellip;\" \/>\n<meta property=\"og:url\" content=\"https:\/\/unhz.eu\/bs\/vendime\/\" \/>\n<meta property=\"og:site_name\" content=\"University Haxhi Zeka\" \/>\n<meta property=\"article:publisher\" content=\"https:\/\/www.facebook.com\/uni.haxhizeka\" \/>\n<meta property=\"article:modified_time\" content=\"2025-06-03T13:33:16+00:00\" \/>\n<meta name=\"twitter:card\" content=\"summary_large_image\" \/>\n<meta name=\"twitter:site\" content=\"@uni_haxhizeka\" \/>\n<meta name=\"twitter:label1\" content=\"Est. reading time\" \/>\n\t<meta name=\"twitter:data1\" content=\"1 minuta\" \/>\n<script type=\"application\/ld+json\" class=\"yoast-schema-graph\">{\"@context\":\"https:\/\/schema.org\",\"@graph\":[{\"@type\":\"WebPage\",\"@id\":\"https:\/\/unhz.eu\/vendime\/\",\"url\":\"https:\/\/unhz.eu\/vendime\/\",\"name\":\"Vendime ISHA - University Haxhi Zeka\",\"isPartOf\":{\"@id\":\"https:\/\/unhz.eu\/#website\"},\"datePublished\":\"2024-04-23T11:51:53+00:00\",\"dateModified\":\"2025-06-03T13:33:16+00:00\",\"breadcrumb\":{\"@id\":\"https:\/\/unhz.eu\/vendime\/#breadcrumb\"},\"inLanguage\":\"bs-BA\",\"potentialAction\":[{\"@type\":\"ReadAction\",\"target\":[\"https:\/\/unhz.eu\/vendime\/\"]}]},{\"@type\":\"BreadcrumbList\",\"@id\":\"https:\/\/unhz.eu\/vendime\/#breadcrumb\",\"itemListElement\":[{\"@type\":\"ListItem\",\"position\":1,\"name\":\"Home\",\"item\":\"https:\/\/unhz.eu\/\"},{\"@type\":\"ListItem\",\"position\":2,\"name\":\"Vendime ISHA\"}]},{\"@type\":\"WebSite\",\"@id\":\"https:\/\/unhz.eu\/#website\",\"url\":\"https:\/\/unhz.eu\/\",\"name\":\"Universiteti \u201cHaxhi Zeka\u201d\",\"description\":\"I dedikuar p\u00ebr cil\u00ebsi, standarde dhe suksese\",\"publisher\":{\"@id\":\"https:\/\/unhz.eu\/#organization\"},\"alternateName\":\"Universiteti Haxhi Zeka\",\"potentialAction\":[{\"@type\":\"SearchAction\",\"target\":{\"@type\":\"EntryPoint\",\"urlTemplate\":\"https:\/\/unhz.eu\/?s={search_term_string}\"},\"query-input\":{\"@type\":\"PropertyValueSpecification\",\"valueRequired\":true,\"valueName\":\"search_term_string\"}}],\"inLanguage\":\"bs-BA\"},{\"@type\":\"Organization\",\"@id\":\"https:\/\/unhz.eu\/#organization\",\"name\":\"Universiteti \u201cHaxhi Zeka\u201d\",\"alternateName\":\"Universiteti Haxhi Zeka\",\"url\":\"https:\/\/unhz.eu\/\",\"logo\":{\"@type\":\"ImageObject\",\"inLanguage\":\"bs-BA\",\"@id\":\"https:\/\/unhz.eu\/#\/schema\/logo\/image\/\",\"url\":\"https:\/\/unhz.eu\/wp-content\/uploads\/2025\/04\/logo-unhz.webp\",\"contentUrl\":\"https:\/\/unhz.eu\/wp-content\/uploads\/2025\/04\/logo-unhz.webp\",\"width\":1024,\"height\":260,\"caption\":\"Universiteti \u201cHaxhi Zeka\u201d\"},\"image\":{\"@id\":\"https:\/\/unhz.eu\/#\/schema\/logo\/image\/\"},\"sameAs\":[\"https:\/\/www.facebook.com\/uni.haxhizeka\",\"https:\/\/x.com\/uni_haxhizeka\",\"https:\/\/www.linkedin.com\/school\/haxhi-zeka-university\",\"https:\/\/www.instagram.com\/uni_haxhizeka\/\"],\"description\":\"Universiteti \u201cHaxhi Zeka\u201d n\u00eb Pej\u00eb \u00ebsht\u00eb institucion publik i arsimit t\u00eb lart\u00eb, q\u00eb ofron studime bachelor, master dhe doktorat\u00eb n\u00eb fusha t\u00eb ndryshme si menaxhimi, turizmi, ekonomia, bujq\u00ebsia, arti dhe drejt\u00ebsia. Universiteti synon zhvillimin akademik, hulumtimin shkencor dhe kontributin n\u00eb komunitet.\",\"email\":\"info@unhz.eu\",\"telephone\":\"+38339410970\",\"legalName\":\"Universiteti \u201cHaxhi Zeka\u201d n\u00eb Pej\u00eb\",\"foundingDate\":\"2011-11-14\",\"numberOfEmployees\":{\"@type\":\"QuantitativeValue\",\"minValue\":\"201\",\"maxValue\":\"500\"}}]}<\/script>\n<!-- \/ Yoast SEO Premium plugin. -->","yoast_head_json":{"title":"Vendime ISHA - University Haxhi Zeka","robots":{"index":"index","follow":"follow","max-snippet":"max-snippet:-1","max-image-preview":"max-image-preview:large","max-video-preview":"max-video-preview:-1"},"canonical":"https:\/\/unhz.eu\/bs\/vendime\/","og_locale":"bs_BA","og_type":"article","og_title":"Vendime ISHA","og_description":"Nr. P\u00ebrshkrimi Data Shqip\u00eb 16 Themelohet komisioni p\u00ebr hartimin e rregullores p\u00ebr angazhimin e bahsk\u00ebpuntor\u00ebve&hellip;","og_url":"https:\/\/unhz.eu\/bs\/vendime\/","og_site_name":"University Haxhi Zeka","article_publisher":"https:\/\/www.facebook.com\/uni.haxhizeka","article_modified_time":"2025-06-03T13:33:16+00:00","twitter_card":"summary_large_image","twitter_site":"@uni_haxhizeka","twitter_misc":{"Est. reading time":"1 minuta"},"schema":{"@context":"https:\/\/schema.org","@graph":[{"@type":"WebPage","@id":"https:\/\/unhz.eu\/vendime\/","url":"https:\/\/unhz.eu\/vendime\/","name":"Vendime ISHA - University Haxhi Zeka","isPartOf":{"@id":"https:\/\/unhz.eu\/#website"},"datePublished":"2024-04-23T11:51:53+00:00","dateModified":"2025-06-03T13:33:16+00:00","breadcrumb":{"@id":"https:\/\/unhz.eu\/vendime\/#breadcrumb"},"inLanguage":"bs-BA","potentialAction":[{"@type":"ReadAction","target":["https:\/\/unhz.eu\/vendime\/"]}]},{"@type":"BreadcrumbList","@id":"https:\/\/unhz.eu\/vendime\/#breadcrumb","itemListElement":[{"@type":"ListItem","position":1,"name":"Home","item":"https:\/\/unhz.eu\/"},{"@type":"ListItem","position":2,"name":"Vendime ISHA"}]},{"@type":"WebSite","@id":"https:\/\/unhz.eu\/#website","url":"https:\/\/unhz.eu\/","name":"Univerzitet &quot;Had\u017ei Zeka&quot;\u201c","description":"Posve\u0107eni kvaliteti, standardima i uspjehu","publisher":{"@id":"https:\/\/unhz.eu\/#organization"},"alternateName":"Universiteti Haxhi Zeka","potentialAction":[{"@type":"SearchAction","target":{"@type":"EntryPoint","urlTemplate":"https:\/\/unhz.eu\/?s={search_term_string}"},"query-input":{"@type":"PropertyValueSpecification","valueRequired":true,"valueName":"search_term_string"}}],"inLanguage":"bs-BA"},{"@type":"Organization","@id":"https:\/\/unhz.eu\/#organization","name":"Univerzitet &quot;Had\u017ei Zeka&quot;\u201c","alternateName":"Universiteti Haxhi Zeka","url":"https:\/\/unhz.eu\/","logo":{"@type":"ImageObject","inLanguage":"bs-BA","@id":"https:\/\/unhz.eu\/#\/schema\/logo\/image\/","url":"https:\/\/unhz.eu\/wp-content\/uploads\/2025\/04\/logo-unhz.webp","contentUrl":"https:\/\/unhz.eu\/wp-content\/uploads\/2025\/04\/logo-unhz.webp","width":1024,"height":260,"caption":"Universiteti \u201cHaxhi Zeka\u201d"},"image":{"@id":"https:\/\/unhz.eu\/#\/schema\/logo\/image\/"},"sameAs":["https:\/\/www.facebook.com\/uni.haxhizeka","https:\/\/x.com\/uni_haxhizeka","https:\/\/www.linkedin.com\/school\/haxhi-zeka-university","https:\/\/www.instagram.com\/uni_haxhizeka\/"],"description":"Univerzitet &quot;Had\u017ei Zeka&quot; u Pe\u0107i je javna visoko\u0161kolska ustanova koja nudi dodiplomske, master i doktorske studije u raznim oblastima kao \u0161to su menad\u017ement, turizam, ekonomija, poljoprivreda, umjetnost i pravo. Univerzitet ima za cilj akademski razvoj, nau\u010dna istra\u017eivanja i doprinos zajednici.","email":"info@unhz.eu","telephone":"+38339410970","legalName":"Universiteti \u201cHaxhi Zeka\u201d n\u00eb Pej\u00eb","foundingDate":"2011-11-14","numberOfEmployees":{"@type":"QuantitativeValue","minValue":"201","maxValue":"500"}}]}},"acf":[],"_links":{"self":[{"href":"https:\/\/unhz.eu\/bs\/wp-json\/wp\/v2\/pages\/23089","targetHints":{"allow":["GET"]}}],"collection":[{"href":"https:\/\/unhz.eu\/bs\/wp-json\/wp\/v2\/pages"}],"about":[{"href":"https:\/\/unhz.eu\/bs\/wp-json\/wp\/v2\/types\/page"}],"author":[{"embeddable":true,"href":"https:\/\/unhz.eu\/bs\/wp-json\/wp\/v2\/users\/1"}],"replies":[{"embeddable":true,"href":"https:\/\/unhz.eu\/bs\/wp-json\/wp\/v2\/comments?post=23089"}],"version-history":[{"count":2,"href":"https:\/\/unhz.eu\/bs\/wp-json\/wp\/v2\/pages\/23089\/revisions"}],"predecessor-version":[{"id":52747,"href":"https:\/\/unhz.eu\/bs\/wp-json\/wp\/v2\/pages\/23089\/revisions\/52747"}],"wp:attachment":[{"href":"https:\/\/unhz.eu\/bs\/wp-json\/wp\/v2\/media?parent=23089"}],"curies":[{"name":"radni list","href":"https:\/\/api.w.org\/{rel}","templated":true}]}}