{"id":23071,"date":"2024-04-23T11:45:05","date_gmt":"2024-04-23T11:45:05","guid":{"rendered":"https:\/\/unhz.eu\/?page_id=23071"},"modified":"2025-07-29T11:00:50","modified_gmt":"2025-07-29T09:00:50","slug":"projekte-kerkimore-shkencore-dhe-artistike-2023","status":"publish","type":"page","link":"https:\/\/unhz.eu\/bs\/projekte-kerkimore-shkencore-dhe-artistike-2023\/","title":{"rendered":"Projekte K\u00ebrkimore Shkencore dhe Artistike 2023"},"content":{"rendered":"<div data-elementor-type=\"wp-page\" data-elementor-id=\"23071\" class=\"elementor elementor-23071\" data-elementor-post-type=\"page\">\n\t\t\t\t\t\t<section class=\"elementor-section elementor-top-section elementor-element elementor-element-5fc2491 elementor-section-boxed elementor-section-height-default elementor-section-height-default sc_fly_static\" data-id=\"5fc2491\" data-element_type=\"section\" data-e-type=\"section\">\n\t\t\t\t\t\t<div class=\"elementor-container elementor-column-gap-extended\">\n\t\t\t\t\t<div class=\"elementor-column elementor-col-100 elementor-top-column elementor-element elementor-element-3dc27cf sc_content_align_inherit sc_layouts_column_icons_position_left sc_fly_static\" data-id=\"3dc27cf\" data-element_type=\"column\" data-e-type=\"column\">\n\t\t\t<div class=\"elementor-widget-wrap elementor-element-populated\">\n\t\t\t\t\t\t<div class=\"elementor-element elementor-element-4d5acf9 sc_fly_static elementor-widget elementor-widget-trx_sc_title\" data-id=\"4d5acf9\" data-element_type=\"widget\" data-e-type=\"widget\" data-widget_type=\"trx_sc_title.default\">\n\t\t\t\t<div class=\"elementor-widget-container\">\n\t\t\t\t\t<div\t\tclass=\"sc_title sc_title_default\" ><span class=\"sc_item_subtitle sc_title_subtitle sc_item_subtitle_above sc_item_title_style_default\">Detaje rreth Institutit p\u00ebr Shkenc\u00eb dhe Arte<\/span><\/div>\t\t\t\t<\/div>\n\t\t\t\t<\/div>\n\t\t\t\t\t<\/div>\n\t\t<\/div>\n\t\t\t\t\t<\/div>\n\t\t<\/section>\n\t\t\t\t<section class=\"elementor-section elementor-top-section elementor-element elementor-element-4c4b985 elementor-section-boxed elementor-section-height-default elementor-section-height-default sc_fly_static\" data-id=\"4c4b985\" data-element_type=\"section\" data-e-type=\"section\">\n\t\t\t\t\t\t<div class=\"elementor-container elementor-column-gap-extended\">\n\t\t\t\t\t<div class=\"elementor-column elementor-col-100 elementor-top-column elementor-element elementor-element-684af15 sc_content_align_inherit sc_layouts_column_icons_position_left sc_fly_static\" data-id=\"684af15\" data-element_type=\"column\" data-e-type=\"column\">\n\t\t\t<div class=\"elementor-widget-wrap elementor-element-populated\">\n\t\t\t\t\t\t<div class=\"elementor-element elementor-element-bac63b5 sc_fly_static elementor-widget elementor-widget-spacer\" data-id=\"bac63b5\" data-element_type=\"widget\" data-e-type=\"widget\" data-widget_type=\"spacer.default\">\n\t\t\t\t<div class=\"elementor-widget-container\">\n\t\t\t\t\t\t\t<div class=\"elementor-spacer\">\n\t\t\t<div class=\"elementor-spacer-inner\"><\/div>\n\t\t<\/div>\n\t\t\t\t\t\t<\/div>\n\t\t\t\t<\/div>\n\t\t\t\t\t<\/div>\n\t\t<\/div>\n\t\t\t\t\t<\/div>\n\t\t<\/section>\n\t\t\t\t<section class=\"elementor-section elementor-top-section elementor-element elementor-element-cdca1ff elementor-section-boxed elementor-section-height-default elementor-section-height-default sc_fly_static\" data-id=\"cdca1ff\" data-element_type=\"section\" data-e-type=\"section\">\n\t\t\t\t\t\t<div class=\"elementor-container elementor-column-gap-extended\">\n\t\t\t\t\t<div class=\"elementor-column elementor-col-100 elementor-top-column elementor-element elementor-element-ad4af03 sc_content_align_inherit sc_layouts_column_icons_position_left sc_fly_static\" data-id=\"ad4af03\" data-element_type=\"column\" data-e-type=\"column\">\n\t\t\t<div class=\"elementor-widget-wrap elementor-element-populated\">\n\t\t\t\t\t\t<div class=\"elementor-element elementor-element-d40b970 sc_fly_static elementor-widget elementor-widget-image\" data-id=\"d40b970\" data-element_type=\"widget\" data-e-type=\"widget\" data-widget_type=\"image.default\">\n\t\t\t\t<div class=\"elementor-widget-container\">\n\t\t\t\t\t\t\t\t\t\t\t\t\t\t\t<img fetchpriority=\"high\" decoding=\"async\" width=\"768\" height=\"768\" src=\"https:\/\/unhz.eu\/wp-content\/uploads\/2024\/04\/nj1.jpeg\" class=\"attachment-large size-large wp-image-23046\" alt=\"\" srcset=\"https:\/\/unhz.eu\/wp-content\/uploads\/2024\/04\/nj1.jpeg 768w, https:\/\/unhz.eu\/wp-content\/uploads\/2024\/04\/nj1-300x300.jpeg 300w, https:\/\/unhz.eu\/wp-content\/uploads\/2024\/04\/nj1-150x150.jpeg 150w, https:\/\/unhz.eu\/wp-content\/uploads\/2024\/04\/nj1-370x370.jpeg 370w, https:\/\/unhz.eu\/wp-content\/uploads\/2024\/04\/nj1-120x120.jpeg 120w, https:\/\/unhz.eu\/wp-content\/uploads\/2024\/04\/nj1-410x410.jpeg 410w\" sizes=\"(max-width: 768px) 100vw, 768px\" \/>\t\t\t\t\t\t\t\t\t\t\t\t\t\t\t<\/div>\n\t\t\t\t<\/div>\n\t\t\t\t\t<\/div>\n\t\t<\/div>\n\t\t\t\t\t<\/div>\n\t\t<\/section>\n\t\t\t\t<section class=\"elementor-section elementor-top-section elementor-element elementor-element-202e8c3 elementor-section-boxed elementor-section-height-default elementor-section-height-default sc_fly_static\" data-id=\"202e8c3\" data-element_type=\"section\" data-e-type=\"section\">\n\t\t\t\t\t\t<div class=\"elementor-container elementor-column-gap-extended\">\n\t\t\t\t\t<div class=\"elementor-column elementor-col-100 elementor-top-column elementor-element elementor-element-af46717 sc_content_align_inherit sc_layouts_column_icons_position_left sc_fly_static\" data-id=\"af46717\" data-element_type=\"column\" data-e-type=\"column\">\n\t\t\t<div class=\"elementor-widget-wrap elementor-element-populated\">\n\t\t\t\t\t\t<div class=\"elementor-element elementor-element-c4c735c sc_fly_static elementor-widget elementor-widget-spacer\" data-id=\"c4c735c\" data-element_type=\"widget\" data-e-type=\"widget\" data-widget_type=\"spacer.default\">\n\t\t\t\t<div class=\"elementor-widget-container\">\n\t\t\t\t\t\t\t<div class=\"elementor-spacer\">\n\t\t\t<div class=\"elementor-spacer-inner\"><\/div>\n\t\t<\/div>\n\t\t\t\t\t\t<\/div>\n\t\t\t\t<\/div>\n\t\t\t\t<div class=\"elementor-element elementor-element-4fc0e5f sc_fly_static elementor-widget elementor-widget-trx_sc_title\" data-id=\"4fc0e5f\" data-element_type=\"widget\" data-e-type=\"widget\" data-widget_type=\"trx_sc_title.default\">\n\t\t\t\t<div class=\"elementor-widget-container\">\n\t\t\t\t\t<div\t\tclass=\"sc_title sc_title_default\" ><span class=\"sc_item_subtitle sc_title_subtitle sc_item_subtitle_above sc_item_title_style_default\">Detaje rreth Bashk\u00ebpunimeve<\/span><\/div>\t\t\t\t<\/div>\n\t\t\t\t<\/div>\n\t\t\t\t\t<\/div>\n\t\t<\/div>\n\t\t\t\t\t<\/div>\n\t\t<\/section>\n\t\t\t\t<section class=\"elementor-section elementor-top-section elementor-element elementor-element-b7c5eec elementor-section-boxed elementor-section-height-default elementor-section-height-default sc_fly_static\" data-id=\"b7c5eec\" data-element_type=\"section\" data-e-type=\"section\">\n\t\t\t\t\t\t<div class=\"elementor-container elementor-column-gap-extended\">\n\t\t\t\t\t<div class=\"elementor-column elementor-col-100 elementor-top-column elementor-element elementor-element-8d9b7c9 sc_content_align_inherit sc_layouts_column_icons_position_left sc_fly_static\" data-id=\"8d9b7c9\" data-element_type=\"column\" data-e-type=\"column\">\n\t\t\t<div class=\"elementor-widget-wrap elementor-element-populated\">\n\t\t\t\t\t\t<div class=\"elementor-element elementor-element-972ad92 sc_fly_static elementor-widget elementor-widget-spacer\" data-id=\"972ad92\" data-element_type=\"widget\" data-e-type=\"widget\" data-widget_type=\"spacer.default\">\n\t\t\t\t<div class=\"elementor-widget-container\">\n\t\t\t\t\t\t\t<div class=\"elementor-spacer\">\n\t\t\t<div class=\"elementor-spacer-inner\"><\/div>\n\t\t<\/div>\n\t\t\t\t\t\t<\/div>\n\t\t\t\t<\/div>\n\t\t\t\t\t<\/div>\n\t\t<\/div>\n\t\t\t\t\t<\/div>\n\t\t<\/section>\n\t\t\t\t<section class=\"elementor-section elementor-top-section elementor-element elementor-element-07a96a6 elementor-section-boxed elementor-section-height-default elementor-section-height-default sc_fly_static\" data-id=\"07a96a6\" data-element_type=\"section\" data-e-type=\"section\">\n\t\t\t\t\t\t<div class=\"elementor-container elementor-column-gap-extended\">\n\t\t\t\t\t<div class=\"elementor-column elementor-col-100 elementor-top-column elementor-element elementor-element-1e380b4 sc_content_align_inherit sc_layouts_column_icons_position_left sc_fly_static\" data-id=\"1e380b4\" data-element_type=\"column\" data-e-type=\"column\">\n\t\t\t<div class=\"elementor-widget-wrap elementor-element-populated\">\n\t\t\t\t\t\t<div class=\"elementor-element elementor-element-3ea74db sc_fly_static elementor-widget elementor-widget-image\" data-id=\"3ea74db\" data-element_type=\"widget\" data-e-type=\"widget\" data-widget_type=\"image.default\">\n\t\t\t\t<div class=\"elementor-widget-container\">\n\t\t\t\t\t\t\t\t\t\t\t\t\t\t\t<img decoding=\"async\" width=\"768\" height=\"768\" src=\"https:\/\/unhz.eu\/wp-content\/uploads\/2024\/04\/nj2.jpg\" class=\"attachment-large size-large wp-image-23047\" alt=\"\" srcset=\"https:\/\/unhz.eu\/wp-content\/uploads\/2024\/04\/nj2.jpg 768w, https:\/\/unhz.eu\/wp-content\/uploads\/2024\/04\/nj2-300x300.jpg 300w, https:\/\/unhz.eu\/wp-content\/uploads\/2024\/04\/nj2-150x150.jpg 150w, https:\/\/unhz.eu\/wp-content\/uploads\/2024\/04\/nj2-370x370.jpg 370w, https:\/\/unhz.eu\/wp-content\/uploads\/2024\/04\/nj2-120x120.jpg 120w, https:\/\/unhz.eu\/wp-content\/uploads\/2024\/04\/nj2-410x410.jpg 410w\" sizes=\"(max-width: 768px) 100vw, 768px\" \/>\t\t\t\t\t\t\t\t\t\t\t\t\t\t\t<\/div>\n\t\t\t\t<\/div>\n\t\t\t\t<div class=\"elementor-element elementor-element-a7bbafb sc_fly_static elementor-widget elementor-widget-spacer\" data-id=\"a7bbafb\" data-element_type=\"widget\" data-e-type=\"widget\" data-widget_type=\"spacer.default\">\n\t\t\t\t<div class=\"elementor-widget-container\">\n\t\t\t\t\t\t\t<div class=\"elementor-spacer\">\n\t\t\t<div class=\"elementor-spacer-inner\"><\/div>\n\t\t<\/div>\n\t\t\t\t\t\t<\/div>\n\t\t\t\t<\/div>\n\t\t\t\t<div class=\"elementor-element elementor-element-dc28cdc sc_fly_static elementor-widget elementor-widget-spacer\" data-id=\"dc28cdc\" data-element_type=\"widget\" data-e-type=\"widget\" data-widget_type=\"spacer.default\">\n\t\t\t\t<div class=\"elementor-widget-container\">\n\t\t\t\t\t\t\t<div class=\"elementor-spacer\">\n\t\t\t<div class=\"elementor-spacer-inner\"><\/div>\n\t\t<\/div>\n\t\t\t\t\t\t<\/div>\n\t\t\t\t<\/div>\n\t\t\t\t\t<\/div>\n\t\t<\/div>\n\t\t\t\t\t<\/div>\n\t\t<\/section>\n\t\t\t\t<section class=\"elementor-section elementor-top-section elementor-element elementor-element-476842d elementor-section-boxed elementor-section-height-default elementor-section-height-default sc_fly_static\" data-id=\"476842d\" data-element_type=\"section\" data-e-type=\"section\">\n\t\t\t\t\t\t<div class=\"elementor-container elementor-column-gap-extended\">\n\t\t\t\t\t<div class=\"elementor-column elementor-col-100 elementor-top-column elementor-element elementor-element-eb77901 sc_content_align_inherit sc_layouts_column_icons_position_left sc_fly_static\" data-id=\"eb77901\" data-element_type=\"column\" data-e-type=\"column\">\n\t\t\t<div class=\"elementor-widget-wrap elementor-element-populated\">\n\t\t\t\t\t\t<div class=\"elementor-element elementor-element-6588258 sc_fly_static elementor-widget elementor-widget-trx_sc_title\" data-id=\"6588258\" data-element_type=\"widget\" data-e-type=\"widget\" data-widget_type=\"trx_sc_title.default\">\n\t\t\t\t<div class=\"elementor-widget-container\">\n\t\t\t\t\t<div\t\tclass=\"sc_title sc_title_default\" ><span class=\"sc_item_subtitle sc_title_subtitle sc_item_subtitle_above sc_item_title_style_default\">Detaje rreth Sh\u00ebrbimeve<\/span><\/div>\t\t\t\t<\/div>\n\t\t\t\t<\/div>\n\t\t\t\t<div class=\"elementor-element elementor-element-3755649 sc_fly_static elementor-widget elementor-widget-image\" data-id=\"3755649\" data-element_type=\"widget\" data-e-type=\"widget\" data-widget_type=\"image.default\">\n\t\t\t\t<div class=\"elementor-widget-container\">\n\t\t\t\t\t\t\t\t\t\t\t\t\t\t\t<img decoding=\"async\" width=\"768\" height=\"768\" src=\"https:\/\/unhz.eu\/wp-content\/uploads\/2024\/04\/nj3.jpg\" class=\"attachment-large size-large wp-image-23049\" alt=\"\" srcset=\"https:\/\/unhz.eu\/wp-content\/uploads\/2024\/04\/nj3.jpg 768w, https:\/\/unhz.eu\/wp-content\/uploads\/2024\/04\/nj3-300x300.jpg 300w, https:\/\/unhz.eu\/wp-content\/uploads\/2024\/04\/nj3-150x150.jpg 150w, https:\/\/unhz.eu\/wp-content\/uploads\/2024\/04\/nj3-370x370.jpg 370w, https:\/\/unhz.eu\/wp-content\/uploads\/2024\/04\/nj3-120x120.jpg 120w, https:\/\/unhz.eu\/wp-content\/uploads\/2024\/04\/nj3-410x410.jpg 410w\" sizes=\"(max-width: 768px) 100vw, 768px\" \/>\t\t\t\t\t\t\t\t\t\t\t\t\t\t\t<\/div>\n\t\t\t\t<\/div>\n\t\t\t\t\t<\/div>\n\t\t<\/div>\n\t\t\t\t\t<\/div>\n\t\t<\/section>\n\t\t\t\t<\/div>","protected":false},"excerpt":{"rendered":"<p>Detaje rreth Institutit p\u00ebr Shkenc\u00eb dhe Arte Detaje rreth Bashk\u00ebpunimeve Detaje rreth Sh\u00ebrbimeve<\/p>","protected":false},"author":1,"featured_media":0,"parent":0,"menu_order":0,"comment_status":"closed","ping_status":"closed","template":"","meta":{"_acf_changed":false,"footnotes":""},"class_list":["post-23071","page","type-page","status-publish","hentry"],"yoast_head":"<!-- This site is optimized with the Yoast SEO Premium plugin v27.2 (Yoast SEO v27.2) - https:\/\/yoast.com\/product\/yoast-seo-premium-wordpress\/ -->\n<title>Projekte K\u00ebrkimore Shkencore dhe Artistike 2023 - University Haxhi Zeka<\/title>\n<meta name=\"description\" content=\"Projekte k\u00ebrkimore shkencore dhe artistike t\u00eb realizuara nga Universiteti \u201cHaxhi Zeka\u201d gjat\u00eb vitit 2023, duke kontribuar n\u00eb zhvillimin e dijeve dhe kultur\u00ebs.\" \/>\n<meta name=\"robots\" content=\"index, follow, max-snippet:-1, max-image-preview:large, max-video-preview:-1\" \/>\n<link rel=\"canonical\" href=\"https:\/\/unhz.eu\/bs\/projekte-kerkimore-shkencore-dhe-artistike-2023\/\" \/>\n<meta property=\"og:locale\" content=\"bs_BA\" \/>\n<meta property=\"og:type\" content=\"article\" \/>\n<meta property=\"og:title\" content=\"Projekte K\u00ebrkimore Shkencore dhe Artistike 2023\" \/>\n<meta property=\"og:description\" content=\"Projekte k\u00ebrkimore shkencore dhe artistike t\u00eb realizuara nga Universiteti \u201cHaxhi Zeka\u201d gjat\u00eb vitit 2023, duke kontribuar n\u00eb zhvillimin e dijeve dhe kultur\u00ebs.\" \/>\n<meta property=\"og:url\" content=\"https:\/\/unhz.eu\/bs\/projekte-kerkimore-shkencore-dhe-artistike-2023\/\" \/>\n<meta property=\"og:site_name\" content=\"University Haxhi Zeka\" \/>\n<meta property=\"article:publisher\" content=\"https:\/\/www.facebook.com\/uni.haxhizeka\" \/>\n<meta property=\"article:modified_time\" content=\"2025-07-29T09:00:50+00:00\" \/>\n<meta property=\"og:image\" content=\"https:\/\/unhz.eu\/wp-content\/uploads\/2024\/04\/nj1.jpeg\" \/>\n<meta name=\"twitter:card\" content=\"summary_large_image\" \/>\n<meta name=\"twitter:site\" content=\"@uni_haxhizeka\" \/>\n<meta name=\"twitter:label1\" content=\"Est. reading time\" \/>\n\t<meta name=\"twitter:data1\" content=\"1 minuta\" \/>\n<script type=\"application\/ld+json\" class=\"yoast-schema-graph\">{\"@context\":\"https:\/\/schema.org\",\"@graph\":[{\"@type\":\"WebPage\",\"@id\":\"https:\/\/unhz.eu\/projekte-kerkimore-shkencore-dhe-artistike-2023\/\",\"url\":\"https:\/\/unhz.eu\/projekte-kerkimore-shkencore-dhe-artistike-2023\/\",\"name\":\"Projekte K\u00ebrkimore Shkencore dhe Artistike 2023 - University Haxhi Zeka\",\"isPartOf\":{\"@id\":\"https:\/\/unhz.eu\/#website\"},\"primaryImageOfPage\":{\"@id\":\"https:\/\/unhz.eu\/projekte-kerkimore-shkencore-dhe-artistike-2023\/#primaryimage\"},\"image\":{\"@id\":\"https:\/\/unhz.eu\/projekte-kerkimore-shkencore-dhe-artistike-2023\/#primaryimage\"},\"thumbnailUrl\":\"https:\/\/unhz.eu\/wp-content\/uploads\/2024\/04\/nj1.jpeg\",\"datePublished\":\"2024-04-23T11:45:05+00:00\",\"dateModified\":\"2025-07-29T09:00:50+00:00\",\"description\":\"Projekte k\u00ebrkimore shkencore dhe artistike t\u00eb realizuara nga Universiteti \u201cHaxhi Zeka\u201d gjat\u00eb vitit 2023, duke kontribuar n\u00eb zhvillimin e dijeve dhe kultur\u00ebs.\",\"breadcrumb\":{\"@id\":\"https:\/\/unhz.eu\/projekte-kerkimore-shkencore-dhe-artistike-2023\/#breadcrumb\"},\"inLanguage\":\"bs-BA\",\"potentialAction\":[{\"@type\":\"ReadAction\",\"target\":[\"https:\/\/unhz.eu\/projekte-kerkimore-shkencore-dhe-artistike-2023\/\"]}]},{\"@type\":\"ImageObject\",\"inLanguage\":\"bs-BA\",\"@id\":\"https:\/\/unhz.eu\/projekte-kerkimore-shkencore-dhe-artistike-2023\/#primaryimage\",\"url\":\"https:\/\/unhz.eu\/wp-content\/uploads\/2024\/04\/nj1.jpeg\",\"contentUrl\":\"https:\/\/unhz.eu\/wp-content\/uploads\/2024\/04\/nj1.jpeg\"},{\"@type\":\"BreadcrumbList\",\"@id\":\"https:\/\/unhz.eu\/projekte-kerkimore-shkencore-dhe-artistike-2023\/#breadcrumb\",\"itemListElement\":[{\"@type\":\"ListItem\",\"position\":1,\"name\":\"Home\",\"item\":\"https:\/\/unhz.eu\/\"},{\"@type\":\"ListItem\",\"position\":2,\"name\":\"Projekte K\u00ebrkimore Shkencore dhe Artistike 2023\"}]},{\"@type\":\"WebSite\",\"@id\":\"https:\/\/unhz.eu\/#website\",\"url\":\"https:\/\/unhz.eu\/\",\"name\":\"Universiteti \u201cHaxhi Zeka\u201d\",\"description\":\"I dedikuar p\u00ebr cil\u00ebsi, standarde dhe suksese\",\"publisher\":{\"@id\":\"https:\/\/unhz.eu\/#organization\"},\"alternateName\":\"Universiteti Haxhi Zeka\",\"potentialAction\":[{\"@type\":\"SearchAction\",\"target\":{\"@type\":\"EntryPoint\",\"urlTemplate\":\"https:\/\/unhz.eu\/?s={search_term_string}\"},\"query-input\":{\"@type\":\"PropertyValueSpecification\",\"valueRequired\":true,\"valueName\":\"search_term_string\"}}],\"inLanguage\":\"bs-BA\"},{\"@type\":\"Organization\",\"@id\":\"https:\/\/unhz.eu\/#organization\",\"name\":\"Universiteti \u201cHaxhi Zeka\u201d\",\"alternateName\":\"Universiteti Haxhi Zeka\",\"url\":\"https:\/\/unhz.eu\/\",\"logo\":{\"@type\":\"ImageObject\",\"inLanguage\":\"bs-BA\",\"@id\":\"https:\/\/unhz.eu\/#\/schema\/logo\/image\/\",\"url\":\"https:\/\/unhz.eu\/wp-content\/uploads\/2025\/04\/logo-unhz.webp\",\"contentUrl\":\"https:\/\/unhz.eu\/wp-content\/uploads\/2025\/04\/logo-unhz.webp\",\"width\":1024,\"height\":260,\"caption\":\"Universiteti \u201cHaxhi Zeka\u201d\"},\"image\":{\"@id\":\"https:\/\/unhz.eu\/#\/schema\/logo\/image\/\"},\"sameAs\":[\"https:\/\/www.facebook.com\/uni.haxhizeka\",\"https:\/\/x.com\/uni_haxhizeka\",\"https:\/\/www.linkedin.com\/school\/haxhi-zeka-university\",\"https:\/\/www.instagram.com\/uni_haxhizeka\/\"],\"description\":\"Universiteti \u201cHaxhi Zeka\u201d n\u00eb Pej\u00eb \u00ebsht\u00eb institucion publik i arsimit t\u00eb lart\u00eb, q\u00eb ofron studime bachelor, master dhe doktorat\u00eb n\u00eb fusha t\u00eb ndryshme si menaxhimi, turizmi, ekonomia, bujq\u00ebsia, arti dhe drejt\u00ebsia. Universiteti synon zhvillimin akademik, hulumtimin shkencor dhe kontributin n\u00eb komunitet.\",\"email\":\"info@unhz.eu\",\"telephone\":\"+38339410970\",\"legalName\":\"Universiteti \u201cHaxhi Zeka\u201d n\u00eb Pej\u00eb\",\"foundingDate\":\"2011-11-14\",\"numberOfEmployees\":{\"@type\":\"QuantitativeValue\",\"minValue\":\"201\",\"maxValue\":\"500\"}}]}<\/script>\n<!-- \/ Yoast SEO Premium plugin. -->","yoast_head_json":{"title":"Projekte K\u00ebrkimore Shkencore dhe Artistike 2023 - University Haxhi Zeka","description":"Projekte k\u00ebrkimore shkencore dhe artistike t\u00eb realizuara nga Universiteti \u201cHaxhi Zeka\u201d gjat\u00eb vitit 2023, duke kontribuar n\u00eb zhvillimin e dijeve dhe kultur\u00ebs.","robots":{"index":"index","follow":"follow","max-snippet":"max-snippet:-1","max-image-preview":"max-image-preview:large","max-video-preview":"max-video-preview:-1"},"canonical":"https:\/\/unhz.eu\/bs\/projekte-kerkimore-shkencore-dhe-artistike-2023\/","og_locale":"bs_BA","og_type":"article","og_title":"Projekte K\u00ebrkimore Shkencore dhe Artistike 2023","og_description":"Projekte k\u00ebrkimore shkencore dhe artistike t\u00eb realizuara nga Universiteti \u201cHaxhi Zeka\u201d gjat\u00eb vitit 2023, duke kontribuar n\u00eb zhvillimin e dijeve dhe kultur\u00ebs.","og_url":"https:\/\/unhz.eu\/bs\/projekte-kerkimore-shkencore-dhe-artistike-2023\/","og_site_name":"University Haxhi Zeka","article_publisher":"https:\/\/www.facebook.com\/uni.haxhizeka","article_modified_time":"2025-07-29T09:00:50+00:00","og_image":[{"url":"https:\/\/unhz.eu\/wp-content\/uploads\/2024\/04\/nj1.jpeg","type":"","width":"","height":""}],"twitter_card":"summary_large_image","twitter_site":"@uni_haxhizeka","twitter_misc":{"Est. reading time":"1 minuta"},"schema":{"@context":"https:\/\/schema.org","@graph":[{"@type":"WebPage","@id":"https:\/\/unhz.eu\/projekte-kerkimore-shkencore-dhe-artistike-2023\/","url":"https:\/\/unhz.eu\/projekte-kerkimore-shkencore-dhe-artistike-2023\/","name":"Projekte K\u00ebrkimore Shkencore dhe Artistike 2023 - University Haxhi Zeka","isPartOf":{"@id":"https:\/\/unhz.eu\/#website"},"primaryImageOfPage":{"@id":"https:\/\/unhz.eu\/projekte-kerkimore-shkencore-dhe-artistike-2023\/#primaryimage"},"image":{"@id":"https:\/\/unhz.eu\/projekte-kerkimore-shkencore-dhe-artistike-2023\/#primaryimage"},"thumbnailUrl":"https:\/\/unhz.eu\/wp-content\/uploads\/2024\/04\/nj1.jpeg","datePublished":"2024-04-23T11:45:05+00:00","dateModified":"2025-07-29T09:00:50+00:00","description":"Projekte k\u00ebrkimore shkencore dhe artistike t\u00eb realizuara nga Universiteti \u201cHaxhi Zeka\u201d gjat\u00eb vitit 2023, duke kontribuar n\u00eb zhvillimin e dijeve dhe kultur\u00ebs.","breadcrumb":{"@id":"https:\/\/unhz.eu\/projekte-kerkimore-shkencore-dhe-artistike-2023\/#breadcrumb"},"inLanguage":"bs-BA","potentialAction":[{"@type":"ReadAction","target":["https:\/\/unhz.eu\/projekte-kerkimore-shkencore-dhe-artistike-2023\/"]}]},{"@type":"ImageObject","inLanguage":"bs-BA","@id":"https:\/\/unhz.eu\/projekte-kerkimore-shkencore-dhe-artistike-2023\/#primaryimage","url":"https:\/\/unhz.eu\/wp-content\/uploads\/2024\/04\/nj1.jpeg","contentUrl":"https:\/\/unhz.eu\/wp-content\/uploads\/2024\/04\/nj1.jpeg"},{"@type":"BreadcrumbList","@id":"https:\/\/unhz.eu\/projekte-kerkimore-shkencore-dhe-artistike-2023\/#breadcrumb","itemListElement":[{"@type":"ListItem","position":1,"name":"Home","item":"https:\/\/unhz.eu\/"},{"@type":"ListItem","position":2,"name":"Projekte K\u00ebrkimore Shkencore dhe Artistike 2023"}]},{"@type":"WebSite","@id":"https:\/\/unhz.eu\/#website","url":"https:\/\/unhz.eu\/","name":"Univerzitet &quot;Had\u017ei Zeka&quot;\u201c","description":"Posve\u0107eni kvaliteti, standardima i uspjehu","publisher":{"@id":"https:\/\/unhz.eu\/#organization"},"alternateName":"Universiteti Haxhi Zeka","potentialAction":[{"@type":"SearchAction","target":{"@type":"EntryPoint","urlTemplate":"https:\/\/unhz.eu\/?s={search_term_string}"},"query-input":{"@type":"PropertyValueSpecification","valueRequired":true,"valueName":"search_term_string"}}],"inLanguage":"bs-BA"},{"@type":"Organization","@id":"https:\/\/unhz.eu\/#organization","name":"Univerzitet &quot;Had\u017ei Zeka&quot;\u201c","alternateName":"Universiteti Haxhi Zeka","url":"https:\/\/unhz.eu\/","logo":{"@type":"ImageObject","inLanguage":"bs-BA","@id":"https:\/\/unhz.eu\/#\/schema\/logo\/image\/","url":"https:\/\/unhz.eu\/wp-content\/uploads\/2025\/04\/logo-unhz.webp","contentUrl":"https:\/\/unhz.eu\/wp-content\/uploads\/2025\/04\/logo-unhz.webp","width":1024,"height":260,"caption":"Universiteti \u201cHaxhi Zeka\u201d"},"image":{"@id":"https:\/\/unhz.eu\/#\/schema\/logo\/image\/"},"sameAs":["https:\/\/www.facebook.com\/uni.haxhizeka","https:\/\/x.com\/uni_haxhizeka","https:\/\/www.linkedin.com\/school\/haxhi-zeka-university","https:\/\/www.instagram.com\/uni_haxhizeka\/"],"description":"Univerzitet &quot;Had\u017ei Zeka&quot; u Pe\u0107i je javna visoko\u0161kolska ustanova koja nudi dodiplomske, master i doktorske studije u raznim oblastima kao \u0161to su menad\u017ement, turizam, ekonomija, poljoprivreda, umjetnost i pravo. Univerzitet ima za cilj akademski razvoj, nau\u010dna istra\u017eivanja i doprinos zajednici.","email":"info@unhz.eu","telephone":"+38339410970","legalName":"Universiteti \u201cHaxhi Zeka\u201d n\u00eb Pej\u00eb","foundingDate":"2011-11-14","numberOfEmployees":{"@type":"QuantitativeValue","minValue":"201","maxValue":"500"}}]}},"acf":[],"_links":{"self":[{"href":"https:\/\/unhz.eu\/bs\/wp-json\/wp\/v2\/pages\/23071","targetHints":{"allow":["GET"]}}],"collection":[{"href":"https:\/\/unhz.eu\/bs\/wp-json\/wp\/v2\/pages"}],"about":[{"href":"https:\/\/unhz.eu\/bs\/wp-json\/wp\/v2\/types\/page"}],"author":[{"embeddable":true,"href":"https:\/\/unhz.eu\/bs\/wp-json\/wp\/v2\/users\/1"}],"replies":[{"embeddable":true,"href":"https:\/\/unhz.eu\/bs\/wp-json\/wp\/v2\/comments?post=23071"}],"version-history":[{"count":2,"href":"https:\/\/unhz.eu\/bs\/wp-json\/wp\/v2\/pages\/23071\/revisions"}],"predecessor-version":[{"id":57071,"href":"https:\/\/unhz.eu\/bs\/wp-json\/wp\/v2\/pages\/23071\/revisions\/57071"}],"wp:attachment":[{"href":"https:\/\/unhz.eu\/bs\/wp-json\/wp\/v2\/media?parent=23071"}],"curies":[{"name":"radni list","href":"https:\/\/api.w.org\/{rel}","templated":true}]}}