{"id":22866,"date":"2024-04-22T14:18:38","date_gmt":"2024-04-22T14:18:38","guid":{"rendered":"https:\/\/unhz.eu\/?page_id=22866"},"modified":"2025-08-27T09:42:55","modified_gmt":"2025-08-27T07:42:55","slug":"zyra-per-kerkime-shkencore","status":"publish","type":"page","link":"https:\/\/unhz.eu\/bs\/zyra-per-kerkime-shkencore\/","title":{"rendered":"Ured za nau\u010dna istra\u017eivanja"},"content":{"rendered":"<div data-elementor-type=\"wp-page\" data-elementor-id=\"22866\" class=\"elementor elementor-22866\" data-elementor-post-type=\"page\">\n\t\t\t\t\t\t<section class=\"elementor-section elementor-top-section elementor-element elementor-element-9304ea4 elementor-section-boxed elementor-section-height-default elementor-section-height-default sc_fly_static\" data-id=\"9304ea4\" data-element_type=\"section\" data-e-type=\"section\">\n\t\t\t\t\t\t<div class=\"elementor-container elementor-column-gap-extended\">\n\t\t\t\t\t<div class=\"elementor-column elementor-col-100 elementor-top-column elementor-element elementor-element-88695b9 sc_content_align_inherit sc_layouts_column_icons_position_left sc_fly_static\" data-id=\"88695b9\" data-element_type=\"column\" data-e-type=\"column\">\n\t\t\t<div class=\"elementor-widget-wrap elementor-element-populated\">\n\t\t\t\t\t\t<div class=\"elementor-element elementor-element-75e9d3a sc_fly_static elementor-widget elementor-widget-trx_sc_title\" data-id=\"75e9d3a\" data-element_type=\"widget\" data-e-type=\"widget\" data-widget_type=\"trx_sc_title.default\">\n\t\t\t\t<div class=\"elementor-widget-container\">\n\t\t\t\t\t<div\t\tclass=\"sc_title sc_title_default\" ><span class=\"sc_item_subtitle sc_title_subtitle sc_item_subtitle_above sc_item_title_style_default\">O nama<\/span><h5 class=\"sc_item_title sc_title_title sc_item_title_style_default sc_item_title_tag\"\n\t\t\t><span class=\"sc_item_title_text\">ZYR\u00ebs P\u00cbR K\u00cbRKIME SHKENCORE\n<\/span><\/h5><\/div>\t\t\t\t<\/div>\n\t\t\t\t<\/div>\n\t\t\t\t\t<\/div>\n\t\t<\/div>\n\t\t\t\t\t<\/div>\n\t\t<\/section>\n\t\t\t\t<section class=\"elementor-section elementor-top-section elementor-element elementor-element-a541576 elementor-section-boxed elementor-section-height-default elementor-section-height-default sc_fly_static\" data-id=\"a541576\" data-element_type=\"section\" data-e-type=\"section\">\n\t\t\t\t\t\t<div class=\"elementor-container elementor-column-gap-extended\">\n\t\t\t\t\t<div class=\"elementor-column elementor-col-100 elementor-top-column elementor-element elementor-element-e25fac8 sc_content_align_inherit sc_layouts_column_icons_position_left sc_fly_static\" data-id=\"e25fac8\" data-element_type=\"column\" data-e-type=\"column\">\n\t\t\t<div class=\"elementor-widget-wrap elementor-element-populated\">\n\t\t\t\t\t\t<div class=\"elementor-element elementor-element-02e55ff sc_height_tiny sc_fly_static elementor-widget elementor-widget-spacer\" data-id=\"02e55ff\" data-element_type=\"widget\" data-e-type=\"widget\" data-widget_type=\"spacer.default\">\n\t\t\t\t<div class=\"elementor-widget-container\">\n\t\t\t\t\t\t\t<div class=\"elementor-spacer\">\n\t\t\t<div class=\"elementor-spacer-inner\"><\/div>\n\t\t<\/div>\n\t\t\t\t\t\t<\/div>\n\t\t\t\t<\/div>\n\t\t\t\t<div class=\"elementor-element elementor-element-b9ef70f sc_fly_static elementor-widget elementor-widget-text-editor\" data-id=\"b9ef70f\" data-element_type=\"widget\" data-e-type=\"widget\" data-widget_type=\"text-editor.default\">\n\t\t\t\t<div class=\"elementor-widget-container\">\n\t\t\t\t\t\t\t\t\t<ol><li>Detyrat dhe p\u00ebrgjegj\u00ebsit e Zyr\u00ebs p\u00ebr K\u00ebrkime Shkencore jan\u00eb:<\/li><\/ol><p>1.1 Organizon dhe koordinon pun\u00ebn e zyr\u00ebs p\u00ebr K\u00ebrkime Shkencore;<br \/>1.2 P\u00ebrpilon informata, analiza dhe raporte t\u00eb ndryshme statistikore p\u00ebr nevoja t\u00eb Universitetit, lidhur m\u00eb publikimet dhe punimet shkencore, si dhe pjes\u00ebmarrjen n\u00eb konferenca shkencore t\u00eb stafit akademik;<br \/>1.3 Zyra p\u00ebr K\u00ebrkime Shkencore n\u00eb bashk\u00ebpunim me Prorektorin p\u00ebr M\u00ebsimdh\u00ebnie, \u00c7\u00ebshtje Studentore dhe K\u00ebrkime Shkencore n\u00eb vazhdim\u00ebsi do t\u00eb p\u00ebrcjell publikimet e stafit akademik t\u00eb universitetit;<br \/>1.4 Harton dhe rifreskon databaz\u00ebn e publikimeve shkencore p\u00ebr stafit akademik t\u00eb universitetit;<br \/>1.5 Punon duke u k\u00ebshilluar me menaxhmentin e UHZ-s\u00eb, p\u00ebrkat\u00ebsisht me Prorektorin p\u00ebr m\u00ebsimdh\u00ebnie, \u00e7\u00ebshtje studentore dhe k\u00ebrkime shkencore, si dhe me akteret e tjer\u00eb relevant p\u00ebr t\u00eb p\u00ebrkrahur promovimin dhe zbatimin e rekomandimeve q\u00eb dalin nga Procesi i Bolonj\u00ebs n\u00eb UHZ;<br \/>1.6 Kryen pun\u00eb n\u00eb koordinim me Senatin e UHZ-s\u00eb, K\u00ebshillin Drejtues, Nj\u00ebsit\u00eb Akademike, Institutet, si dhe me k\u00ebshillat, komisionet dhe grupet punuese n\u00eb sektorin e k\u00ebrkimeve shkencore dhe \u00e7\u00ebshtjet e nd\u00ebrlidhura;<br \/>1.7 P\u00ebrgatit\u00eb materialin p\u00ebr mbledhjet e K\u00ebshillit t\u00eb Botimeve;<br \/>1.8 Harton dhe rifreskon n\u00eb vazhdim\u00ebsi databaz\u00ebn p\u00ebr botime t\u00eb stafit akademik n\u00eb UHZ;<br \/>1.9 B\u00ebn\u00eb p\u00ebrgatitjen e materialit p\u00ebr mbledhjet e Komisionit t\u00eb studimeve, K\u00ebshillit qendror t\u00eb studimeve t\u00eb doktorat\u00ebs, K\u00ebshillit botues dhe Senatit t\u00eb Universitetit, n\u00eb t\u00eb cilat trajtohen k\u00ebrkimet shkencore;<br \/>1.10 Drejtori i Zyr\u00ebs p\u00ebr k\u00ebrkime shkencore raporton n\u00eb aspektin operacional te Sekretari i P\u00ebrgjithsh\u00ebm, nd\u00ebrsa p\u00ebr \u00e7\u00ebshtjet profesionale q\u00eb lidhen me detyrat e pun\u00ebs raporton dhe i koordinon pun\u00ebt me Prorektorin p\u00ebr M\u00ebsimdh\u00ebnie, \u00c7\u00ebshtje Studentore dhe K\u00ebrkime Shkencore;<\/p><ol start=\"2\"><li>Me sistematizimin e vendeve t\u00eb pun\u00ebs, Zyra e K\u00ebrkimeve Shkencore p\u00ebrb\u00ebhet nga k\u00ebto pozita:<br \/>2.1 Drejtori i Zyr\u00ebs p\u00ebr K\u00ebrkime Shkencore;<br \/>2.2 Zyrtari p\u00ebr K\u00ebrkime Shkencore.<\/li><li>Numri i t\u00eb pun\u00ebsuarve n\u00eb Zyr\u00ebn p\u00ebr K\u00ebrkime Shkencore \u00ebsht\u00eb dy (2).<\/li><\/ol>\t\t\t\t\t\t\t\t<\/div>\n\t\t\t\t<\/div>\n\t\t\t\t<div class=\"elementor-element elementor-element-caf9ac4 sc_fly_static elementor-widget elementor-widget-spacer\" data-id=\"caf9ac4\" data-element_type=\"widget\" data-e-type=\"widget\" data-widget_type=\"spacer.default\">\n\t\t\t\t<div class=\"elementor-widget-container\">\n\t\t\t\t\t\t\t<div class=\"elementor-spacer\">\n\t\t\t<div class=\"elementor-spacer-inner\"><\/div>\n\t\t<\/div>\n\t\t\t\t\t\t<\/div>\n\t\t\t\t<\/div>\n\t\t\t\t\t<\/div>\n\t\t<\/div>\n\t\t\t\t\t<\/div>\n\t\t<\/section>\n\t\t\t\t<section class=\"elementor-section elementor-top-section elementor-element elementor-element-157c8e4 elementor-section-boxed elementor-section-height-default elementor-section-height-default sc_fly_static\" data-id=\"157c8e4\" data-element_type=\"section\" data-e-type=\"section\">\n\t\t\t\t\t\t<div class=\"elementor-container elementor-column-gap-extended\">\n\t\t\t\t\t<div class=\"elementor-column elementor-col-100 elementor-top-column elementor-element elementor-element-b509319 sc_content_align_inherit sc_layouts_column_icons_position_left sc_fly_static\" data-id=\"b509319\" data-element_type=\"column\" data-e-type=\"column\">\n\t\t\t<div class=\"elementor-widget-wrap elementor-element-populated\">\n\t\t\t\t\t\t<div class=\"elementor-element elementor-element-8b4d480 sc_fly_static elementor-widget elementor-widget-heading\" data-id=\"8b4d480\" data-element_type=\"widget\" data-e-type=\"widget\" data-widget_type=\"heading.default\">\n\t\t\t\t<div class=\"elementor-widget-container\">\n\t\t\t\t\t<h2 class=\"elementor-heading-title elementor-size-default\">STAFI<\/h2>\t\t\t\t<\/div>\n\t\t\t\t<\/div>\n\t\t\t\t<div class=\"elementor-element elementor-element-fe8ef50 sc_fly_static elementor-widget elementor-widget-spacer\" data-id=\"fe8ef50\" data-element_type=\"widget\" data-e-type=\"widget\" data-widget_type=\"spacer.default\">\n\t\t\t\t<div class=\"elementor-widget-container\">\n\t\t\t\t\t\t\t<div class=\"elementor-spacer\">\n\t\t\t<div class=\"elementor-spacer-inner\"><\/div>\n\t\t<\/div>\n\t\t\t\t\t\t<\/div>\n\t\t\t\t<\/div>\n\t\t\t\t\t<\/div>\n\t\t<\/div>\n\t\t\t\t\t<\/div>\n\t\t<\/section>\n\t\t\t\t<section class=\"elementor-section elementor-top-section elementor-element elementor-element-5739fcc elementor-section-boxed elementor-section-height-default elementor-section-height-default sc_fly_static\" data-id=\"5739fcc\" data-element_type=\"section\" data-e-type=\"section\">\n\t\t\t\t\t\t<div class=\"elementor-container elementor-column-gap-extended\">\n\t\t\t\t\t<div class=\"elementor-column elementor-col-100 elementor-top-column elementor-element elementor-element-81922ed sc_content_align_inherit sc_layouts_column_icons_position_left sc_fly_static\" data-id=\"81922ed\" data-element_type=\"column\" data-e-type=\"column\">\n\t\t\t<div class=\"elementor-widget-wrap elementor-element-populated\">\n\t\t\t\t\t\t<div class=\"elementor-element elementor-element-1a7556b sc_fly_static elementor-widget elementor-widget-heading\" data-id=\"1a7556b\" data-element_type=\"widget\" data-e-type=\"widget\" data-widget_type=\"heading.default\">\n\t\t\t\t<div class=\"elementor-widget-container\">\n\t\t\t\t\t<h2 class=\"elementor-heading-title elementor-size-default\">Grupi p\u00ebr K\u00ebrkime shkencore &amp;  vendime<\/h2>\t\t\t\t<\/div>\n\t\t\t\t<\/div>\n\t\t\t\t<div class=\"elementor-element elementor-element-3c326a2 sc_height_tiny sc_fly_static elementor-widget elementor-widget-spacer\" data-id=\"3c326a2\" data-element_type=\"widget\" data-e-type=\"widget\" data-widget_type=\"spacer.default\">\n\t\t\t\t<div class=\"elementor-widget-container\">\n\t\t\t\t\t\t\t<div class=\"elementor-spacer\">\n\t\t\t<div class=\"elementor-spacer-inner\"><\/div>\n\t\t<\/div>\n\t\t\t\t\t\t<\/div>\n\t\t\t\t<\/div>\n\t\t\t\t\t<\/div>\n\t\t<\/div>\n\t\t\t\t\t<\/div>\n\t\t<\/section>\n\t\t\t\t<section class=\"elementor-section elementor-top-section elementor-element elementor-element-5a41d48 elementor-section-boxed elementor-section-height-default elementor-section-height-default sc_fly_static\" data-id=\"5a41d48\" data-element_type=\"section\" data-e-type=\"section\">\n\t\t\t\t\t\t<div class=\"elementor-container elementor-column-gap-extended\">\n\t\t\t\t\t<div class=\"elementor-column elementor-col-100 elementor-top-column elementor-element elementor-element-b70d16a sc_content_align_inherit sc_layouts_column_icons_position_left sc_fly_static\" data-id=\"b70d16a\" data-element_type=\"column\" data-e-type=\"column\">\n\t\t\t<div class=\"elementor-widget-wrap elementor-element-populated\">\n\t\t\t\t\t\t<div class=\"elementor-element elementor-element-7e2345f sc_fly_static elementor-widget elementor-widget-text-editor\" data-id=\"7e2345f\" data-element_type=\"widget\" data-e-type=\"widget\" data-widget_type=\"text-editor.default\">\n\t\t\t\t<div class=\"elementor-widget-container\">\n\t\t\t\t\t\t\t\t\t<h6><strong>Themelohet Grupi p\u00ebr K\u00ebrkimet Shkencore n\u00eb \u201cUniversitetin Haxhi Zeka\u201d n\u00eb Pej\u00eb, n\u00eb k\u00ebt\u00eb p\u00ebrb\u00ebrje:<\/strong><\/h6><p>* Prof. Ass. Dr. Suada Ajdarpasic (udh\u00ebheq\u00ebse)<br \/>* Prorektori p\u00ebr m\u00ebsimdh\u00ebnie, \u00e7\u00ebshtje t\u00eb student\u00ebve dhe k\u00ebrkime shkencore<br \/>* Prof. Dr. Florin Peci<br \/>* Prof. Ass. Dr. Behrije Ramaj<br \/>* Prof. Ass. Dr. Milaim Musliu<br \/>* Prof. Ass. Mr. Arsim Kelmendi<br \/>* Prof. Ass. Dr. Ardrit Gashi<br \/>* Msc. Veton Jahmurataj<br \/>* LLM. Durim Hoxha<br \/>* Student Medin Mavraj<\/p>\t\t\t\t\t\t\t\t<\/div>\n\t\t\t\t<\/div>\n\t\t\t\t\t<\/div>\n\t\t<\/div>\n\t\t\t\t\t<\/div>\n\t\t<\/section>\n\t\t\t\t<section class=\"elementor-section elementor-top-section elementor-element elementor-element-0e978eb elementor-section-boxed elementor-section-height-default elementor-section-height-default sc_fly_static\" data-id=\"0e978eb\" data-element_type=\"section\" data-e-type=\"section\">\n\t\t\t\t\t\t<div class=\"elementor-container elementor-column-gap-extended\">\n\t\t\t\t\t<div class=\"elementor-column elementor-col-100 elementor-top-column elementor-element elementor-element-01d3299 sc_content_align_inherit sc_layouts_column_icons_position_left sc_fly_static\" data-id=\"01d3299\" data-element_type=\"column\" data-e-type=\"column\">\n\t\t\t<div class=\"elementor-widget-wrap elementor-element-populated\">\n\t\t\t\t\t\t<div class=\"elementor-element elementor-element-affb125 sc_fly_static elementor-widget elementor-widget-spacer\" data-id=\"affb125\" data-element_type=\"widget\" data-e-type=\"widget\" data-widget_type=\"spacer.default\">\n\t\t\t\t<div class=\"elementor-widget-container\">\n\t\t\t\t\t\t\t<div class=\"elementor-spacer\">\n\t\t\t<div class=\"elementor-spacer-inner\"><\/div>\n\t\t<\/div>\n\t\t\t\t\t\t<\/div>\n\t\t\t\t<\/div>\n\t\t\t\t<div class=\"elementor-element elementor-element-3211ed2 sc_fly_static elementor-widget elementor-widget-heading\" data-id=\"3211ed2\" data-element_type=\"widget\" data-e-type=\"widget\" data-widget_type=\"heading.default\">\n\t\t\t\t<div class=\"elementor-widget-container\">\n\t\t\t\t\t<h2 class=\"elementor-heading-title elementor-size-default\">DOKUMENTI<\/h2>\t\t\t\t<\/div>\n\t\t\t\t<\/div>\n\t\t\t\t<div class=\"elementor-element elementor-element-b3d10ed sc_fly_static elementor-widget elementor-widget-spacer\" data-id=\"b3d10ed\" data-element_type=\"widget\" data-e-type=\"widget\" data-widget_type=\"spacer.default\">\n\t\t\t\t<div class=\"elementor-widget-container\">\n\t\t\t\t\t\t\t<div class=\"elementor-spacer\">\n\t\t\t<div class=\"elementor-spacer-inner\"><\/div>\n\t\t<\/div>\n\t\t\t\t\t\t<\/div>\n\t\t\t\t<\/div>\n\t\t\t\t\t<\/div>\n\t\t<\/div>\n\t\t\t\t\t<\/div>\n\t\t<\/section>\n\t\t\t\t<\/div>","protected":false},"excerpt":{"rendered":"<p>Rreth ZYR\u00ebs P\u00cbR K\u00cbRKIME SHKENCORE Detyrat dhe p\u00ebrgjegj\u00ebsit e Zyr\u00ebs p\u00ebr K\u00ebrkime Shkencore jan\u00eb: 1.1&hellip;<\/p>","protected":false},"author":1,"featured_media":0,"parent":0,"menu_order":0,"comment_status":"closed","ping_status":"closed","template":"","meta":{"_acf_changed":false,"footnotes":""},"class_list":["post-22866","page","type-page","status-publish","hentry"],"yoast_head":"<!-- This site is optimized with the Yoast SEO Premium plugin v27.2 (Yoast SEO v27.2) - https:\/\/yoast.com\/product\/yoast-seo-premium-wordpress\/ -->\n<title>Zyra p\u00ebr K\u00ebrkime Shkencore - University Haxhi Zeka<\/title>\n<meta name=\"robots\" content=\"index, follow, max-snippet:-1, max-image-preview:large, max-video-preview:-1\" \/>\n<link rel=\"canonical\" href=\"https:\/\/unhz.eu\/bs\/zyra-per-kerkime-shkencore\/\" \/>\n<meta property=\"og:locale\" content=\"bs_BA\" \/>\n<meta property=\"og:type\" content=\"article\" \/>\n<meta property=\"og:title\" content=\"Zyra p\u00ebr K\u00ebrkime Shkencore\" \/>\n<meta property=\"og:description\" content=\"Rreth ZYR\u00ebs P\u00cbR K\u00cbRKIME SHKENCORE Detyrat dhe p\u00ebrgjegj\u00ebsit e Zyr\u00ebs p\u00ebr K\u00ebrkime Shkencore jan\u00eb: 1.1&hellip;\" \/>\n<meta property=\"og:url\" content=\"https:\/\/unhz.eu\/bs\/zyra-per-kerkime-shkencore\/\" \/>\n<meta property=\"og:site_name\" content=\"University Haxhi Zeka\" \/>\n<meta property=\"article:publisher\" content=\"https:\/\/www.facebook.com\/uni.haxhizeka\" \/>\n<meta property=\"article:modified_time\" content=\"2025-08-27T07:42:55+00:00\" \/>\n<meta name=\"twitter:card\" content=\"summary_large_image\" \/>\n<meta name=\"twitter:site\" content=\"@uni_haxhizeka\" \/>\n<meta name=\"twitter:label1\" content=\"Est. reading time\" \/>\n\t<meta name=\"twitter:data1\" content=\"2 minute\" \/>\n<script type=\"application\/ld+json\" class=\"yoast-schema-graph\">{\"@context\":\"https:\/\/schema.org\",\"@graph\":[{\"@type\":\"WebPage\",\"@id\":\"https:\/\/unhz.eu\/zyra-per-kerkime-shkencore\/\",\"url\":\"https:\/\/unhz.eu\/zyra-per-kerkime-shkencore\/\",\"name\":\"Zyra p\u00ebr K\u00ebrkime Shkencore - University Haxhi Zeka\",\"isPartOf\":{\"@id\":\"https:\/\/unhz.eu\/#website\"},\"datePublished\":\"2024-04-22T14:18:38+00:00\",\"dateModified\":\"2025-08-27T07:42:55+00:00\",\"breadcrumb\":{\"@id\":\"https:\/\/unhz.eu\/zyra-per-kerkime-shkencore\/#breadcrumb\"},\"inLanguage\":\"bs-BA\",\"potentialAction\":[{\"@type\":\"ReadAction\",\"target\":[\"https:\/\/unhz.eu\/zyra-per-kerkime-shkencore\/\"]}]},{\"@type\":\"BreadcrumbList\",\"@id\":\"https:\/\/unhz.eu\/zyra-per-kerkime-shkencore\/#breadcrumb\",\"itemListElement\":[{\"@type\":\"ListItem\",\"position\":1,\"name\":\"Home\",\"item\":\"https:\/\/unhz.eu\/\"},{\"@type\":\"ListItem\",\"position\":2,\"name\":\"Zyra p\u00ebr K\u00ebrkime Shkencore\"}]},{\"@type\":\"WebSite\",\"@id\":\"https:\/\/unhz.eu\/#website\",\"url\":\"https:\/\/unhz.eu\/\",\"name\":\"Universiteti \u201cHaxhi Zeka\u201d\",\"description\":\"I dedikuar p\u00ebr cil\u00ebsi, standarde dhe suksese\",\"publisher\":{\"@id\":\"https:\/\/unhz.eu\/#organization\"},\"alternateName\":\"Universiteti Haxhi Zeka\",\"potentialAction\":[{\"@type\":\"SearchAction\",\"target\":{\"@type\":\"EntryPoint\",\"urlTemplate\":\"https:\/\/unhz.eu\/?s={search_term_string}\"},\"query-input\":{\"@type\":\"PropertyValueSpecification\",\"valueRequired\":true,\"valueName\":\"search_term_string\"}}],\"inLanguage\":\"bs-BA\"},{\"@type\":\"Organization\",\"@id\":\"https:\/\/unhz.eu\/#organization\",\"name\":\"Universiteti \u201cHaxhi Zeka\u201d\",\"alternateName\":\"Universiteti Haxhi Zeka\",\"url\":\"https:\/\/unhz.eu\/\",\"logo\":{\"@type\":\"ImageObject\",\"inLanguage\":\"bs-BA\",\"@id\":\"https:\/\/unhz.eu\/#\/schema\/logo\/image\/\",\"url\":\"https:\/\/unhz.eu\/wp-content\/uploads\/2025\/04\/logo-unhz.webp\",\"contentUrl\":\"https:\/\/unhz.eu\/wp-content\/uploads\/2025\/04\/logo-unhz.webp\",\"width\":1024,\"height\":260,\"caption\":\"Universiteti \u201cHaxhi Zeka\u201d\"},\"image\":{\"@id\":\"https:\/\/unhz.eu\/#\/schema\/logo\/image\/\"},\"sameAs\":[\"https:\/\/www.facebook.com\/uni.haxhizeka\",\"https:\/\/x.com\/uni_haxhizeka\",\"https:\/\/www.linkedin.com\/school\/haxhi-zeka-university\",\"https:\/\/www.instagram.com\/uni_haxhizeka\/\"],\"description\":\"Universiteti \u201cHaxhi Zeka\u201d n\u00eb Pej\u00eb \u00ebsht\u00eb institucion publik i arsimit t\u00eb lart\u00eb, q\u00eb ofron studime bachelor, master dhe doktorat\u00eb n\u00eb fusha t\u00eb ndryshme si menaxhimi, turizmi, ekonomia, bujq\u00ebsia, arti dhe drejt\u00ebsia. Universiteti synon zhvillimin akademik, hulumtimin shkencor dhe kontributin n\u00eb komunitet.\",\"email\":\"info@unhz.eu\",\"telephone\":\"+38339410970\",\"legalName\":\"Universiteti \u201cHaxhi Zeka\u201d n\u00eb Pej\u00eb\",\"foundingDate\":\"2011-11-14\",\"numberOfEmployees\":{\"@type\":\"QuantitativeValue\",\"minValue\":\"201\",\"maxValue\":\"500\"}}]}<\/script>\n<!-- \/ Yoast SEO Premium plugin. -->","yoast_head_json":{"title":"Zyra p\u00ebr K\u00ebrkime Shkencore - University Haxhi Zeka","robots":{"index":"index","follow":"follow","max-snippet":"max-snippet:-1","max-image-preview":"max-image-preview:large","max-video-preview":"max-video-preview:-1"},"canonical":"https:\/\/unhz.eu\/bs\/zyra-per-kerkime-shkencore\/","og_locale":"bs_BA","og_type":"article","og_title":"Zyra p\u00ebr K\u00ebrkime Shkencore","og_description":"Rreth ZYR\u00ebs P\u00cbR K\u00cbRKIME SHKENCORE Detyrat dhe p\u00ebrgjegj\u00ebsit e Zyr\u00ebs p\u00ebr K\u00ebrkime Shkencore jan\u00eb: 1.1&hellip;","og_url":"https:\/\/unhz.eu\/bs\/zyra-per-kerkime-shkencore\/","og_site_name":"University Haxhi Zeka","article_publisher":"https:\/\/www.facebook.com\/uni.haxhizeka","article_modified_time":"2025-08-27T07:42:55+00:00","twitter_card":"summary_large_image","twitter_site":"@uni_haxhizeka","twitter_misc":{"Est. reading time":"2 minute"},"schema":{"@context":"https:\/\/schema.org","@graph":[{"@type":"WebPage","@id":"https:\/\/unhz.eu\/zyra-per-kerkime-shkencore\/","url":"https:\/\/unhz.eu\/zyra-per-kerkime-shkencore\/","name":"Zyra p\u00ebr K\u00ebrkime Shkencore - University Haxhi Zeka","isPartOf":{"@id":"https:\/\/unhz.eu\/#website"},"datePublished":"2024-04-22T14:18:38+00:00","dateModified":"2025-08-27T07:42:55+00:00","breadcrumb":{"@id":"https:\/\/unhz.eu\/zyra-per-kerkime-shkencore\/#breadcrumb"},"inLanguage":"bs-BA","potentialAction":[{"@type":"ReadAction","target":["https:\/\/unhz.eu\/zyra-per-kerkime-shkencore\/"]}]},{"@type":"BreadcrumbList","@id":"https:\/\/unhz.eu\/zyra-per-kerkime-shkencore\/#breadcrumb","itemListElement":[{"@type":"ListItem","position":1,"name":"Home","item":"https:\/\/unhz.eu\/"},{"@type":"ListItem","position":2,"name":"Zyra p\u00ebr K\u00ebrkime Shkencore"}]},{"@type":"WebSite","@id":"https:\/\/unhz.eu\/#website","url":"https:\/\/unhz.eu\/","name":"Univerzitet &quot;Had\u017ei Zeka&quot;\u201c","description":"Posve\u0107eni kvaliteti, standardima i uspjehu","publisher":{"@id":"https:\/\/unhz.eu\/#organization"},"alternateName":"Universiteti Haxhi Zeka","potentialAction":[{"@type":"SearchAction","target":{"@type":"EntryPoint","urlTemplate":"https:\/\/unhz.eu\/?s={search_term_string}"},"query-input":{"@type":"PropertyValueSpecification","valueRequired":true,"valueName":"search_term_string"}}],"inLanguage":"bs-BA"},{"@type":"Organization","@id":"https:\/\/unhz.eu\/#organization","name":"Univerzitet &quot;Had\u017ei Zeka&quot;\u201c","alternateName":"Universiteti Haxhi Zeka","url":"https:\/\/unhz.eu\/","logo":{"@type":"ImageObject","inLanguage":"bs-BA","@id":"https:\/\/unhz.eu\/#\/schema\/logo\/image\/","url":"https:\/\/unhz.eu\/wp-content\/uploads\/2025\/04\/logo-unhz.webp","contentUrl":"https:\/\/unhz.eu\/wp-content\/uploads\/2025\/04\/logo-unhz.webp","width":1024,"height":260,"caption":"Universiteti \u201cHaxhi Zeka\u201d"},"image":{"@id":"https:\/\/unhz.eu\/#\/schema\/logo\/image\/"},"sameAs":["https:\/\/www.facebook.com\/uni.haxhizeka","https:\/\/x.com\/uni_haxhizeka","https:\/\/www.linkedin.com\/school\/haxhi-zeka-university","https:\/\/www.instagram.com\/uni_haxhizeka\/"],"description":"Univerzitet &quot;Had\u017ei Zeka&quot; u Pe\u0107i je javna visoko\u0161kolska ustanova koja nudi dodiplomske, master i doktorske studije u raznim oblastima kao \u0161to su menad\u017ement, turizam, ekonomija, poljoprivreda, umjetnost i pravo. Univerzitet ima za cilj akademski razvoj, nau\u010dna istra\u017eivanja i doprinos zajednici.","email":"info@unhz.eu","telephone":"+38339410970","legalName":"Universiteti \u201cHaxhi Zeka\u201d n\u00eb Pej\u00eb","foundingDate":"2011-11-14","numberOfEmployees":{"@type":"QuantitativeValue","minValue":"201","maxValue":"500"}}]}},"acf":[],"_links":{"self":[{"href":"https:\/\/unhz.eu\/bs\/wp-json\/wp\/v2\/pages\/22866","targetHints":{"allow":["GET"]}}],"collection":[{"href":"https:\/\/unhz.eu\/bs\/wp-json\/wp\/v2\/pages"}],"about":[{"href":"https:\/\/unhz.eu\/bs\/wp-json\/wp\/v2\/types\/page"}],"author":[{"embeddable":true,"href":"https:\/\/unhz.eu\/bs\/wp-json\/wp\/v2\/users\/1"}],"replies":[{"embeddable":true,"href":"https:\/\/unhz.eu\/bs\/wp-json\/wp\/v2\/comments?post=22866"}],"version-history":[{"count":4,"href":"https:\/\/unhz.eu\/bs\/wp-json\/wp\/v2\/pages\/22866\/revisions"}],"predecessor-version":[{"id":57371,"href":"https:\/\/unhz.eu\/bs\/wp-json\/wp\/v2\/pages\/22866\/revisions\/57371"}],"wp:attachment":[{"href":"https:\/\/unhz.eu\/bs\/wp-json\/wp\/v2\/media?parent=22866"}],"curies":[{"name":"radni list","href":"https:\/\/api.w.org\/{rel}","templated":true}]}}