{"id":22858,"date":"2024-04-22T14:15:25","date_gmt":"2024-04-22T14:15:25","guid":{"rendered":"https:\/\/unhz.eu\/?page_id=22858"},"modified":"2025-08-27T10:00:40","modified_gmt":"2025-08-27T08:00:40","slug":"zyra-per-sherbime-te-pergjithshme-dhe-transportit","status":"publish","type":"page","link":"https:\/\/unhz.eu\/bs\/zyra-per-sherbime-te-pergjithshme-dhe-transportit\/","title":{"rendered":"Zyra p\u00ebr Sh\u00ebrbime t\u00eb P\u00ebrgjithshme dhe Transportit"},"content":{"rendered":"<div data-elementor-type=\"wp-page\" data-elementor-id=\"22858\" class=\"elementor elementor-22858\" data-elementor-post-type=\"page\">\n\t\t\t\t\t\t<section class=\"elementor-section elementor-top-section elementor-element elementor-element-4987de2 elementor-section-boxed elementor-section-height-default elementor-section-height-default sc_fly_static\" data-id=\"4987de2\" data-element_type=\"section\" data-e-type=\"section\">\n\t\t\t\t\t\t<div class=\"elementor-container elementor-column-gap-extended\">\n\t\t\t\t\t<div class=\"elementor-column elementor-col-100 elementor-top-column elementor-element elementor-element-ea57769 sc_content_align_inherit sc_layouts_column_icons_position_left sc_fly_static\" data-id=\"ea57769\" data-element_type=\"column\" data-e-type=\"column\">\n\t\t\t<div class=\"elementor-widget-wrap elementor-element-populated\">\n\t\t\t\t\t\t<div class=\"elementor-element elementor-element-d9b388f sc_fly_static elementor-widget elementor-widget-trx_sc_title\" data-id=\"d9b388f\" data-element_type=\"widget\" data-e-type=\"widget\" data-widget_type=\"trx_sc_title.default\">\n\t\t\t\t<div class=\"elementor-widget-container\">\n\t\t\t\t\t<div\t\tclass=\"sc_title sc_title_default\" ><span class=\"sc_item_subtitle sc_title_subtitle sc_item_subtitle_above sc_item_title_style_default\">O nama<\/span><h5 class=\"sc_item_title sc_title_title sc_item_title_style_default sc_item_title_tag\"\n\t\t\t><span class=\"sc_item_title_text\">ZYR\u00ebs P\u00cbR SH\u00cbRBIME T\u00cb P\u00cbRGJITHSHME DHE TRANSPORTIT<\/span><\/h5><\/div>\t\t\t\t<\/div>\n\t\t\t\t<\/div>\n\t\t\t\t<div class=\"elementor-element elementor-element-4d42eaf sc_fly_static elementor-widget elementor-widget-spacer\" data-id=\"4d42eaf\" data-element_type=\"widget\" data-e-type=\"widget\" data-widget_type=\"spacer.default\">\n\t\t\t\t<div class=\"elementor-widget-container\">\n\t\t\t\t\t\t\t<div class=\"elementor-spacer\">\n\t\t\t<div class=\"elementor-spacer-inner\"><\/div>\n\t\t<\/div>\n\t\t\t\t\t\t<\/div>\n\t\t\t\t<\/div>\n\t\t\t\t<div class=\"elementor-element elementor-element-262a916 sc_fly_static elementor-widget elementor-widget-text-editor\" data-id=\"262a916\" data-element_type=\"widget\" data-e-type=\"widget\" data-widget_type=\"text-editor.default\">\n\t\t\t\t<div class=\"elementor-widget-container\">\n\t\t\t\t\t\t\t\t\t<p>I. Detyrat \u2013 p\u00ebrgjegj\u00ebsit\u00eb<\/p><p>1.1. Koordinon pun\u00ebn e Zyr\u00ebs s\u00eb Sh\u00ebrbimeve t\u00eb P\u00ebrgjithshme dhe Nj\u00ebsis\u00eb s\u00eb Transportit;<br \/>1.2. Caktimi i prioriteteve t\u00eb pun\u00ebs, sigurimi i rrjedh\u00ebs s\u00eb informacioneve dhe raporteve t\u00eb ndryshme n\u00eb funksion t\u00eb menaxhimit sa m\u00eb t\u00eb mir\u00eb t\u00eb pun\u00ebs s\u00eb k\u00ebtyre nj\u00ebsive.<\/p><p>Drejtori i Sh\u00ebrbimeve t\u00eb P\u00ebrgjithshme dhe Transportit i raporton Sekretari i P\u00ebrgjithsh\u00ebm dhe n\u00ebn mbik\u00ebqyrje ka k\u00ebta zyrtar:<br \/>2.1. Drejtor i zyr\u00ebs;<br \/>2.2. Koordinatori i Sh\u00ebrbimeve t\u00eb P\u00ebrgjithshme dhe Nj\u00ebsis\u00eb s\u00eb Transportit;<br \/>2.3. Zyrtar p\u00ebr Logjistik\u00eb;<br \/>2.4. Vozit\u00ebs;<br \/>2.5. Nototekist.<br \/>2.6. Zyrtar teknik administrativ;<\/p><p>Numri i t\u00eb pun\u00ebsuarve n\u00eb Zyr\u00ebn e Sh\u00ebrbimeve t\u00eb P\u00ebrgjithshme dhe Nj\u00ebsin\u00eb s\u00eb Transportit \u00ebsht\u00eb pes\u00eb (5).<\/p>\t\t\t\t\t\t\t\t<\/div>\n\t\t\t\t<\/div>\n\t\t\t\t<div class=\"elementor-element elementor-element-ee28a10 sc_fly_static elementor-widget elementor-widget-spacer\" data-id=\"ee28a10\" data-element_type=\"widget\" data-e-type=\"widget\" data-widget_type=\"spacer.default\">\n\t\t\t\t<div class=\"elementor-widget-container\">\n\t\t\t\t\t\t\t<div class=\"elementor-spacer\">\n\t\t\t<div class=\"elementor-spacer-inner\"><\/div>\n\t\t<\/div>\n\t\t\t\t\t\t<\/div>\n\t\t\t\t<\/div>\n\t\t\t\t<div class=\"elementor-element elementor-element-54a3c33 sc_fly_static elementor-widget elementor-widget-heading\" data-id=\"54a3c33\" data-element_type=\"widget\" data-e-type=\"widget\" data-widget_type=\"heading.default\">\n\t\t\t\t<div class=\"elementor-widget-container\">\n\t\t\t\t\t<h2 class=\"elementor-heading-title elementor-size-default\">Osoblje<\/h2>\t\t\t\t<\/div>\n\t\t\t\t<\/div>\n\t\t\t\t<div class=\"elementor-element elementor-element-7792a79 sc_fly_static elementor-widget elementor-widget-spacer\" data-id=\"7792a79\" data-element_type=\"widget\" data-e-type=\"widget\" data-widget_type=\"spacer.default\">\n\t\t\t\t<div class=\"elementor-widget-container\">\n\t\t\t\t\t\t\t<div class=\"elementor-spacer\">\n\t\t\t<div class=\"elementor-spacer-inner\"><\/div>\n\t\t<\/div>\n\t\t\t\t\t\t<\/div>\n\t\t\t\t<\/div>\n\t\t\t\t<div class=\"elementor-element elementor-element-c68867c sc_fly_static elementor-widget elementor-widget-trx_sc_team\" data-id=\"c68867c\" data-element_type=\"widget\" data-e-type=\"widget\" data-widget_type=\"trx_sc_team.default\">\n\t\t\t\t<div class=\"elementor-widget-container\">\n\t\t\t\t\t<div \t\tclass=\"sc_team sc_team_3d-simple\"><div class=\"sc_team_columns_wrap sc_item_columns sc_item_posts_container trx_addons_columns_wrap columns_padding_bottom columns_in_single_row\"><div class=\"trx_addons_column-1_3\"><div data-post-id=\"22993\" class=\"sc_team_item sc_item_container post_container start-inner-3d no_links post-22993 cpt_team type-cpt_team status-publish has-post-thumbnail hentry cpt_team_group-stafi-i-zyres-per-sherbime-te-pergjithshme-dhe-transportit\">\n\t<div class=\"post_featured sc_team_item_thumb trx_addons_hover trx_addons_hover_style_info_anim\"><img fetchpriority=\"high\" decoding=\"async\" width=\"289\" height=\"292\" src=\"https:\/\/unhz.eu\/wp-content\/uploads\/2024\/04\/Sami-Gjuka.png\" class=\"attachment-law-office-thumb-rectangle size-law-office-thumb-rectangle wp-post-image\" alt=\"\" srcset=\"https:\/\/unhz.eu\/wp-content\/uploads\/2024\/04\/Sami-Gjuka.png 289w, https:\/\/unhz.eu\/wp-content\/uploads\/2024\/04\/Sami-Gjuka-120x120.png 120w\" sizes=\"(max-width: 289px) 100vw, 289px\" \/><a class=\"post_link sc_team_item_link\" href=\"https:\/\/unhz.eu\/bs\/team\/sami-gjuka\/\"><\/a><div class=\"trx_addons_hover_mask\"><\/div><\/div>\t<div class=\"sc_team_item_info\">\n\t\t<div class=\"sc_team_item_header\">\n\t\t\t<h4 class=\"sc_team_item_title entry-title\"><a href=\"https:\/\/unhz.eu\/bs\/team\/sami-gjuka\/\">Sami Gjuka<\/a><\/h4>\n\t\t\t<div class=\"sc_team_item_subtitle\">Kordinator i sherbimeve t\u00e8 p\u00ebrgjithshme dhe transportit.<\/div>\t\t<\/div>\n\t\t\t\t\t<div class=\"trx_addons_hover_team\"><div class=\"sc_team_item_socials socials_wrap trx_addons_hover_info\"> <\/div><\/div>\n\t\t\t\t<\/div>\n\n<\/div>\n<\/div><div class=\"trx_addons_column-1_3\"><div data-post-id=\"22996\" class=\"sc_team_item sc_item_container post_container start-inner-3d no_links post-22996 cpt_team type-cpt_team status-publish has-post-thumbnail hentry cpt_team_group-stafi-i-zyres-per-sherbime-te-pergjithshme-dhe-transportit\">\n\t<div class=\"post_featured sc_team_item_thumb trx_addons_hover trx_addons_hover_style_info_anim\"><img decoding=\"async\" width=\"390\" height=\"476\" src=\"https:\/\/unhz.eu\/wp-content\/uploads\/2024\/04\/no-img.png\" class=\"attachment-law-office-thumb-rectangle size-law-office-thumb-rectangle wp-post-image\" alt=\"\" srcset=\"https:\/\/unhz.eu\/wp-content\/uploads\/2024\/04\/no-img.png 390w, https:\/\/unhz.eu\/wp-content\/uploads\/2024\/04\/no-img-246x300.png 246w, https:\/\/unhz.eu\/wp-content\/uploads\/2024\/04\/no-img-370x452.png 370w\" sizes=\"(max-width: 600px) 100vw, 390px\" \/><a class=\"post_link sc_team_item_link\" href=\"https:\/\/unhz.eu\/bs\/team\/basri-ramaj\/\"><\/a><div class=\"trx_addons_hover_mask\"><\/div><\/div>\t<div class=\"sc_team_item_info\">\n\t\t<div class=\"sc_team_item_header\">\n\t\t\t<h4 class=\"sc_team_item_title entry-title\"><a href=\"https:\/\/unhz.eu\/bs\/team\/basri-ramaj\/\">Basri Ramaj<\/a><\/h4>\n\t\t\t\t\t<\/div>\n\t\t\t\t\t<div class=\"trx_addons_hover_team\"><div class=\"sc_team_item_socials socials_wrap trx_addons_hover_info\"> <\/div><\/div>\n\t\t\t\t<\/div>\n\n<\/div>\n<\/div><div class=\"trx_addons_column-1_3\"><div data-post-id=\"22998\" class=\"sc_team_item sc_item_container post_container start-inner-3d no_links post-22998 cpt_team type-cpt_team status-publish has-post-thumbnail hentry cpt_team_group-stafi-i-zyres-per-sherbime-te-pergjithshme-dhe-transportit\">\n\t<div class=\"post_featured sc_team_item_thumb trx_addons_hover trx_addons_hover_style_info_anim\"><img decoding=\"async\" width=\"390\" height=\"476\" src=\"https:\/\/unhz.eu\/wp-content\/uploads\/2024\/04\/no-img.png\" class=\"attachment-law-office-thumb-rectangle size-law-office-thumb-rectangle wp-post-image\" alt=\"\" srcset=\"https:\/\/unhz.eu\/wp-content\/uploads\/2024\/04\/no-img.png 390w, https:\/\/unhz.eu\/wp-content\/uploads\/2024\/04\/no-img-246x300.png 246w, https:\/\/unhz.eu\/wp-content\/uploads\/2024\/04\/no-img-370x452.png 370w\" sizes=\"(max-width: 600px) 100vw, 390px\" \/><a class=\"post_link sc_team_item_link\" href=\"https:\/\/unhz.eu\/bs\/team\/admirim-sahara\/\"><\/a><div class=\"trx_addons_hover_mask\"><\/div><\/div>\t<div class=\"sc_team_item_info\">\n\t\t<div class=\"sc_team_item_header\">\n\t\t\t<h4 class=\"sc_team_item_title entry-title\"><a href=\"https:\/\/unhz.eu\/bs\/team\/admirim-sahara\/\">Admirim Sahara<\/a><\/h4>\n\t\t\t<div class=\"sc_team_item_subtitle\">Zyrtar teknik i kontrollit dhe mir\u00ebmbajt\u00ebs<\/div>\t\t<\/div>\n\t\t\t\t\t<div class=\"trx_addons_hover_team\"><div class=\"sc_team_item_socials socials_wrap trx_addons_hover_info\"> <\/div><\/div>\n\t\t\t\t<\/div>\n\n<\/div>\n<\/div><\/div><\/div>\t\t\t\t<\/div>\n\t\t\t\t<\/div>\n\t\t\t\t<div class=\"elementor-element elementor-element-0498256 sc_fly_static elementor-widget elementor-widget-spacer\" data-id=\"0498256\" data-element_type=\"widget\" data-e-type=\"widget\" data-widget_type=\"spacer.default\">\n\t\t\t\t<div class=\"elementor-widget-container\">\n\t\t\t\t\t\t\t<div class=\"elementor-spacer\">\n\t\t\t<div class=\"elementor-spacer-inner\"><\/div>\n\t\t<\/div>\n\t\t\t\t\t\t<\/div>\n\t\t\t\t<\/div>\n\t\t\t\t<div class=\"elementor-element elementor-element-ddeb623 sc_fly_static elementor-widget elementor-widget-spacer\" data-id=\"ddeb623\" data-element_type=\"widget\" data-e-type=\"widget\" data-widget_type=\"spacer.default\">\n\t\t\t\t<div class=\"elementor-widget-container\">\n\t\t\t\t\t\t\t<div class=\"elementor-spacer\">\n\t\t\t<div class=\"elementor-spacer-inner\"><\/div>\n\t\t<\/div>\n\t\t\t\t\t\t<\/div>\n\t\t\t\t<\/div>\n\t\t\t\t\t<\/div>\n\t\t<\/div>\n\t\t\t\t\t<\/div>\n\t\t<\/section>\n\t\t\t\t<\/div>","protected":false},"excerpt":{"rendered":"<p>Rreth ZYR\u00ebs P\u00cbR SH\u00cbRBIME T\u00cb P\u00cbRGJITHSHME DHE TRANSPORTIT I. Detyrat \u2013 p\u00ebrgjegj\u00ebsit\u00eb 1.1. Koordinon pun\u00ebn&hellip;<\/p>","protected":false},"author":1,"featured_media":0,"parent":0,"menu_order":0,"comment_status":"closed","ping_status":"closed","template":"","meta":{"_acf_changed":false,"footnotes":""},"class_list":["post-22858","page","type-page","status-publish","hentry"],"yoast_head":"<!-- This site is optimized with the Yoast SEO Premium plugin v27.2 (Yoast SEO v27.2) - https:\/\/yoast.com\/product\/yoast-seo-premium-wordpress\/ -->\n<title>Zyra p\u00ebr Sh\u00ebrbime t\u00eb P\u00ebrgjithshme dhe Transportit - University Haxhi Zeka<\/title>\n<meta name=\"robots\" content=\"index, follow, max-snippet:-1, max-image-preview:large, max-video-preview:-1\" \/>\n<link rel=\"canonical\" href=\"https:\/\/unhz.eu\/bs\/zyra-per-sherbime-te-pergjithshme-dhe-transportit\/\" \/>\n<meta property=\"og:locale\" content=\"bs_BA\" \/>\n<meta property=\"og:type\" content=\"article\" \/>\n<meta property=\"og:title\" content=\"Zyra p\u00ebr Sh\u00ebrbime t\u00eb P\u00ebrgjithshme dhe Transportit\" \/>\n<meta property=\"og:description\" content=\"Rreth ZYR\u00ebs P\u00cbR SH\u00cbRBIME T\u00cb P\u00cbRGJITHSHME DHE TRANSPORTIT I. Detyrat \u2013 p\u00ebrgjegj\u00ebsit\u00eb 1.1. Koordinon pun\u00ebn&hellip;\" \/>\n<meta property=\"og:url\" content=\"https:\/\/unhz.eu\/bs\/zyra-per-sherbime-te-pergjithshme-dhe-transportit\/\" \/>\n<meta property=\"og:site_name\" content=\"University Haxhi Zeka\" \/>\n<meta property=\"article:publisher\" content=\"https:\/\/www.facebook.com\/uni.haxhizeka\" \/>\n<meta property=\"article:modified_time\" content=\"2025-08-27T08:00:40+00:00\" \/>\n<meta property=\"og:image\" content=\"https:\/\/unhz.eu\/wp-content\/uploads\/2024\/04\/Sami-Gjuka.png\" \/>\n<meta name=\"twitter:card\" content=\"summary_large_image\" \/>\n<meta name=\"twitter:site\" content=\"@uni_haxhizeka\" \/>\n<meta name=\"twitter:label1\" content=\"Est. reading time\" \/>\n\t<meta name=\"twitter:data1\" content=\"1 minuta\" \/>\n<script type=\"application\/ld+json\" class=\"yoast-schema-graph\">{\"@context\":\"https:\/\/schema.org\",\"@graph\":[{\"@type\":\"WebPage\",\"@id\":\"https:\/\/unhz.eu\/zyra-per-sherbime-te-pergjithshme-dhe-transportit\/\",\"url\":\"https:\/\/unhz.eu\/zyra-per-sherbime-te-pergjithshme-dhe-transportit\/\",\"name\":\"Zyra p\u00ebr Sh\u00ebrbime t\u00eb P\u00ebrgjithshme dhe Transportit - University Haxhi Zeka\",\"isPartOf\":{\"@id\":\"https:\/\/unhz.eu\/#website\"},\"primaryImageOfPage\":{\"@id\":\"https:\/\/unhz.eu\/zyra-per-sherbime-te-pergjithshme-dhe-transportit\/#primaryimage\"},\"image\":{\"@id\":\"https:\/\/unhz.eu\/zyra-per-sherbime-te-pergjithshme-dhe-transportit\/#primaryimage\"},\"thumbnailUrl\":\"https:\/\/unhz.eu\/wp-content\/uploads\/2024\/04\/Sami-Gjuka.png\",\"datePublished\":\"2024-04-22T14:15:25+00:00\",\"dateModified\":\"2025-08-27T08:00:40+00:00\",\"breadcrumb\":{\"@id\":\"https:\/\/unhz.eu\/zyra-per-sherbime-te-pergjithshme-dhe-transportit\/#breadcrumb\"},\"inLanguage\":\"bs-BA\",\"potentialAction\":[{\"@type\":\"ReadAction\",\"target\":[\"https:\/\/unhz.eu\/zyra-per-sherbime-te-pergjithshme-dhe-transportit\/\"]}]},{\"@type\":\"ImageObject\",\"inLanguage\":\"bs-BA\",\"@id\":\"https:\/\/unhz.eu\/zyra-per-sherbime-te-pergjithshme-dhe-transportit\/#primaryimage\",\"url\":\"https:\/\/unhz.eu\/wp-content\/uploads\/2024\/04\/Sami-Gjuka.png\",\"contentUrl\":\"https:\/\/unhz.eu\/wp-content\/uploads\/2024\/04\/Sami-Gjuka.png\"},{\"@type\":\"BreadcrumbList\",\"@id\":\"https:\/\/unhz.eu\/zyra-per-sherbime-te-pergjithshme-dhe-transportit\/#breadcrumb\",\"itemListElement\":[{\"@type\":\"ListItem\",\"position\":1,\"name\":\"Home\",\"item\":\"https:\/\/unhz.eu\/\"},{\"@type\":\"ListItem\",\"position\":2,\"name\":\"Zyra p\u00ebr Sh\u00ebrbime t\u00eb P\u00ebrgjithshme dhe Transportit\"}]},{\"@type\":\"WebSite\",\"@id\":\"https:\/\/unhz.eu\/#website\",\"url\":\"https:\/\/unhz.eu\/\",\"name\":\"Universiteti \u201cHaxhi Zeka\u201d\",\"description\":\"I dedikuar p\u00ebr cil\u00ebsi, standarde dhe suksese\",\"publisher\":{\"@id\":\"https:\/\/unhz.eu\/#organization\"},\"alternateName\":\"Universiteti Haxhi Zeka\",\"potentialAction\":[{\"@type\":\"SearchAction\",\"target\":{\"@type\":\"EntryPoint\",\"urlTemplate\":\"https:\/\/unhz.eu\/?s={search_term_string}\"},\"query-input\":{\"@type\":\"PropertyValueSpecification\",\"valueRequired\":true,\"valueName\":\"search_term_string\"}}],\"inLanguage\":\"bs-BA\"},{\"@type\":\"Organization\",\"@id\":\"https:\/\/unhz.eu\/#organization\",\"name\":\"Universiteti \u201cHaxhi Zeka\u201d\",\"alternateName\":\"Universiteti Haxhi Zeka\",\"url\":\"https:\/\/unhz.eu\/\",\"logo\":{\"@type\":\"ImageObject\",\"inLanguage\":\"bs-BA\",\"@id\":\"https:\/\/unhz.eu\/#\/schema\/logo\/image\/\",\"url\":\"https:\/\/unhz.eu\/wp-content\/uploads\/2025\/04\/logo-unhz.webp\",\"contentUrl\":\"https:\/\/unhz.eu\/wp-content\/uploads\/2025\/04\/logo-unhz.webp\",\"width\":1024,\"height\":260,\"caption\":\"Universiteti \u201cHaxhi Zeka\u201d\"},\"image\":{\"@id\":\"https:\/\/unhz.eu\/#\/schema\/logo\/image\/\"},\"sameAs\":[\"https:\/\/www.facebook.com\/uni.haxhizeka\",\"https:\/\/x.com\/uni_haxhizeka\",\"https:\/\/www.linkedin.com\/school\/haxhi-zeka-university\",\"https:\/\/www.instagram.com\/uni_haxhizeka\/\"],\"description\":\"Universiteti \u201cHaxhi Zeka\u201d n\u00eb Pej\u00eb \u00ebsht\u00eb institucion publik i arsimit t\u00eb lart\u00eb, q\u00eb ofron studime bachelor, master dhe doktorat\u00eb n\u00eb fusha t\u00eb ndryshme si menaxhimi, turizmi, ekonomia, bujq\u00ebsia, arti dhe drejt\u00ebsia. Universiteti synon zhvillimin akademik, hulumtimin shkencor dhe kontributin n\u00eb komunitet.\",\"email\":\"info@unhz.eu\",\"telephone\":\"+38339410970\",\"legalName\":\"Universiteti \u201cHaxhi Zeka\u201d n\u00eb Pej\u00eb\",\"foundingDate\":\"2011-11-14\",\"numberOfEmployees\":{\"@type\":\"QuantitativeValue\",\"minValue\":\"201\",\"maxValue\":\"500\"}}]}<\/script>\n<!-- \/ Yoast SEO Premium plugin. -->","yoast_head_json":{"title":"Zyra p\u00ebr Sh\u00ebrbime t\u00eb P\u00ebrgjithshme dhe Transportit - University Haxhi Zeka","robots":{"index":"index","follow":"follow","max-snippet":"max-snippet:-1","max-image-preview":"max-image-preview:large","max-video-preview":"max-video-preview:-1"},"canonical":"https:\/\/unhz.eu\/bs\/zyra-per-sherbime-te-pergjithshme-dhe-transportit\/","og_locale":"bs_BA","og_type":"article","og_title":"Zyra p\u00ebr Sh\u00ebrbime t\u00eb P\u00ebrgjithshme dhe Transportit","og_description":"Rreth ZYR\u00ebs P\u00cbR SH\u00cbRBIME T\u00cb P\u00cbRGJITHSHME DHE TRANSPORTIT I. Detyrat \u2013 p\u00ebrgjegj\u00ebsit\u00eb 1.1. Koordinon pun\u00ebn&hellip;","og_url":"https:\/\/unhz.eu\/bs\/zyra-per-sherbime-te-pergjithshme-dhe-transportit\/","og_site_name":"University Haxhi Zeka","article_publisher":"https:\/\/www.facebook.com\/uni.haxhizeka","article_modified_time":"2025-08-27T08:00:40+00:00","og_image":[{"url":"https:\/\/unhz.eu\/wp-content\/uploads\/2024\/04\/Sami-Gjuka.png","type":"","width":"","height":""}],"twitter_card":"summary_large_image","twitter_site":"@uni_haxhizeka","twitter_misc":{"Est. reading time":"1 minuta"},"schema":{"@context":"https:\/\/schema.org","@graph":[{"@type":"WebPage","@id":"https:\/\/unhz.eu\/zyra-per-sherbime-te-pergjithshme-dhe-transportit\/","url":"https:\/\/unhz.eu\/zyra-per-sherbime-te-pergjithshme-dhe-transportit\/","name":"Zyra p\u00ebr Sh\u00ebrbime t\u00eb P\u00ebrgjithshme dhe Transportit - University Haxhi Zeka","isPartOf":{"@id":"https:\/\/unhz.eu\/#website"},"primaryImageOfPage":{"@id":"https:\/\/unhz.eu\/zyra-per-sherbime-te-pergjithshme-dhe-transportit\/#primaryimage"},"image":{"@id":"https:\/\/unhz.eu\/zyra-per-sherbime-te-pergjithshme-dhe-transportit\/#primaryimage"},"thumbnailUrl":"https:\/\/unhz.eu\/wp-content\/uploads\/2024\/04\/Sami-Gjuka.png","datePublished":"2024-04-22T14:15:25+00:00","dateModified":"2025-08-27T08:00:40+00:00","breadcrumb":{"@id":"https:\/\/unhz.eu\/zyra-per-sherbime-te-pergjithshme-dhe-transportit\/#breadcrumb"},"inLanguage":"bs-BA","potentialAction":[{"@type":"ReadAction","target":["https:\/\/unhz.eu\/zyra-per-sherbime-te-pergjithshme-dhe-transportit\/"]}]},{"@type":"ImageObject","inLanguage":"bs-BA","@id":"https:\/\/unhz.eu\/zyra-per-sherbime-te-pergjithshme-dhe-transportit\/#primaryimage","url":"https:\/\/unhz.eu\/wp-content\/uploads\/2024\/04\/Sami-Gjuka.png","contentUrl":"https:\/\/unhz.eu\/wp-content\/uploads\/2024\/04\/Sami-Gjuka.png"},{"@type":"BreadcrumbList","@id":"https:\/\/unhz.eu\/zyra-per-sherbime-te-pergjithshme-dhe-transportit\/#breadcrumb","itemListElement":[{"@type":"ListItem","position":1,"name":"Home","item":"https:\/\/unhz.eu\/"},{"@type":"ListItem","position":2,"name":"Zyra p\u00ebr Sh\u00ebrbime t\u00eb P\u00ebrgjithshme dhe Transportit"}]},{"@type":"WebSite","@id":"https:\/\/unhz.eu\/#website","url":"https:\/\/unhz.eu\/","name":"Univerzitet &quot;Had\u017ei Zeka&quot;\u201c","description":"Posve\u0107eni kvaliteti, standardima i uspjehu","publisher":{"@id":"https:\/\/unhz.eu\/#organization"},"alternateName":"Universiteti Haxhi Zeka","potentialAction":[{"@type":"SearchAction","target":{"@type":"EntryPoint","urlTemplate":"https:\/\/unhz.eu\/?s={search_term_string}"},"query-input":{"@type":"PropertyValueSpecification","valueRequired":true,"valueName":"search_term_string"}}],"inLanguage":"bs-BA"},{"@type":"Organization","@id":"https:\/\/unhz.eu\/#organization","name":"Univerzitet &quot;Had\u017ei Zeka&quot;\u201c","alternateName":"Universiteti Haxhi Zeka","url":"https:\/\/unhz.eu\/","logo":{"@type":"ImageObject","inLanguage":"bs-BA","@id":"https:\/\/unhz.eu\/#\/schema\/logo\/image\/","url":"https:\/\/unhz.eu\/wp-content\/uploads\/2025\/04\/logo-unhz.webp","contentUrl":"https:\/\/unhz.eu\/wp-content\/uploads\/2025\/04\/logo-unhz.webp","width":1024,"height":260,"caption":"Universiteti \u201cHaxhi Zeka\u201d"},"image":{"@id":"https:\/\/unhz.eu\/#\/schema\/logo\/image\/"},"sameAs":["https:\/\/www.facebook.com\/uni.haxhizeka","https:\/\/x.com\/uni_haxhizeka","https:\/\/www.linkedin.com\/school\/haxhi-zeka-university","https:\/\/www.instagram.com\/uni_haxhizeka\/"],"description":"Univerzitet &quot;Had\u017ei Zeka&quot; u Pe\u0107i je javna visoko\u0161kolska ustanova koja nudi dodiplomske, master i doktorske studije u raznim oblastima kao \u0161to su menad\u017ement, turizam, ekonomija, poljoprivreda, umjetnost i pravo. Univerzitet ima za cilj akademski razvoj, nau\u010dna istra\u017eivanja i doprinos zajednici.","email":"info@unhz.eu","telephone":"+38339410970","legalName":"Universiteti \u201cHaxhi Zeka\u201d n\u00eb Pej\u00eb","foundingDate":"2011-11-14","numberOfEmployees":{"@type":"QuantitativeValue","minValue":"201","maxValue":"500"}}]}},"acf":[],"_links":{"self":[{"href":"https:\/\/unhz.eu\/bs\/wp-json\/wp\/v2\/pages\/22858","targetHints":{"allow":["GET"]}}],"collection":[{"href":"https:\/\/unhz.eu\/bs\/wp-json\/wp\/v2\/pages"}],"about":[{"href":"https:\/\/unhz.eu\/bs\/wp-json\/wp\/v2\/types\/page"}],"author":[{"embeddable":true,"href":"https:\/\/unhz.eu\/bs\/wp-json\/wp\/v2\/users\/1"}],"replies":[{"embeddable":true,"href":"https:\/\/unhz.eu\/bs\/wp-json\/wp\/v2\/comments?post=22858"}],"version-history":[{"count":4,"href":"https:\/\/unhz.eu\/bs\/wp-json\/wp\/v2\/pages\/22858\/revisions"}],"predecessor-version":[{"id":57404,"href":"https:\/\/unhz.eu\/bs\/wp-json\/wp\/v2\/pages\/22858\/revisions\/57404"}],"wp:attachment":[{"href":"https:\/\/unhz.eu\/bs\/wp-json\/wp\/v2\/media?parent=22858"}],"curies":[{"name":"radni list","href":"https:\/\/api.w.org\/{rel}","templated":true}]}}