{"id":22856,"date":"2024-04-22T14:15:10","date_gmt":"2024-04-22T14:15:10","guid":{"rendered":"https:\/\/unhz.eu\/?page_id=22856"},"modified":"2025-08-27T09:58:51","modified_gmt":"2025-08-27T07:58:51","slug":"zyra-e-protokolit-dhe-arkivit","status":"publish","type":"page","link":"https:\/\/unhz.eu\/bs\/zyra-e-protokolit-dhe-arkivit\/","title":{"rendered":"Zyra e Protokolit dhe Arkivit"},"content":{"rendered":"<div data-elementor-type=\"wp-page\" data-elementor-id=\"22856\" class=\"elementor elementor-22856\" data-elementor-post-type=\"page\">\n\t\t\t\t\t\t<section class=\"elementor-section elementor-top-section elementor-element elementor-element-a8e5ca9 elementor-section-boxed elementor-section-height-default elementor-section-height-default sc_fly_static\" data-id=\"a8e5ca9\" data-element_type=\"section\" data-e-type=\"section\">\n\t\t\t\t\t\t<div class=\"elementor-container elementor-column-gap-extended\">\n\t\t\t\t\t<div class=\"elementor-column elementor-col-100 elementor-top-column elementor-element elementor-element-3a246ca sc_content_align_inherit sc_layouts_column_icons_position_left sc_fly_static\" data-id=\"3a246ca\" data-element_type=\"column\" data-e-type=\"column\">\n\t\t\t<div class=\"elementor-widget-wrap elementor-element-populated\">\n\t\t\t\t\t\t<div class=\"elementor-element elementor-element-8d47723 sc_fly_static elementor-widget elementor-widget-trx_sc_title\" data-id=\"8d47723\" data-element_type=\"widget\" data-e-type=\"widget\" data-widget_type=\"trx_sc_title.default\">\n\t\t\t\t<div class=\"elementor-widget-container\">\n\t\t\t\t\t<div\t\tclass=\"sc_title sc_title_default\" ><span class=\"sc_item_subtitle sc_title_subtitle sc_item_subtitle_above sc_item_title_style_default\">O nama<\/span><h5 class=\"sc_item_title sc_title_title sc_item_title_style_default sc_item_title_tag\"\n\t\t\t><span class=\"sc_item_title_text\">ZYR\u00ebs S\u00cb PROTOKOLIT DHE ARKIVIT<\/span><\/h5><\/div>\t\t\t\t<\/div>\n\t\t\t\t<\/div>\n\t\t\t\t<div class=\"elementor-element elementor-element-20422b2 sc_fly_static elementor-widget elementor-widget-spacer\" data-id=\"20422b2\" data-element_type=\"widget\" data-e-type=\"widget\" data-widget_type=\"spacer.default\">\n\t\t\t\t<div class=\"elementor-widget-container\">\n\t\t\t\t\t\t\t<div class=\"elementor-spacer\">\n\t\t\t<div class=\"elementor-spacer-inner\"><\/div>\n\t\t<\/div>\n\t\t\t\t\t\t<\/div>\n\t\t\t\t<\/div>\n\t\t\t\t<div class=\"elementor-element elementor-element-0bb91f4 sc_fly_static elementor-widget elementor-widget-text-editor\" data-id=\"0bb91f4\" data-element_type=\"widget\" data-e-type=\"widget\" data-widget_type=\"text-editor.default\">\n\t\t\t\t<div class=\"elementor-widget-container\">\n\t\t\t\t\t\t\t\t\t<p>I. Detyrat \u2013 p\u00ebrgjegj\u00ebsit\u00eb<\/p><p>1. B\u00ebn menaxhimin e dokumentacionit zyrtar q\u00eb hyn e del n\u00eb UHZ, duke u kujdesur p\u00ebr zbatimin e drejt\u00eb t\u00eb dispozitave t\u00eb sistemit t\u00eb menaxhimit me shkresa, me an\u00eb t\u00eb centralizimit t\u00eb procesit t\u00eb baz\u00ebs s\u00eb t\u00eb dh\u00ebnave;<br \/>1.2. P\u00ebrcjell\u00eb, harmonizon dhe regjistron l\u00ebnd\u00ebt sipas zyrave, NA, dhe sistemon dokumentet n\u00eb m\u00ebnyr\u00eb elektronike p\u00ebr t\u00eb gjitha zyrat e UHZ-s\u00eb dhe sigurimin p\u00ebr qasje zyrtare nga personat e autorizuar, duke p\u00ebrcjell\u00eb dhe monitoruar afatet;<br \/>1.3. Ushtron kujdes p\u00ebr t\u00eb ruajtur natyr\u00ebn konfidenciale t\u00eb t\u00eb dh\u00ebnave t\u00eb caktuara dhe mbik\u00ebqyr n\u00eb m\u00ebnyr\u00eb t\u00eb vazhdueshme baz\u00ebn e t\u00eb dh\u00ebnave t\u00eb Zyr\u00ebs s\u00eb Protokolit, p\u00ebr t\u2019u siguruar se \u00e7do shkres\u00eb hyr\u00ebse dhe dal\u00ebse \u00ebsht\u00eb e regjistruar.<br \/>1.4. Zhvillimi i pun\u00ebs sipas politikave dhe procedurave t\u00eb Nj\u00ebsis\u00eb s\u00eb Arkivit, pranimi i dokumentacionit p\u00ebr arkivim duke p\u00ebrfshir\u00eb dokumentacionin parakulifikues, raportues, kontratave, skanimi i tyre dhe regjistrimi n\u00eb baz\u00ebn e t\u00eb dh\u00ebnave t\u00eb arkivit, klasifikimi dhe arkivimi n\u00eb depo;<br \/>1.5. Pranimi i dokumentacionit t\u00eb prodhuar nga zyrat apo Nj\u00ebsit\u00eb Akademike t\u00eb UHZ-s\u00eb, skanimi i tyre dhe regjistrimi n\u00eb baz\u00ebn e t\u00eb dh\u00ebnave t\u00eb arkivit, klasifikimi dhe arkivimi n\u00eb depo dhe azhurnimi i dokumentacionit sipas k\u00ebrkes\u00ebs s\u00eb nj\u00ebsive p\u00ebrkat\u00ebse;<br \/>1.6. Bashk\u00ebpunim me Agjencionin p\u00ebr Mbrojtjen e t\u00eb Dh\u00ebnave dhe me Agjencionin e Regjistrimit Civil.<\/p><ol><li>Zyra e Protokolit dhe Arkivit udh\u00ebhiqet nga Drejtori i Zyr\u00ebs s\u00eb Protokolit, i cili i raporton Sekretarit t\u00eb P\u00ebrgjithshem<\/li><li>Me sistematizimin e vendeve t\u00eb pun\u00ebs, Zyra e Protokolit dhe Arkivit p\u00ebrb\u00ebhet nga k\u00ebto pozita:<br \/>3.1. Drejtori i Zyr\u00ebs s\u00eb Protokolit;<br \/>3.2. Zyrtar D\u00ebrgues;<br \/>3.3. Zyrtar Regjistrues;<br \/>3.4. Zyrtar i Arkivit;<br \/>3.5. Zyrtar Administrativ i Arkivit n\u00eb nj\u00ebsi akademike.<\/li><li>Numri i t\u00eb pun\u00ebsuarve n\u00eb Zyr\u00ebn Protokolit dhe Arkivit \u00ebsht\u00eb pes\u00eb (5).<\/li><\/ol>\t\t\t\t\t\t\t\t<\/div>\n\t\t\t\t<\/div>\n\t\t\t\t<div class=\"elementor-element elementor-element-e4779b9 sc_fly_static elementor-widget elementor-widget-spacer\" data-id=\"e4779b9\" data-element_type=\"widget\" data-e-type=\"widget\" data-widget_type=\"spacer.default\">\n\t\t\t\t<div class=\"elementor-widget-container\">\n\t\t\t\t\t\t\t<div class=\"elementor-spacer\">\n\t\t\t<div class=\"elementor-spacer-inner\"><\/div>\n\t\t<\/div>\n\t\t\t\t\t\t<\/div>\n\t\t\t\t<\/div>\n\t\t\t\t<div class=\"elementor-element elementor-element-3a65a9a sc_fly_static elementor-widget elementor-widget-heading\" data-id=\"3a65a9a\" data-element_type=\"widget\" data-e-type=\"widget\" data-widget_type=\"heading.default\">\n\t\t\t\t<div class=\"elementor-widget-container\">\n\t\t\t\t\t<h2 class=\"elementor-heading-title elementor-size-default\">Osoblje<\/h2>\t\t\t\t<\/div>\n\t\t\t\t<\/div>\n\t\t\t\t<div class=\"elementor-element elementor-element-f05a045 sc_fly_static elementor-widget elementor-widget-spacer\" data-id=\"f05a045\" data-element_type=\"widget\" data-e-type=\"widget\" data-widget_type=\"spacer.default\">\n\t\t\t\t<div class=\"elementor-widget-container\">\n\t\t\t\t\t\t\t<div class=\"elementor-spacer\">\n\t\t\t<div class=\"elementor-spacer-inner\"><\/div>\n\t\t<\/div>\n\t\t\t\t\t\t<\/div>\n\t\t\t\t<\/div>\n\t\t\t\t<div class=\"elementor-element elementor-element-876cbe9 sc_fly_static elementor-widget elementor-widget-trx_sc_team\" data-id=\"876cbe9\" data-element_type=\"widget\" data-e-type=\"widget\" data-widget_type=\"trx_sc_team.default\">\n\t\t\t\t<div class=\"elementor-widget-container\">\n\t\t\t\t\t<div \t\tclass=\"sc_team sc_team_3d-simple\"><div class=\"sc_team_columns_wrap sc_item_columns sc_item_posts_container trx_addons_columns_wrap columns_padding_bottom columns_in_single_row\"><div class=\"trx_addons_column-1_3\"><div data-post-id=\"22988\" class=\"sc_team_item sc_item_container post_container start-inner-3d no_links post-22988 cpt_team type-cpt_team status-publish has-post-thumbnail hentry cpt_team_group-stafi-i-zyres-per-protokol-dhe-arkiv\">\n\t<div class=\"post_featured sc_team_item_thumb trx_addons_hover trx_addons_hover_style_info_anim\"><img fetchpriority=\"high\" decoding=\"async\" width=\"288\" height=\"292\" src=\"https:\/\/unhz.eu\/wp-content\/uploads\/2024\/04\/Besnik-Shala.png\" class=\"attachment-law-office-thumb-rectangle size-law-office-thumb-rectangle wp-post-image\" alt=\"\" \/><a class=\"post_link sc_team_item_link\" href=\"https:\/\/unhz.eu\/bs\/team\/besnik-shala\/\"><\/a><div class=\"trx_addons_hover_mask\"><\/div><\/div>\t<div class=\"sc_team_item_info\">\n\t\t<div class=\"sc_team_item_header\">\n\t\t\t<h4 class=\"sc_team_item_title entry-title\"><a href=\"https:\/\/unhz.eu\/bs\/team\/besnik-shala\/\">BESNIK SHALA<\/a><\/h4>\n\t\t\t<div class=\"sc_team_item_subtitle\">Drejtor i zyr\u00ebs p\u00ebr Protokol dhe Arkiv<\/div>\t\t<\/div>\n\t\t\t\t\t<div class=\"trx_addons_hover_team\"><div class=\"sc_team_item_socials socials_wrap trx_addons_hover_info\"> <\/div><\/div>\n\t\t\t\t<\/div>\n\n<\/div>\n<\/div><\/div><\/div>\t\t\t\t<\/div>\n\t\t\t\t<\/div>\n\t\t\t\t<div class=\"elementor-element elementor-element-258ea6a sc_fly_static elementor-widget elementor-widget-spacer\" data-id=\"258ea6a\" data-element_type=\"widget\" data-e-type=\"widget\" data-widget_type=\"spacer.default\">\n\t\t\t\t<div class=\"elementor-widget-container\">\n\t\t\t\t\t\t\t<div class=\"elementor-spacer\">\n\t\t\t<div class=\"elementor-spacer-inner\"><\/div>\n\t\t<\/div>\n\t\t\t\t\t\t<\/div>\n\t\t\t\t<\/div>\n\t\t\t\t<div class=\"elementor-element elementor-element-52ef5de sc_fly_static elementor-widget elementor-widget-spacer\" data-id=\"52ef5de\" data-element_type=\"widget\" data-e-type=\"widget\" data-widget_type=\"spacer.default\">\n\t\t\t\t<div class=\"elementor-widget-container\">\n\t\t\t\t\t\t\t<div class=\"elementor-spacer\">\n\t\t\t<div class=\"elementor-spacer-inner\"><\/div>\n\t\t<\/div>\n\t\t\t\t\t\t<\/div>\n\t\t\t\t<\/div>\n\t\t\t\t\t<\/div>\n\t\t<\/div>\n\t\t\t\t\t<\/div>\n\t\t<\/section>\n\t\t\t\t<\/div>","protected":false},"excerpt":{"rendered":"<p>Rreth ZYR\u00ebs S\u00cb PROTOKOLIT DHE ARKIVIT I. Detyrat \u2013 p\u00ebrgjegj\u00ebsit\u00eb 1. B\u00ebn menaxhimin e dokumentacionit&hellip;<\/p>","protected":false},"author":1,"featured_media":0,"parent":0,"menu_order":0,"comment_status":"closed","ping_status":"closed","template":"","meta":{"_acf_changed":false,"footnotes":""},"class_list":["post-22856","page","type-page","status-publish","hentry"],"yoast_head":"<!-- This site is optimized with the Yoast SEO Premium plugin v27.2 (Yoast SEO v27.2) - https:\/\/yoast.com\/product\/yoast-seo-premium-wordpress\/ -->\n<title>Zyra e Protokolit dhe Arkivit - University Haxhi Zeka<\/title>\n<meta name=\"robots\" content=\"index, follow, max-snippet:-1, max-image-preview:large, max-video-preview:-1\" \/>\n<link rel=\"canonical\" href=\"https:\/\/unhz.eu\/bs\/zyra-e-protokolit-dhe-arkivit\/\" \/>\n<meta property=\"og:locale\" content=\"bs_BA\" \/>\n<meta property=\"og:type\" content=\"article\" \/>\n<meta property=\"og:title\" content=\"Zyra e Protokolit dhe Arkivit\" \/>\n<meta property=\"og:description\" content=\"Rreth ZYR\u00ebs S\u00cb PROTOKOLIT DHE ARKIVIT I. Detyrat \u2013 p\u00ebrgjegj\u00ebsit\u00eb 1. B\u00ebn menaxhimin e dokumentacionit&hellip;\" \/>\n<meta property=\"og:url\" content=\"https:\/\/unhz.eu\/bs\/zyra-e-protokolit-dhe-arkivit\/\" \/>\n<meta property=\"og:site_name\" content=\"University Haxhi Zeka\" \/>\n<meta property=\"article:publisher\" content=\"https:\/\/www.facebook.com\/uni.haxhizeka\" \/>\n<meta property=\"article:modified_time\" content=\"2025-08-27T07:58:51+00:00\" \/>\n<meta property=\"og:image\" content=\"https:\/\/unhz.eu\/wp-content\/uploads\/2024\/04\/Besnik-Shala.png\" \/>\n<meta name=\"twitter:card\" content=\"summary_large_image\" \/>\n<meta name=\"twitter:site\" content=\"@uni_haxhizeka\" \/>\n<meta name=\"twitter:label1\" content=\"Est. reading time\" \/>\n\t<meta name=\"twitter:data1\" content=\"2 minute\" \/>\n<script type=\"application\/ld+json\" class=\"yoast-schema-graph\">{\"@context\":\"https:\/\/schema.org\",\"@graph\":[{\"@type\":\"WebPage\",\"@id\":\"https:\/\/unhz.eu\/zyra-e-protokolit-dhe-arkivit\/\",\"url\":\"https:\/\/unhz.eu\/zyra-e-protokolit-dhe-arkivit\/\",\"name\":\"Zyra e Protokolit dhe Arkivit - University Haxhi Zeka\",\"isPartOf\":{\"@id\":\"https:\/\/unhz.eu\/#website\"},\"primaryImageOfPage\":{\"@id\":\"https:\/\/unhz.eu\/zyra-e-protokolit-dhe-arkivit\/#primaryimage\"},\"image\":{\"@id\":\"https:\/\/unhz.eu\/zyra-e-protokolit-dhe-arkivit\/#primaryimage\"},\"thumbnailUrl\":\"https:\/\/unhz.eu\/wp-content\/uploads\/2024\/04\/Besnik-Shala.png\",\"datePublished\":\"2024-04-22T14:15:10+00:00\",\"dateModified\":\"2025-08-27T07:58:51+00:00\",\"breadcrumb\":{\"@id\":\"https:\/\/unhz.eu\/zyra-e-protokolit-dhe-arkivit\/#breadcrumb\"},\"inLanguage\":\"bs-BA\",\"potentialAction\":[{\"@type\":\"ReadAction\",\"target\":[\"https:\/\/unhz.eu\/zyra-e-protokolit-dhe-arkivit\/\"]}]},{\"@type\":\"ImageObject\",\"inLanguage\":\"bs-BA\",\"@id\":\"https:\/\/unhz.eu\/zyra-e-protokolit-dhe-arkivit\/#primaryimage\",\"url\":\"https:\/\/unhz.eu\/wp-content\/uploads\/2024\/04\/Besnik-Shala.png\",\"contentUrl\":\"https:\/\/unhz.eu\/wp-content\/uploads\/2024\/04\/Besnik-Shala.png\"},{\"@type\":\"BreadcrumbList\",\"@id\":\"https:\/\/unhz.eu\/zyra-e-protokolit-dhe-arkivit\/#breadcrumb\",\"itemListElement\":[{\"@type\":\"ListItem\",\"position\":1,\"name\":\"Home\",\"item\":\"https:\/\/unhz.eu\/\"},{\"@type\":\"ListItem\",\"position\":2,\"name\":\"Zyra e Protokolit dhe Arkivit\"}]},{\"@type\":\"WebSite\",\"@id\":\"https:\/\/unhz.eu\/#website\",\"url\":\"https:\/\/unhz.eu\/\",\"name\":\"Universiteti \u201cHaxhi Zeka\u201d\",\"description\":\"I dedikuar p\u00ebr cil\u00ebsi, standarde dhe suksese\",\"publisher\":{\"@id\":\"https:\/\/unhz.eu\/#organization\"},\"alternateName\":\"Universiteti Haxhi Zeka\",\"potentialAction\":[{\"@type\":\"SearchAction\",\"target\":{\"@type\":\"EntryPoint\",\"urlTemplate\":\"https:\/\/unhz.eu\/?s={search_term_string}\"},\"query-input\":{\"@type\":\"PropertyValueSpecification\",\"valueRequired\":true,\"valueName\":\"search_term_string\"}}],\"inLanguage\":\"bs-BA\"},{\"@type\":\"Organization\",\"@id\":\"https:\/\/unhz.eu\/#organization\",\"name\":\"Universiteti \u201cHaxhi Zeka\u201d\",\"alternateName\":\"Universiteti Haxhi Zeka\",\"url\":\"https:\/\/unhz.eu\/\",\"logo\":{\"@type\":\"ImageObject\",\"inLanguage\":\"bs-BA\",\"@id\":\"https:\/\/unhz.eu\/#\/schema\/logo\/image\/\",\"url\":\"https:\/\/unhz.eu\/wp-content\/uploads\/2025\/04\/logo-unhz.webp\",\"contentUrl\":\"https:\/\/unhz.eu\/wp-content\/uploads\/2025\/04\/logo-unhz.webp\",\"width\":1024,\"height\":260,\"caption\":\"Universiteti \u201cHaxhi Zeka\u201d\"},\"image\":{\"@id\":\"https:\/\/unhz.eu\/#\/schema\/logo\/image\/\"},\"sameAs\":[\"https:\/\/www.facebook.com\/uni.haxhizeka\",\"https:\/\/x.com\/uni_haxhizeka\",\"https:\/\/www.linkedin.com\/school\/haxhi-zeka-university\",\"https:\/\/www.instagram.com\/uni_haxhizeka\/\"],\"description\":\"Universiteti \u201cHaxhi Zeka\u201d n\u00eb Pej\u00eb \u00ebsht\u00eb institucion publik i arsimit t\u00eb lart\u00eb, q\u00eb ofron studime bachelor, master dhe doktorat\u00eb n\u00eb fusha t\u00eb ndryshme si menaxhimi, turizmi, ekonomia, bujq\u00ebsia, arti dhe drejt\u00ebsia. Universiteti synon zhvillimin akademik, hulumtimin shkencor dhe kontributin n\u00eb komunitet.\",\"email\":\"info@unhz.eu\",\"telephone\":\"+38339410970\",\"legalName\":\"Universiteti \u201cHaxhi Zeka\u201d n\u00eb Pej\u00eb\",\"foundingDate\":\"2011-11-14\",\"numberOfEmployees\":{\"@type\":\"QuantitativeValue\",\"minValue\":\"201\",\"maxValue\":\"500\"}}]}<\/script>\n<!-- \/ Yoast SEO Premium plugin. -->","yoast_head_json":{"title":"Zyra e Protokolit dhe Arkivit - University Haxhi Zeka","robots":{"index":"index","follow":"follow","max-snippet":"max-snippet:-1","max-image-preview":"max-image-preview:large","max-video-preview":"max-video-preview:-1"},"canonical":"https:\/\/unhz.eu\/bs\/zyra-e-protokolit-dhe-arkivit\/","og_locale":"bs_BA","og_type":"article","og_title":"Zyra e Protokolit dhe Arkivit","og_description":"Rreth ZYR\u00ebs S\u00cb PROTOKOLIT DHE ARKIVIT I. Detyrat \u2013 p\u00ebrgjegj\u00ebsit\u00eb 1. B\u00ebn menaxhimin e dokumentacionit&hellip;","og_url":"https:\/\/unhz.eu\/bs\/zyra-e-protokolit-dhe-arkivit\/","og_site_name":"University Haxhi Zeka","article_publisher":"https:\/\/www.facebook.com\/uni.haxhizeka","article_modified_time":"2025-08-27T07:58:51+00:00","og_image":[{"url":"https:\/\/unhz.eu\/wp-content\/uploads\/2024\/04\/Besnik-Shala.png","type":"","width":"","height":""}],"twitter_card":"summary_large_image","twitter_site":"@uni_haxhizeka","twitter_misc":{"Est. reading time":"2 minute"},"schema":{"@context":"https:\/\/schema.org","@graph":[{"@type":"WebPage","@id":"https:\/\/unhz.eu\/zyra-e-protokolit-dhe-arkivit\/","url":"https:\/\/unhz.eu\/zyra-e-protokolit-dhe-arkivit\/","name":"Zyra e Protokolit dhe Arkivit - University Haxhi Zeka","isPartOf":{"@id":"https:\/\/unhz.eu\/#website"},"primaryImageOfPage":{"@id":"https:\/\/unhz.eu\/zyra-e-protokolit-dhe-arkivit\/#primaryimage"},"image":{"@id":"https:\/\/unhz.eu\/zyra-e-protokolit-dhe-arkivit\/#primaryimage"},"thumbnailUrl":"https:\/\/unhz.eu\/wp-content\/uploads\/2024\/04\/Besnik-Shala.png","datePublished":"2024-04-22T14:15:10+00:00","dateModified":"2025-08-27T07:58:51+00:00","breadcrumb":{"@id":"https:\/\/unhz.eu\/zyra-e-protokolit-dhe-arkivit\/#breadcrumb"},"inLanguage":"bs-BA","potentialAction":[{"@type":"ReadAction","target":["https:\/\/unhz.eu\/zyra-e-protokolit-dhe-arkivit\/"]}]},{"@type":"ImageObject","inLanguage":"bs-BA","@id":"https:\/\/unhz.eu\/zyra-e-protokolit-dhe-arkivit\/#primaryimage","url":"https:\/\/unhz.eu\/wp-content\/uploads\/2024\/04\/Besnik-Shala.png","contentUrl":"https:\/\/unhz.eu\/wp-content\/uploads\/2024\/04\/Besnik-Shala.png"},{"@type":"BreadcrumbList","@id":"https:\/\/unhz.eu\/zyra-e-protokolit-dhe-arkivit\/#breadcrumb","itemListElement":[{"@type":"ListItem","position":1,"name":"Home","item":"https:\/\/unhz.eu\/"},{"@type":"ListItem","position":2,"name":"Zyra e Protokolit dhe Arkivit"}]},{"@type":"WebSite","@id":"https:\/\/unhz.eu\/#website","url":"https:\/\/unhz.eu\/","name":"Univerzitet &quot;Had\u017ei Zeka&quot;\u201c","description":"Posve\u0107eni kvaliteti, standardima i uspjehu","publisher":{"@id":"https:\/\/unhz.eu\/#organization"},"alternateName":"Universiteti Haxhi Zeka","potentialAction":[{"@type":"SearchAction","target":{"@type":"EntryPoint","urlTemplate":"https:\/\/unhz.eu\/?s={search_term_string}"},"query-input":{"@type":"PropertyValueSpecification","valueRequired":true,"valueName":"search_term_string"}}],"inLanguage":"bs-BA"},{"@type":"Organization","@id":"https:\/\/unhz.eu\/#organization","name":"Univerzitet &quot;Had\u017ei Zeka&quot;\u201c","alternateName":"Universiteti Haxhi Zeka","url":"https:\/\/unhz.eu\/","logo":{"@type":"ImageObject","inLanguage":"bs-BA","@id":"https:\/\/unhz.eu\/#\/schema\/logo\/image\/","url":"https:\/\/unhz.eu\/wp-content\/uploads\/2025\/04\/logo-unhz.webp","contentUrl":"https:\/\/unhz.eu\/wp-content\/uploads\/2025\/04\/logo-unhz.webp","width":1024,"height":260,"caption":"Universiteti \u201cHaxhi Zeka\u201d"},"image":{"@id":"https:\/\/unhz.eu\/#\/schema\/logo\/image\/"},"sameAs":["https:\/\/www.facebook.com\/uni.haxhizeka","https:\/\/x.com\/uni_haxhizeka","https:\/\/www.linkedin.com\/school\/haxhi-zeka-university","https:\/\/www.instagram.com\/uni_haxhizeka\/"],"description":"Univerzitet &quot;Had\u017ei Zeka&quot; u Pe\u0107i je javna visoko\u0161kolska ustanova koja nudi dodiplomske, master i doktorske studije u raznim oblastima kao \u0161to su menad\u017ement, turizam, ekonomija, poljoprivreda, umjetnost i pravo. Univerzitet ima za cilj akademski razvoj, nau\u010dna istra\u017eivanja i doprinos zajednici.","email":"info@unhz.eu","telephone":"+38339410970","legalName":"Universiteti \u201cHaxhi Zeka\u201d n\u00eb Pej\u00eb","foundingDate":"2011-11-14","numberOfEmployees":{"@type":"QuantitativeValue","minValue":"201","maxValue":"500"}}]}},"acf":[],"_links":{"self":[{"href":"https:\/\/unhz.eu\/bs\/wp-json\/wp\/v2\/pages\/22856","targetHints":{"allow":["GET"]}}],"collection":[{"href":"https:\/\/unhz.eu\/bs\/wp-json\/wp\/v2\/pages"}],"about":[{"href":"https:\/\/unhz.eu\/bs\/wp-json\/wp\/v2\/types\/page"}],"author":[{"embeddable":true,"href":"https:\/\/unhz.eu\/bs\/wp-json\/wp\/v2\/users\/1"}],"replies":[{"embeddable":true,"href":"https:\/\/unhz.eu\/bs\/wp-json\/wp\/v2\/comments?post=22856"}],"version-history":[{"count":4,"href":"https:\/\/unhz.eu\/bs\/wp-json\/wp\/v2\/pages\/22856\/revisions"}],"predecessor-version":[{"id":57401,"href":"https:\/\/unhz.eu\/bs\/wp-json\/wp\/v2\/pages\/22856\/revisions\/57401"}],"wp:attachment":[{"href":"https:\/\/unhz.eu\/bs\/wp-json\/wp\/v2\/media?parent=22856"}],"curies":[{"name":"radni list","href":"https:\/\/api.w.org\/{rel}","templated":true}]}}