{"id":22848,"date":"2024-04-22T14:14:22","date_gmt":"2024-04-22T14:14:22","guid":{"rendered":"https:\/\/unhz.eu\/?page_id=22848"},"modified":"2025-08-27T10:38:39","modified_gmt":"2025-08-27T08:38:39","slug":"zyra-per-zhvillim-te-karrieres","status":"publish","type":"page","link":"https:\/\/unhz.eu\/bs\/zyra-per-zhvillim-te-karrieres\/","title":{"rendered":"Zyra p\u00ebr Zhvillim t\u00eb Karrier\u00ebs"},"content":{"rendered":"<div data-elementor-type=\"wp-page\" data-elementor-id=\"22848\" class=\"elementor elementor-22848\" data-elementor-post-type=\"page\">\n\t\t\t\t\t\t<section class=\"elementor-section elementor-top-section elementor-element elementor-element-fcc54ea elementor-section-boxed elementor-section-height-default elementor-section-height-default sc_fly_static\" data-id=\"fcc54ea\" data-element_type=\"section\" data-e-type=\"section\">\n\t\t\t\t\t\t<div class=\"elementor-container elementor-column-gap-extended\">\n\t\t\t\t\t<div class=\"elementor-column elementor-col-100 elementor-top-column elementor-element elementor-element-1840198 sc_content_align_inherit sc_layouts_column_icons_position_left sc_fly_static\" data-id=\"1840198\" data-element_type=\"column\" data-e-type=\"column\">\n\t\t\t<div class=\"elementor-widget-wrap elementor-element-populated\">\n\t\t\t\t\t\t<div class=\"elementor-element elementor-element-8aaca6d sc_fly_static elementor-widget elementor-widget-trx_sc_title\" data-id=\"8aaca6d\" data-element_type=\"widget\" data-e-type=\"widget\" data-widget_type=\"trx_sc_title.default\">\n\t\t\t\t<div class=\"elementor-widget-container\">\n\t\t\t\t\t<div\t\tclass=\"sc_title sc_title_default\" ><span class=\"sc_item_subtitle sc_title_subtitle sc_item_subtitle_above sc_item_title_style_default\">O nama<\/span><h5 class=\"sc_item_title sc_title_title sc_item_title_style_default sc_item_title_tag\"\n\t\t\t><span class=\"sc_item_title_text\">ZYR\u00ebs P\u00cbR ZHVILLIM T\u00cb KARRIER\u00cbS<\/span><\/h5><\/div>\t\t\t\t<\/div>\n\t\t\t\t<\/div>\n\t\t\t\t<div class=\"elementor-element elementor-element-26e4eb6 sc_fly_static elementor-widget elementor-widget-spacer\" data-id=\"26e4eb6\" data-element_type=\"widget\" data-e-type=\"widget\" data-widget_type=\"spacer.default\">\n\t\t\t\t<div class=\"elementor-widget-container\">\n\t\t\t\t\t\t\t<div class=\"elementor-spacer\">\n\t\t\t<div class=\"elementor-spacer-inner\"><\/div>\n\t\t<\/div>\n\t\t\t\t\t\t<\/div>\n\t\t\t\t<\/div>\n\t\t\t\t<div class=\"elementor-element elementor-element-84857e5 sc_fly_static elementor-widget elementor-widget-text-editor\" data-id=\"84857e5\" data-element_type=\"widget\" data-e-type=\"widget\" data-widget_type=\"text-editor.default\">\n\t\t\t\t<div class=\"elementor-widget-container\">\n\t\t\t\t\t\t\t\t\t<p data-start=\"194\" data-end=\"478\">Zyra p\u00ebr Zhvillim t\u00eb Karrier\u00ebs ka p\u00ebr q\u00ebllim t\u00eb mb\u00ebshtes\u00eb student\u00ebt dhe t\u00eb diplomuarit e Universitetit \u201cHaxhi Zeka\u201d n\u00eb zhvillimin profesional, n\u00eb gjetjen e mund\u00ebsive p\u00ebr praktik\u00eb dhe pun\u00ebsim, si dhe n\u00eb nd\u00ebrtimin e lidhjeve t\u00eb q\u00ebndrueshme me tregun e pun\u00ebs dhe organizatat p\u00ebrkat\u00ebse.<\/p><h6 data-start=\"480\" data-end=\"511\"><strong>Du\u017enosti i odgovornosti<\/strong><\/h6><ul data-start=\"512\" data-end=\"1356\"><li data-start=\"512\" data-end=\"673\"><p data-start=\"514\" data-end=\"673\">Inicion marr\u00ebveshje bashk\u00ebpunimi nd\u00ebrmjet UHZ-s\u00eb dhe organizatave\/kompanive t\u00eb ndryshme p\u00ebr krijimin e mund\u00ebsive p\u00ebr pun\u00eb praktike dhe pun\u00ebsim t\u00eb student\u00ebve;<\/p><\/li><li data-start=\"674\" data-end=\"817\"><p data-start=\"676\" data-end=\"817\">Organizojn\u00eb takime me stafin menaxherial, akademik dhe administrativ t\u00eb UHZ-s\u00eb, si dhe me pun\u00ebdh\u00ebn\u00ebs, vizitor\u00eb t\u00eb huaj e partner\u00eb t\u00eb tjer\u00eb;<\/p><\/li><li data-start=\"818\" data-end=\"926\"><p data-start=\"820\" data-end=\"926\">Koordinon hulumtime dhe anketa q\u00eb nd\u00ebrlidhen me tregun e pun\u00ebs dhe zhvillimin e karrier\u00ebs s\u00eb student\u00ebve;<\/p><\/li><li data-start=\"927\" data-end=\"1020\"><p data-start=\"929\" data-end=\"1020\">Harton plane dhe programe p\u00ebr zbatimin e aktiviteteve t\u00eb Zyr\u00ebs p\u00ebr Zhvillim t\u00eb Karrier\u00ebs;<\/p><\/li><li data-start=\"1021\" data-end=\"1161\"><p data-start=\"1023\" data-end=\"1161\">P\u00ebrfaq\u00ebson Universitetin n\u00eb konferenca, seminare, trajnime dhe tryeza t\u00eb rrumbullak\u00ebta q\u00eb lidhen me zhvillimin e karrier\u00ebs s\u00eb t\u00eb rinjve;<\/p><\/li><li data-start=\"1162\" data-end=\"1257\"><p data-start=\"1164\" data-end=\"1257\">Ndihmon student\u00ebt dhe t\u00eb diplomuarit me k\u00ebshillime profesionale p\u00ebr orientimin n\u00eb karrier\u00eb;<\/p><\/li><li data-start=\"1258\" data-end=\"1356\"><p data-start=\"1260\" data-end=\"1356\">Kryen edhe pun\u00eb t\u00eb tjera t\u00eb p\u00ebrcaktuara nga udh\u00ebheq\u00ebsi dhe organet p\u00ebrkat\u00ebse t\u00eb Universitetit.<\/p><\/li><\/ul><h6 data-start=\"1358\" data-end=\"1373\"><strong>izvje\u0161tavanje<\/strong><\/h6><ul data-start=\"1374\" data-end=\"1568\"><li data-start=\"1374\" data-end=\"1438\"><p data-start=\"1376\" data-end=\"1438\">Za operativna pitanja: izvje\u0161tava generalnog sekretara;<\/p><\/li><li data-start=\"1439\" data-end=\"1568\"><p data-start=\"1441\" data-end=\"1568\">P\u00ebr \u00e7\u00ebshtje profesionale: raporton dhe i koordinon pun\u00ebt me Prorektorin p\u00ebr Bashk\u00ebpunim Nd\u00ebrkomb\u00ebtar dhe Ngritje t\u00eb Cil\u00ebsis\u00eb.<\/p><\/li><\/ul><h6 data-start=\"1570\" data-end=\"1606\"><strong>Strukturiranje poslova<\/strong><\/h6><ul data-start=\"1607\" data-end=\"1682\"><li data-start=\"1607\" data-end=\"1653\"><p data-start=\"1609\" data-end=\"1653\">Drejtor i Zyr\u00ebs p\u00ebr Zhvillim t\u00eb Karrier\u00ebs;<\/p><\/li><li data-start=\"1654\" data-end=\"1682\"><p data-start=\"1656\" data-end=\"1682\">Zyrtar p\u00ebr Karrier\u00eb (2).<\/p><\/li><\/ul><h6 data-start=\"1684\" data-end=\"1708\"><strong>Broj radnika<\/strong><\/h6><ul data-start=\"1709\" data-end=\"1771\"><li data-start=\"1709\" data-end=\"1771\"><p data-start=\"1711\" data-end=\"1771\">Zyra p\u00ebr Zhvillim t\u00eb Karrier\u00ebs ka gjithsej <strong data-start=\"1754\" data-end=\"1768\">3 radnika<\/strong>.<\/p><\/li><\/ul>\t\t\t\t\t\t\t\t<\/div>\n\t\t\t\t<\/div>\n\t\t\t\t<div class=\"elementor-element elementor-element-0d5d995 sc_fly_static elementor-widget elementor-widget-spacer\" data-id=\"0d5d995\" data-element_type=\"widget\" data-e-type=\"widget\" data-widget_type=\"spacer.default\">\n\t\t\t\t<div class=\"elementor-widget-container\">\n\t\t\t\t\t\t\t<div class=\"elementor-spacer\">\n\t\t\t<div class=\"elementor-spacer-inner\"><\/div>\n\t\t<\/div>\n\t\t\t\t\t\t<\/div>\n\t\t\t\t<\/div>\n\t\t\t\t<div class=\"elementor-element elementor-element-afff904 sc_fly_static elementor-widget elementor-widget-heading\" data-id=\"afff904\" data-element_type=\"widget\" data-e-type=\"widget\" data-widget_type=\"heading.default\">\n\t\t\t\t<div class=\"elementor-widget-container\">\n\t\t\t\t\t<h2 class=\"elementor-heading-title elementor-size-default\">Osoblje<\/h2>\t\t\t\t<\/div>\n\t\t\t\t<\/div>\n\t\t\t\t<div class=\"elementor-element elementor-element-e3f85e8 sc_fly_static elementor-widget elementor-widget-spacer\" data-id=\"e3f85e8\" data-element_type=\"widget\" data-e-type=\"widget\" data-widget_type=\"spacer.default\">\n\t\t\t\t<div class=\"elementor-widget-container\">\n\t\t\t\t\t\t\t<div class=\"elementor-spacer\">\n\t\t\t<div class=\"elementor-spacer-inner\"><\/div>\n\t\t<\/div>\n\t\t\t\t\t\t<\/div>\n\t\t\t\t<\/div>\n\t\t\t\t<div class=\"elementor-element elementor-element-c3a9ab1 sc_fly_static elementor-widget elementor-widget-trx_sc_team\" data-id=\"c3a9ab1\" data-element_type=\"widget\" data-e-type=\"widget\" data-widget_type=\"trx_sc_team.default\">\n\t\t\t\t<div class=\"elementor-widget-container\">\n\t\t\t\t\t<div \t\tclass=\"sc_team sc_team_3d-simple\"><div class=\"sc_team_columns_wrap sc_item_columns sc_item_posts_container trx_addons_columns_wrap columns_padding_bottom columns_in_single_row\"><div class=\"trx_addons_column-1_3\"><div data-post-id=\"22979\" class=\"sc_team_item sc_item_container post_container start-inner-3d no_links post-22979 cpt_team type-cpt_team status-publish has-post-thumbnail hentry cpt_team_group-stafi-i-zyres-per-zhvillim-te-karrieres\">\n\t<div class=\"post_featured sc_team_item_thumb trx_addons_hover trx_addons_hover_style_info_anim\"><img fetchpriority=\"high\" decoding=\"async\" width=\"390\" height=\"476\" src=\"https:\/\/unhz.eu\/wp-content\/uploads\/2024\/04\/no-img.png\" class=\"attachment-law-office-thumb-rectangle size-law-office-thumb-rectangle wp-post-image\" alt=\"\" srcset=\"https:\/\/unhz.eu\/wp-content\/uploads\/2024\/04\/no-img.png 390w, https:\/\/unhz.eu\/wp-content\/uploads\/2024\/04\/no-img-246x300.png 246w, https:\/\/unhz.eu\/wp-content\/uploads\/2024\/04\/no-img-370x452.png 370w\" sizes=\"(max-width: 600px) 100vw, 390px\" \/><a class=\"post_link sc_team_item_link\" href=\"https:\/\/unhz.eu\/bs\/team\/abedin-selimaj\/\"><\/a><div class=\"trx_addons_hover_mask\"><\/div><\/div>\t<div class=\"sc_team_item_info\">\n\t\t<div class=\"sc_team_item_header\">\n\t\t\t<h4 class=\"sc_team_item_title entry-title\"><a href=\"https:\/\/unhz.eu\/bs\/team\/abedin-selimaj\/\">Abedin Selimaj<\/a><\/h4>\n\t\t\t<div class=\"sc_team_item_subtitle\">Drejtor i Qendr\u00ebs p\u00ebr Zhvillim t\u00eb Karrier\u00ebs<\/div>\t\t<\/div>\n\t\t\t\t\t<div class=\"trx_addons_hover_team\"><div class=\"sc_team_item_socials socials_wrap trx_addons_hover_info\"> <\/div><\/div>\n\t\t\t\t<\/div>\n\n<\/div>\n<\/div><div class=\"trx_addons_column-1_3\"><div data-post-id=\"57010\" class=\"sc_team_item sc_item_container post_container start-inner-3d no_links post-57010 cpt_team type-cpt_team status-publish has-post-thumbnail hentry cpt_team_group-stafi-i-zyres-per-zhvillim-te-karrieres\">\n\t<div class=\"post_featured sc_team_item_thumb trx_addons_hover trx_addons_hover_style_info_anim\"><img fetchpriority=\"high\" decoding=\"async\" width=\"390\" height=\"476\" src=\"https:\/\/unhz.eu\/wp-content\/uploads\/2024\/04\/no-img.png\" class=\"attachment-law-office-thumb-rectangle size-law-office-thumb-rectangle wp-post-image\" alt=\"\" srcset=\"https:\/\/unhz.eu\/wp-content\/uploads\/2024\/04\/no-img.png 390w, https:\/\/unhz.eu\/wp-content\/uploads\/2024\/04\/no-img-246x300.png 246w, https:\/\/unhz.eu\/wp-content\/uploads\/2024\/04\/no-img-370x452.png 370w\" sizes=\"(max-width: 600px) 100vw, 390px\" \/><a class=\"post_link sc_team_item_link\" href=\"https:\/\/unhz.eu\/bs\/team\/leonora-gjergjaj\/\"><\/a><div class=\"trx_addons_hover_mask\"><\/div><\/div>\t<div class=\"sc_team_item_info\">\n\t\t<div class=\"sc_team_item_header\">\n\t\t\t<h4 class=\"sc_team_item_title entry-title\"><a href=\"https:\/\/unhz.eu\/bs\/team\/leonora-gjergjaj\/\">Leonora Gjergjaj<\/a><\/h4>\n\t\t\t<div class=\"sc_team_item_subtitle\">Zyrtar i qendr\u00ebs s\u00eb karrier\u00ebs<\/div>\t\t<\/div>\n\t\t\t\t\t<div class=\"trx_addons_hover_team\"><div class=\"sc_team_item_socials socials_wrap trx_addons_hover_info\"> <\/div><\/div>\n\t\t\t\t<\/div>\n\n<\/div>\n<\/div><\/div><\/div>\t\t\t\t<\/div>\n\t\t\t\t<\/div>\n\t\t\t\t<div class=\"elementor-element elementor-element-6d26b49 sc_fly_static elementor-widget elementor-widget-spacer\" data-id=\"6d26b49\" data-element_type=\"widget\" data-e-type=\"widget\" data-widget_type=\"spacer.default\">\n\t\t\t\t<div class=\"elementor-widget-container\">\n\t\t\t\t\t\t\t<div class=\"elementor-spacer\">\n\t\t\t<div class=\"elementor-spacer-inner\"><\/div>\n\t\t<\/div>\n\t\t\t\t\t\t<\/div>\n\t\t\t\t<\/div>\n\t\t\t\t<div class=\"elementor-element elementor-element-daabfae sc_fly_static elementor-widget elementor-widget-heading\" data-id=\"daabfae\" data-element_type=\"widget\" data-e-type=\"widget\" data-widget_type=\"heading.default\">\n\t\t\t\t<div class=\"elementor-widget-container\">\n\t\t\t\t\t<h2 class=\"elementor-heading-title elementor-size-default\">Raportet<\/h2>\t\t\t\t<\/div>\n\t\t\t\t<\/div>\n\t\t\t\t<div class=\"elementor-element elementor-element-1fb1695 sc_fly_static elementor-widget elementor-widget-spacer\" data-id=\"1fb1695\" data-element_type=\"widget\" data-e-type=\"widget\" data-widget_type=\"spacer.default\">\n\t\t\t\t<div class=\"elementor-widget-container\">\n\t\t\t\t\t\t\t<div class=\"elementor-spacer\">\n\t\t\t<div class=\"elementor-spacer-inner\"><\/div>\n\t\t<\/div>\n\t\t\t\t\t\t<\/div>\n\t\t\t\t<\/div>\n\t\t\t\t\t<\/div>\n\t\t<\/div>\n\t\t\t\t\t<\/div>\n\t\t<\/section>\n\t\t\t\t<\/div>","protected":false},"excerpt":{"rendered":"<p>Rreth ZYR\u00ebs P\u00cbR ZHVILLIM T\u00cb KARRIER\u00cbS Zyra p\u00ebr Zhvillim t\u00eb Karrier\u00ebs ka p\u00ebr q\u00ebllim t\u00eb&hellip;<\/p>","protected":false},"author":1,"featured_media":50754,"parent":0,"menu_order":0,"comment_status":"closed","ping_status":"closed","template":"","meta":{"_acf_changed":false,"footnotes":""},"class_list":["post-22848","page","type-page","status-publish","has-post-thumbnail","hentry"],"yoast_head":"<!-- This site is optimized with the Yoast SEO Premium plugin v27.2 (Yoast SEO v27.2) - https:\/\/yoast.com\/product\/yoast-seo-premium-wordpress\/ -->\n<title>Zyra p\u00ebr Zhvillim t\u00eb Karrier\u00ebs - University Haxhi Zeka<\/title>\n<meta name=\"description\" content=\"Zyra p\u00ebr Zhvillim t\u00eb Karrier\u00ebs e UHZ-s\u00eb orienton student\u00ebt p\u00ebr kalimin n\u00eb tregun e pun\u00ebs, duke ofruar k\u00ebshillim, mund\u00ebsi praktike dhe trajnime.\" \/>\n<meta name=\"robots\" content=\"index, follow, max-snippet:-1, max-image-preview:large, max-video-preview:-1\" \/>\n<link rel=\"canonical\" href=\"https:\/\/unhz.eu\/bs\/zyra-per-zhvillim-te-karrieres\/\" \/>\n<meta property=\"og:locale\" content=\"bs_BA\" \/>\n<meta property=\"og:type\" content=\"article\" \/>\n<meta property=\"og:title\" content=\"Zyra p\u00ebr Zhvillim t\u00eb Karrier\u00ebs\" \/>\n<meta property=\"og:description\" content=\"Zyra p\u00ebr Zhvillim t\u00eb Karrier\u00ebs e UHZ-s\u00eb orienton student\u00ebt p\u00ebr kalimin n\u00eb tregun e pun\u00ebs, duke ofruar k\u00ebshillim, mund\u00ebsi praktike dhe trajnime.\" \/>\n<meta property=\"og:url\" content=\"https:\/\/unhz.eu\/bs\/zyra-per-zhvillim-te-karrieres\/\" \/>\n<meta property=\"og:site_name\" content=\"University Haxhi Zeka\" \/>\n<meta property=\"article:publisher\" content=\"https:\/\/www.facebook.com\/uni.haxhizeka\" \/>\n<meta property=\"article:modified_time\" content=\"2025-08-27T08:38:39+00:00\" \/>\n<meta property=\"og:image\" content=\"https:\/\/unhz.eu\/wp-content\/uploads\/2025\/04\/Dizajn-me-logo-te-UHZ.webp\" \/>\n\t<meta property=\"og:image:width\" content=\"1000\" \/>\n\t<meta property=\"og:image:height\" content=\"1000\" \/>\n\t<meta property=\"og:image:type\" content=\"image\/webp\" \/>\n<meta name=\"twitter:card\" content=\"summary_large_image\" \/>\n<meta name=\"twitter:site\" content=\"@uni_haxhizeka\" \/>\n<meta name=\"twitter:label1\" content=\"Est. reading time\" \/>\n\t<meta name=\"twitter:data1\" content=\"2 minute\" \/>\n<script type=\"application\/ld+json\" class=\"yoast-schema-graph\">{\"@context\":\"https:\/\/schema.org\",\"@graph\":[{\"@type\":\"WebPage\",\"@id\":\"https:\/\/unhz.eu\/zyra-per-zhvillim-te-karrieres\/\",\"url\":\"https:\/\/unhz.eu\/zyra-per-zhvillim-te-karrieres\/\",\"name\":\"Zyra p\u00ebr Zhvillim t\u00eb Karrier\u00ebs - University Haxhi Zeka\",\"isPartOf\":{\"@id\":\"https:\/\/unhz.eu\/#website\"},\"primaryImageOfPage\":{\"@id\":\"https:\/\/unhz.eu\/zyra-per-zhvillim-te-karrieres\/#primaryimage\"},\"image\":{\"@id\":\"https:\/\/unhz.eu\/zyra-per-zhvillim-te-karrieres\/#primaryimage\"},\"thumbnailUrl\":\"https:\/\/unhz.eu\/wp-content\/uploads\/2025\/04\/Dizajn-me-logo-te-UHZ.webp\",\"datePublished\":\"2024-04-22T14:14:22+00:00\",\"dateModified\":\"2025-08-27T08:38:39+00:00\",\"description\":\"Zyra p\u00ebr Zhvillim t\u00eb Karrier\u00ebs e UHZ-s\u00eb orienton student\u00ebt p\u00ebr kalimin n\u00eb tregun e pun\u00ebs, duke ofruar k\u00ebshillim, mund\u00ebsi praktike dhe trajnime.\",\"breadcrumb\":{\"@id\":\"https:\/\/unhz.eu\/zyra-per-zhvillim-te-karrieres\/#breadcrumb\"},\"inLanguage\":\"bs-BA\",\"potentialAction\":[{\"@type\":\"ReadAction\",\"target\":[\"https:\/\/unhz.eu\/zyra-per-zhvillim-te-karrieres\/\"]}]},{\"@type\":\"ImageObject\",\"inLanguage\":\"bs-BA\",\"@id\":\"https:\/\/unhz.eu\/zyra-per-zhvillim-te-karrieres\/#primaryimage\",\"url\":\"https:\/\/unhz.eu\/wp-content\/uploads\/2025\/04\/Dizajn-me-logo-te-UHZ.webp\",\"contentUrl\":\"https:\/\/unhz.eu\/wp-content\/uploads\/2025\/04\/Dizajn-me-logo-te-UHZ.webp\",\"width\":1000,\"height\":1000,\"caption\":\"Universiteti Haxhi Zeka, UHZ logo me background te kuq\"},{\"@type\":\"BreadcrumbList\",\"@id\":\"https:\/\/unhz.eu\/zyra-per-zhvillim-te-karrieres\/#breadcrumb\",\"itemListElement\":[{\"@type\":\"ListItem\",\"position\":1,\"name\":\"Home\",\"item\":\"https:\/\/unhz.eu\/\"},{\"@type\":\"ListItem\",\"position\":2,\"name\":\"Zyra p\u00ebr Zhvillim t\u00eb Karrier\u00ebs\"}]},{\"@type\":\"WebSite\",\"@id\":\"https:\/\/unhz.eu\/#website\",\"url\":\"https:\/\/unhz.eu\/\",\"name\":\"Universiteti \u201cHaxhi Zeka\u201d\",\"description\":\"I dedikuar p\u00ebr cil\u00ebsi, standarde dhe suksese\",\"publisher\":{\"@id\":\"https:\/\/unhz.eu\/#organization\"},\"alternateName\":\"Universiteti Haxhi Zeka\",\"potentialAction\":[{\"@type\":\"SearchAction\",\"target\":{\"@type\":\"EntryPoint\",\"urlTemplate\":\"https:\/\/unhz.eu\/?s={search_term_string}\"},\"query-input\":{\"@type\":\"PropertyValueSpecification\",\"valueRequired\":true,\"valueName\":\"search_term_string\"}}],\"inLanguage\":\"bs-BA\"},{\"@type\":\"Organization\",\"@id\":\"https:\/\/unhz.eu\/#organization\",\"name\":\"Universiteti \u201cHaxhi Zeka\u201d\",\"alternateName\":\"Universiteti Haxhi Zeka\",\"url\":\"https:\/\/unhz.eu\/\",\"logo\":{\"@type\":\"ImageObject\",\"inLanguage\":\"bs-BA\",\"@id\":\"https:\/\/unhz.eu\/#\/schema\/logo\/image\/\",\"url\":\"https:\/\/unhz.eu\/wp-content\/uploads\/2025\/04\/logo-unhz.webp\",\"contentUrl\":\"https:\/\/unhz.eu\/wp-content\/uploads\/2025\/04\/logo-unhz.webp\",\"width\":1024,\"height\":260,\"caption\":\"Universiteti \u201cHaxhi Zeka\u201d\"},\"image\":{\"@id\":\"https:\/\/unhz.eu\/#\/schema\/logo\/image\/\"},\"sameAs\":[\"https:\/\/www.facebook.com\/uni.haxhizeka\",\"https:\/\/x.com\/uni_haxhizeka\",\"https:\/\/www.linkedin.com\/school\/haxhi-zeka-university\",\"https:\/\/www.instagram.com\/uni_haxhizeka\/\"],\"description\":\"Universiteti \u201cHaxhi Zeka\u201d n\u00eb Pej\u00eb \u00ebsht\u00eb institucion publik i arsimit t\u00eb lart\u00eb, q\u00eb ofron studime bachelor, master dhe doktorat\u00eb n\u00eb fusha t\u00eb ndryshme si menaxhimi, turizmi, ekonomia, bujq\u00ebsia, arti dhe drejt\u00ebsia. Universiteti synon zhvillimin akademik, hulumtimin shkencor dhe kontributin n\u00eb komunitet.\",\"email\":\"info@unhz.eu\",\"telephone\":\"+38339410970\",\"legalName\":\"Universiteti \u201cHaxhi Zeka\u201d n\u00eb Pej\u00eb\",\"foundingDate\":\"2011-11-14\",\"numberOfEmployees\":{\"@type\":\"QuantitativeValue\",\"minValue\":\"201\",\"maxValue\":\"500\"}}]}<\/script>\n<!-- \/ Yoast SEO Premium plugin. -->","yoast_head_json":{"title":"Zyra p\u00ebr Zhvillim t\u00eb Karrier\u00ebs - University Haxhi Zeka","description":"Zyra p\u00ebr Zhvillim t\u00eb Karrier\u00ebs e UHZ-s\u00eb orienton student\u00ebt p\u00ebr kalimin n\u00eb tregun e pun\u00ebs, duke ofruar k\u00ebshillim, mund\u00ebsi praktike dhe trajnime.","robots":{"index":"index","follow":"follow","max-snippet":"max-snippet:-1","max-image-preview":"max-image-preview:large","max-video-preview":"max-video-preview:-1"},"canonical":"https:\/\/unhz.eu\/bs\/zyra-per-zhvillim-te-karrieres\/","og_locale":"bs_BA","og_type":"article","og_title":"Zyra p\u00ebr Zhvillim t\u00eb Karrier\u00ebs","og_description":"Zyra p\u00ebr Zhvillim t\u00eb Karrier\u00ebs e UHZ-s\u00eb orienton student\u00ebt p\u00ebr kalimin n\u00eb tregun e pun\u00ebs, duke ofruar k\u00ebshillim, mund\u00ebsi praktike dhe trajnime.","og_url":"https:\/\/unhz.eu\/bs\/zyra-per-zhvillim-te-karrieres\/","og_site_name":"University Haxhi Zeka","article_publisher":"https:\/\/www.facebook.com\/uni.haxhizeka","article_modified_time":"2025-08-27T08:38:39+00:00","og_image":[{"width":1000,"height":1000,"url":"https:\/\/unhz.eu\/wp-content\/uploads\/2025\/04\/Dizajn-me-logo-te-UHZ.webp","type":"image\/webp"}],"twitter_card":"summary_large_image","twitter_site":"@uni_haxhizeka","twitter_misc":{"Est. reading time":"2 minute"},"schema":{"@context":"https:\/\/schema.org","@graph":[{"@type":"WebPage","@id":"https:\/\/unhz.eu\/zyra-per-zhvillim-te-karrieres\/","url":"https:\/\/unhz.eu\/zyra-per-zhvillim-te-karrieres\/","name":"Zyra p\u00ebr Zhvillim t\u00eb Karrier\u00ebs - University Haxhi Zeka","isPartOf":{"@id":"https:\/\/unhz.eu\/#website"},"primaryImageOfPage":{"@id":"https:\/\/unhz.eu\/zyra-per-zhvillim-te-karrieres\/#primaryimage"},"image":{"@id":"https:\/\/unhz.eu\/zyra-per-zhvillim-te-karrieres\/#primaryimage"},"thumbnailUrl":"https:\/\/unhz.eu\/wp-content\/uploads\/2025\/04\/Dizajn-me-logo-te-UHZ.webp","datePublished":"2024-04-22T14:14:22+00:00","dateModified":"2025-08-27T08:38:39+00:00","description":"Zyra p\u00ebr Zhvillim t\u00eb Karrier\u00ebs e UHZ-s\u00eb orienton student\u00ebt p\u00ebr kalimin n\u00eb tregun e pun\u00ebs, duke ofruar k\u00ebshillim, mund\u00ebsi praktike dhe trajnime.","breadcrumb":{"@id":"https:\/\/unhz.eu\/zyra-per-zhvillim-te-karrieres\/#breadcrumb"},"inLanguage":"bs-BA","potentialAction":[{"@type":"ReadAction","target":["https:\/\/unhz.eu\/zyra-per-zhvillim-te-karrieres\/"]}]},{"@type":"ImageObject","inLanguage":"bs-BA","@id":"https:\/\/unhz.eu\/zyra-per-zhvillim-te-karrieres\/#primaryimage","url":"https:\/\/unhz.eu\/wp-content\/uploads\/2025\/04\/Dizajn-me-logo-te-UHZ.webp","contentUrl":"https:\/\/unhz.eu\/wp-content\/uploads\/2025\/04\/Dizajn-me-logo-te-UHZ.webp","width":1000,"height":1000,"caption":"Universiteti Haxhi Zeka, UHZ logo me background te kuq"},{"@type":"BreadcrumbList","@id":"https:\/\/unhz.eu\/zyra-per-zhvillim-te-karrieres\/#breadcrumb","itemListElement":[{"@type":"ListItem","position":1,"name":"Home","item":"https:\/\/unhz.eu\/"},{"@type":"ListItem","position":2,"name":"Zyra p\u00ebr Zhvillim t\u00eb Karrier\u00ebs"}]},{"@type":"WebSite","@id":"https:\/\/unhz.eu\/#website","url":"https:\/\/unhz.eu\/","name":"Univerzitet &quot;Had\u017ei Zeka&quot;\u201c","description":"Posve\u0107eni kvaliteti, standardima i uspjehu","publisher":{"@id":"https:\/\/unhz.eu\/#organization"},"alternateName":"Universiteti Haxhi Zeka","potentialAction":[{"@type":"SearchAction","target":{"@type":"EntryPoint","urlTemplate":"https:\/\/unhz.eu\/?s={search_term_string}"},"query-input":{"@type":"PropertyValueSpecification","valueRequired":true,"valueName":"search_term_string"}}],"inLanguage":"bs-BA"},{"@type":"Organization","@id":"https:\/\/unhz.eu\/#organization","name":"Univerzitet &quot;Had\u017ei Zeka&quot;\u201c","alternateName":"Universiteti Haxhi Zeka","url":"https:\/\/unhz.eu\/","logo":{"@type":"ImageObject","inLanguage":"bs-BA","@id":"https:\/\/unhz.eu\/#\/schema\/logo\/image\/","url":"https:\/\/unhz.eu\/wp-content\/uploads\/2025\/04\/logo-unhz.webp","contentUrl":"https:\/\/unhz.eu\/wp-content\/uploads\/2025\/04\/logo-unhz.webp","width":1024,"height":260,"caption":"Universiteti \u201cHaxhi Zeka\u201d"},"image":{"@id":"https:\/\/unhz.eu\/#\/schema\/logo\/image\/"},"sameAs":["https:\/\/www.facebook.com\/uni.haxhizeka","https:\/\/x.com\/uni_haxhizeka","https:\/\/www.linkedin.com\/school\/haxhi-zeka-university","https:\/\/www.instagram.com\/uni_haxhizeka\/"],"description":"Univerzitet &quot;Had\u017ei Zeka&quot; u Pe\u0107i je javna visoko\u0161kolska ustanova koja nudi dodiplomske, master i doktorske studije u raznim oblastima kao \u0161to su menad\u017ement, turizam, ekonomija, poljoprivreda, umjetnost i pravo. Univerzitet ima za cilj akademski razvoj, nau\u010dna istra\u017eivanja i doprinos zajednici.","email":"info@unhz.eu","telephone":"+38339410970","legalName":"Universiteti \u201cHaxhi Zeka\u201d n\u00eb Pej\u00eb","foundingDate":"2011-11-14","numberOfEmployees":{"@type":"QuantitativeValue","minValue":"201","maxValue":"500"}}]}},"acf":[],"_links":{"self":[{"href":"https:\/\/unhz.eu\/bs\/wp-json\/wp\/v2\/pages\/22848","targetHints":{"allow":["GET"]}}],"collection":[{"href":"https:\/\/unhz.eu\/bs\/wp-json\/wp\/v2\/pages"}],"about":[{"href":"https:\/\/unhz.eu\/bs\/wp-json\/wp\/v2\/types\/page"}],"author":[{"embeddable":true,"href":"https:\/\/unhz.eu\/bs\/wp-json\/wp\/v2\/users\/1"}],"replies":[{"embeddable":true,"href":"https:\/\/unhz.eu\/bs\/wp-json\/wp\/v2\/comments?post=22848"}],"version-history":[{"count":5,"href":"https:\/\/unhz.eu\/bs\/wp-json\/wp\/v2\/pages\/22848\/revisions"}],"predecessor-version":[{"id":57439,"href":"https:\/\/unhz.eu\/bs\/wp-json\/wp\/v2\/pages\/22848\/revisions\/57439"}],"wp:featuredmedia":[{"embeddable":true,"href":"https:\/\/unhz.eu\/bs\/wp-json\/wp\/v2\/media\/50754"}],"wp:attachment":[{"href":"https:\/\/unhz.eu\/bs\/wp-json\/wp\/v2\/media?parent=22848"}],"curies":[{"name":"radni list","href":"https:\/\/api.w.org\/{rel}","templated":true}]}}