{"id":22845,"date":"2024-04-22T14:14:03","date_gmt":"2024-04-22T14:14:03","guid":{"rendered":"https:\/\/unhz.eu\/?page_id=22845"},"modified":"2025-09-10T09:48:28","modified_gmt":"2025-09-10T07:48:28","slug":"zyra-per-bashkepunim-nderkombetar","status":"publish","type":"page","link":"https:\/\/unhz.eu\/bs\/zyra-per-bashkepunim-nderkombetar\/","title":{"rendered":"Ured za me\u0111unarodnu saradnju"},"content":{"rendered":"<div data-elementor-type=\"wp-page\" data-elementor-id=\"22845\" class=\"elementor elementor-22845\" data-elementor-post-type=\"page\">\n\t\t\t\t\t\t<section class=\"elementor-section elementor-top-section elementor-element elementor-element-5d84697 elementor-section-boxed elementor-section-height-default elementor-section-height-default sc_fly_static\" data-id=\"5d84697\" data-element_type=\"section\" data-e-type=\"section\">\n\t\t\t\t\t\t<div class=\"elementor-container elementor-column-gap-extended\">\n\t\t\t\t\t<div class=\"elementor-column elementor-col-100 elementor-top-column elementor-element elementor-element-301306d sc_content_align_inherit sc_layouts_column_icons_position_left sc_fly_static\" data-id=\"301306d\" data-element_type=\"column\" data-e-type=\"column\">\n\t\t\t<div class=\"elementor-widget-wrap elementor-element-populated\">\n\t\t\t\t\t\t<div class=\"elementor-element elementor-element-252ead5 sc_fly_static elementor-widget elementor-widget-trx_sc_title\" data-id=\"252ead5\" data-element_type=\"widget\" data-e-type=\"widget\" data-widget_type=\"trx_sc_title.default\">\n\t\t\t\t<div class=\"elementor-widget-container\">\n\t\t\t\t\t<div\t\tclass=\"sc_title sc_title_default\" ><span class=\"sc_item_subtitle sc_title_subtitle sc_item_subtitle_above sc_item_title_style_default\">O nama<\/span><h5 class=\"sc_item_title sc_title_title sc_item_title_style_default sc_item_title_tag\"\n\t\t\t><span class=\"sc_item_title_text\">URED ZA ME\u0110UNARODNU SARADNJU<\/span><\/h5><\/div>\t\t\t\t<\/div>\n\t\t\t\t<\/div>\n\t\t\t\t<div class=\"elementor-element elementor-element-c3ac553 sc_fly_static elementor-widget elementor-widget-spacer\" data-id=\"c3ac553\" data-element_type=\"widget\" data-e-type=\"widget\" data-widget_type=\"spacer.default\">\n\t\t\t\t<div class=\"elementor-widget-container\">\n\t\t\t\t\t\t\t<div class=\"elementor-spacer\">\n\t\t\t<div class=\"elementor-spacer-inner\"><\/div>\n\t\t<\/div>\n\t\t\t\t\t\t<\/div>\n\t\t\t\t<\/div>\n\t\t\t\t<div class=\"elementor-element elementor-element-9efbacb sc_fly_static elementor-widget elementor-widget-text-editor\" data-id=\"9efbacb\" data-element_type=\"widget\" data-e-type=\"widget\" data-widget_type=\"text-editor.default\">\n\t\t\t\t<div class=\"elementor-widget-container\">\n\t\t\t\t\t\t\t\t\t<p data-start=\"258\" data-end=\"550\">Ured za me\u0111unarodnu saradnju ima zadatak da podr\u017ei razvoj me\u0111unarodne me\u0111uuniverzitetske saradnje, koordinira i unapre\u0111uje projekte regionalnog i me\u0111unarodnog karaktera, te uspostavlja veze sa stranim institucijama u oblastima obrazovanja, nauke i istra\u017eivanja.<\/p><h6 data-start=\"552\" data-end=\"583\"><strong>Du\u017enosti i odgovornosti<\/strong><\/h6><ul data-start=\"584\" data-end=\"1683\"><li data-start=\"584\" data-end=\"693\"><p data-start=\"586\" data-end=\"693\">Podr\u017eava razvoj me\u0111unarodne me\u0111uuniverzitetske saradnje putem sporazuma i protokola;<\/p><\/li><li data-start=\"694\" data-end=\"779\"><p data-start=\"696\" data-end=\"779\">Koordinira i podr\u017eava regionalne i me\u0111unarodne projekte od interesa za UHZ;<\/p><\/li><li data-start=\"780\" data-end=\"937\"><p data-start=\"782\" data-end=\"937\">Osmi\u0161ljava i realizuje projekte koji unapre\u0111uju istra\u017eivanje i nau\u010dni rad u saradnji sa prorektorom za me\u0111unarodnu saradnju i unapre\u0111enje kvaliteta;<\/p><\/li><li data-start=\"938\" data-end=\"1038\"><p data-start=\"940\" data-end=\"1038\">Poma\u017ee u uspostavljanju veza sa stranim univerzitetima i savjetuje profesore u tom procesu;<\/p><\/li><li data-start=\"1039\" data-end=\"1236\"><p data-start=\"1041\" data-end=\"1236\">Prikuplja podatke o nacionalnim i me\u0111unarodnim fondovima za mobilnost studenata i akademskog osoblja (npr. DAAD, EU, Fulbright, British Council, itd.) i distribuira informacije fakultetima;<\/p><\/li><li data-start=\"1237\" data-end=\"1327\"><p data-start=\"1239\" data-end=\"1327\">Pru\u017ea informacije od relevantnih me\u0111unarodnih institucija za obrazovanje i saradnju;<\/p><\/li><li data-start=\"1328\" data-end=\"1373\"><p data-start=\"1330\" data-end=\"1373\">Vodi ljetni program Univerziteta;<\/p><\/li><li data-start=\"1374\" data-end=\"1470\"><p data-start=\"1376\" data-end=\"1470\">U\u010destvuje kao \u010dlan odbora za planiranje strategija za realizaciju projekata;<\/p><\/li><li data-start=\"1471\" data-end=\"1623\"><p data-start=\"1473\" data-end=\"1623\">Poma\u017ee rektoru i prorektoru za me\u0111unarodnu saradnju i unapre\u0111enje kvaliteta u svim pitanjima koja se odnose na me\u0111unarodnu saradnju;<\/p><\/li><li data-start=\"1624\" data-end=\"1683\"><p data-start=\"1626\" data-end=\"1683\">Tako\u0111er obavlja i druge zadatke po nalogu menad\u017eera.<\/p><\/li><\/ul><h6 data-start=\"1685\" data-end=\"1700\"><strong>izvje\u0161tavanje<\/strong><\/h6><ul data-start=\"1701\" data-end=\"1893\"><li data-start=\"1701\" data-end=\"1765\"><p data-start=\"1703\" data-end=\"1765\">Za operativna pitanja: izvje\u0161tava generalnog sekretara;<\/p><\/li><li data-start=\"1766\" data-end=\"1893\"><p data-start=\"1768\" data-end=\"1893\">Za stru\u010dna pitanja: izvje\u0161tava i koordinira rad s prorektorom za me\u0111unarodnu saradnju i unapre\u0111enje kvalitete.<\/p><\/li><\/ul><h6 data-start=\"1895\" data-end=\"1931\"><strong>Strukturiranje poslova<\/strong><\/h6><ul data-start=\"1932\" data-end=\"2055\"><li data-start=\"1932\" data-end=\"1981\"><p data-start=\"1934\" data-end=\"1981\">Direktor Ureda za me\u0111unarodnu saradnju;<\/p><\/li><li data-start=\"1982\" data-end=\"2026\"><p data-start=\"1984\" data-end=\"2026\">Slu\u017ebenik za me\u0111unarodnu saradnju (1);<\/p><\/li><li data-start=\"2027\" data-end=\"2055\"><p data-start=\"2029\" data-end=\"2055\">Projektni slu\u017ebenik (1).<\/p><\/li><\/ul><h6 data-start=\"2057\" data-end=\"2081\"><strong>Broj radnika<\/strong><\/h6><ul data-start=\"2082\" data-end=\"2147\"><li data-start=\"2082\" data-end=\"2147\"><p data-start=\"2084\" data-end=\"2147\">Ured za me\u0111unarodnu saradnju ima ukupno <strong data-start=\"2130\" data-end=\"2144\">3 radnika<\/strong>.<\/p><\/li><\/ul>\t\t\t\t\t\t\t\t<\/div>\n\t\t\t\t<\/div>\n\t\t\t\t<div class=\"elementor-element elementor-element-10942f0 sc_fly_static elementor-widget elementor-widget-spacer\" data-id=\"10942f0\" data-element_type=\"widget\" data-e-type=\"widget\" data-widget_type=\"spacer.default\">\n\t\t\t\t<div class=\"elementor-widget-container\">\n\t\t\t\t\t\t\t<div class=\"elementor-spacer\">\n\t\t\t<div class=\"elementor-spacer-inner\"><\/div>\n\t\t<\/div>\n\t\t\t\t\t\t<\/div>\n\t\t\t\t<\/div>\n\t\t\t\t<div class=\"elementor-element elementor-element-b9ed3c1 sc_fly_static elementor-widget elementor-widget-heading\" data-id=\"b9ed3c1\" data-element_type=\"widget\" data-e-type=\"widget\" data-widget_type=\"heading.default\">\n\t\t\t\t<div class=\"elementor-widget-container\">\n\t\t\t\t\t<h2 class=\"elementor-heading-title elementor-size-default\">Osoblje<\/h2>\t\t\t\t<\/div>\n\t\t\t\t<\/div>\n\t\t\t\t<div class=\"elementor-element elementor-element-1945d82 sc_fly_static elementor-widget elementor-widget-spacer\" data-id=\"1945d82\" data-element_type=\"widget\" data-e-type=\"widget\" data-widget_type=\"spacer.default\">\n\t\t\t\t<div class=\"elementor-widget-container\">\n\t\t\t\t\t\t\t<div class=\"elementor-spacer\">\n\t\t\t<div class=\"elementor-spacer-inner\"><\/div>\n\t\t<\/div>\n\t\t\t\t\t\t<\/div>\n\t\t\t\t<\/div>\n\t\t\t\t\t<\/div>\n\t\t<\/div>\n\t\t\t\t\t<\/div>\n\t\t<\/section>\n\t\t<div class=\"elementor-element elementor-element-3f104e9 e-flex e-con-boxed sc_layouts_column_icons_position_left e-con e-parent\" data-id=\"3f104e9\" data-element_type=\"container\" data-e-type=\"container\">\n\t\t\t\t\t<div class=\"e-con-inner\">\n\t\t\t\t<div class=\"elementor-element elementor-element-7e0c300 sc_fly_static elementor-widget elementor-widget-trx_sc_team\" data-id=\"7e0c300\" data-element_type=\"widget\" data-e-type=\"widget\" data-widget_type=\"trx_sc_team.default\">\n\t\t\t\t<div class=\"elementor-widget-container\">\n\t\t\t\t\t<div \t\tclass=\"sc_team sc_team_3d-simple\"><div class=\"sc_team_columns_wrap sc_item_columns sc_item_posts_container trx_addons_columns_wrap columns_padding_bottom columns_in_single_row\"><div class=\"trx_addons_column-1_3\"><div data-post-id=\"22977\" class=\"sc_team_item sc_item_container post_container start-inner-3d no_links post-22977 cpt_team type-cpt_team status-publish has-post-thumbnail hentry cpt_team_group-stafi-i-zyres-per-bashkepunim-nderkombetare\">\n\t<div class=\"post_featured sc_team_item_thumb trx_addons_hover trx_addons_hover_style_info_anim\"><img fetchpriority=\"high\" decoding=\"async\" width=\"390\" height=\"476\" src=\"https:\/\/unhz.eu\/wp-content\/uploads\/2024\/04\/no-img.png\" class=\"attachment-law-office-thumb-rectangle size-law-office-thumb-rectangle wp-post-image\" alt=\"\" srcset=\"https:\/\/unhz.eu\/wp-content\/uploads\/2024\/04\/no-img.png 390w, https:\/\/unhz.eu\/wp-content\/uploads\/2024\/04\/no-img-246x300.png 246w, https:\/\/unhz.eu\/wp-content\/uploads\/2024\/04\/no-img-370x452.png 370w\" sizes=\"(max-width: 600px) 100vw, 390px\" \/><a class=\"post_link sc_team_item_link\" href=\"https:\/\/unhz.eu\/bs\/team\/arberora-haxhijaj\/\"><\/a><div class=\"trx_addons_hover_mask\"><\/div><\/div>\t<div class=\"sc_team_item_info\">\n\t\t<div class=\"sc_team_item_header\">\n\t\t\t<h4 class=\"sc_team_item_title entry-title\"><a href=\"https:\/\/unhz.eu\/bs\/team\/arberora-haxhijaj\/\">Arberora Haxhijaj<\/a><\/h4>\n\t\t\t<div class=\"sc_team_item_subtitle\">Direktor Ureda za me\u0111unarodnu saradnju<\/div>\t\t<\/div>\n\t\t\t\t\t<div class=\"trx_addons_hover_team\"><div class=\"sc_team_item_socials socials_wrap trx_addons_hover_info\"> <\/div><\/div>\n\t\t\t\t<\/div>\n\n<\/div>\n<\/div><\/div><\/div>\t\t\t\t<\/div>\n\t\t\t\t<\/div>\n\t\t\t\t\t<\/div>\n\t\t\t\t<\/div>\n\t\t\t\t<\/div>","protected":false},"excerpt":{"rendered":"<p>Rreth ZYR\u00ebs P\u00cbR BASHK\u00cbPUNIM ND\u00cbRKOMB\u00cbTAR Zyra p\u00ebr Bashk\u00ebpunim Nd\u00ebrkomb\u00ebtar ka p\u00ebr detyr\u00eb t\u00eb p\u00ebrkrah\u00eb zhvillimin&hellip;<\/p>","protected":false},"author":1,"featured_media":0,"parent":0,"menu_order":0,"comment_status":"closed","ping_status":"closed","template":"","meta":{"_acf_changed":false,"footnotes":""},"class_list":["post-22845","page","type-page","status-publish","hentry"],"yoast_head":"<!-- This site is optimized with the Yoast SEO Premium plugin v27.2 (Yoast SEO v27.2) - https:\/\/yoast.com\/product\/yoast-seo-premium-wordpress\/ -->\n<title>Zyra p\u00ebr Bashk\u00ebpunim Nd\u00ebrkomb\u00ebtar \u2013 UHZ, Pej\u00eb<\/title>\n<meta name=\"description\" content=\"Zyra p\u00ebr Bashk\u00ebpunim Nd\u00ebrkomb\u00ebtar e UHZ-s\u00eb forcon partneritetet nd\u00ebruniversitare, koordinon projekte rajonale dhe nd\u00ebrkomb\u00ebtare dhe mb\u00ebshtet staf akademik e student\u00eb.\" \/>\n<meta name=\"robots\" content=\"index, follow, max-snippet:-1, max-image-preview:large, max-video-preview:-1\" \/>\n<link rel=\"canonical\" href=\"https:\/\/unhz.eu\/bs\/zyra-per-bashkepunim-nderkombetar\/\" \/>\n<meta property=\"og:locale\" content=\"bs_BA\" \/>\n<meta property=\"og:type\" content=\"article\" \/>\n<meta property=\"og:title\" content=\"Zyra p\u00ebr Bashk\u00ebpunim Nd\u00ebrkomb\u00ebtar\" \/>\n<meta property=\"og:description\" content=\"Zyra p\u00ebr Bashk\u00ebpunim Nd\u00ebrkomb\u00ebtar e UHZ-s\u00eb forcon partneritetet nd\u00ebruniversitare, koordinon projekte rajonale dhe nd\u00ebrkomb\u00ebtare dhe mb\u00ebshtet staf akademik e student\u00eb.\" \/>\n<meta property=\"og:url\" content=\"https:\/\/unhz.eu\/bs\/zyra-per-bashkepunim-nderkombetar\/\" \/>\n<meta property=\"og:site_name\" content=\"University Haxhi Zeka\" \/>\n<meta property=\"article:publisher\" content=\"https:\/\/www.facebook.com\/uni.haxhizeka\" \/>\n<meta property=\"article:modified_time\" content=\"2025-09-10T07:48:28+00:00\" \/>\n<meta property=\"og:image\" content=\"https:\/\/unhz.eu\/wp-content\/uploads\/2024\/04\/no-img.png\" \/>\n<meta name=\"twitter:card\" content=\"summary_large_image\" \/>\n<meta name=\"twitter:site\" content=\"@uni_haxhizeka\" \/>\n<meta name=\"twitter:label1\" content=\"Est. reading time\" \/>\n\t<meta name=\"twitter:data1\" content=\"2 minute\" \/>\n<script type=\"application\/ld+json\" class=\"yoast-schema-graph\">{\"@context\":\"https:\/\/schema.org\",\"@graph\":[{\"@type\":\"WebPage\",\"@id\":\"https:\/\/unhz.eu\/zyra-per-bashkepunim-nderkombetar\/\",\"url\":\"https:\/\/unhz.eu\/zyra-per-bashkepunim-nderkombetar\/\",\"name\":\"Zyra p\u00ebr Bashk\u00ebpunim Nd\u00ebrkomb\u00ebtar \u2013 UHZ, Pej\u00eb\",\"isPartOf\":{\"@id\":\"https:\/\/unhz.eu\/#website\"},\"primaryImageOfPage\":{\"@id\":\"https:\/\/unhz.eu\/zyra-per-bashkepunim-nderkombetar\/#primaryimage\"},\"image\":{\"@id\":\"https:\/\/unhz.eu\/zyra-per-bashkepunim-nderkombetar\/#primaryimage\"},\"thumbnailUrl\":\"https:\/\/unhz.eu\/wp-content\/uploads\/2024\/04\/no-img.png\",\"datePublished\":\"2024-04-22T14:14:03+00:00\",\"dateModified\":\"2025-09-10T07:48:28+00:00\",\"description\":\"Zyra p\u00ebr Bashk\u00ebpunim Nd\u00ebrkomb\u00ebtar e UHZ-s\u00eb forcon partneritetet nd\u00ebruniversitare, koordinon projekte rajonale dhe nd\u00ebrkomb\u00ebtare dhe mb\u00ebshtet staf akademik e student\u00eb.\",\"breadcrumb\":{\"@id\":\"https:\/\/unhz.eu\/zyra-per-bashkepunim-nderkombetar\/#breadcrumb\"},\"inLanguage\":\"bs-BA\",\"potentialAction\":[{\"@type\":\"ReadAction\",\"target\":[\"https:\/\/unhz.eu\/zyra-per-bashkepunim-nderkombetar\/\"]}]},{\"@type\":\"ImageObject\",\"inLanguage\":\"bs-BA\",\"@id\":\"https:\/\/unhz.eu\/zyra-per-bashkepunim-nderkombetar\/#primaryimage\",\"url\":\"https:\/\/unhz.eu\/wp-content\/uploads\/2024\/04\/no-img.png\",\"contentUrl\":\"https:\/\/unhz.eu\/wp-content\/uploads\/2024\/04\/no-img.png\"},{\"@type\":\"BreadcrumbList\",\"@id\":\"https:\/\/unhz.eu\/zyra-per-bashkepunim-nderkombetar\/#breadcrumb\",\"itemListElement\":[{\"@type\":\"ListItem\",\"position\":1,\"name\":\"Home\",\"item\":\"https:\/\/unhz.eu\/\"},{\"@type\":\"ListItem\",\"position\":2,\"name\":\"Zyra p\u00ebr Bashk\u00ebpunim Nd\u00ebrkomb\u00ebtar\"}]},{\"@type\":\"WebSite\",\"@id\":\"https:\/\/unhz.eu\/#website\",\"url\":\"https:\/\/unhz.eu\/\",\"name\":\"Universiteti \u201cHaxhi Zeka\u201d\",\"description\":\"I dedikuar p\u00ebr cil\u00ebsi, standarde dhe suksese\",\"publisher\":{\"@id\":\"https:\/\/unhz.eu\/#organization\"},\"alternateName\":\"Universiteti Haxhi Zeka\",\"potentialAction\":[{\"@type\":\"SearchAction\",\"target\":{\"@type\":\"EntryPoint\",\"urlTemplate\":\"https:\/\/unhz.eu\/?s={search_term_string}\"},\"query-input\":{\"@type\":\"PropertyValueSpecification\",\"valueRequired\":true,\"valueName\":\"search_term_string\"}}],\"inLanguage\":\"bs-BA\"},{\"@type\":\"Organization\",\"@id\":\"https:\/\/unhz.eu\/#organization\",\"name\":\"Universiteti \u201cHaxhi Zeka\u201d\",\"alternateName\":\"Universiteti Haxhi Zeka\",\"url\":\"https:\/\/unhz.eu\/\",\"logo\":{\"@type\":\"ImageObject\",\"inLanguage\":\"bs-BA\",\"@id\":\"https:\/\/unhz.eu\/#\/schema\/logo\/image\/\",\"url\":\"https:\/\/unhz.eu\/wp-content\/uploads\/2025\/04\/logo-unhz.webp\",\"contentUrl\":\"https:\/\/unhz.eu\/wp-content\/uploads\/2025\/04\/logo-unhz.webp\",\"width\":1024,\"height\":260,\"caption\":\"Universiteti \u201cHaxhi Zeka\u201d\"},\"image\":{\"@id\":\"https:\/\/unhz.eu\/#\/schema\/logo\/image\/\"},\"sameAs\":[\"https:\/\/www.facebook.com\/uni.haxhizeka\",\"https:\/\/x.com\/uni_haxhizeka\",\"https:\/\/www.linkedin.com\/school\/haxhi-zeka-university\",\"https:\/\/www.instagram.com\/uni_haxhizeka\/\"],\"description\":\"Universiteti \u201cHaxhi Zeka\u201d n\u00eb Pej\u00eb \u00ebsht\u00eb institucion publik i arsimit t\u00eb lart\u00eb, q\u00eb ofron studime bachelor, master dhe doktorat\u00eb n\u00eb fusha t\u00eb ndryshme si menaxhimi, turizmi, ekonomia, bujq\u00ebsia, arti dhe drejt\u00ebsia. Universiteti synon zhvillimin akademik, hulumtimin shkencor dhe kontributin n\u00eb komunitet.\",\"email\":\"info@unhz.eu\",\"telephone\":\"+38339410970\",\"legalName\":\"Universiteti \u201cHaxhi Zeka\u201d n\u00eb Pej\u00eb\",\"foundingDate\":\"2011-11-14\",\"numberOfEmployees\":{\"@type\":\"QuantitativeValue\",\"minValue\":\"201\",\"maxValue\":\"500\"}}]}<\/script>\n<!-- \/ Yoast SEO Premium plugin. -->","yoast_head_json":{"title":"Ured za me\u0111unarodnu saradnju \u2013 UHZ, Pe\u0107","description":"Ured za me\u0111unarodnu saradnju Univerziteta u Hagu (UHZ) ja\u010da me\u0111uuniverzitetska partnerstva, koordinira regionalne i me\u0111unarodne projekte i podr\u017eava akademsko osoblje i studente.","robots":{"index":"index","follow":"follow","max-snippet":"max-snippet:-1","max-image-preview":"max-image-preview:large","max-video-preview":"max-video-preview:-1"},"canonical":"https:\/\/unhz.eu\/bs\/zyra-per-bashkepunim-nderkombetar\/","og_locale":"bs_BA","og_type":"article","og_title":"Zyra p\u00ebr Bashk\u00ebpunim Nd\u00ebrkomb\u00ebtar","og_description":"Zyra p\u00ebr Bashk\u00ebpunim Nd\u00ebrkomb\u00ebtar e UHZ-s\u00eb forcon partneritetet nd\u00ebruniversitare, koordinon projekte rajonale dhe nd\u00ebrkomb\u00ebtare dhe mb\u00ebshtet staf akademik e student\u00eb.","og_url":"https:\/\/unhz.eu\/bs\/zyra-per-bashkepunim-nderkombetar\/","og_site_name":"University Haxhi Zeka","article_publisher":"https:\/\/www.facebook.com\/uni.haxhizeka","article_modified_time":"2025-09-10T07:48:28+00:00","og_image":[{"url":"https:\/\/unhz.eu\/wp-content\/uploads\/2024\/04\/no-img.png","type":"","width":"","height":""}],"twitter_card":"summary_large_image","twitter_site":"@uni_haxhizeka","twitter_misc":{"Est. reading time":"2 minute"},"schema":{"@context":"https:\/\/schema.org","@graph":[{"@type":"WebPage","@id":"https:\/\/unhz.eu\/zyra-per-bashkepunim-nderkombetar\/","url":"https:\/\/unhz.eu\/zyra-per-bashkepunim-nderkombetar\/","name":"Ured za me\u0111unarodnu saradnju \u2013 UHZ, Pe\u0107","isPartOf":{"@id":"https:\/\/unhz.eu\/#website"},"primaryImageOfPage":{"@id":"https:\/\/unhz.eu\/zyra-per-bashkepunim-nderkombetar\/#primaryimage"},"image":{"@id":"https:\/\/unhz.eu\/zyra-per-bashkepunim-nderkombetar\/#primaryimage"},"thumbnailUrl":"https:\/\/unhz.eu\/wp-content\/uploads\/2024\/04\/no-img.png","datePublished":"2024-04-22T14:14:03+00:00","dateModified":"2025-09-10T07:48:28+00:00","description":"Ured za me\u0111unarodnu saradnju Univerziteta u Hagu (UHZ) ja\u010da me\u0111uuniverzitetska partnerstva, koordinira regionalne i me\u0111unarodne projekte i podr\u017eava akademsko osoblje i studente.","breadcrumb":{"@id":"https:\/\/unhz.eu\/zyra-per-bashkepunim-nderkombetar\/#breadcrumb"},"inLanguage":"bs-BA","potentialAction":[{"@type":"ReadAction","target":["https:\/\/unhz.eu\/zyra-per-bashkepunim-nderkombetar\/"]}]},{"@type":"ImageObject","inLanguage":"bs-BA","@id":"https:\/\/unhz.eu\/zyra-per-bashkepunim-nderkombetar\/#primaryimage","url":"https:\/\/unhz.eu\/wp-content\/uploads\/2024\/04\/no-img.png","contentUrl":"https:\/\/unhz.eu\/wp-content\/uploads\/2024\/04\/no-img.png"},{"@type":"BreadcrumbList","@id":"https:\/\/unhz.eu\/zyra-per-bashkepunim-nderkombetar\/#breadcrumb","itemListElement":[{"@type":"ListItem","position":1,"name":"Home","item":"https:\/\/unhz.eu\/"},{"@type":"ListItem","position":2,"name":"Zyra p\u00ebr Bashk\u00ebpunim Nd\u00ebrkomb\u00ebtar"}]},{"@type":"WebSite","@id":"https:\/\/unhz.eu\/#website","url":"https:\/\/unhz.eu\/","name":"Univerzitet &quot;Had\u017ei Zeka&quot;\u201c","description":"Posve\u0107eni kvaliteti, standardima i uspjehu","publisher":{"@id":"https:\/\/unhz.eu\/#organization"},"alternateName":"Universiteti Haxhi Zeka","potentialAction":[{"@type":"SearchAction","target":{"@type":"EntryPoint","urlTemplate":"https:\/\/unhz.eu\/?s={search_term_string}"},"query-input":{"@type":"PropertyValueSpecification","valueRequired":true,"valueName":"search_term_string"}}],"inLanguage":"bs-BA"},{"@type":"Organization","@id":"https:\/\/unhz.eu\/#organization","name":"Univerzitet &quot;Had\u017ei Zeka&quot;\u201c","alternateName":"Universiteti Haxhi Zeka","url":"https:\/\/unhz.eu\/","logo":{"@type":"ImageObject","inLanguage":"bs-BA","@id":"https:\/\/unhz.eu\/#\/schema\/logo\/image\/","url":"https:\/\/unhz.eu\/wp-content\/uploads\/2025\/04\/logo-unhz.webp","contentUrl":"https:\/\/unhz.eu\/wp-content\/uploads\/2025\/04\/logo-unhz.webp","width":1024,"height":260,"caption":"Universiteti \u201cHaxhi Zeka\u201d"},"image":{"@id":"https:\/\/unhz.eu\/#\/schema\/logo\/image\/"},"sameAs":["https:\/\/www.facebook.com\/uni.haxhizeka","https:\/\/x.com\/uni_haxhizeka","https:\/\/www.linkedin.com\/school\/haxhi-zeka-university","https:\/\/www.instagram.com\/uni_haxhizeka\/"],"description":"Univerzitet &quot;Had\u017ei Zeka&quot; u Pe\u0107i je javna visoko\u0161kolska ustanova koja nudi dodiplomske, master i doktorske studije u raznim oblastima kao \u0161to su menad\u017ement, turizam, ekonomija, poljoprivreda, umjetnost i pravo. Univerzitet ima za cilj akademski razvoj, nau\u010dna istra\u017eivanja i doprinos zajednici.","email":"info@unhz.eu","telephone":"+38339410970","legalName":"Universiteti \u201cHaxhi Zeka\u201d n\u00eb Pej\u00eb","foundingDate":"2011-11-14","numberOfEmployees":{"@type":"QuantitativeValue","minValue":"201","maxValue":"500"}}]}},"acf":[],"_links":{"self":[{"href":"https:\/\/unhz.eu\/bs\/wp-json\/wp\/v2\/pages\/22845","targetHints":{"allow":["GET"]}}],"collection":[{"href":"https:\/\/unhz.eu\/bs\/wp-json\/wp\/v2\/pages"}],"about":[{"href":"https:\/\/unhz.eu\/bs\/wp-json\/wp\/v2\/types\/page"}],"author":[{"embeddable":true,"href":"https:\/\/unhz.eu\/bs\/wp-json\/wp\/v2\/users\/1"}],"replies":[{"embeddable":true,"href":"https:\/\/unhz.eu\/bs\/wp-json\/wp\/v2\/comments?post=22845"}],"version-history":[{"count":5,"href":"https:\/\/unhz.eu\/bs\/wp-json\/wp\/v2\/pages\/22845\/revisions"}],"predecessor-version":[{"id":57436,"href":"https:\/\/unhz.eu\/bs\/wp-json\/wp\/v2\/pages\/22845\/revisions\/57436"}],"wp:attachment":[{"href":"https:\/\/unhz.eu\/bs\/wp-json\/wp\/v2\/media?parent=22845"}],"curies":[{"name":"radni list","href":"https:\/\/api.w.org\/{rel}","templated":true}]}}