{"id":22841,"date":"2024-04-22T14:13:29","date_gmt":"2024-04-22T14:13:29","guid":{"rendered":"https:\/\/unhz.eu\/?page_id=22841"},"modified":"2025-07-18T14:10:58","modified_gmt":"2025-07-18T12:10:58","slug":"zyra-e-teknologjise-se-informacionit","status":"publish","type":"page","link":"https:\/\/unhz.eu\/bs\/zyra-e-teknologjise-se-informacionit\/","title":{"rendered":"Zyra e Teknologjis\u00eb s\u00eb Informacionit"},"content":{"rendered":"<div data-elementor-type=\"wp-page\" data-elementor-id=\"22841\" class=\"elementor elementor-22841\" data-elementor-post-type=\"page\">\n\t\t\t\t\t\t<section class=\"elementor-section elementor-top-section elementor-element elementor-element-11162f0 elementor-section-boxed elementor-section-height-default elementor-section-height-default sc_fly_static\" data-id=\"11162f0\" data-element_type=\"section\" data-e-type=\"section\">\n\t\t\t\t\t\t<div class=\"elementor-container elementor-column-gap-extended\">\n\t\t\t\t\t<div class=\"elementor-column elementor-col-100 elementor-top-column elementor-element elementor-element-b9e63ec sc_content_align_inherit sc_layouts_column_icons_position_left sc_fly_static\" data-id=\"b9e63ec\" data-element_type=\"column\" data-e-type=\"column\">\n\t\t\t<div class=\"elementor-widget-wrap elementor-element-populated\">\n\t\t\t\t\t\t<div class=\"elementor-element elementor-element-e971487 sc_fly_static elementor-widget elementor-widget-trx_sc_title\" data-id=\"e971487\" data-element_type=\"widget\" data-e-type=\"widget\" data-widget_type=\"trx_sc_title.default\">\n\t\t\t\t<div class=\"elementor-widget-container\">\n\t\t\t\t\t<div\t\tclass=\"sc_title sc_title_default\" ><span class=\"sc_item_subtitle sc_title_subtitle sc_item_subtitle_above sc_item_title_style_default\">O nama<\/span><h5 class=\"sc_item_title sc_title_title sc_item_title_style_default sc_item_title_tag\"\n\t\t\t><span class=\"sc_item_title_text\">ZYR\u00ebs S\u00cb TEKNOLOGJIS\u00cb S\u00cb INFORMACIONIT<\/span><\/h5><\/div>\t\t\t\t<\/div>\n\t\t\t\t<\/div>\n\t\t\t\t<div class=\"elementor-element elementor-element-9364a25 sc_fly_static elementor-widget elementor-widget-spacer\" data-id=\"9364a25\" data-element_type=\"widget\" data-e-type=\"widget\" data-widget_type=\"spacer.default\">\n\t\t\t\t<div class=\"elementor-widget-container\">\n\t\t\t\t\t\t\t<div class=\"elementor-spacer\">\n\t\t\t<div class=\"elementor-spacer-inner\"><\/div>\n\t\t<\/div>\n\t\t\t\t\t\t<\/div>\n\t\t\t\t<\/div>\n\t\t\t\t<div class=\"elementor-element elementor-element-05d7975 sc_fly_static elementor-widget elementor-widget-text-editor\" data-id=\"05d7975\" data-element_type=\"widget\" data-e-type=\"widget\" data-widget_type=\"text-editor.default\">\n\t\t\t\t<div class=\"elementor-widget-container\">\n\t\t\t\t\t\t\t\t\t<h6 data-start=\"363\" data-end=\"399\"><strong data-start=\"367\" data-end=\"399\">I. Detyrat dhe P\u00ebrgjegj\u00ebsit\u00eb<\/strong><\/h6><p data-start=\"401\" data-end=\"713\"><strong data-start=\"401\" data-end=\"445\">Zyra e Teknologjis\u00eb s\u00eb Informacionit <a href=\"http:\/\/www.unhz.eu\">UHZ<\/a><\/strong> \u00ebsht\u00eb p\u00ebrgjegj\u00ebse p\u00ebr menaxhimin teknik, funksionimin dhe mir\u00ebmbajtjen e infrastruktur\u00ebs s\u00eb TI-s\u00eb n\u00eb <a href=\"http:\/\/unhz.eu\">Universitetin \u201cHaxhi Zeka\u201d<\/a>. Zyra zhvillon procedura dhe masa sigurie p\u00ebr rrjetin, server\u00ebt dhe sh\u00ebrbimet digjitale n\u00eb p\u00ebrputhje me politikat e qeverisjes elektronike.<\/p><h6 data-start=\"720\" data-end=\"762\"><strong data-start=\"724\" data-end=\"762\">P\u00ebrgjegj\u00ebsit\u00eb kryesore p\u00ebrfshijn\u00eb:<\/strong><\/h6><ul data-start=\"764\" data-end=\"1517\"><li data-start=\"764\" data-end=\"923\"><p data-start=\"766\" data-end=\"923\">Operacionet ditore t\u00eb <strong data-start=\"788\" data-end=\"810\">tavolin\u00ebs ndihm\u00ebse<\/strong>, monitorimin dhe mir\u00ebmbajtjen e vazhdueshme t\u00eb <strong data-start=\"858\" data-end=\"881\">dhom\u00ebs s\u00eb server\u00ebve<\/strong> dhe pajisjeve kritike t\u00eb infrastruktur\u00ebs.<\/p><\/li><li data-start=\"924\" data-end=\"1023\"><p data-start=\"926\" data-end=\"1023\">Mbledhjen dhe analizimin e <strong data-start=\"953\" data-end=\"974\">fakteve relevante<\/strong> mbi nevojat dhe k\u00ebrkesat e nj\u00ebsive organizative.<\/p><\/li><li data-start=\"1024\" data-end=\"1098\"><p data-start=\"1026\" data-end=\"1098\">Menaxhimin e <strong data-start=\"1039\" data-end=\"1097\">Sistemit t\u00eb Menaxhimit Universitar (<a href=\"http:\/\/smu.unhz.eu\">SMU<\/a>).<\/strong><\/p><\/li><li data-start=\"1099\" data-end=\"1169\"><p data-start=\"1101\" data-end=\"1169\">Menaxhimin dhe mir\u00ebmbajtjen e <strong data-start=\"1131\" data-end=\"1151\">webfaqes zyrtare<\/strong> t\u00eb universitetit.<\/p><\/li><li data-start=\"1170\" data-end=\"1325\"><p data-start=\"1172\" data-end=\"1325\">P\u00ebrgatitjen e dokumentacionit p\u00ebr <strong data-start=\"1206\" data-end=\"1231\">prokurime dhe tender\u00eb<\/strong>, si dhe menaxhimin e kontratave p\u00ebr pajisje TI, sh\u00ebrbime fotokopjimi, internet dhe rrjet VPN.<\/p><\/li><li data-start=\"1326\" data-end=\"1414\"><p data-start=\"1328\" data-end=\"1414\">Menaxhimin e paketave softuerike dhe rrjetit t\u00eb brendsh\u00ebm n\u00eb objektet e universitetit.<\/p><\/li><li data-start=\"1415\" data-end=\"1517\"><p data-start=\"1417\" data-end=\"1517\">Mir\u00ebmbajtjen dhe p\u00ebrdit\u00ebsimin e <strong data-start=\"1449\" data-end=\"1503\">baz\u00ebs s\u00eb t\u00eb dh\u00ebnave t\u00eb k\u00ebrkesave dhe parashtresave<\/strong> t\u00eb brendshme.<\/p><\/li><\/ul><h6 data-start=\"1524\" data-end=\"1556\"><strong data-start=\"1528\" data-end=\"1556\">Struktura dhe Organizimi<\/strong><\/h6><p data-start=\"1558\" data-end=\"1660\"><strong data-start=\"1558\" data-end=\"1574\">Zyra e TI-s\u00eb<\/strong> udh\u00ebhiqet nga <strong data-start=\"1589\" data-end=\"1609\">Drejtori i TI-s\u00eb<\/strong>, i cili raporton tek <strong data-start=\"1631\" data-end=\"1659\">Generalni sekretar<\/strong>.<\/p><p data-start=\"1662\" data-end=\"1742\">Sipas sistematizimit t\u00eb vendeve t\u00eb pun\u00ebs, Zyra e TI-s\u00eb p\u00ebrb\u00ebhet nga k\u00ebto pozita:<\/p><ol data-start=\"1744\" data-end=\"1918\"><li data-start=\"1744\" data-end=\"1774\"><p data-start=\"1747\" data-end=\"1774\">Drejtori i Zyr\u00ebs s\u00eb TI-s\u00eb<\/p><\/li><li data-start=\"1775\" data-end=\"1812\"><p data-start=\"1778\" data-end=\"1812\">Administrator i Rrjetit t\u00eb TI-s\u00eb<\/p><\/li><li data-start=\"1813\" data-end=\"1857\"><p data-start=\"1816\" data-end=\"1857\">Administrator i Rrjetit t\u00eb Komunikimeve<\/p><\/li><li data-start=\"1858\" data-end=\"1900\"><p data-start=\"1861\" data-end=\"1900\">Administrator i Qendr\u00ebs s\u00eb t\u00eb Dh\u00ebnave<\/p><\/li><li data-start=\"1901\" data-end=\"1918\"><p data-start=\"1904\" data-end=\"1918\">Zyrtar i TI-s\u00eb<\/p><\/li><\/ol>\t\t\t\t\t\t\t\t<\/div>\n\t\t\t\t<\/div>\n\t\t\t\t<div class=\"elementor-element elementor-element-5a50233 sc_fly_static elementor-widget elementor-widget-spacer\" data-id=\"5a50233\" data-element_type=\"widget\" data-e-type=\"widget\" data-widget_type=\"spacer.default\">\n\t\t\t\t<div class=\"elementor-widget-container\">\n\t\t\t\t\t\t\t<div class=\"elementor-spacer\">\n\t\t\t<div class=\"elementor-spacer-inner\"><\/div>\n\t\t<\/div>\n\t\t\t\t\t\t<\/div>\n\t\t\t\t<\/div>\n\t\t\t\t<div class=\"elementor-element elementor-element-90158d0 sc_fly_static elementor-widget elementor-widget-heading\" data-id=\"90158d0\" data-element_type=\"widget\" data-e-type=\"widget\" data-widget_type=\"heading.default\">\n\t\t\t\t<div class=\"elementor-widget-container\">\n\t\t\t\t\t<h2 class=\"elementor-heading-title elementor-size-default\">Osoblje<\/h2>\t\t\t\t<\/div>\n\t\t\t\t<\/div>\n\t\t\t\t<div class=\"elementor-element elementor-element-49484a1 sc_fly_static elementor-widget elementor-widget-spacer\" data-id=\"49484a1\" data-element_type=\"widget\" data-e-type=\"widget\" data-widget_type=\"spacer.default\">\n\t\t\t\t<div class=\"elementor-widget-container\">\n\t\t\t\t\t\t\t<div class=\"elementor-spacer\">\n\t\t\t<div class=\"elementor-spacer-inner\"><\/div>\n\t\t<\/div>\n\t\t\t\t\t\t<\/div>\n\t\t\t\t<\/div>\n\t\t\t\t<div class=\"elementor-element elementor-element-2558e0e sc_fly_static elementor-widget elementor-widget-trx_sc_team\" data-id=\"2558e0e\" data-element_type=\"widget\" data-e-type=\"widget\" data-widget_type=\"trx_sc_team.default\">\n\t\t\t\t<div class=\"elementor-widget-container\">\n\t\t\t\t\t<div \t\tclass=\"sc_team sc_team_3d-simple\"><div class=\"sc_team_columns_wrap sc_item_columns sc_item_posts_container trx_addons_columns_wrap columns_padding_bottom columns_in_single_row\"><div class=\"trx_addons_column-1_3\"><div data-post-id=\"22963\" class=\"sc_team_item sc_item_container post_container start-inner-3d no_links post-22963 cpt_team type-cpt_team status-publish has-post-thumbnail hentry cpt_team_group-stafi-i-zyres-se-teknologjise-se-informacionit\">\n\t<div class=\"post_featured sc_team_item_thumb trx_addons_hover trx_addons_hover_style_info_anim\"><img fetchpriority=\"high\" decoding=\"async\" width=\"288\" height=\"292\" src=\"https:\/\/unhz.eu\/wp-content\/uploads\/2024\/04\/Adnan-Lataj.png\" class=\"attachment-law-office-thumb-rectangle size-law-office-thumb-rectangle wp-post-image\" alt=\"Adnan Lataj, Drejtor i IT n\u00eb Universitetin Haxhi Zeka, Pej\u00eb\" \/><a class=\"post_link sc_team_item_link\" href=\"https:\/\/unhz.eu\/bs\/team\/adnan-lataj\/\"><\/a><div class=\"trx_addons_hover_mask\"><\/div><\/div>\t<div class=\"sc_team_item_info\">\n\t\t<div class=\"sc_team_item_header\">\n\t\t\t<h4 class=\"sc_team_item_title entry-title\"><a href=\"https:\/\/unhz.eu\/bs\/team\/adnan-lataj\/\">ADNAN LATAJ<\/a><\/h4>\n\t\t\t<div class=\"sc_team_item_subtitle\">Drejtor i Zyr\u00ebs s\u00eb Teknologjis\u00eb s\u00eb Informacionit<\/div>\t\t<\/div>\n\t\t\t\t\t<div class=\"trx_addons_hover_team\"><div class=\"sc_team_item_socials socials_wrap trx_addons_hover_info\"> <\/div><\/div>\n\t\t\t\t<\/div>\n\n<\/div>\n<\/div><div class=\"trx_addons_column-1_3\"><div data-post-id=\"22966\" class=\"sc_team_item sc_item_container post_container start-inner-3d no_links post-22966 cpt_team type-cpt_team status-publish has-post-thumbnail hentry cpt_team_group-stafi-i-zyres-se-teknologjise-se-informacionit\">\n\t<div class=\"post_featured sc_team_item_thumb trx_addons_hover trx_addons_hover_style_info_anim\"><img decoding=\"async\" width=\"288\" height=\"292\" src=\"https:\/\/unhz.eu\/wp-content\/uploads\/2024\/04\/Arijan-Zallqi.png\" class=\"attachment-law-office-thumb-rectangle size-law-office-thumb-rectangle wp-post-image\" alt=\"\" \/><a class=\"post_link sc_team_item_link\" href=\"https:\/\/unhz.eu\/bs\/team\/arijan-zallqi\/\"><\/a><div class=\"trx_addons_hover_mask\"><\/div><\/div>\t<div class=\"sc_team_item_info\">\n\t\t<div class=\"sc_team_item_header\">\n\t\t\t<h4 class=\"sc_team_item_title entry-title\"><a href=\"https:\/\/unhz.eu\/bs\/team\/arijan-zallqi\/\">Arijan Zallqi<\/a><\/h4>\n\t\t\t<div class=\"sc_team_item_subtitle\">Administrator i Rrjetit<\/div>\t\t<\/div>\n\t\t\t\t\t<div class=\"trx_addons_hover_team\"><div class=\"sc_team_item_socials socials_wrap trx_addons_hover_info\"> <\/div><\/div>\n\t\t\t\t<\/div>\n\n<\/div>\n<\/div><div class=\"trx_addons_column-1_3\"><div data-post-id=\"22970\" class=\"sc_team_item sc_item_container post_container start-inner-3d no_links post-22970 cpt_team type-cpt_team status-publish has-post-thumbnail hentry cpt_team_group-stafi-i-zyres-se-teknologjise-se-informacionit\">\n\t<div class=\"post_featured sc_team_item_thumb trx_addons_hover trx_addons_hover_style_info_anim\"><img decoding=\"async\" width=\"288\" height=\"292\" src=\"https:\/\/unhz.eu\/wp-content\/uploads\/2024\/04\/Agon-Gashi.png\" class=\"attachment-law-office-thumb-rectangle size-law-office-thumb-rectangle wp-post-image\" alt=\"\" \/><a class=\"post_link sc_team_item_link\" href=\"https:\/\/unhz.eu\/bs\/team\/agon-gashi\/\"><\/a><div class=\"trx_addons_hover_mask\"><\/div><\/div>\t<div class=\"sc_team_item_info\">\n\t\t<div class=\"sc_team_item_header\">\n\t\t\t<h4 class=\"sc_team_item_title entry-title\"><a href=\"https:\/\/unhz.eu\/bs\/team\/agon-gashi\/\">Agon Gashi<\/a><\/h4>\n\t\t\t<div class=\"sc_team_item_subtitle\">Administrator i Qendr\u00ebs s\u00eb t\u00eb Dh\u00ebnave<\/div>\t\t<\/div>\n\t\t\t\t\t<div class=\"trx_addons_hover_team\"><div class=\"sc_team_item_socials socials_wrap trx_addons_hover_info\"> <\/div><\/div>\n\t\t\t\t<\/div>\n\n<\/div>\n<\/div><\/div><\/div>\t\t\t\t<\/div>\n\t\t\t\t<\/div>\n\t\t\t\t\t<\/div>\n\t\t<\/div>\n\t\t\t\t\t<\/div>\n\t\t<\/section>\n\t\t\t\t<\/div>","protected":false},"excerpt":{"rendered":"<p>Rreth ZYR\u00ebs S\u00cb TEKNOLOGJIS\u00cb S\u00cb INFORMACIONIT I. Detyrat dhe P\u00ebrgjegj\u00ebsit\u00eb Zyra e Teknologjis\u00eb s\u00eb Informacionit&hellip;<\/p>","protected":false},"author":1,"featured_media":0,"parent":0,"menu_order":0,"comment_status":"closed","ping_status":"closed","template":"","meta":{"_acf_changed":false,"footnotes":""},"class_list":["post-22841","page","type-page","status-publish","hentry"],"yoast_head":"<!-- This site is optimized with the Yoast SEO Premium plugin v27.2 (Yoast SEO v27.2) - https:\/\/yoast.com\/product\/yoast-seo-premium-wordpress\/ -->\n<title>Zyra Teknologjis\u00eb Informacionit UHZ | Universiteti Haxhi Zeka<\/title>\n<meta name=\"description\" content=\"Zyra teknologjise informacionit UHZ menaxhon rrjetin, server\u00ebt, SEMS dhe webin zyrtar. Siguron mir\u00ebmbajtje dhe masat e siguris\u00eb sipas qeverisjes elektronike.\" \/>\n<meta name=\"robots\" content=\"index, follow, max-snippet:-1, max-image-preview:large, max-video-preview:-1\" \/>\n<link rel=\"canonical\" href=\"https:\/\/unhz.eu\/bs\/zyra-e-teknologjise-se-informacionit\/\" \/>\n<meta property=\"og:locale\" content=\"bs_BA\" \/>\n<meta property=\"og:type\" content=\"article\" \/>\n<meta property=\"og:title\" content=\"Zyra e Teknologjis\u00eb s\u00eb Informacionit\" \/>\n<meta property=\"og:description\" content=\"Zyra teknologjise informacionit UHZ menaxhon rrjetin, server\u00ebt, SEMS dhe webin zyrtar. Siguron mir\u00ebmbajtje dhe masat e siguris\u00eb sipas qeverisjes elektronike.\" \/>\n<meta property=\"og:url\" content=\"https:\/\/unhz.eu\/bs\/zyra-e-teknologjise-se-informacionit\/\" \/>\n<meta property=\"og:site_name\" content=\"University Haxhi Zeka\" \/>\n<meta property=\"article:publisher\" content=\"https:\/\/www.facebook.com\/uni.haxhizeka\" \/>\n<meta property=\"article:modified_time\" content=\"2025-07-18T12:10:58+00:00\" \/>\n<meta property=\"og:image\" content=\"https:\/\/unhz.eu\/wp-content\/uploads\/2024\/04\/Adnan-Lataj.png\" \/>\n<meta name=\"twitter:card\" content=\"summary_large_image\" \/>\n<meta name=\"twitter:site\" content=\"@uni_haxhizeka\" \/>\n<meta name=\"twitter:label1\" content=\"Est. reading time\" \/>\n\t<meta name=\"twitter:data1\" content=\"2 minute\" \/>\n<script type=\"application\/ld+json\" class=\"yoast-schema-graph\">{\"@context\":\"https:\/\/schema.org\",\"@graph\":[{\"@type\":\"WebPage\",\"@id\":\"https:\/\/unhz.eu\/zyra-e-teknologjise-se-informacionit\/\",\"url\":\"https:\/\/unhz.eu\/zyra-e-teknologjise-se-informacionit\/\",\"name\":\"Zyra Teknologjis\u00eb Informacionit UHZ | Universiteti Haxhi Zeka\",\"isPartOf\":{\"@id\":\"https:\/\/unhz.eu\/#website\"},\"primaryImageOfPage\":{\"@id\":\"https:\/\/unhz.eu\/zyra-e-teknologjise-se-informacionit\/#primaryimage\"},\"image\":{\"@id\":\"https:\/\/unhz.eu\/zyra-e-teknologjise-se-informacionit\/#primaryimage\"},\"thumbnailUrl\":\"https:\/\/unhz.eu\/wp-content\/uploads\/2024\/04\/Adnan-Lataj.png\",\"datePublished\":\"2024-04-22T14:13:29+00:00\",\"dateModified\":\"2025-07-18T12:10:58+00:00\",\"description\":\"Zyra teknologjise informacionit UHZ menaxhon rrjetin, server\u00ebt, SEMS dhe webin zyrtar. Siguron mir\u00ebmbajtje dhe masat e siguris\u00eb sipas qeverisjes elektronike.\",\"breadcrumb\":{\"@id\":\"https:\/\/unhz.eu\/zyra-e-teknologjise-se-informacionit\/#breadcrumb\"},\"inLanguage\":\"bs-BA\",\"potentialAction\":[{\"@type\":\"ReadAction\",\"target\":[\"https:\/\/unhz.eu\/zyra-e-teknologjise-se-informacionit\/\"]}]},{\"@type\":\"ImageObject\",\"inLanguage\":\"bs-BA\",\"@id\":\"https:\/\/unhz.eu\/zyra-e-teknologjise-se-informacionit\/#primaryimage\",\"url\":\"https:\/\/unhz.eu\/wp-content\/uploads\/2024\/04\/Adnan-Lataj.png\",\"contentUrl\":\"https:\/\/unhz.eu\/wp-content\/uploads\/2024\/04\/Adnan-Lataj.png\"},{\"@type\":\"BreadcrumbList\",\"@id\":\"https:\/\/unhz.eu\/zyra-e-teknologjise-se-informacionit\/#breadcrumb\",\"itemListElement\":[{\"@type\":\"ListItem\",\"position\":1,\"name\":\"Home\",\"item\":\"https:\/\/unhz.eu\/\"},{\"@type\":\"ListItem\",\"position\":2,\"name\":\"Zyra e Teknologjis\u00eb s\u00eb Informacionit\"}]},{\"@type\":\"WebSite\",\"@id\":\"https:\/\/unhz.eu\/#website\",\"url\":\"https:\/\/unhz.eu\/\",\"name\":\"Universiteti \u201cHaxhi Zeka\u201d\",\"description\":\"I dedikuar p\u00ebr cil\u00ebsi, standarde dhe suksese\",\"publisher\":{\"@id\":\"https:\/\/unhz.eu\/#organization\"},\"alternateName\":\"Universiteti Haxhi Zeka\",\"potentialAction\":[{\"@type\":\"SearchAction\",\"target\":{\"@type\":\"EntryPoint\",\"urlTemplate\":\"https:\/\/unhz.eu\/?s={search_term_string}\"},\"query-input\":{\"@type\":\"PropertyValueSpecification\",\"valueRequired\":true,\"valueName\":\"search_term_string\"}}],\"inLanguage\":\"bs-BA\"},{\"@type\":\"Organization\",\"@id\":\"https:\/\/unhz.eu\/#organization\",\"name\":\"Universiteti \u201cHaxhi Zeka\u201d\",\"alternateName\":\"Universiteti Haxhi Zeka\",\"url\":\"https:\/\/unhz.eu\/\",\"logo\":{\"@type\":\"ImageObject\",\"inLanguage\":\"bs-BA\",\"@id\":\"https:\/\/unhz.eu\/#\/schema\/logo\/image\/\",\"url\":\"https:\/\/unhz.eu\/wp-content\/uploads\/2025\/04\/logo-unhz.webp\",\"contentUrl\":\"https:\/\/unhz.eu\/wp-content\/uploads\/2025\/04\/logo-unhz.webp\",\"width\":1024,\"height\":260,\"caption\":\"Universiteti \u201cHaxhi Zeka\u201d\"},\"image\":{\"@id\":\"https:\/\/unhz.eu\/#\/schema\/logo\/image\/\"},\"sameAs\":[\"https:\/\/www.facebook.com\/uni.haxhizeka\",\"https:\/\/x.com\/uni_haxhizeka\",\"https:\/\/www.linkedin.com\/school\/haxhi-zeka-university\",\"https:\/\/www.instagram.com\/uni_haxhizeka\/\"],\"description\":\"Universiteti \u201cHaxhi Zeka\u201d n\u00eb Pej\u00eb \u00ebsht\u00eb institucion publik i arsimit t\u00eb lart\u00eb, q\u00eb ofron studime bachelor, master dhe doktorat\u00eb n\u00eb fusha t\u00eb ndryshme si menaxhimi, turizmi, ekonomia, bujq\u00ebsia, arti dhe drejt\u00ebsia. Universiteti synon zhvillimin akademik, hulumtimin shkencor dhe kontributin n\u00eb komunitet.\",\"email\":\"info@unhz.eu\",\"telephone\":\"+38339410970\",\"legalName\":\"Universiteti \u201cHaxhi Zeka\u201d n\u00eb Pej\u00eb\",\"foundingDate\":\"2011-11-14\",\"numberOfEmployees\":{\"@type\":\"QuantitativeValue\",\"minValue\":\"201\",\"maxValue\":\"500\"}}]}<\/script>\n<!-- \/ Yoast SEO Premium plugin. -->","yoast_head_json":{"title":"Zyra Teknologjis\u00eb Informacionit UHZ | Universiteti Haxhi Zeka","description":"Zyra teknologjise informacionit UHZ menaxhon rrjetin, server\u00ebt, SEMS dhe webin zyrtar. Siguron mir\u00ebmbajtje dhe masat e siguris\u00eb sipas qeverisjes elektronike.","robots":{"index":"index","follow":"follow","max-snippet":"max-snippet:-1","max-image-preview":"max-image-preview:large","max-video-preview":"max-video-preview:-1"},"canonical":"https:\/\/unhz.eu\/bs\/zyra-e-teknologjise-se-informacionit\/","og_locale":"bs_BA","og_type":"article","og_title":"Zyra e Teknologjis\u00eb s\u00eb Informacionit","og_description":"Zyra teknologjise informacionit UHZ menaxhon rrjetin, server\u00ebt, SEMS dhe webin zyrtar. Siguron mir\u00ebmbajtje dhe masat e siguris\u00eb sipas qeverisjes elektronike.","og_url":"https:\/\/unhz.eu\/bs\/zyra-e-teknologjise-se-informacionit\/","og_site_name":"University Haxhi Zeka","article_publisher":"https:\/\/www.facebook.com\/uni.haxhizeka","article_modified_time":"2025-07-18T12:10:58+00:00","og_image":[{"url":"https:\/\/unhz.eu\/wp-content\/uploads\/2024\/04\/Adnan-Lataj.png","type":"","width":"","height":""}],"twitter_card":"summary_large_image","twitter_site":"@uni_haxhizeka","twitter_misc":{"Est. reading time":"2 minute"},"schema":{"@context":"https:\/\/schema.org","@graph":[{"@type":"WebPage","@id":"https:\/\/unhz.eu\/zyra-e-teknologjise-se-informacionit\/","url":"https:\/\/unhz.eu\/zyra-e-teknologjise-se-informacionit\/","name":"Zyra Teknologjis\u00eb Informacionit UHZ | Universiteti Haxhi Zeka","isPartOf":{"@id":"https:\/\/unhz.eu\/#website"},"primaryImageOfPage":{"@id":"https:\/\/unhz.eu\/zyra-e-teknologjise-se-informacionit\/#primaryimage"},"image":{"@id":"https:\/\/unhz.eu\/zyra-e-teknologjise-se-informacionit\/#primaryimage"},"thumbnailUrl":"https:\/\/unhz.eu\/wp-content\/uploads\/2024\/04\/Adnan-Lataj.png","datePublished":"2024-04-22T14:13:29+00:00","dateModified":"2025-07-18T12:10:58+00:00","description":"Zyra teknologjise informacionit UHZ menaxhon rrjetin, server\u00ebt, SEMS dhe webin zyrtar. Siguron mir\u00ebmbajtje dhe masat e siguris\u00eb sipas qeverisjes elektronike.","breadcrumb":{"@id":"https:\/\/unhz.eu\/zyra-e-teknologjise-se-informacionit\/#breadcrumb"},"inLanguage":"bs-BA","potentialAction":[{"@type":"ReadAction","target":["https:\/\/unhz.eu\/zyra-e-teknologjise-se-informacionit\/"]}]},{"@type":"ImageObject","inLanguage":"bs-BA","@id":"https:\/\/unhz.eu\/zyra-e-teknologjise-se-informacionit\/#primaryimage","url":"https:\/\/unhz.eu\/wp-content\/uploads\/2024\/04\/Adnan-Lataj.png","contentUrl":"https:\/\/unhz.eu\/wp-content\/uploads\/2024\/04\/Adnan-Lataj.png"},{"@type":"BreadcrumbList","@id":"https:\/\/unhz.eu\/zyra-e-teknologjise-se-informacionit\/#breadcrumb","itemListElement":[{"@type":"ListItem","position":1,"name":"Home","item":"https:\/\/unhz.eu\/"},{"@type":"ListItem","position":2,"name":"Zyra e Teknologjis\u00eb s\u00eb Informacionit"}]},{"@type":"WebSite","@id":"https:\/\/unhz.eu\/#website","url":"https:\/\/unhz.eu\/","name":"Univerzitet &quot;Had\u017ei Zeka&quot;\u201c","description":"Posve\u0107eni kvaliteti, standardima i uspjehu","publisher":{"@id":"https:\/\/unhz.eu\/#organization"},"alternateName":"Universiteti Haxhi Zeka","potentialAction":[{"@type":"SearchAction","target":{"@type":"EntryPoint","urlTemplate":"https:\/\/unhz.eu\/?s={search_term_string}"},"query-input":{"@type":"PropertyValueSpecification","valueRequired":true,"valueName":"search_term_string"}}],"inLanguage":"bs-BA"},{"@type":"Organization","@id":"https:\/\/unhz.eu\/#organization","name":"Univerzitet &quot;Had\u017ei Zeka&quot;\u201c","alternateName":"Universiteti Haxhi Zeka","url":"https:\/\/unhz.eu\/","logo":{"@type":"ImageObject","inLanguage":"bs-BA","@id":"https:\/\/unhz.eu\/#\/schema\/logo\/image\/","url":"https:\/\/unhz.eu\/wp-content\/uploads\/2025\/04\/logo-unhz.webp","contentUrl":"https:\/\/unhz.eu\/wp-content\/uploads\/2025\/04\/logo-unhz.webp","width":1024,"height":260,"caption":"Universiteti \u201cHaxhi Zeka\u201d"},"image":{"@id":"https:\/\/unhz.eu\/#\/schema\/logo\/image\/"},"sameAs":["https:\/\/www.facebook.com\/uni.haxhizeka","https:\/\/x.com\/uni_haxhizeka","https:\/\/www.linkedin.com\/school\/haxhi-zeka-university","https:\/\/www.instagram.com\/uni_haxhizeka\/"],"description":"Univerzitet &quot;Had\u017ei Zeka&quot; u Pe\u0107i je javna visoko\u0161kolska ustanova koja nudi dodiplomske, master i doktorske studije u raznim oblastima kao \u0161to su menad\u017ement, turizam, ekonomija, poljoprivreda, umjetnost i pravo. Univerzitet ima za cilj akademski razvoj, nau\u010dna istra\u017eivanja i doprinos zajednici.","email":"info@unhz.eu","telephone":"+38339410970","legalName":"Universiteti \u201cHaxhi Zeka\u201d n\u00eb Pej\u00eb","foundingDate":"2011-11-14","numberOfEmployees":{"@type":"QuantitativeValue","minValue":"201","maxValue":"500"}}]}},"acf":[],"_links":{"self":[{"href":"https:\/\/unhz.eu\/bs\/wp-json\/wp\/v2\/pages\/22841","targetHints":{"allow":["GET"]}}],"collection":[{"href":"https:\/\/unhz.eu\/bs\/wp-json\/wp\/v2\/pages"}],"about":[{"href":"https:\/\/unhz.eu\/bs\/wp-json\/wp\/v2\/types\/page"}],"author":[{"embeddable":true,"href":"https:\/\/unhz.eu\/bs\/wp-json\/wp\/v2\/users\/1"}],"replies":[{"embeddable":true,"href":"https:\/\/unhz.eu\/bs\/wp-json\/wp\/v2\/comments?post=22841"}],"version-history":[{"count":5,"href":"https:\/\/unhz.eu\/bs\/wp-json\/wp\/v2\/pages\/22841\/revisions"}],"predecessor-version":[{"id":56784,"href":"https:\/\/unhz.eu\/bs\/wp-json\/wp\/v2\/pages\/22841\/revisions\/56784"}],"wp:attachment":[{"href":"https:\/\/unhz.eu\/bs\/wp-json\/wp\/v2\/media?parent=22841"}],"curies":[{"name":"radni list","href":"https:\/\/api.w.org\/{rel}","templated":true}]}}