{"id":22828,"date":"2024-04-22T14:09:29","date_gmt":"2024-04-22T14:09:29","guid":{"rendered":"https:\/\/unhz.eu\/?page_id=22828"},"modified":"2025-08-27T10:15:34","modified_gmt":"2025-08-27T08:15:34","slug":"zyra-per-ceshtje-akademike-dhe-persosmeri-ne-mesimdhenie","status":"publish","type":"page","link":"https:\/\/unhz.eu\/bs\/zyra-per-ceshtje-akademike-dhe-persosmeri-ne-mesimdhenie\/","title":{"rendered":"Zyra p\u00ebr \u00c7\u00ebshtje Akademike dhe P\u00ebrsosm\u00ebri n\u00eb M\u00ebsimdh\u00ebnie"},"content":{"rendered":"<div data-elementor-type=\"wp-page\" data-elementor-id=\"22828\" class=\"elementor elementor-22828\" data-elementor-post-type=\"page\">\n\t\t\t\t\t\t<section class=\"elementor-section elementor-top-section elementor-element elementor-element-e4561a3 elementor-section-boxed elementor-section-height-default elementor-section-height-default sc_fly_static\" data-id=\"e4561a3\" data-element_type=\"section\" data-e-type=\"section\">\n\t\t\t\t\t\t<div class=\"elementor-container elementor-column-gap-extended\">\n\t\t\t\t\t<div class=\"elementor-column elementor-col-100 elementor-top-column elementor-element elementor-element-27c3964 sc_content_align_inherit sc_layouts_column_icons_position_left sc_fly_static\" data-id=\"27c3964\" data-element_type=\"column\" data-e-type=\"column\">\n\t\t\t<div class=\"elementor-widget-wrap elementor-element-populated\">\n\t\t\t\t\t\t<div class=\"elementor-element elementor-element-489c2a3 sc_fly_static elementor-widget elementor-widget-trx_sc_title\" data-id=\"489c2a3\" data-element_type=\"widget\" data-e-type=\"widget\" data-widget_type=\"trx_sc_title.default\">\n\t\t\t\t<div class=\"elementor-widget-container\">\n\t\t\t\t\t<div\t\tclass=\"sc_title sc_title_default\" ><span class=\"sc_item_subtitle sc_title_subtitle sc_item_subtitle_above sc_item_title_style_default\">O nama<\/span><h5 class=\"sc_item_title sc_title_title sc_item_title_style_default sc_item_title_tag\"\n\t\t\t><span class=\"sc_item_title_text\">ZYR\u00ebs P\u00cbR \u00c7\u00cbSHTJE AKADEMIKE DHE P\u00cbRSOSM\u00cbRI N\u00cb M\u00cbSIMDH\u00cbNIE<\/span><\/h5><\/div>\t\t\t\t<\/div>\n\t\t\t\t<\/div>\n\t\t\t\t<div class=\"elementor-element elementor-element-0813a45 sc_height_tiny sc_fly_static elementor-widget elementor-widget-spacer\" data-id=\"0813a45\" data-element_type=\"widget\" data-e-type=\"widget\" data-widget_type=\"spacer.default\">\n\t\t\t\t<div class=\"elementor-widget-container\">\n\t\t\t\t\t\t\t<div class=\"elementor-spacer\">\n\t\t\t<div class=\"elementor-spacer-inner\"><\/div>\n\t\t<\/div>\n\t\t\t\t\t\t<\/div>\n\t\t\t\t<\/div>\n\t\t\t\t\t<\/div>\n\t\t<\/div>\n\t\t\t\t\t<\/div>\n\t\t<\/section>\n\t\t\t\t<section class=\"elementor-section elementor-top-section elementor-element elementor-element-ced95b9 elementor-section-boxed elementor-section-height-default elementor-section-height-default sc_fly_static\" data-id=\"ced95b9\" data-element_type=\"section\" data-e-type=\"section\">\n\t\t\t\t\t\t<div class=\"elementor-container elementor-column-gap-extended\">\n\t\t\t\t\t<div class=\"elementor-column elementor-col-100 elementor-top-column elementor-element elementor-element-257641b sc_content_align_inherit sc_layouts_column_icons_position_left sc_fly_static\" data-id=\"257641b\" data-element_type=\"column\" data-e-type=\"column\">\n\t\t\t<div class=\"elementor-widget-wrap elementor-element-populated\">\n\t\t\t\t\t\t<div class=\"elementor-element elementor-element-dd840bd sc_fly_static elementor-widget elementor-widget-text-editor\" data-id=\"dd840bd\" data-element_type=\"widget\" data-e-type=\"widget\" data-widget_type=\"text-editor.default\">\n\t\t\t\t<div class=\"elementor-widget-container\">\n\t\t\t\t\t\t\t\t\t<h6 data-start=\"238\" data-end=\"328\"><strong>Detyrat dhe P\u00ebrgjegj\u00ebsit\u00eb<\/strong><\/h6><p data-start=\"330\" data-end=\"780\">Zyra p\u00ebr \u00c7\u00ebshtje Akademike dhe P\u00ebrsosm\u00ebri n\u00eb M\u00ebsimdh\u00ebnie n\u00eb Universitetin \u201cHaxhi Zeka\u201d \u00ebsht\u00eb p\u00ebrgjegj\u00ebse p\u00ebr organizimin dhe koordinimin e aktiviteteve akademike, zhvillimin profesional t\u00eb stafit dhe monitorimin e cil\u00ebsis\u00eb s\u00eb m\u00ebsimdh\u00ebnies.<br data-start=\"569\" data-end=\"572\" \/>Ajo mb\u00ebshtet Senatin e Universitetit, K\u00ebshillin Drejtues, nj\u00ebsit\u00eb akademike, si dhe grupet punuese n\u00eb trajtimin e \u00e7\u00ebshtjeve akademike dhe p\u00ebrmir\u00ebsimin e metodave bashk\u00ebkohore t\u00eb m\u00ebsimdh\u00ebnies dhe vler\u00ebsimit.<\/p><p data-start=\"782\" data-end=\"986\">N\u00eb bashk\u00ebpunim me Prorektorin p\u00ebr M\u00ebsimdh\u00ebnie dhe Dekan\u00ebt, zyra harton plane, raporte, analiza dhe zhvillon aktivitete q\u00eb kontribuojn\u00eb n\u00eb rritjen e cil\u00ebsis\u00eb s\u00eb arsimit dhe p\u00ebrsosm\u00ebris\u00eb akademike n\u00eb UHZ.<\/p><p data-start=\"782\" data-end=\"986\"><strong>Fush\u00ebveprimi dhe Funksionet Kryesore<\/strong><\/p><p data-start=\"1036\" data-end=\"1142\">Detyrat dhe funksionet kryesore t\u00eb Zyr\u00ebs p\u00ebr \u00c7\u00ebshtje Akademike dhe P\u00ebrsosm\u00ebri n\u00eb M\u00ebsimdh\u00ebnie p\u00ebrfshijn\u00eb:<\/p><ul data-start=\"1144\" data-end=\"2330\"><li data-start=\"1144\" data-end=\"1271\"><p data-start=\"1146\" data-end=\"1271\">Organizimin dhe koordinimin e pun\u00ebs s\u00eb zyr\u00ebs dhe p\u00ebrgatitjen e kontratave p\u00ebr stafin akademik t\u00eb rregullt dhe t\u00eb angazhuar;<\/p><\/li><li data-start=\"1272\" data-end=\"1363\"><p data-start=\"1274\" data-end=\"1363\">P\u00ebrpilimin e informatave, raporteve dhe analizave statistikore p\u00ebr personelin akademik;<\/p><\/li><li data-start=\"1364\" data-end=\"1467\"><p data-start=\"1366\" data-end=\"1467\">Hartimin dhe publikimin e konkurseve p\u00ebr angazhimin e stafit akademik n\u00eb bashk\u00ebpunim me fakultetet;<\/p><\/li><li data-start=\"1468\" data-end=\"1558\"><p data-start=\"1470\" data-end=\"1558\">Llogaritjen e or\u00ebve mbi norm\u00eb dhe honorareve bazuar n\u00eb propozimet e nj\u00ebsive akademike;<\/p><\/li><li data-start=\"1559\" data-end=\"1691\"><p data-start=\"1561\" data-end=\"1691\">P\u00ebrgatitjen e materialeve p\u00ebr mbledhjet e Komisionit t\u00eb Studimeve, K\u00ebshillit Qendror t\u00eb Doktorat\u00ebs dhe Senatit t\u00eb Universitetit;<\/p><\/li><li data-start=\"1692\" data-end=\"1835\"><p data-start=\"1694\" data-end=\"1835\">Identifikimin e nevojave p\u00ebr trajnime profesionale t\u00eb stafit akademik dhe organizimin e tyre n\u00eb bashk\u00ebpunim me menaxhmentin dhe fakultetet;<\/p><\/li><li data-start=\"1836\" data-end=\"1974\"><p data-start=\"1838\" data-end=\"1974\">Monitorimin e metodave t\u00eb m\u00ebsimdh\u00ebnies dhe vler\u00ebsimit t\u00eb p\u00ebrdorura nga stafi akademik, duke ofruar mb\u00ebshtetje p\u00ebr p\u00ebrmir\u00ebsimin e tyre;<\/p><\/li><li data-start=\"1975\" data-end=\"2056\"><p data-start=\"1977\" data-end=\"2056\">Hartimin e planeve individuale t\u00eb zhvillimit profesional p\u00ebr stafin akademik;<\/p><\/li><li data-start=\"2057\" data-end=\"2180\"><p data-start=\"2059\" data-end=\"2180\">Organizimin e monitorimeve t\u00eb rregullta dhe ad-hoc p\u00ebr cil\u00ebsin\u00eb e m\u00ebsimdh\u00ebnies, ve\u00e7an\u00ebrisht gjat\u00eb avancimeve akademike;<\/p><\/li><li data-start=\"2181\" data-end=\"2330\"><p data-start=\"2183\" data-end=\"2330\">P\u00ebrgatitjen e statistikave p\u00ebr nivelin e implementimit t\u00eb metodave bashk\u00ebkohore n\u00eb m\u00ebsimdh\u00ebnie dhe ofrimin e mb\u00ebshtetjes p\u00ebr p\u00ebrmir\u00ebsimin e tyre.<\/p><\/li><\/ul><p><strong>Struktura dhe P\u00ebrb\u00ebrja e Zyr\u00ebs<\/strong><\/p><p data-start=\"2374\" data-end=\"2611\">Zyra p\u00ebr \u00c7\u00ebshtje Akademike dhe P\u00ebrsosm\u00ebri n\u00eb M\u00ebsimdh\u00ebnie funksionon n\u00ebn <strong data-start=\"2446\" data-end=\"2532\">udh\u00ebheqjen e Prorektorit p\u00ebr M\u00ebsimdh\u00ebnie, \u00c7\u00ebshtje Studentore dhe K\u00ebrkime Shkencore<\/strong>, i cili mbik\u00ebqyr pun\u00ebn e saj dhe siguron realizimin e objektivave akademike.<\/p>\t\t\t\t\t\t\t\t<\/div>\n\t\t\t\t<\/div>\n\t\t\t\t<div class=\"elementor-element elementor-element-0028b76 sc_fly_static elementor-widget elementor-widget-spacer\" data-id=\"0028b76\" data-element_type=\"widget\" data-e-type=\"widget\" data-widget_type=\"spacer.default\">\n\t\t\t\t<div class=\"elementor-widget-container\">\n\t\t\t\t\t\t\t<div class=\"elementor-spacer\">\n\t\t\t<div class=\"elementor-spacer-inner\"><\/div>\n\t\t<\/div>\n\t\t\t\t\t\t<\/div>\n\t\t\t\t<\/div>\n\t\t\t\t\t<\/div>\n\t\t<\/div>\n\t\t\t\t\t<\/div>\n\t\t<\/section>\n\t\t\t\t<section class=\"elementor-section elementor-top-section elementor-element elementor-element-740b992 elementor-section-boxed elementor-section-height-default elementor-section-height-default sc_fly_static\" data-id=\"740b992\" data-element_type=\"section\" data-e-type=\"section\">\n\t\t\t\t\t\t<div class=\"elementor-container elementor-column-gap-extended\">\n\t\t\t\t\t<div class=\"elementor-column elementor-col-100 elementor-top-column elementor-element elementor-element-c296f19 sc_content_align_inherit sc_layouts_column_icons_position_left sc_fly_static\" data-id=\"c296f19\" data-element_type=\"column\" data-e-type=\"column\">\n\t\t\t<div class=\"elementor-widget-wrap elementor-element-populated\">\n\t\t\t\t\t\t<div class=\"elementor-element elementor-element-823bbef sc_fly_static elementor-widget elementor-widget-heading\" data-id=\"823bbef\" data-element_type=\"widget\" data-e-type=\"widget\" data-widget_type=\"heading.default\">\n\t\t\t\t<div class=\"elementor-widget-container\">\n\t\t\t\t\t<h2 class=\"elementor-heading-title elementor-size-default\">Osoblje<\/h2>\t\t\t\t<\/div>\n\t\t\t\t<\/div>\n\t\t\t\t<div class=\"elementor-element elementor-element-81ac6ed sc_fly_static elementor-widget elementor-widget-spacer\" data-id=\"81ac6ed\" data-element_type=\"widget\" data-e-type=\"widget\" data-widget_type=\"spacer.default\">\n\t\t\t\t<div class=\"elementor-widget-container\">\n\t\t\t\t\t\t\t<div class=\"elementor-spacer\">\n\t\t\t<div class=\"elementor-spacer-inner\"><\/div>\n\t\t<\/div>\n\t\t\t\t\t\t<\/div>\n\t\t\t\t<\/div>\n\t\t\t\t\t<\/div>\n\t\t<\/div>\n\t\t\t\t\t<\/div>\n\t\t<\/section>\n\t\t\t\t<section class=\"elementor-section elementor-top-section elementor-element elementor-element-83217b0 elementor-section-boxed elementor-section-height-default elementor-section-height-default sc_fly_static\" data-id=\"83217b0\" data-element_type=\"section\" data-e-type=\"section\">\n\t\t\t\t\t\t<div class=\"elementor-container elementor-column-gap-extended\">\n\t\t\t\t\t<div class=\"elementor-column elementor-col-100 elementor-top-column elementor-element elementor-element-d6745ea sc_content_align_inherit sc_layouts_column_icons_position_left sc_fly_static\" data-id=\"d6745ea\" data-element_type=\"column\" data-e-type=\"column\">\n\t\t\t<div class=\"elementor-widget-wrap elementor-element-populated\">\n\t\t\t\t\t\t<div class=\"elementor-element elementor-element-fdac0d8 sc_fly_static elementor-widget elementor-widget-trx_sc_team\" data-id=\"fdac0d8\" data-element_type=\"widget\" data-e-type=\"widget\" data-widget_type=\"trx_sc_team.default\">\n\t\t\t\t<div class=\"elementor-widget-container\">\n\t\t\t\t\t<div \t\tclass=\"sc_team sc_team_3d-simple\"><div class=\"sc_team_columns_wrap sc_item_columns sc_item_posts_container trx_addons_columns_wrap columns_padding_bottom columns_in_single_row\"><div class=\"trx_addons_column-1_3\"><div data-post-id=\"22929\" class=\"sc_team_item sc_item_container post_container start-inner-3d no_links post-22929 cpt_team type-cpt_team status-publish has-post-thumbnail hentry cpt_team_group-zyrtare-per-ceshtje-akademike-dhe-persosmeri-ne-mesimdhenie\">\n\t<div class=\"post_featured sc_team_item_thumb trx_addons_hover trx_addons_hover_style_info_anim\"><img fetchpriority=\"high\" decoding=\"async\" width=\"289\" height=\"292\" src=\"https:\/\/unhz.eu\/wp-content\/uploads\/2024\/04\/Durim-Hoxha.png\" class=\"attachment-law-office-thumb-rectangle size-law-office-thumb-rectangle wp-post-image\" alt=\"\" srcset=\"https:\/\/unhz.eu\/wp-content\/uploads\/2024\/04\/Durim-Hoxha.png 289w, https:\/\/unhz.eu\/wp-content\/uploads\/2024\/04\/Durim-Hoxha-120x120.png 120w\" sizes=\"(max-width: 289px) 100vw, 289px\" \/><a class=\"post_link sc_team_item_link\" href=\"https:\/\/unhz.eu\/bs\/team\/durim-hoxha\/\"><\/a><div class=\"trx_addons_hover_mask\"><\/div><\/div>\t<div class=\"sc_team_item_info\">\n\t\t<div class=\"sc_team_item_header\">\n\t\t\t<h4 class=\"sc_team_item_title entry-title\"><a href=\"https:\/\/unhz.eu\/bs\/team\/durim-hoxha\/\">Durim Hoxha<\/a><\/h4>\n\t\t\t<div class=\"sc_team_item_subtitle\">Drejtor i zyr\u00ebs p\u00ebr \u00c7\u00ebshtje Akademike dhe P\u00ebrsosm\u00ebri n\u00eb M\u00ebsimdh\u00ebnie<\/div>\t\t<\/div>\n\t\t\t\t\t<div class=\"trx_addons_hover_team\"><div class=\"sc_team_item_socials socials_wrap trx_addons_hover_info\"> <\/div><\/div>\n\t\t\t\t<\/div>\n\n<\/div>\n<\/div><\/div><\/div>\t\t\t\t<\/div>\n\t\t\t\t<\/div>\n\t\t\t\t<div class=\"elementor-element elementor-element-41d42c5 sc_fly_static elementor-widget elementor-widget-heading\" data-id=\"41d42c5\" data-element_type=\"widget\" data-e-type=\"widget\" data-widget_type=\"heading.default\">\n\t\t\t\t<div class=\"elementor-widget-container\">\n\t\t\t\t\t<h2 class=\"elementor-heading-title elementor-size-default\">Raportet<\/h2>\t\t\t\t<\/div>\n\t\t\t\t<\/div>\n\t\t\t\t<div class=\"elementor-element elementor-element-b5d062a sc_fly_static elementor-widget elementor-widget-spacer\" data-id=\"b5d062a\" data-element_type=\"widget\" data-e-type=\"widget\" data-widget_type=\"spacer.default\">\n\t\t\t\t<div class=\"elementor-widget-container\">\n\t\t\t\t\t\t\t<div class=\"elementor-spacer\">\n\t\t\t<div class=\"elementor-spacer-inner\"><\/div>\n\t\t<\/div>\n\t\t\t\t\t\t<\/div>\n\t\t\t\t<\/div>\n\t\t\t\t\t<\/div>\n\t\t<\/div>\n\t\t\t\t\t<\/div>\n\t\t<\/section>\n\t\t\t\t<\/div>","protected":false},"excerpt":{"rendered":"<p>Rreth ZYR\u00ebs P\u00cbR \u00c7\u00cbSHTJE AKADEMIKE DHE P\u00cbRSOSM\u00cbRI N\u00cb M\u00cbSIMDH\u00cbNIE Detyrat dhe P\u00ebrgjegj\u00ebsit\u00eb Zyra p\u00ebr \u00c7\u00ebshtje&hellip;<\/p>","protected":false},"author":1,"featured_media":0,"parent":0,"menu_order":0,"comment_status":"closed","ping_status":"closed","template":"","meta":{"_acf_changed":false,"footnotes":""},"class_list":["post-22828","page","type-page","status-publish","hentry"],"yoast_head":"<!-- This site is optimized with the Yoast SEO Premium plugin v27.2 (Yoast SEO v27.2) - https:\/\/yoast.com\/product\/yoast-seo-premium-wordpress\/ -->\n<title>Zyra p\u00ebr \u00c7\u00ebshtje Akademike dhe P\u00ebrsosm\u00ebri n\u00eb M\u00ebsimdh\u00ebnie - University Haxhi Zeka<\/title>\n<meta name=\"robots\" content=\"index, follow, max-snippet:-1, max-image-preview:large, max-video-preview:-1\" \/>\n<link rel=\"canonical\" href=\"https:\/\/unhz.eu\/bs\/zyra-per-ceshtje-akademike-dhe-persosmeri-ne-mesimdhenie\/\" \/>\n<meta property=\"og:locale\" content=\"bs_BA\" \/>\n<meta property=\"og:type\" content=\"article\" \/>\n<meta property=\"og:title\" content=\"Zyra p\u00ebr \u00c7\u00ebshtje Akademike dhe P\u00ebrsosm\u00ebri n\u00eb M\u00ebsimdh\u00ebnie\" \/>\n<meta property=\"og:description\" content=\"Rreth ZYR\u00ebs P\u00cbR \u00c7\u00cbSHTJE AKADEMIKE DHE P\u00cbRSOSM\u00cbRI N\u00cb M\u00cbSIMDH\u00cbNIE Detyrat dhe P\u00ebrgjegj\u00ebsit\u00eb Zyra p\u00ebr \u00c7\u00ebshtje&hellip;\" \/>\n<meta property=\"og:url\" content=\"https:\/\/unhz.eu\/bs\/zyra-per-ceshtje-akademike-dhe-persosmeri-ne-mesimdhenie\/\" \/>\n<meta property=\"og:site_name\" content=\"University Haxhi Zeka\" \/>\n<meta property=\"article:publisher\" content=\"https:\/\/www.facebook.com\/uni.haxhizeka\" \/>\n<meta property=\"article:modified_time\" content=\"2025-08-27T08:15:34+00:00\" \/>\n<meta property=\"og:image\" content=\"https:\/\/unhz.eu\/wp-content\/uploads\/2024\/04\/Durim-Hoxha.png\" \/>\n<meta name=\"twitter:card\" content=\"summary_large_image\" \/>\n<meta name=\"twitter:site\" content=\"@uni_haxhizeka\" \/>\n<meta name=\"twitter:label1\" content=\"Est. reading time\" \/>\n\t<meta name=\"twitter:data1\" content=\"3 minute\" \/>\n<script type=\"application\/ld+json\" class=\"yoast-schema-graph\">{\"@context\":\"https:\/\/schema.org\",\"@graph\":[{\"@type\":\"WebPage\",\"@id\":\"https:\/\/unhz.eu\/zyra-per-ceshtje-akademike-dhe-persosmeri-ne-mesimdhenie\/\",\"url\":\"https:\/\/unhz.eu\/zyra-per-ceshtje-akademike-dhe-persosmeri-ne-mesimdhenie\/\",\"name\":\"Zyra p\u00ebr \u00c7\u00ebshtje Akademike dhe P\u00ebrsosm\u00ebri n\u00eb M\u00ebsimdh\u00ebnie - University Haxhi Zeka\",\"isPartOf\":{\"@id\":\"https:\/\/unhz.eu\/#website\"},\"primaryImageOfPage\":{\"@id\":\"https:\/\/unhz.eu\/zyra-per-ceshtje-akademike-dhe-persosmeri-ne-mesimdhenie\/#primaryimage\"},\"image\":{\"@id\":\"https:\/\/unhz.eu\/zyra-per-ceshtje-akademike-dhe-persosmeri-ne-mesimdhenie\/#primaryimage\"},\"thumbnailUrl\":\"https:\/\/unhz.eu\/wp-content\/uploads\/2024\/04\/Durim-Hoxha.png\",\"datePublished\":\"2024-04-22T14:09:29+00:00\",\"dateModified\":\"2025-08-27T08:15:34+00:00\",\"breadcrumb\":{\"@id\":\"https:\/\/unhz.eu\/zyra-per-ceshtje-akademike-dhe-persosmeri-ne-mesimdhenie\/#breadcrumb\"},\"inLanguage\":\"bs-BA\",\"potentialAction\":[{\"@type\":\"ReadAction\",\"target\":[\"https:\/\/unhz.eu\/zyra-per-ceshtje-akademike-dhe-persosmeri-ne-mesimdhenie\/\"]}]},{\"@type\":\"ImageObject\",\"inLanguage\":\"bs-BA\",\"@id\":\"https:\/\/unhz.eu\/zyra-per-ceshtje-akademike-dhe-persosmeri-ne-mesimdhenie\/#primaryimage\",\"url\":\"https:\/\/unhz.eu\/wp-content\/uploads\/2024\/04\/Durim-Hoxha.png\",\"contentUrl\":\"https:\/\/unhz.eu\/wp-content\/uploads\/2024\/04\/Durim-Hoxha.png\"},{\"@type\":\"BreadcrumbList\",\"@id\":\"https:\/\/unhz.eu\/zyra-per-ceshtje-akademike-dhe-persosmeri-ne-mesimdhenie\/#breadcrumb\",\"itemListElement\":[{\"@type\":\"ListItem\",\"position\":1,\"name\":\"Home\",\"item\":\"https:\/\/unhz.eu\/\"},{\"@type\":\"ListItem\",\"position\":2,\"name\":\"Zyra p\u00ebr \u00c7\u00ebshtje Akademike dhe P\u00ebrsosm\u00ebri n\u00eb M\u00ebsimdh\u00ebnie\"}]},{\"@type\":\"WebSite\",\"@id\":\"https:\/\/unhz.eu\/#website\",\"url\":\"https:\/\/unhz.eu\/\",\"name\":\"Universiteti \u201cHaxhi Zeka\u201d\",\"description\":\"I dedikuar p\u00ebr cil\u00ebsi, standarde dhe suksese\",\"publisher\":{\"@id\":\"https:\/\/unhz.eu\/#organization\"},\"alternateName\":\"Universiteti Haxhi Zeka\",\"potentialAction\":[{\"@type\":\"SearchAction\",\"target\":{\"@type\":\"EntryPoint\",\"urlTemplate\":\"https:\/\/unhz.eu\/?s={search_term_string}\"},\"query-input\":{\"@type\":\"PropertyValueSpecification\",\"valueRequired\":true,\"valueName\":\"search_term_string\"}}],\"inLanguage\":\"bs-BA\"},{\"@type\":\"Organization\",\"@id\":\"https:\/\/unhz.eu\/#organization\",\"name\":\"Universiteti \u201cHaxhi Zeka\u201d\",\"alternateName\":\"Universiteti Haxhi Zeka\",\"url\":\"https:\/\/unhz.eu\/\",\"logo\":{\"@type\":\"ImageObject\",\"inLanguage\":\"bs-BA\",\"@id\":\"https:\/\/unhz.eu\/#\/schema\/logo\/image\/\",\"url\":\"https:\/\/unhz.eu\/wp-content\/uploads\/2025\/04\/logo-unhz.webp\",\"contentUrl\":\"https:\/\/unhz.eu\/wp-content\/uploads\/2025\/04\/logo-unhz.webp\",\"width\":1024,\"height\":260,\"caption\":\"Universiteti \u201cHaxhi Zeka\u201d\"},\"image\":{\"@id\":\"https:\/\/unhz.eu\/#\/schema\/logo\/image\/\"},\"sameAs\":[\"https:\/\/www.facebook.com\/uni.haxhizeka\",\"https:\/\/x.com\/uni_haxhizeka\",\"https:\/\/www.linkedin.com\/school\/haxhi-zeka-university\",\"https:\/\/www.instagram.com\/uni_haxhizeka\/\"],\"description\":\"Universiteti \u201cHaxhi Zeka\u201d n\u00eb Pej\u00eb \u00ebsht\u00eb institucion publik i arsimit t\u00eb lart\u00eb, q\u00eb ofron studime bachelor, master dhe doktorat\u00eb n\u00eb fusha t\u00eb ndryshme si menaxhimi, turizmi, ekonomia, bujq\u00ebsia, arti dhe drejt\u00ebsia. Universiteti synon zhvillimin akademik, hulumtimin shkencor dhe kontributin n\u00eb komunitet.\",\"email\":\"info@unhz.eu\",\"telephone\":\"+38339410970\",\"legalName\":\"Universiteti \u201cHaxhi Zeka\u201d n\u00eb Pej\u00eb\",\"foundingDate\":\"2011-11-14\",\"numberOfEmployees\":{\"@type\":\"QuantitativeValue\",\"minValue\":\"201\",\"maxValue\":\"500\"}}]}<\/script>\n<!-- \/ Yoast SEO Premium plugin. -->","yoast_head_json":{"title":"Zyra p\u00ebr \u00c7\u00ebshtje Akademike dhe P\u00ebrsosm\u00ebri n\u00eb M\u00ebsimdh\u00ebnie - University Haxhi Zeka","robots":{"index":"index","follow":"follow","max-snippet":"max-snippet:-1","max-image-preview":"max-image-preview:large","max-video-preview":"max-video-preview:-1"},"canonical":"https:\/\/unhz.eu\/bs\/zyra-per-ceshtje-akademike-dhe-persosmeri-ne-mesimdhenie\/","og_locale":"bs_BA","og_type":"article","og_title":"Zyra p\u00ebr \u00c7\u00ebshtje Akademike dhe P\u00ebrsosm\u00ebri n\u00eb M\u00ebsimdh\u00ebnie","og_description":"Rreth ZYR\u00ebs P\u00cbR \u00c7\u00cbSHTJE AKADEMIKE DHE P\u00cbRSOSM\u00cbRI N\u00cb M\u00cbSIMDH\u00cbNIE Detyrat dhe P\u00ebrgjegj\u00ebsit\u00eb Zyra p\u00ebr \u00c7\u00ebshtje&hellip;","og_url":"https:\/\/unhz.eu\/bs\/zyra-per-ceshtje-akademike-dhe-persosmeri-ne-mesimdhenie\/","og_site_name":"University Haxhi Zeka","article_publisher":"https:\/\/www.facebook.com\/uni.haxhizeka","article_modified_time":"2025-08-27T08:15:34+00:00","og_image":[{"url":"https:\/\/unhz.eu\/wp-content\/uploads\/2024\/04\/Durim-Hoxha.png","type":"","width":"","height":""}],"twitter_card":"summary_large_image","twitter_site":"@uni_haxhizeka","twitter_misc":{"Est. reading time":"3 minute"},"schema":{"@context":"https:\/\/schema.org","@graph":[{"@type":"WebPage","@id":"https:\/\/unhz.eu\/zyra-per-ceshtje-akademike-dhe-persosmeri-ne-mesimdhenie\/","url":"https:\/\/unhz.eu\/zyra-per-ceshtje-akademike-dhe-persosmeri-ne-mesimdhenie\/","name":"Zyra p\u00ebr \u00c7\u00ebshtje Akademike dhe P\u00ebrsosm\u00ebri n\u00eb M\u00ebsimdh\u00ebnie - University Haxhi Zeka","isPartOf":{"@id":"https:\/\/unhz.eu\/#website"},"primaryImageOfPage":{"@id":"https:\/\/unhz.eu\/zyra-per-ceshtje-akademike-dhe-persosmeri-ne-mesimdhenie\/#primaryimage"},"image":{"@id":"https:\/\/unhz.eu\/zyra-per-ceshtje-akademike-dhe-persosmeri-ne-mesimdhenie\/#primaryimage"},"thumbnailUrl":"https:\/\/unhz.eu\/wp-content\/uploads\/2024\/04\/Durim-Hoxha.png","datePublished":"2024-04-22T14:09:29+00:00","dateModified":"2025-08-27T08:15:34+00:00","breadcrumb":{"@id":"https:\/\/unhz.eu\/zyra-per-ceshtje-akademike-dhe-persosmeri-ne-mesimdhenie\/#breadcrumb"},"inLanguage":"bs-BA","potentialAction":[{"@type":"ReadAction","target":["https:\/\/unhz.eu\/zyra-per-ceshtje-akademike-dhe-persosmeri-ne-mesimdhenie\/"]}]},{"@type":"ImageObject","inLanguage":"bs-BA","@id":"https:\/\/unhz.eu\/zyra-per-ceshtje-akademike-dhe-persosmeri-ne-mesimdhenie\/#primaryimage","url":"https:\/\/unhz.eu\/wp-content\/uploads\/2024\/04\/Durim-Hoxha.png","contentUrl":"https:\/\/unhz.eu\/wp-content\/uploads\/2024\/04\/Durim-Hoxha.png"},{"@type":"BreadcrumbList","@id":"https:\/\/unhz.eu\/zyra-per-ceshtje-akademike-dhe-persosmeri-ne-mesimdhenie\/#breadcrumb","itemListElement":[{"@type":"ListItem","position":1,"name":"Home","item":"https:\/\/unhz.eu\/"},{"@type":"ListItem","position":2,"name":"Zyra p\u00ebr \u00c7\u00ebshtje Akademike dhe P\u00ebrsosm\u00ebri n\u00eb M\u00ebsimdh\u00ebnie"}]},{"@type":"WebSite","@id":"https:\/\/unhz.eu\/#website","url":"https:\/\/unhz.eu\/","name":"Univerzitet &quot;Had\u017ei Zeka&quot;\u201c","description":"Posve\u0107eni kvaliteti, standardima i uspjehu","publisher":{"@id":"https:\/\/unhz.eu\/#organization"},"alternateName":"Universiteti Haxhi Zeka","potentialAction":[{"@type":"SearchAction","target":{"@type":"EntryPoint","urlTemplate":"https:\/\/unhz.eu\/?s={search_term_string}"},"query-input":{"@type":"PropertyValueSpecification","valueRequired":true,"valueName":"search_term_string"}}],"inLanguage":"bs-BA"},{"@type":"Organization","@id":"https:\/\/unhz.eu\/#organization","name":"Univerzitet &quot;Had\u017ei Zeka&quot;\u201c","alternateName":"Universiteti Haxhi Zeka","url":"https:\/\/unhz.eu\/","logo":{"@type":"ImageObject","inLanguage":"bs-BA","@id":"https:\/\/unhz.eu\/#\/schema\/logo\/image\/","url":"https:\/\/unhz.eu\/wp-content\/uploads\/2025\/04\/logo-unhz.webp","contentUrl":"https:\/\/unhz.eu\/wp-content\/uploads\/2025\/04\/logo-unhz.webp","width":1024,"height":260,"caption":"Universiteti \u201cHaxhi Zeka\u201d"},"image":{"@id":"https:\/\/unhz.eu\/#\/schema\/logo\/image\/"},"sameAs":["https:\/\/www.facebook.com\/uni.haxhizeka","https:\/\/x.com\/uni_haxhizeka","https:\/\/www.linkedin.com\/school\/haxhi-zeka-university","https:\/\/www.instagram.com\/uni_haxhizeka\/"],"description":"Univerzitet &quot;Had\u017ei Zeka&quot; u Pe\u0107i je javna visoko\u0161kolska ustanova koja nudi dodiplomske, master i doktorske studije u raznim oblastima kao \u0161to su menad\u017ement, turizam, ekonomija, poljoprivreda, umjetnost i pravo. Univerzitet ima za cilj akademski razvoj, nau\u010dna istra\u017eivanja i doprinos zajednici.","email":"info@unhz.eu","telephone":"+38339410970","legalName":"Universiteti \u201cHaxhi Zeka\u201d n\u00eb Pej\u00eb","foundingDate":"2011-11-14","numberOfEmployees":{"@type":"QuantitativeValue","minValue":"201","maxValue":"500"}}]}},"acf":[],"_links":{"self":[{"href":"https:\/\/unhz.eu\/bs\/wp-json\/wp\/v2\/pages\/22828","targetHints":{"allow":["GET"]}}],"collection":[{"href":"https:\/\/unhz.eu\/bs\/wp-json\/wp\/v2\/pages"}],"about":[{"href":"https:\/\/unhz.eu\/bs\/wp-json\/wp\/v2\/types\/page"}],"author":[{"embeddable":true,"href":"https:\/\/unhz.eu\/bs\/wp-json\/wp\/v2\/users\/1"}],"replies":[{"embeddable":true,"href":"https:\/\/unhz.eu\/bs\/wp-json\/wp\/v2\/comments?post=22828"}],"version-history":[{"count":5,"href":"https:\/\/unhz.eu\/bs\/wp-json\/wp\/v2\/pages\/22828\/revisions"}],"predecessor-version":[{"id":57421,"href":"https:\/\/unhz.eu\/bs\/wp-json\/wp\/v2\/pages\/22828\/revisions\/57421"}],"wp:attachment":[{"href":"https:\/\/unhz.eu\/bs\/wp-json\/wp\/v2\/media?parent=22828"}],"curies":[{"name":"radni list","href":"https:\/\/api.w.org\/{rel}","templated":true}]}}