{"id":22826,"date":"2024-04-22T14:09:15","date_gmt":"2024-04-22T14:09:15","guid":{"rendered":"https:\/\/unhz.eu\/?page_id=22826"},"modified":"2025-08-27T10:10:44","modified_gmt":"2025-08-27T08:10:44","slug":"zyra-per-marredhenie-me-publikun","status":"publish","type":"page","link":"https:\/\/unhz.eu\/bs\/zyra-per-marredhenie-me-publikun\/","title":{"rendered":"Zyra p\u00ebr marr\u00ebdh\u00ebnie me publikun"},"content":{"rendered":"<div data-elementor-type=\"wp-page\" data-elementor-id=\"22826\" class=\"elementor elementor-22826\" data-elementor-post-type=\"page\">\n\t\t\t\t\t\t<section class=\"elementor-section elementor-top-section elementor-element elementor-element-e5cc800 elementor-section-boxed elementor-section-height-default elementor-section-height-default sc_fly_static\" data-id=\"e5cc800\" data-element_type=\"section\" data-e-type=\"section\">\n\t\t\t\t\t\t<div class=\"elementor-container elementor-column-gap-extended\">\n\t\t\t\t\t<div class=\"elementor-column elementor-col-100 elementor-top-column elementor-element elementor-element-f5837fc sc_content_align_inherit sc_layouts_column_icons_position_left sc_fly_static\" data-id=\"f5837fc\" data-element_type=\"column\" data-e-type=\"column\">\n\t\t\t<div class=\"elementor-widget-wrap elementor-element-populated\">\n\t\t\t\t\t\t<div class=\"elementor-element elementor-element-4308104 sc_fly_static elementor-widget elementor-widget-trx_sc_title\" data-id=\"4308104\" data-element_type=\"widget\" data-e-type=\"widget\" data-widget_type=\"trx_sc_title.default\">\n\t\t\t\t<div class=\"elementor-widget-container\">\n\t\t\t\t\t<div\t\tclass=\"sc_title sc_title_default\" ><span class=\"sc_item_subtitle sc_title_subtitle sc_item_subtitle_above sc_item_title_style_default\">O nama<\/span><h5 class=\"sc_item_title sc_title_title sc_item_title_style_default sc_item_title_tag\"\n\t\t\t><span class=\"sc_item_title_text\">ZYR\u00ebs P\u00cbR MARR\u00cbDH\u00cbNIE ME PUBLIKUN DHE P\u00cbRGJEGJ\u00cbSIT\u00cb\u200b<\/span><\/h5><\/div>\t\t\t\t<\/div>\n\t\t\t\t<\/div>\n\t\t\t\t<div class=\"elementor-element elementor-element-3b31188 sc_height_tiny sc_fly_static elementor-widget elementor-widget-spacer\" data-id=\"3b31188\" data-element_type=\"widget\" data-e-type=\"widget\" data-widget_type=\"spacer.default\">\n\t\t\t\t<div class=\"elementor-widget-container\">\n\t\t\t\t\t\t\t<div class=\"elementor-spacer\">\n\t\t\t<div class=\"elementor-spacer-inner\"><\/div>\n\t\t<\/div>\n\t\t\t\t\t\t<\/div>\n\t\t\t\t<\/div>\n\t\t\t\t\t<\/div>\n\t\t<\/div>\n\t\t\t\t\t<\/div>\n\t\t<\/section>\n\t\t\t\t<section class=\"elementor-section elementor-top-section elementor-element elementor-element-fd30f4f elementor-section-boxed elementor-section-height-default elementor-section-height-default sc_fly_static\" data-id=\"fd30f4f\" data-element_type=\"section\" data-e-type=\"section\">\n\t\t\t\t\t\t<div class=\"elementor-container elementor-column-gap-extended\">\n\t\t\t\t\t<div class=\"elementor-column elementor-col-100 elementor-top-column elementor-element elementor-element-f399b22 sc_content_align_inherit sc_layouts_column_icons_position_left sc_fly_static\" data-id=\"f399b22\" data-element_type=\"column\" data-e-type=\"column\">\n\t\t\t<div class=\"elementor-widget-wrap elementor-element-populated\">\n\t\t\t\t\t\t<div class=\"elementor-element elementor-element-12de51f sc_fly_static elementor-widget elementor-widget-text-editor\" data-id=\"12de51f\" data-element_type=\"widget\" data-e-type=\"widget\" data-widget_type=\"text-editor.default\">\n\t\t\t\t<div class=\"elementor-widget-container\">\n\t\t\t\t\t\t\t\t\t<h6 data-start=\"299\" data-end=\"365\"><strong>Detyrat dhe P\u00ebrgjegj\u00ebsit\u00eb<\/strong><\/h6><p data-start=\"367\" data-end=\"787\">Zyra p\u00ebr Marr\u00ebdh\u00ebnie me Publikun n\u00eb Universitetin \u201cHaxhi Zeka\u201d \u00ebsht\u00eb p\u00ebrgjegj\u00ebse p\u00ebr promovimin e pun\u00ebs dhe imazhit t\u00eb universitetit, informimin e publikut dhe sigurimin e komunikimit efektiv me mediat vendore dhe nd\u00ebrkomb\u00ebtare.<br data-start=\"595\" data-end=\"598\" \/>Kjo zyr\u00eb \u00ebsht\u00eb gjithashtu p\u00ebrgjegj\u00ebse p\u00ebr publikimin e informacionit n\u00eb faqen zyrtare t\u00eb universitetit, menaxhimin e prezenc\u00ebs n\u00eb rrjetet sociale dhe p\u00ebrgatitjen e komunikatave p\u00ebr media.<\/p><p data-start=\"789\" data-end=\"1006\">N\u00eb bashk\u00ebpunim t\u00eb ngusht\u00eb me Sekretarin e P\u00ebrgjithsh\u00ebm dhe nj\u00ebsit\u00eb tjera organizative, Zyra p\u00ebr Marr\u00ebdh\u00ebnie me Publikun ndihmon n\u00eb nd\u00ebrtimin dhe forcimin e transparenc\u00ebs, promovimit dhe komunikimit publik t\u00eb UHZ-s\u00eb.<\/p><h6 data-start=\"789\" data-end=\"1006\"><strong>Fush\u00ebveprimi dhe Funksionet Kryesore<\/strong><\/h6><p data-start=\"1056\" data-end=\"1188\">Zyra ushtron nj\u00eb rol t\u00eb r\u00ebnd\u00ebsish\u00ebm n\u00eb p\u00ebrfaq\u00ebsimin dhe promovimin e universitetit p\u00ebrmes detyrave dhe p\u00ebrgjegj\u00ebsive t\u00eb m\u00ebposhtme:<\/p><ul data-start=\"1190\" data-end=\"1860\"><li data-start=\"1190\" data-end=\"1282\"><p data-start=\"1192\" data-end=\"1282\">Promovimi i pun\u00ebs s\u00eb Universitetit \u201cHaxhi Zeka\u201d dhe p\u00ebrgatitja e komunikatave p\u00ebr media;<\/p><\/li><li data-start=\"1283\" data-end=\"1397\"><p data-start=\"1285\" data-end=\"1397\">Monitorimi i p\u00ebrditsh\u00ebm i mediave t\u00eb shkruara dhe elektronike vendore dhe nd\u00ebrkomb\u00ebtare p\u00ebr interes t\u00eb UHZ-s\u00eb;<\/p><\/li><li data-start=\"1398\" data-end=\"1498\"><p data-start=\"1400\" data-end=\"1498\">Sh\u00ebrbimi si pik\u00eb kontaktuese p\u00ebr mediat dhe komunikimin zyrtar t\u00eb aktiviteteve t\u00eb universitetit;<\/p><\/li><li data-start=\"1499\" data-end=\"1595\"><p data-start=\"1501\" data-end=\"1595\">P\u00ebrdit\u00ebsimi i faqes zyrtare t\u00eb universitetit dhe menaxhimi i p\u00ebrmbajtjes n\u00eb rrjetet sociale;<\/p><\/li><li data-start=\"1596\" data-end=\"1667\"><p data-start=\"1598\" data-end=\"1667\">P\u00ebrgjegj\u00ebsia p\u00ebr zbatimin e ligjit mbi Qasjen n\u00eb Dokumente Publike;<\/p><\/li><li data-start=\"1668\" data-end=\"1860\"><p data-start=\"1670\" data-end=\"1860\">Koordinimi i raportimit me institucionet qendrore, p\u00ebrfshir\u00eb Qeverin\u00eb e Kosov\u00ebs dhe Ministrin\u00eb e Integrimeve Evropiane, lidhur me Programin Komb\u00ebtar p\u00ebr Marr\u00ebveshjen e Stabilizim-Asocimit.<\/p><\/li><\/ul><h6 data-start=\"1867\" data-end=\"1902\"><strong>Struktura dhe P\u00ebrb\u00ebrja e Zyr\u00ebs<\/strong><\/h6><p data-start=\"1904\" data-end=\"2082\">Zyra p\u00ebr Marr\u00ebdh\u00ebnie me Publikun udh\u00ebhiqet nga <strong data-start=\"1951\" data-end=\"1992\">Drejtori i Zyr\u00ebs \/ Z\u00ebdh\u00ebn\u00ebsi i UHZ-s\u00eb<\/strong>, i cili i raporton <strong data-start=\"2012\" data-end=\"2042\">Sekretarit t\u00eb P\u00ebrgjithsh\u00ebm<\/strong>. Struktura e k\u00ebsaj zyre p\u00ebrb\u00ebhet nga:<\/p><ul data-start=\"2084\" data-end=\"2197\"><li data-start=\"2084\" data-end=\"2156\"><p data-start=\"2086\" data-end=\"2156\"><strong data-start=\"2086\" data-end=\"2154\">Drejtori i Zyr\u00ebs p\u00ebr Marr\u00ebdh\u00ebnie me Publikun \/ Z\u00ebdh\u00ebn\u00ebs i UHZ-s\u00eb<\/strong><\/p><\/li><li data-start=\"2157\" data-end=\"2197\"><p data-start=\"2159\" data-end=\"2197\"><strong data-start=\"2159\" data-end=\"2195\">Zyrtar p\u00ebr Komunikim me Publikun<\/strong><\/p><\/li><\/ul><p data-start=\"2199\" data-end=\"2287\">Numri i p\u00ebrgjithsh\u00ebm i t\u00eb pun\u00ebsuarve n\u00eb Zyr\u00ebn p\u00ebr Marr\u00ebdh\u00ebnie me Publikun \u00ebsht\u00eb <strong data-start=\"2279\" data-end=\"2284\">2<\/strong>.<\/p>\t\t\t\t\t\t\t\t<\/div>\n\t\t\t\t<\/div>\n\t\t\t\t<div class=\"elementor-element elementor-element-023afe0 sc_height_tiny sc_fly_static elementor-widget elementor-widget-spacer\" data-id=\"023afe0\" data-element_type=\"widget\" data-e-type=\"widget\" data-widget_type=\"spacer.default\">\n\t\t\t\t<div class=\"elementor-widget-container\">\n\t\t\t\t\t\t\t<div class=\"elementor-spacer\">\n\t\t\t<div class=\"elementor-spacer-inner\"><\/div>\n\t\t<\/div>\n\t\t\t\t\t\t<\/div>\n\t\t\t\t<\/div>\n\t\t\t\t\t<\/div>\n\t\t<\/div>\n\t\t\t\t\t<\/div>\n\t\t<\/section>\n\t\t\t\t<section class=\"elementor-section elementor-top-section elementor-element elementor-element-9bb54e5 elementor-section-boxed elementor-section-height-default elementor-section-height-default sc_fly_static\" data-id=\"9bb54e5\" data-element_type=\"section\" data-e-type=\"section\">\n\t\t\t\t\t\t<div class=\"elementor-container elementor-column-gap-extended\">\n\t\t\t\t\t<div class=\"elementor-column elementor-col-100 elementor-top-column elementor-element elementor-element-1113970 sc_content_align_inherit sc_layouts_column_icons_position_left sc_fly_static\" data-id=\"1113970\" data-element_type=\"column\" data-e-type=\"column\">\n\t\t\t<div class=\"elementor-widget-wrap elementor-element-populated\">\n\t\t\t\t\t\t<div class=\"elementor-element elementor-element-15ded2e sc_fly_static elementor-widget elementor-widget-heading\" data-id=\"15ded2e\" data-element_type=\"widget\" data-e-type=\"widget\" data-widget_type=\"heading.default\">\n\t\t\t\t<div class=\"elementor-widget-container\">\n\t\t\t\t\t<h2 class=\"elementor-heading-title elementor-size-default\">Osoblje<\/h2>\t\t\t\t<\/div>\n\t\t\t\t<\/div>\n\t\t\t\t\t<\/div>\n\t\t<\/div>\n\t\t\t\t\t<\/div>\n\t\t<\/section>\n\t\t\t\t<section class=\"elementor-section elementor-top-section elementor-element elementor-element-63e9dd1 elementor-section-boxed elementor-section-height-default elementor-section-height-default sc_fly_static\" data-id=\"63e9dd1\" data-element_type=\"section\" data-e-type=\"section\">\n\t\t\t\t\t\t<div class=\"elementor-container elementor-column-gap-extended\">\n\t\t\t\t\t<div class=\"elementor-column elementor-col-100 elementor-top-column elementor-element elementor-element-ad28663 sc_content_align_inherit sc_layouts_column_icons_position_left sc_fly_static\" data-id=\"ad28663\" data-element_type=\"column\" data-e-type=\"column\">\n\t\t\t<div class=\"elementor-widget-wrap elementor-element-populated\">\n\t\t\t\t\t\t<div class=\"elementor-element elementor-element-a4aea20 sc_fly_static elementor-widget elementor-widget-spacer\" data-id=\"a4aea20\" data-element_type=\"widget\" data-e-type=\"widget\" data-widget_type=\"spacer.default\">\n\t\t\t\t<div class=\"elementor-widget-container\">\n\t\t\t\t\t\t\t<div class=\"elementor-spacer\">\n\t\t\t<div class=\"elementor-spacer-inner\"><\/div>\n\t\t<\/div>\n\t\t\t\t\t\t<\/div>\n\t\t\t\t<\/div>\n\t\t\t\t\t<\/div>\n\t\t<\/div>\n\t\t\t\t\t<\/div>\n\t\t<\/section>\n\t\t\t\t<\/div>","protected":false},"excerpt":{"rendered":"<p>Rreth ZYR\u00ebs P\u00cbR MARR\u00cbDH\u00cbNIE ME PUBLIKUN DHE P\u00cbRGJEGJ\u00cbSIT\u00cb\u200b Detyrat dhe P\u00ebrgjegj\u00ebsit\u00eb Zyra p\u00ebr Marr\u00ebdh\u00ebnie me&hellip;<\/p>","protected":false},"author":1,"featured_media":0,"parent":0,"menu_order":0,"comment_status":"closed","ping_status":"closed","template":"","meta":{"_acf_changed":false,"footnotes":""},"class_list":["post-22826","page","type-page","status-publish","hentry"],"yoast_head":"<!-- This site is optimized with the Yoast SEO Premium plugin v27.2 (Yoast SEO v27.2) - https:\/\/yoast.com\/product\/yoast-seo-premium-wordpress\/ -->\n<title>Zyra p\u00ebr marr\u00ebdh\u00ebnie me publikun - University Haxhi Zeka<\/title>\n<meta name=\"robots\" content=\"index, follow, max-snippet:-1, max-image-preview:large, max-video-preview:-1\" \/>\n<link rel=\"canonical\" href=\"https:\/\/unhz.eu\/bs\/zyra-per-marredhenie-me-publikun\/\" \/>\n<meta property=\"og:locale\" content=\"bs_BA\" \/>\n<meta property=\"og:type\" content=\"article\" \/>\n<meta property=\"og:title\" content=\"Zyra p\u00ebr marr\u00ebdh\u00ebnie me publikun\" \/>\n<meta property=\"og:description\" content=\"Rreth ZYR\u00ebs P\u00cbR MARR\u00cbDH\u00cbNIE ME PUBLIKUN DHE P\u00cbRGJEGJ\u00cbSIT\u00cb\u200b Detyrat dhe P\u00ebrgjegj\u00ebsit\u00eb Zyra p\u00ebr Marr\u00ebdh\u00ebnie me&hellip;\" \/>\n<meta property=\"og:url\" content=\"https:\/\/unhz.eu\/bs\/zyra-per-marredhenie-me-publikun\/\" \/>\n<meta property=\"og:site_name\" content=\"University Haxhi Zeka\" \/>\n<meta property=\"article:publisher\" content=\"https:\/\/www.facebook.com\/uni.haxhizeka\" \/>\n<meta property=\"article:modified_time\" content=\"2025-08-27T08:10:44+00:00\" \/>\n<meta name=\"twitter:card\" content=\"summary_large_image\" \/>\n<meta name=\"twitter:site\" content=\"@uni_haxhizeka\" \/>\n<meta name=\"twitter:label1\" content=\"Est. reading time\" \/>\n\t<meta name=\"twitter:data1\" content=\"2 minute\" \/>\n<script type=\"application\/ld+json\" class=\"yoast-schema-graph\">{\"@context\":\"https:\/\/schema.org\",\"@graph\":[{\"@type\":\"WebPage\",\"@id\":\"https:\/\/unhz.eu\/zyra-per-marredhenie-me-publikun\/\",\"url\":\"https:\/\/unhz.eu\/zyra-per-marredhenie-me-publikun\/\",\"name\":\"Zyra p\u00ebr marr\u00ebdh\u00ebnie me publikun - University Haxhi Zeka\",\"isPartOf\":{\"@id\":\"https:\/\/unhz.eu\/#website\"},\"datePublished\":\"2024-04-22T14:09:15+00:00\",\"dateModified\":\"2025-08-27T08:10:44+00:00\",\"breadcrumb\":{\"@id\":\"https:\/\/unhz.eu\/zyra-per-marredhenie-me-publikun\/#breadcrumb\"},\"inLanguage\":\"bs-BA\",\"potentialAction\":[{\"@type\":\"ReadAction\",\"target\":[\"https:\/\/unhz.eu\/zyra-per-marredhenie-me-publikun\/\"]}]},{\"@type\":\"BreadcrumbList\",\"@id\":\"https:\/\/unhz.eu\/zyra-per-marredhenie-me-publikun\/#breadcrumb\",\"itemListElement\":[{\"@type\":\"ListItem\",\"position\":1,\"name\":\"Home\",\"item\":\"https:\/\/unhz.eu\/\"},{\"@type\":\"ListItem\",\"position\":2,\"name\":\"Zyra p\u00ebr marr\u00ebdh\u00ebnie me publikun\"}]},{\"@type\":\"WebSite\",\"@id\":\"https:\/\/unhz.eu\/#website\",\"url\":\"https:\/\/unhz.eu\/\",\"name\":\"Universiteti \u201cHaxhi Zeka\u201d\",\"description\":\"I dedikuar p\u00ebr cil\u00ebsi, standarde dhe suksese\",\"publisher\":{\"@id\":\"https:\/\/unhz.eu\/#organization\"},\"alternateName\":\"Universiteti Haxhi Zeka\",\"potentialAction\":[{\"@type\":\"SearchAction\",\"target\":{\"@type\":\"EntryPoint\",\"urlTemplate\":\"https:\/\/unhz.eu\/?s={search_term_string}\"},\"query-input\":{\"@type\":\"PropertyValueSpecification\",\"valueRequired\":true,\"valueName\":\"search_term_string\"}}],\"inLanguage\":\"bs-BA\"},{\"@type\":\"Organization\",\"@id\":\"https:\/\/unhz.eu\/#organization\",\"name\":\"Universiteti \u201cHaxhi Zeka\u201d\",\"alternateName\":\"Universiteti Haxhi Zeka\",\"url\":\"https:\/\/unhz.eu\/\",\"logo\":{\"@type\":\"ImageObject\",\"inLanguage\":\"bs-BA\",\"@id\":\"https:\/\/unhz.eu\/#\/schema\/logo\/image\/\",\"url\":\"https:\/\/unhz.eu\/wp-content\/uploads\/2025\/04\/logo-unhz.webp\",\"contentUrl\":\"https:\/\/unhz.eu\/wp-content\/uploads\/2025\/04\/logo-unhz.webp\",\"width\":1024,\"height\":260,\"caption\":\"Universiteti \u201cHaxhi Zeka\u201d\"},\"image\":{\"@id\":\"https:\/\/unhz.eu\/#\/schema\/logo\/image\/\"},\"sameAs\":[\"https:\/\/www.facebook.com\/uni.haxhizeka\",\"https:\/\/x.com\/uni_haxhizeka\",\"https:\/\/www.linkedin.com\/school\/haxhi-zeka-university\",\"https:\/\/www.instagram.com\/uni_haxhizeka\/\"],\"description\":\"Universiteti \u201cHaxhi Zeka\u201d n\u00eb Pej\u00eb \u00ebsht\u00eb institucion publik i arsimit t\u00eb lart\u00eb, q\u00eb ofron studime bachelor, master dhe doktorat\u00eb n\u00eb fusha t\u00eb ndryshme si menaxhimi, turizmi, ekonomia, bujq\u00ebsia, arti dhe drejt\u00ebsia. Universiteti synon zhvillimin akademik, hulumtimin shkencor dhe kontributin n\u00eb komunitet.\",\"email\":\"info@unhz.eu\",\"telephone\":\"+38339410970\",\"legalName\":\"Universiteti \u201cHaxhi Zeka\u201d n\u00eb Pej\u00eb\",\"foundingDate\":\"2011-11-14\",\"numberOfEmployees\":{\"@type\":\"QuantitativeValue\",\"minValue\":\"201\",\"maxValue\":\"500\"}}]}<\/script>\n<!-- \/ Yoast SEO Premium plugin. -->","yoast_head_json":{"title":"Zyra p\u00ebr marr\u00ebdh\u00ebnie me publikun - University Haxhi Zeka","robots":{"index":"index","follow":"follow","max-snippet":"max-snippet:-1","max-image-preview":"max-image-preview:large","max-video-preview":"max-video-preview:-1"},"canonical":"https:\/\/unhz.eu\/bs\/zyra-per-marredhenie-me-publikun\/","og_locale":"bs_BA","og_type":"article","og_title":"Zyra p\u00ebr marr\u00ebdh\u00ebnie me publikun","og_description":"Rreth ZYR\u00ebs P\u00cbR MARR\u00cbDH\u00cbNIE ME PUBLIKUN DHE P\u00cbRGJEGJ\u00cbSIT\u00cb\u200b Detyrat dhe P\u00ebrgjegj\u00ebsit\u00eb Zyra p\u00ebr Marr\u00ebdh\u00ebnie me&hellip;","og_url":"https:\/\/unhz.eu\/bs\/zyra-per-marredhenie-me-publikun\/","og_site_name":"University Haxhi Zeka","article_publisher":"https:\/\/www.facebook.com\/uni.haxhizeka","article_modified_time":"2025-08-27T08:10:44+00:00","twitter_card":"summary_large_image","twitter_site":"@uni_haxhizeka","twitter_misc":{"Est. reading time":"2 minute"},"schema":{"@context":"https:\/\/schema.org","@graph":[{"@type":"WebPage","@id":"https:\/\/unhz.eu\/zyra-per-marredhenie-me-publikun\/","url":"https:\/\/unhz.eu\/zyra-per-marredhenie-me-publikun\/","name":"Zyra p\u00ebr marr\u00ebdh\u00ebnie me publikun - University Haxhi Zeka","isPartOf":{"@id":"https:\/\/unhz.eu\/#website"},"datePublished":"2024-04-22T14:09:15+00:00","dateModified":"2025-08-27T08:10:44+00:00","breadcrumb":{"@id":"https:\/\/unhz.eu\/zyra-per-marredhenie-me-publikun\/#breadcrumb"},"inLanguage":"bs-BA","potentialAction":[{"@type":"ReadAction","target":["https:\/\/unhz.eu\/zyra-per-marredhenie-me-publikun\/"]}]},{"@type":"BreadcrumbList","@id":"https:\/\/unhz.eu\/zyra-per-marredhenie-me-publikun\/#breadcrumb","itemListElement":[{"@type":"ListItem","position":1,"name":"Home","item":"https:\/\/unhz.eu\/"},{"@type":"ListItem","position":2,"name":"Zyra p\u00ebr marr\u00ebdh\u00ebnie me publikun"}]},{"@type":"WebSite","@id":"https:\/\/unhz.eu\/#website","url":"https:\/\/unhz.eu\/","name":"Univerzitet &quot;Had\u017ei Zeka&quot;\u201c","description":"Posve\u0107eni kvaliteti, standardima i uspjehu","publisher":{"@id":"https:\/\/unhz.eu\/#organization"},"alternateName":"Universiteti Haxhi Zeka","potentialAction":[{"@type":"SearchAction","target":{"@type":"EntryPoint","urlTemplate":"https:\/\/unhz.eu\/?s={search_term_string}"},"query-input":{"@type":"PropertyValueSpecification","valueRequired":true,"valueName":"search_term_string"}}],"inLanguage":"bs-BA"},{"@type":"Organization","@id":"https:\/\/unhz.eu\/#organization","name":"Univerzitet &quot;Had\u017ei Zeka&quot;\u201c","alternateName":"Universiteti Haxhi Zeka","url":"https:\/\/unhz.eu\/","logo":{"@type":"ImageObject","inLanguage":"bs-BA","@id":"https:\/\/unhz.eu\/#\/schema\/logo\/image\/","url":"https:\/\/unhz.eu\/wp-content\/uploads\/2025\/04\/logo-unhz.webp","contentUrl":"https:\/\/unhz.eu\/wp-content\/uploads\/2025\/04\/logo-unhz.webp","width":1024,"height":260,"caption":"Universiteti \u201cHaxhi Zeka\u201d"},"image":{"@id":"https:\/\/unhz.eu\/#\/schema\/logo\/image\/"},"sameAs":["https:\/\/www.facebook.com\/uni.haxhizeka","https:\/\/x.com\/uni_haxhizeka","https:\/\/www.linkedin.com\/school\/haxhi-zeka-university","https:\/\/www.instagram.com\/uni_haxhizeka\/"],"description":"Univerzitet &quot;Had\u017ei Zeka&quot; u Pe\u0107i je javna visoko\u0161kolska ustanova koja nudi dodiplomske, master i doktorske studije u raznim oblastima kao \u0161to su menad\u017ement, turizam, ekonomija, poljoprivreda, umjetnost i pravo. Univerzitet ima za cilj akademski razvoj, nau\u010dna istra\u017eivanja i doprinos zajednici.","email":"info@unhz.eu","telephone":"+38339410970","legalName":"Universiteti \u201cHaxhi Zeka\u201d n\u00eb Pej\u00eb","foundingDate":"2011-11-14","numberOfEmployees":{"@type":"QuantitativeValue","minValue":"201","maxValue":"500"}}]}},"acf":[],"_links":{"self":[{"href":"https:\/\/unhz.eu\/bs\/wp-json\/wp\/v2\/pages\/22826","targetHints":{"allow":["GET"]}}],"collection":[{"href":"https:\/\/unhz.eu\/bs\/wp-json\/wp\/v2\/pages"}],"about":[{"href":"https:\/\/unhz.eu\/bs\/wp-json\/wp\/v2\/types\/page"}],"author":[{"embeddable":true,"href":"https:\/\/unhz.eu\/bs\/wp-json\/wp\/v2\/users\/1"}],"replies":[{"embeddable":true,"href":"https:\/\/unhz.eu\/bs\/wp-json\/wp\/v2\/comments?post=22826"}],"version-history":[{"count":5,"href":"https:\/\/unhz.eu\/bs\/wp-json\/wp\/v2\/pages\/22826\/revisions"}],"predecessor-version":[{"id":57415,"href":"https:\/\/unhz.eu\/bs\/wp-json\/wp\/v2\/pages\/22826\/revisions\/57415"}],"wp:attachment":[{"href":"https:\/\/unhz.eu\/bs\/wp-json\/wp\/v2\/media?parent=22826"}],"curies":[{"name":"radni list","href":"https:\/\/api.w.org\/{rel}","templated":true}]}}