{"id":22411,"date":"2024-04-19T13:06:23","date_gmt":"2024-04-19T13:06:23","guid":{"rendered":"https:\/\/unhz.eu\/?page_id=22411"},"modified":"2025-07-29T11:20:19","modified_gmt":"2025-07-29T09:20:19","slug":"zyres-per-sigurim-te-cilesise-dhe-vleresim","status":"publish","type":"page","link":"https:\/\/unhz.eu\/bs\/zyres-per-sigurim-te-cilesise-dhe-vleresim\/","title":{"rendered":"Ured za osiguranje kvalitete i evaluaciju"},"content":{"rendered":"<p>Du\u017enosti Ureda za osiguranje kvalitete i evaluaciju su:<\/p>\n\n\n\n<p>Ured podr\u017eava KMCV u pokretanju i koordinaciji inicijativa te u kontinuiranoj implementaciji osiguranja i pobolj\u0161anja kvalitete;<\/p>\n\n\n\n<p>Provodi Plan aktivnosti osiguranja kvalitete koji je odobrio KMCV;<\/p>\n\n\n\n<p>Prikupljati informacije o kvaliteti i evaluaciji od svih u\u010desnika u sistemu unutar Univerziteta;<\/p>\n\n\n\n<p>U saradnji sa KMCV-om i koordinatorima za osiguranje kvaliteta i evaluaciju, organizuje proces interne evaluacije u skladu sa Vodi\u010dem za osiguranje kvaliteta, putem upitnika i drugih instrumenata datih u Vodi\u010du;<\/p>\n\n\n\n<p>Distribuira upitnike, prikuplja, obra\u0111uje i evaluira podatke iz procijenjenih podru\u010dja;<\/p>\n\n\n\n<p>Pru\u017ea podr\u0161ku Ad Hoc komisijama u procesu evaluacije postoje\u0107ih studijskih programa, kao i u periodi\u010dnim postupcima interne evaluacije;<\/p>\n\n\n\n<p>Pru\u017ea administrativnu podr\u0161ku u postupcima interne evaluacije sistema osiguranja kvaliteta Univerziteta;<\/p>\n\n\n\n<p>Pru\u017ea podr\u0161ku akademskim jedinicama putem koordinatora za osiguranje kvaliteta i ocjenjivanje;<\/p>\n\n\n\n<p>Prikuplja, obra\u0111uje i analizira podatke potrebne za sastavljanje godi\u0161njeg izvje\u0161taja o radu;<\/p>\n\n\n\n<p>Koordinira rad na podr\u0161ci akademskim jedinicama za proces institucionalne reakreditacije i reakreditacije studijskih programa, na osnovu smjernica i standarda KAA;<\/p>\n\n\n\n<p>Odr\u017eava i pregleda dokumentaciju o novom\/akreditacijskom procesu, priprema relevantne izvje\u0161taje i analize.<\/p>","protected":false},"excerpt":{"rendered":"<p>Detyrat e Zyr\u00ebs p\u00ebr Sigurim t\u00eb Cil\u00ebsis\u00eb dhe Vler\u00ebsim jan\u00eb: Zyra \u00ebsht\u00eb mb\u00ebshtet\u00ebse e KMCV-s\u00eb&hellip;<\/p>","protected":false},"author":1,"featured_media":50754,"parent":0,"menu_order":0,"comment_status":"closed","ping_status":"closed","template":"","meta":{"_acf_changed":false,"footnotes":""},"class_list":["post-22411","page","type-page","status-publish","has-post-thumbnail","hentry"],"yoast_head":"<!-- This site is optimized with the Yoast SEO Premium plugin v27.2 (Yoast SEO v27.2) - https:\/\/yoast.com\/product\/yoast-seo-premium-wordpress\/ -->\n<title>Zyr\u00ebs p\u00ebr Sigurim t\u00eb Cil\u00ebsis\u00eb dhe Vler\u00ebsim - University Haxhi Zeka<\/title>\n<meta name=\"description\" content=\"Zyra p\u00ebr Sigurim t\u00eb Cil\u00ebsis\u00eb dhe Vler\u00ebsim mb\u00ebshtet KMCV-n\u00eb n\u00eb iniciativat p\u00ebr p\u00ebrmir\u00ebsimin e cil\u00ebsis\u00eb, implementon aktivitete dhe koordinon proceset e akreditimit n\u00eb UHZ.\" \/>\n<meta name=\"robots\" content=\"index, follow, max-snippet:-1, max-image-preview:large, max-video-preview:-1\" \/>\n<link rel=\"canonical\" href=\"https:\/\/unhz.eu\/bs\/zyres-per-sigurim-te-cilesise-dhe-vleresim\/\" \/>\n<meta property=\"og:locale\" content=\"bs_BA\" \/>\n<meta property=\"og:type\" content=\"article\" \/>\n<meta property=\"og:title\" content=\"Zyr\u00ebs p\u00ebr Sigurim t\u00eb Cil\u00ebsis\u00eb dhe Vler\u00ebsim\" \/>\n<meta property=\"og:description\" content=\"Zyra p\u00ebr Sigurim t\u00eb Cil\u00ebsis\u00eb dhe Vler\u00ebsim mb\u00ebshtet KMCV-n\u00eb n\u00eb iniciativat p\u00ebr p\u00ebrmir\u00ebsimin e cil\u00ebsis\u00eb, implementon aktivitete dhe koordinon proceset e akreditimit n\u00eb UHZ.\" \/>\n<meta property=\"og:url\" content=\"https:\/\/unhz.eu\/bs\/zyres-per-sigurim-te-cilesise-dhe-vleresim\/\" \/>\n<meta property=\"og:site_name\" content=\"University Haxhi Zeka\" \/>\n<meta property=\"article:publisher\" content=\"https:\/\/www.facebook.com\/uni.haxhizeka\" \/>\n<meta property=\"article:modified_time\" content=\"2025-07-29T09:20:19+00:00\" \/>\n<meta property=\"og:image\" content=\"https:\/\/unhz.eu\/wp-content\/uploads\/2025\/04\/Dizajn-me-logo-te-UHZ.webp\" \/>\n\t<meta property=\"og:image:width\" content=\"1000\" \/>\n\t<meta property=\"og:image:height\" content=\"1000\" \/>\n\t<meta property=\"og:image:type\" content=\"image\/webp\" \/>\n<meta name=\"twitter:card\" content=\"summary_large_image\" \/>\n<meta name=\"twitter:site\" content=\"@uni_haxhizeka\" \/>\n<meta name=\"twitter:label1\" content=\"Est. reading time\" \/>\n\t<meta name=\"twitter:data1\" content=\"2 minute\" \/>\n<script type=\"application\/ld+json\" class=\"yoast-schema-graph\">{\"@context\":\"https:\/\/schema.org\",\"@graph\":[{\"@type\":\"WebPage\",\"@id\":\"https:\/\/unhz.eu\/zyres-per-sigurim-te-cilesise-dhe-vleresim\/\",\"url\":\"https:\/\/unhz.eu\/zyres-per-sigurim-te-cilesise-dhe-vleresim\/\",\"name\":\"Zyr\u00ebs p\u00ebr Sigurim t\u00eb Cil\u00ebsis\u00eb dhe Vler\u00ebsim - University Haxhi Zeka\",\"isPartOf\":{\"@id\":\"https:\/\/unhz.eu\/#website\"},\"primaryImageOfPage\":{\"@id\":\"https:\/\/unhz.eu\/zyres-per-sigurim-te-cilesise-dhe-vleresim\/#primaryimage\"},\"image\":{\"@id\":\"https:\/\/unhz.eu\/zyres-per-sigurim-te-cilesise-dhe-vleresim\/#primaryimage\"},\"thumbnailUrl\":\"https:\/\/unhz.eu\/wp-content\/uploads\/2025\/04\/Dizajn-me-logo-te-UHZ.webp\",\"datePublished\":\"2024-04-19T13:06:23+00:00\",\"dateModified\":\"2025-07-29T09:20:19+00:00\",\"description\":\"Zyra p\u00ebr Sigurim t\u00eb Cil\u00ebsis\u00eb dhe Vler\u00ebsim mb\u00ebshtet KMCV-n\u00eb n\u00eb iniciativat p\u00ebr p\u00ebrmir\u00ebsimin e cil\u00ebsis\u00eb, implementon aktivitete dhe koordinon proceset e akreditimit n\u00eb UHZ.\",\"breadcrumb\":{\"@id\":\"https:\/\/unhz.eu\/zyres-per-sigurim-te-cilesise-dhe-vleresim\/#breadcrumb\"},\"inLanguage\":\"bs-BA\",\"potentialAction\":[{\"@type\":\"ReadAction\",\"target\":[\"https:\/\/unhz.eu\/zyres-per-sigurim-te-cilesise-dhe-vleresim\/\"]}]},{\"@type\":\"ImageObject\",\"inLanguage\":\"bs-BA\",\"@id\":\"https:\/\/unhz.eu\/zyres-per-sigurim-te-cilesise-dhe-vleresim\/#primaryimage\",\"url\":\"https:\/\/unhz.eu\/wp-content\/uploads\/2025\/04\/Dizajn-me-logo-te-UHZ.webp\",\"contentUrl\":\"https:\/\/unhz.eu\/wp-content\/uploads\/2025\/04\/Dizajn-me-logo-te-UHZ.webp\",\"width\":1000,\"height\":1000,\"caption\":\"Universiteti Haxhi Zeka, UHZ logo me background te kuq\"},{\"@type\":\"BreadcrumbList\",\"@id\":\"https:\/\/unhz.eu\/zyres-per-sigurim-te-cilesise-dhe-vleresim\/#breadcrumb\",\"itemListElement\":[{\"@type\":\"ListItem\",\"position\":1,\"name\":\"Home\",\"item\":\"https:\/\/unhz.eu\/\"},{\"@type\":\"ListItem\",\"position\":2,\"name\":\"Zyr\u00ebs p\u00ebr Sigurim t\u00eb Cil\u00ebsis\u00eb dhe Vler\u00ebsim\"}]},{\"@type\":\"WebSite\",\"@id\":\"https:\/\/unhz.eu\/#website\",\"url\":\"https:\/\/unhz.eu\/\",\"name\":\"Universiteti \u201cHaxhi Zeka\u201d\",\"description\":\"I dedikuar p\u00ebr cil\u00ebsi, standarde dhe suksese\",\"publisher\":{\"@id\":\"https:\/\/unhz.eu\/#organization\"},\"alternateName\":\"Universiteti Haxhi Zeka\",\"potentialAction\":[{\"@type\":\"SearchAction\",\"target\":{\"@type\":\"EntryPoint\",\"urlTemplate\":\"https:\/\/unhz.eu\/?s={search_term_string}\"},\"query-input\":{\"@type\":\"PropertyValueSpecification\",\"valueRequired\":true,\"valueName\":\"search_term_string\"}}],\"inLanguage\":\"bs-BA\"},{\"@type\":\"Organization\",\"@id\":\"https:\/\/unhz.eu\/#organization\",\"name\":\"Universiteti \u201cHaxhi Zeka\u201d\",\"alternateName\":\"Universiteti Haxhi Zeka\",\"url\":\"https:\/\/unhz.eu\/\",\"logo\":{\"@type\":\"ImageObject\",\"inLanguage\":\"bs-BA\",\"@id\":\"https:\/\/unhz.eu\/#\/schema\/logo\/image\/\",\"url\":\"https:\/\/unhz.eu\/wp-content\/uploads\/2025\/04\/logo-unhz.webp\",\"contentUrl\":\"https:\/\/unhz.eu\/wp-content\/uploads\/2025\/04\/logo-unhz.webp\",\"width\":1024,\"height\":260,\"caption\":\"Universiteti \u201cHaxhi Zeka\u201d\"},\"image\":{\"@id\":\"https:\/\/unhz.eu\/#\/schema\/logo\/image\/\"},\"sameAs\":[\"https:\/\/www.facebook.com\/uni.haxhizeka\",\"https:\/\/x.com\/uni_haxhizeka\",\"https:\/\/www.linkedin.com\/school\/haxhi-zeka-university\",\"https:\/\/www.instagram.com\/uni_haxhizeka\/\"],\"description\":\"Universiteti \u201cHaxhi Zeka\u201d n\u00eb Pej\u00eb \u00ebsht\u00eb institucion publik i arsimit t\u00eb lart\u00eb, q\u00eb ofron studime bachelor, master dhe doktorat\u00eb n\u00eb fusha t\u00eb ndryshme si menaxhimi, turizmi, ekonomia, bujq\u00ebsia, arti dhe drejt\u00ebsia. Universiteti synon zhvillimin akademik, hulumtimin shkencor dhe kontributin n\u00eb komunitet.\",\"email\":\"info@unhz.eu\",\"telephone\":\"+38339410970\",\"legalName\":\"Universiteti \u201cHaxhi Zeka\u201d n\u00eb Pej\u00eb\",\"foundingDate\":\"2011-11-14\",\"numberOfEmployees\":{\"@type\":\"QuantitativeValue\",\"minValue\":\"201\",\"maxValue\":\"500\"}}]}<\/script>\n<!-- \/ Yoast SEO Premium plugin. -->","yoast_head_json":{"title":"Ured za osiguranje kvaliteta i evaluaciju - Univerzitet Haxhi Zeka","description":"Ured za osiguranje i evaluaciju kvalitete podr\u017eava KMCV u inicijativama za pobolj\u0161anje kvalitete, provodi aktivnosti i koordinira procese akreditacije na UHZ-u.","robots":{"index":"index","follow":"follow","max-snippet":"max-snippet:-1","max-image-preview":"max-image-preview:large","max-video-preview":"max-video-preview:-1"},"canonical":"https:\/\/unhz.eu\/bs\/zyres-per-sigurim-te-cilesise-dhe-vleresim\/","og_locale":"bs_BA","og_type":"article","og_title":"Zyr\u00ebs p\u00ebr Sigurim t\u00eb Cil\u00ebsis\u00eb dhe Vler\u00ebsim","og_description":"Zyra p\u00ebr Sigurim t\u00eb Cil\u00ebsis\u00eb dhe Vler\u00ebsim mb\u00ebshtet KMCV-n\u00eb n\u00eb iniciativat p\u00ebr p\u00ebrmir\u00ebsimin e cil\u00ebsis\u00eb, implementon aktivitete dhe koordinon proceset e akreditimit n\u00eb UHZ.","og_url":"https:\/\/unhz.eu\/bs\/zyres-per-sigurim-te-cilesise-dhe-vleresim\/","og_site_name":"University Haxhi Zeka","article_publisher":"https:\/\/www.facebook.com\/uni.haxhizeka","article_modified_time":"2025-07-29T09:20:19+00:00","og_image":[{"width":1000,"height":1000,"url":"https:\/\/unhz.eu\/wp-content\/uploads\/2025\/04\/Dizajn-me-logo-te-UHZ.webp","type":"image\/webp"}],"twitter_card":"summary_large_image","twitter_site":"@uni_haxhizeka","twitter_misc":{"Est. reading time":"2 minute"},"schema":{"@context":"https:\/\/schema.org","@graph":[{"@type":"WebPage","@id":"https:\/\/unhz.eu\/zyres-per-sigurim-te-cilesise-dhe-vleresim\/","url":"https:\/\/unhz.eu\/zyres-per-sigurim-te-cilesise-dhe-vleresim\/","name":"Ured za osiguranje kvaliteta i evaluaciju - Univerzitet Haxhi Zeka","isPartOf":{"@id":"https:\/\/unhz.eu\/#website"},"primaryImageOfPage":{"@id":"https:\/\/unhz.eu\/zyres-per-sigurim-te-cilesise-dhe-vleresim\/#primaryimage"},"image":{"@id":"https:\/\/unhz.eu\/zyres-per-sigurim-te-cilesise-dhe-vleresim\/#primaryimage"},"thumbnailUrl":"https:\/\/unhz.eu\/wp-content\/uploads\/2025\/04\/Dizajn-me-logo-te-UHZ.webp","datePublished":"2024-04-19T13:06:23+00:00","dateModified":"2025-07-29T09:20:19+00:00","description":"Ured za osiguranje i evaluaciju kvalitete podr\u017eava KMCV u inicijativama za pobolj\u0161anje kvalitete, provodi aktivnosti i koordinira procese akreditacije na UHZ-u.","breadcrumb":{"@id":"https:\/\/unhz.eu\/zyres-per-sigurim-te-cilesise-dhe-vleresim\/#breadcrumb"},"inLanguage":"bs-BA","potentialAction":[{"@type":"ReadAction","target":["https:\/\/unhz.eu\/zyres-per-sigurim-te-cilesise-dhe-vleresim\/"]}]},{"@type":"ImageObject","inLanguage":"bs-BA","@id":"https:\/\/unhz.eu\/zyres-per-sigurim-te-cilesise-dhe-vleresim\/#primaryimage","url":"https:\/\/unhz.eu\/wp-content\/uploads\/2025\/04\/Dizajn-me-logo-te-UHZ.webp","contentUrl":"https:\/\/unhz.eu\/wp-content\/uploads\/2025\/04\/Dizajn-me-logo-te-UHZ.webp","width":1000,"height":1000,"caption":"Universiteti Haxhi Zeka, UHZ logo me background te kuq"},{"@type":"BreadcrumbList","@id":"https:\/\/unhz.eu\/zyres-per-sigurim-te-cilesise-dhe-vleresim\/#breadcrumb","itemListElement":[{"@type":"ListItem","position":1,"name":"Home","item":"https:\/\/unhz.eu\/"},{"@type":"ListItem","position":2,"name":"Zyr\u00ebs p\u00ebr Sigurim t\u00eb Cil\u00ebsis\u00eb dhe Vler\u00ebsim"}]},{"@type":"WebSite","@id":"https:\/\/unhz.eu\/#website","url":"https:\/\/unhz.eu\/","name":"Univerzitet &quot;Had\u017ei Zeka&quot;\u201c","description":"Posve\u0107eni kvaliteti, standardima i uspjehu","publisher":{"@id":"https:\/\/unhz.eu\/#organization"},"alternateName":"Universiteti Haxhi Zeka","potentialAction":[{"@type":"SearchAction","target":{"@type":"EntryPoint","urlTemplate":"https:\/\/unhz.eu\/?s={search_term_string}"},"query-input":{"@type":"PropertyValueSpecification","valueRequired":true,"valueName":"search_term_string"}}],"inLanguage":"bs-BA"},{"@type":"Organization","@id":"https:\/\/unhz.eu\/#organization","name":"Univerzitet &quot;Had\u017ei Zeka&quot;\u201c","alternateName":"Universiteti Haxhi Zeka","url":"https:\/\/unhz.eu\/","logo":{"@type":"ImageObject","inLanguage":"bs-BA","@id":"https:\/\/unhz.eu\/#\/schema\/logo\/image\/","url":"https:\/\/unhz.eu\/wp-content\/uploads\/2025\/04\/logo-unhz.webp","contentUrl":"https:\/\/unhz.eu\/wp-content\/uploads\/2025\/04\/logo-unhz.webp","width":1024,"height":260,"caption":"Universiteti \u201cHaxhi Zeka\u201d"},"image":{"@id":"https:\/\/unhz.eu\/#\/schema\/logo\/image\/"},"sameAs":["https:\/\/www.facebook.com\/uni.haxhizeka","https:\/\/x.com\/uni_haxhizeka","https:\/\/www.linkedin.com\/school\/haxhi-zeka-university","https:\/\/www.instagram.com\/uni_haxhizeka\/"],"description":"Univerzitet &quot;Had\u017ei Zeka&quot; u Pe\u0107i je javna visoko\u0161kolska ustanova koja nudi dodiplomske, master i doktorske studije u raznim oblastima kao \u0161to su menad\u017ement, turizam, ekonomija, poljoprivreda, umjetnost i pravo. Univerzitet ima za cilj akademski razvoj, nau\u010dna istra\u017eivanja i doprinos zajednici.","email":"info@unhz.eu","telephone":"+38339410970","legalName":"Universiteti \u201cHaxhi Zeka\u201d n\u00eb Pej\u00eb","foundingDate":"2011-11-14","numberOfEmployees":{"@type":"QuantitativeValue","minValue":"201","maxValue":"500"}}]}},"acf":[],"_links":{"self":[{"href":"https:\/\/unhz.eu\/bs\/wp-json\/wp\/v2\/pages\/22411","targetHints":{"allow":["GET"]}}],"collection":[{"href":"https:\/\/unhz.eu\/bs\/wp-json\/wp\/v2\/pages"}],"about":[{"href":"https:\/\/unhz.eu\/bs\/wp-json\/wp\/v2\/types\/page"}],"author":[{"embeddable":true,"href":"https:\/\/unhz.eu\/bs\/wp-json\/wp\/v2\/users\/1"}],"replies":[{"embeddable":true,"href":"https:\/\/unhz.eu\/bs\/wp-json\/wp\/v2\/comments?post=22411"}],"version-history":[{"count":1,"href":"https:\/\/unhz.eu\/bs\/wp-json\/wp\/v2\/pages\/22411\/revisions"}],"predecessor-version":[{"id":52599,"href":"https:\/\/unhz.eu\/bs\/wp-json\/wp\/v2\/pages\/22411\/revisions\/52599"}],"wp:featuredmedia":[{"embeddable":true,"href":"https:\/\/unhz.eu\/bs\/wp-json\/wp\/v2\/media\/50754"}],"wp:attachment":[{"href":"https:\/\/unhz.eu\/bs\/wp-json\/wp\/v2\/media?parent=22411"}],"curies":[{"name":"radni list","href":"https:\/\/api.w.org\/{rel}","templated":true}]}}