{"id":22361,"date":"2024-04-19T12:07:37","date_gmt":"2024-04-19T12:07:37","guid":{"rendered":"https:\/\/unhz.eu\/?page_id=22361"},"modified":"2025-06-23T14:24:49","modified_gmt":"2025-06-23T12:24:49","slug":"akreditim","status":"publish","type":"page","link":"https:\/\/unhz.eu\/bs\/akreditim\/","title":{"rendered":"Akreditim"},"content":{"rendered":"<h3>UNIVERSITETI HAXHI ZEKA N\u00cb PEJ\u00cb AKREDITOHET P\u00cbR 5 VITE<\/h3>\n<p>Sot, m\u00eb 14 Prill 2023,\u00a0<a href=\"https:\/\/unhz.eu\/\" target=\"_blank\" rel=\"noreferrer noopener\">Universiteti Haxhi Zeka n\u00eb Pej\u00eb<\/a>\u00a0(UHZ) u akreditua p\u00ebr 5 vitet e ardhshme.\u00a0<a href=\"https:\/\/akreditimi.rks-gov.net\/keshilli\/\" target=\"_blank\" rel=\"noreferrer noopener\">K\u00ebshilli Shtet\u00ebror i Cil\u00ebsis\u00eb<\/a>\u00a0(KSHC), pas propozimit t\u00eb grupit t\u00eb ekspert\u00ebve nd\u00ebrkomb\u00ebtar\u00eb vler\u00ebsoi lart p\u00ebrmbushjen e kritereve dhe standardeve t\u00eb vendosura nga\u00a0<a href=\"https:\/\/akreditimi.rks-gov.net\/\" target=\"_blank\" rel=\"noreferrer noopener\">Agjencia e Kosov\u00ebs p\u00ebr Akreditim<\/a>\u00a0(AKA). K\u00ebshtu, KSHC morri vendim p\u00ebr akreditim institucional 5 vje\u00e7ar t\u00eb Universitetit Haxhi Zeka. Ky \u00ebsht\u00eb vler\u00ebsimi m\u00eb i lart\u00eb q\u00eb mund t\u2019u ofrohet institucioneve t\u00eb arsimit t\u00eb lart\u00eb n\u00eb vend.<\/p>\n<p>Kjo dit\u00eb e sh\u00ebnuar p\u00ebr UHZ-n\u00eb sjell m\u00eb shum\u00eb inkurajim, motivim dhe optimiz\u00ebm p\u00ebr ecurin\u00eb dhe suksesin e proceseve n\u00eb institucionin ton\u00eb. P\u00ebrkrahja e t\u00eb gjitha pal\u00ebve ishte thelb\u00ebsore p\u00ebr arritjen e k\u00ebtyre q\u00ebllimeve. K\u00ebtu p\u00ebrfshihen: personeli akademik, administrativ dhe student\u00ebve. Gjithashtu, edhe partner\u00ebt e ndrysh\u00ebm komb\u00ebtar\u00eb e nd\u00ebrkomb\u00ebtar\u00eb.<\/p>\n<p><img data-dominant-color=\"b67276\" data-has-transparency=\"false\" style=\"--dominant-color: #b67276;\" fetchpriority=\"high\" decoding=\"async\" class=\"alignnone size-full wp-image-52350 not-transparent\" src=\"https:\/\/unhz.eu\/wp-content\/uploads\/2025\/05\/UHZ_riakreditohet_per_5_vite.jpg\" alt=\"universiteti haxhi zeka ne peje akreditohet per 5 vite\" width=\"1024\" height=\"1024\" srcset=\"https:\/\/unhz.eu\/wp-content\/uploads\/2025\/05\/UHZ_riakreditohet_per_5_vite.jpg 1024w, https:\/\/unhz.eu\/wp-content\/uploads\/2025\/05\/UHZ_riakreditohet_per_5_vite-300x300.jpg 300w, https:\/\/unhz.eu\/wp-content\/uploads\/2025\/05\/UHZ_riakreditohet_per_5_vite-150x150.jpg 150w, https:\/\/unhz.eu\/wp-content\/uploads\/2025\/05\/UHZ_riakreditohet_per_5_vite-768x768.jpg 768w, https:\/\/unhz.eu\/wp-content\/uploads\/2025\/05\/UHZ_riakreditohet_per_5_vite-370x370.jpg 370w, https:\/\/unhz.eu\/wp-content\/uploads\/2025\/05\/UHZ_riakreditohet_per_5_vite-120x120.jpg 120w, https:\/\/unhz.eu\/wp-content\/uploads\/2025\/05\/UHZ_riakreditohet_per_5_vite-840x840.jpg 840w, https:\/\/unhz.eu\/wp-content\/uploads\/2025\/05\/UHZ_riakreditohet_per_5_vite-410x410.jpg 410w\" sizes=\"(max-width: 1024px) 100vw, 1024px\" \/><\/p>\n<p>Personeli i Universitetit Haxhi Zeka ka punuar me p\u00ebrkushtim dhe guxim gjat\u00eb k\u00ebtyre dy viteve, p\u00ebrballuar v\u00ebshtir\u00ebsit\u00eb me besim. Kjo pun\u00eb ishte sfiduese, por thelb\u00ebsore p\u00ebr t\u00eb plot\u00ebsuar kushtet dhe standardet e Agjencis\u00eb Kosovare t\u00eb Akreditimit, duke garantuar ligjshm\u00ebrin\u00eb dhe cil\u00ebsin\u00eb. Ky proces \u00ebsht\u00eb jetik p\u00ebr t\u00eb ardhmen e institucionit, ekonomis\u00eb dhe shoq\u00ebris\u00eb. Posa\u00e7\u00ebrisht, p\u00ebr student\u00ebt q\u00eb kan\u00eb besuar Universitetin Haxhi Zeka me kursimet dhe sakrificat e prind\u00ebrve t\u00eb tyre.<\/p>\n<h3>FJALA E REKTORIT P\u00cbR AKREDITIMIN 5 VJE\u00c7AR T\u00cb UHZ-S\u00cb<\/h3>\n<p>Rektori, prof. dr\u00a0Armand Krasniqi, fal\u00ebnderoi t\u00eb gjith\u00eb p\u00ebr kontributin e dh\u00ebn\u00eb dhe nd\u00ebr t\u00eb tjera n\u00eb prenoncim e tij theksoi:<\/p>\n<p>\u201c<em>Ka shum\u00eb histori q\u00eb mund t\u00eb tregohen lidhur me gjendjen e cila deri n\u00eb k\u00ebt\u00eb moment e p\u00ebrcolli institucionin ton\u00eb. Ka shum\u00eb fakte dhe shifra rr\u00ebnqeth\u00ebse q\u00eb jan\u00eb nj\u00eb pasqyr\u00eb m\u00eb shum\u00eb se sa bind\u00ebse p\u00ebr domosdoshm\u00ebrin\u00eb e k\u00ebsaj reforme rr\u00ebnj\u00ebsore. Reform\u00eb kjo t\u00eb cil\u00ebn ne s\u00eb bashku e kemi nisur dhe do e vazhdojm\u00eb. Ne mbetemi t\u00eb pal\u00ebkundur n\u00eb p\u00ebrpjekjet tona p\u00ebr t\u00eb p\u00ebrmbushur vizionin dhe misionin ton\u00eb. Synimi yn\u00eb \u00ebsht\u00eb t\u00eb kontribuojm\u00eb n\u00eb zhvillimin e k\u00ebtij komuniteti shoq\u00ebror. Kjo p\u00ebr arsyen q\u00eb diploma e Universitetit \u201cHaxhi Zeka\u201d sot e n\u00eb t\u00eb ardhmen t\u00eb ju b\u00ebj krenar n\u00eb pun\u00eb\u00a0 dhe n\u00eb jet\u00eb<\/em>\u201d.<\/p>\n<p>Nuk duhet t\u00eb harrojm\u00eb kurr\u00eb se\u00a0<strong>edukimi \u00ebsht\u00eb transmetim i civilizimit<\/strong>. E ku m\u00eb mir\u00eb e m\u00eb sigurt kjo p\u00ebrmbushet se sa n\u00eb universitete?<\/p>\n<p>Universiteti Haxhi Zeka do t\u00eb jet\u00eb edhe m\u00eb i p\u00ebrkushtuar n\u00eb rritjen e cil\u00ebsis\u00eb. Ky \u00ebsht\u00eb vet\u00ebm nj\u00eb nga hapat pozitiv\u00eb drejt realizimit t\u00eb objektivave t\u00eb tij strategjike.<\/p>","protected":false},"excerpt":{"rendered":"<p>UNIVERSITETI HAXHI ZEKA N\u00cb PEJ\u00cb AKREDITOHET P\u00cbR 5 VITE Sot, m\u00eb 14 Prill 2023,\u00a0Universiteti Haxhi&hellip;<\/p>","protected":false},"author":1,"featured_media":0,"parent":0,"menu_order":0,"comment_status":"closed","ping_status":"closed","template":"","meta":{"_acf_changed":false,"footnotes":""},"class_list":["post-22361","page","type-page","status-publish","hentry"],"yoast_head":"<!-- This site is optimized with the Yoast SEO Premium plugin v27.2 (Yoast SEO v27.2) - https:\/\/yoast.com\/product\/yoast-seo-premium-wordpress\/ -->\n<title>Akreditim - University Haxhi Zeka<\/title>\n<meta name=\"description\" content=\"Institucioni i vetem i arsimit te larte qe akreditohet per pese vite ne Republiken e Kosoves, perkatesisht Universiteti Haxhi Zeka...\" \/>\n<meta name=\"robots\" content=\"index, follow, max-snippet:-1, max-image-preview:large, max-video-preview:-1\" \/>\n<link rel=\"canonical\" href=\"https:\/\/unhz.eu\/bs\/akreditim\/\" \/>\n<meta property=\"og:locale\" content=\"bs_BA\" \/>\n<meta property=\"og:type\" content=\"article\" \/>\n<meta property=\"og:title\" content=\"Akreditim\" \/>\n<meta property=\"og:description\" content=\"Institucioni i vetem i arsimit te larte qe akreditohet per pese vite ne Republiken e Kosoves, perkatesisht Universiteti Haxhi Zeka...\" \/>\n<meta property=\"og:url\" content=\"https:\/\/unhz.eu\/bs\/akreditim\/\" \/>\n<meta property=\"og:site_name\" content=\"University Haxhi Zeka\" \/>\n<meta property=\"article:publisher\" content=\"https:\/\/www.facebook.com\/uni.haxhizeka\" \/>\n<meta property=\"article:modified_time\" content=\"2025-06-23T12:24:49+00:00\" \/>\n<meta property=\"og:image\" content=\"https:\/\/unhz.eu\/wp-content\/uploads\/2025\/05\/UHZ_riakreditohet_per_5_vite.jpg\" \/>\n\t<meta property=\"og:image:width\" content=\"1024\" \/>\n\t<meta property=\"og:image:height\" content=\"1024\" \/>\n\t<meta property=\"og:image:type\" content=\"image\/jpeg\" \/>\n<meta name=\"twitter:card\" content=\"summary_large_image\" \/>\n<meta name=\"twitter:site\" content=\"@uni_haxhizeka\" \/>\n<meta name=\"twitter:label1\" content=\"Est. reading time\" \/>\n\t<meta name=\"twitter:data1\" content=\"2 minute\" \/>\n<script type=\"application\/ld+json\" class=\"yoast-schema-graph\">{\"@context\":\"https:\/\/schema.org\",\"@graph\":[{\"@type\":\"WebPage\",\"@id\":\"https:\/\/unhz.eu\/akreditim\/\",\"url\":\"https:\/\/unhz.eu\/akreditim\/\",\"name\":\"Akreditim - University Haxhi Zeka\",\"isPartOf\":{\"@id\":\"https:\/\/unhz.eu\/#website\"},\"primaryImageOfPage\":{\"@id\":\"https:\/\/unhz.eu\/akreditim\/#primaryimage\"},\"image\":{\"@id\":\"https:\/\/unhz.eu\/akreditim\/#primaryimage\"},\"thumbnailUrl\":\"https:\/\/unhz.eu\/wp-content\/uploads\/2025\/05\/UHZ_riakreditohet_per_5_vite.jpg\",\"datePublished\":\"2024-04-19T12:07:37+00:00\",\"dateModified\":\"2025-06-23T12:24:49+00:00\",\"description\":\"Institucioni i vetem i arsimit te larte qe akreditohet per pese vite ne Republiken e Kosoves, perkatesisht Universiteti Haxhi Zeka...\",\"breadcrumb\":{\"@id\":\"https:\/\/unhz.eu\/akreditim\/#breadcrumb\"},\"inLanguage\":\"bs-BA\",\"potentialAction\":[{\"@type\":\"ReadAction\",\"target\":[\"https:\/\/unhz.eu\/akreditim\/\"]}]},{\"@type\":\"ImageObject\",\"inLanguage\":\"bs-BA\",\"@id\":\"https:\/\/unhz.eu\/akreditim\/#primaryimage\",\"url\":\"https:\/\/unhz.eu\/wp-content\/uploads\/2025\/05\/UHZ_riakreditohet_per_5_vite.jpg\",\"contentUrl\":\"https:\/\/unhz.eu\/wp-content\/uploads\/2025\/05\/UHZ_riakreditohet_per_5_vite.jpg\"},{\"@type\":\"BreadcrumbList\",\"@id\":\"https:\/\/unhz.eu\/akreditim\/#breadcrumb\",\"itemListElement\":[{\"@type\":\"ListItem\",\"position\":1,\"name\":\"Home\",\"item\":\"https:\/\/unhz.eu\/\"},{\"@type\":\"ListItem\",\"position\":2,\"name\":\"Akreditim\"}]},{\"@type\":\"WebSite\",\"@id\":\"https:\/\/unhz.eu\/#website\",\"url\":\"https:\/\/unhz.eu\/\",\"name\":\"Universiteti \u201cHaxhi Zeka\u201d\",\"description\":\"I dedikuar p\u00ebr cil\u00ebsi, standarde dhe suksese\",\"publisher\":{\"@id\":\"https:\/\/unhz.eu\/#organization\"},\"alternateName\":\"Universiteti Haxhi Zeka\",\"potentialAction\":[{\"@type\":\"SearchAction\",\"target\":{\"@type\":\"EntryPoint\",\"urlTemplate\":\"https:\/\/unhz.eu\/?s={search_term_string}\"},\"query-input\":{\"@type\":\"PropertyValueSpecification\",\"valueRequired\":true,\"valueName\":\"search_term_string\"}}],\"inLanguage\":\"bs-BA\"},{\"@type\":\"Organization\",\"@id\":\"https:\/\/unhz.eu\/#organization\",\"name\":\"Universiteti \u201cHaxhi Zeka\u201d\",\"alternateName\":\"Universiteti Haxhi Zeka\",\"url\":\"https:\/\/unhz.eu\/\",\"logo\":{\"@type\":\"ImageObject\",\"inLanguage\":\"bs-BA\",\"@id\":\"https:\/\/unhz.eu\/#\/schema\/logo\/image\/\",\"url\":\"https:\/\/unhz.eu\/wp-content\/uploads\/2025\/04\/logo-unhz.webp\",\"contentUrl\":\"https:\/\/unhz.eu\/wp-content\/uploads\/2025\/04\/logo-unhz.webp\",\"width\":1024,\"height\":260,\"caption\":\"Universiteti \u201cHaxhi Zeka\u201d\"},\"image\":{\"@id\":\"https:\/\/unhz.eu\/#\/schema\/logo\/image\/\"},\"sameAs\":[\"https:\/\/www.facebook.com\/uni.haxhizeka\",\"https:\/\/x.com\/uni_haxhizeka\",\"https:\/\/www.linkedin.com\/school\/haxhi-zeka-university\",\"https:\/\/www.instagram.com\/uni_haxhizeka\/\"],\"description\":\"Universiteti \u201cHaxhi Zeka\u201d n\u00eb Pej\u00eb \u00ebsht\u00eb institucion publik i arsimit t\u00eb lart\u00eb, q\u00eb ofron studime bachelor, master dhe doktorat\u00eb n\u00eb fusha t\u00eb ndryshme si menaxhimi, turizmi, ekonomia, bujq\u00ebsia, arti dhe drejt\u00ebsia. Universiteti synon zhvillimin akademik, hulumtimin shkencor dhe kontributin n\u00eb komunitet.\",\"email\":\"info@unhz.eu\",\"telephone\":\"+38339410970\",\"legalName\":\"Universiteti \u201cHaxhi Zeka\u201d n\u00eb Pej\u00eb\",\"foundingDate\":\"2011-11-14\",\"numberOfEmployees\":{\"@type\":\"QuantitativeValue\",\"minValue\":\"201\",\"maxValue\":\"500\"}}]}<\/script>\n<!-- \/ Yoast SEO Premium plugin. -->","yoast_head_json":{"title":"Akreditim - University Haxhi Zeka","description":"Institucioni i vetem i arsimit te larte qe akreditohet per pese vite ne Republiken e Kosoves, perkatesisht Universiteti Haxhi Zeka...","robots":{"index":"index","follow":"follow","max-snippet":"max-snippet:-1","max-image-preview":"max-image-preview:large","max-video-preview":"max-video-preview:-1"},"canonical":"https:\/\/unhz.eu\/bs\/akreditim\/","og_locale":"bs_BA","og_type":"article","og_title":"Akreditim","og_description":"Institucioni i vetem i arsimit te larte qe akreditohet per pese vite ne Republiken e Kosoves, perkatesisht Universiteti Haxhi Zeka...","og_url":"https:\/\/unhz.eu\/bs\/akreditim\/","og_site_name":"University Haxhi Zeka","article_publisher":"https:\/\/www.facebook.com\/uni.haxhizeka","article_modified_time":"2025-06-23T12:24:49+00:00","og_image":[{"width":1024,"height":1024,"url":"https:\/\/unhz.eu\/wp-content\/uploads\/2025\/05\/UHZ_riakreditohet_per_5_vite.jpg","type":"image\/jpeg"}],"twitter_card":"summary_large_image","twitter_site":"@uni_haxhizeka","twitter_misc":{"Est. reading time":"2 minute"},"schema":{"@context":"https:\/\/schema.org","@graph":[{"@type":"WebPage","@id":"https:\/\/unhz.eu\/akreditim\/","url":"https:\/\/unhz.eu\/akreditim\/","name":"Akreditim - University Haxhi Zeka","isPartOf":{"@id":"https:\/\/unhz.eu\/#website"},"primaryImageOfPage":{"@id":"https:\/\/unhz.eu\/akreditim\/#primaryimage"},"image":{"@id":"https:\/\/unhz.eu\/akreditim\/#primaryimage"},"thumbnailUrl":"https:\/\/unhz.eu\/wp-content\/uploads\/2025\/05\/UHZ_riakreditohet_per_5_vite.jpg","datePublished":"2024-04-19T12:07:37+00:00","dateModified":"2025-06-23T12:24:49+00:00","description":"Institucioni i vetem i arsimit te larte qe akreditohet per pese vite ne Republiken e Kosoves, perkatesisht Universiteti Haxhi Zeka...","breadcrumb":{"@id":"https:\/\/unhz.eu\/akreditim\/#breadcrumb"},"inLanguage":"bs-BA","potentialAction":[{"@type":"ReadAction","target":["https:\/\/unhz.eu\/akreditim\/"]}]},{"@type":"ImageObject","inLanguage":"bs-BA","@id":"https:\/\/unhz.eu\/akreditim\/#primaryimage","url":"https:\/\/unhz.eu\/wp-content\/uploads\/2025\/05\/UHZ_riakreditohet_per_5_vite.jpg","contentUrl":"https:\/\/unhz.eu\/wp-content\/uploads\/2025\/05\/UHZ_riakreditohet_per_5_vite.jpg"},{"@type":"BreadcrumbList","@id":"https:\/\/unhz.eu\/akreditim\/#breadcrumb","itemListElement":[{"@type":"ListItem","position":1,"name":"Home","item":"https:\/\/unhz.eu\/"},{"@type":"ListItem","position":2,"name":"Akreditim"}]},{"@type":"WebSite","@id":"https:\/\/unhz.eu\/#website","url":"https:\/\/unhz.eu\/","name":"Univerzitet &quot;Had\u017ei Zeka&quot;\u201c","description":"Posve\u0107eni kvaliteti, standardima i uspjehu","publisher":{"@id":"https:\/\/unhz.eu\/#organization"},"alternateName":"Universiteti Haxhi Zeka","potentialAction":[{"@type":"SearchAction","target":{"@type":"EntryPoint","urlTemplate":"https:\/\/unhz.eu\/?s={search_term_string}"},"query-input":{"@type":"PropertyValueSpecification","valueRequired":true,"valueName":"search_term_string"}}],"inLanguage":"bs-BA"},{"@type":"Organization","@id":"https:\/\/unhz.eu\/#organization","name":"Univerzitet &quot;Had\u017ei Zeka&quot;\u201c","alternateName":"Universiteti Haxhi Zeka","url":"https:\/\/unhz.eu\/","logo":{"@type":"ImageObject","inLanguage":"bs-BA","@id":"https:\/\/unhz.eu\/#\/schema\/logo\/image\/","url":"https:\/\/unhz.eu\/wp-content\/uploads\/2025\/04\/logo-unhz.webp","contentUrl":"https:\/\/unhz.eu\/wp-content\/uploads\/2025\/04\/logo-unhz.webp","width":1024,"height":260,"caption":"Universiteti \u201cHaxhi Zeka\u201d"},"image":{"@id":"https:\/\/unhz.eu\/#\/schema\/logo\/image\/"},"sameAs":["https:\/\/www.facebook.com\/uni.haxhizeka","https:\/\/x.com\/uni_haxhizeka","https:\/\/www.linkedin.com\/school\/haxhi-zeka-university","https:\/\/www.instagram.com\/uni_haxhizeka\/"],"description":"Univerzitet &quot;Had\u017ei Zeka&quot; u Pe\u0107i je javna visoko\u0161kolska ustanova koja nudi dodiplomske, master i doktorske studije u raznim oblastima kao \u0161to su menad\u017ement, turizam, ekonomija, poljoprivreda, umjetnost i pravo. Univerzitet ima za cilj akademski razvoj, nau\u010dna istra\u017eivanja i doprinos zajednici.","email":"info@unhz.eu","telephone":"+38339410970","legalName":"Universiteti \u201cHaxhi Zeka\u201d n\u00eb Pej\u00eb","foundingDate":"2011-11-14","numberOfEmployees":{"@type":"QuantitativeValue","minValue":"201","maxValue":"500"}}]}},"acf":[],"_links":{"self":[{"href":"https:\/\/unhz.eu\/bs\/wp-json\/wp\/v2\/pages\/22361","targetHints":{"allow":["GET"]}}],"collection":[{"href":"https:\/\/unhz.eu\/bs\/wp-json\/wp\/v2\/pages"}],"about":[{"href":"https:\/\/unhz.eu\/bs\/wp-json\/wp\/v2\/types\/page"}],"author":[{"embeddable":true,"href":"https:\/\/unhz.eu\/bs\/wp-json\/wp\/v2\/users\/1"}],"replies":[{"embeddable":true,"href":"https:\/\/unhz.eu\/bs\/wp-json\/wp\/v2\/comments?post=22361"}],"version-history":[{"count":3,"href":"https:\/\/unhz.eu\/bs\/wp-json\/wp\/v2\/pages\/22361\/revisions"}],"predecessor-version":[{"id":54033,"href":"https:\/\/unhz.eu\/bs\/wp-json\/wp\/v2\/pages\/22361\/revisions\/54033"}],"wp:attachment":[{"href":"https:\/\/unhz.eu\/bs\/wp-json\/wp\/v2\/media?parent=22361"}],"curies":[{"name":"radni list","href":"https:\/\/api.w.org\/{rel}","templated":true}]}}