{"id":22098,"date":"2024-04-18T08:17:02","date_gmt":"2024-04-18T08:17:02","guid":{"rendered":"http:\/\/unhz.local\/?page_id=22098"},"modified":"2025-03-24T09:40:23","modified_gmt":"2025-03-24T09:40:23","slug":"qendra-per-paqe-dhe-te-drejtat-e-njeriut","status":"publish","type":"page","link":"https:\/\/unhz.eu\/bs\/qendra-per-paqe-dhe-te-drejtat-e-njeriut\/","title":{"rendered":"Qendra p\u00ebr Paqe dhe T\u00eb Drejtat e Njeriut"},"content":{"rendered":"<div data-elementor-type=\"wp-page\" data-elementor-id=\"22098\" class=\"elementor elementor-22098\" data-elementor-post-type=\"page\">\n\t\t\t\t\t\t<section class=\"elementor-section elementor-top-section elementor-element elementor-element-bf0afcf elementor-section-boxed elementor-section-height-default elementor-section-height-default sc_fly_static\" data-id=\"bf0afcf\" data-element_type=\"section\" data-e-type=\"section\">\n\t\t\t\t\t\t<div class=\"elementor-container elementor-column-gap-extended\">\n\t\t\t\t\t<div class=\"elementor-column elementor-col-100 elementor-top-column elementor-element elementor-element-cc4bad7 sc_content_align_inherit sc_layouts_column_icons_position_left sc_fly_static\" data-id=\"cc4bad7\" data-element_type=\"column\" data-e-type=\"column\">\n\t\t\t<div class=\"elementor-widget-wrap elementor-element-populated\">\n\t\t\t\t\t\t<div class=\"elementor-element elementor-element-9f369b8 sc_fly_static elementor-widget elementor-widget-spacer\" data-id=\"9f369b8\" data-element_type=\"widget\" data-e-type=\"widget\" data-widget_type=\"spacer.default\">\n\t\t\t\t<div class=\"elementor-widget-container\">\n\t\t\t\t\t\t\t<div class=\"elementor-spacer\">\n\t\t\t<div class=\"elementor-spacer-inner\"><\/div>\n\t\t<\/div>\n\t\t\t\t\t\t<\/div>\n\t\t\t\t<\/div>\n\t\t\t\t\t<\/div>\n\t\t<\/div>\n\t\t\t\t\t<\/div>\n\t\t<\/section>\n\t\t\t\t<section class=\"elementor-section elementor-top-section elementor-element elementor-element-72a5ef0 elementor-section-boxed elementor-section-height-default elementor-section-height-default sc_fly_static\" data-id=\"72a5ef0\" data-element_type=\"section\" data-e-type=\"section\">\n\t\t\t\t\t\t<div class=\"elementor-container elementor-column-gap-extended\">\n\t\t\t\t\t<div class=\"elementor-column elementor-col-100 elementor-top-column elementor-element elementor-element-6103fe9 sc_content_align_inherit sc_layouts_column_icons_position_left sc_fly_static\" data-id=\"6103fe9\" data-element_type=\"column\" data-e-type=\"column\">\n\t\t\t<div class=\"elementor-widget-wrap elementor-element-populated\">\n\t\t\t\t\t\t<div class=\"elementor-element elementor-element-e692b98 elementor-widget__width-initial sc_fly_static elementor-widget elementor-widget-trx_sc_icons\" data-id=\"e692b98\" data-element_type=\"widget\" data-e-type=\"widget\" data-widget_type=\"trx_sc_icons.default\">\n\t\t\t\t<div class=\"elementor-widget-container\">\n\t\t\t\t\t<div \tclass=\"sc_icons sc_icons_default sc_icons_size_medium sc_align_none\" ><div class=\"sc_icons_item\"><div class=\"sc_icons_icon sc_icon_type_ icon-spin2\" ><span class=\"sc_icon_type_ icon-spin2\"><\/span><\/div><div class=\"sc_icons_item_details\"><h4 class=\"sc_icons_item_title\"><span>VIZIJA<\/span><\/h4><div class=\"sc_icons_item_description\"><span>Qendra p\u00ebr paqe dhe t\u00eb drejtat e njeriut n\u00eb kuad\u00ebr t\u00eb Universitetit \u201cHaxhi Zeka\u201d \u00ebsht\u00eb nj\u00eb institucion i bashkimit t\u00eb personalit akademik, administrativ, student\u00ebve, OJQ \u2013 ve dhe qytetar\u00ebve p\u00ebr realizimin e vizionit t\u00eb posht\u00ebsh\u00ebnuar. Aktivitetet e an\u00ebtar\u00ebve t\u00eb qendr\u00ebs synojn\u00eb nd\u00ebrtimin e paqes , mbrojtjen dhe promovimin e t\u00eb drejtave dhe lirive t\u00eb njeriut duke i avancuar dhe promovuar metodat e p\u00ebrshatashme t\u00eb zgjidhjes s\u00eb konflikteve n\u00eb nivel individual, grupor dhe politik. Qendra do t\u00eb mb\u00ebshtet p\u00ebrfshirjen e vet\u00ebdijshme n\u00eb an\u00ebtar\u00ebsim n\u00eb Bashkimit Evropian si nj\u00eb projekt me vler\u00eb p\u00ebr paqen e stabilitetin dhe p\u00ebr marrjen e p\u00ebrgjegj\u00ebsis\u00eb p\u00ebr fatin e p\u00ebrbashk\u00ebt t\u00eb njer\u00ebzimit n\u00eb planetin Tok\u00eb.<\/span><\/div><\/div><\/div><\/div><!-- \/.sc_icons -->\t\t\t\t<\/div>\n\t\t\t\t<\/div>\n\t\t\t\t\t<\/div>\n\t\t<\/div>\n\t\t\t\t\t<\/div>\n\t\t<\/section>\n\t\t\t\t<section class=\"elementor-section elementor-top-section elementor-element elementor-element-f4b3995 elementor-section-boxed elementor-section-height-default elementor-section-height-default sc_fly_static\" data-id=\"f4b3995\" data-element_type=\"section\" data-e-type=\"section\">\n\t\t\t\t\t\t<div class=\"elementor-container elementor-column-gap-extended\">\n\t\t\t\t\t<div class=\"elementor-column elementor-col-100 elementor-top-column elementor-element elementor-element-b31664a sc_content_align_inherit sc_layouts_column_icons_position_left sc_fly_static\" data-id=\"b31664a\" data-element_type=\"column\" data-e-type=\"column\">\n\t\t\t<div class=\"elementor-widget-wrap elementor-element-populated\">\n\t\t\t\t\t\t<div class=\"elementor-element elementor-element-62c3e24 sc_fly_static elementor-widget elementor-widget-spacer\" data-id=\"62c3e24\" data-element_type=\"widget\" data-e-type=\"widget\" data-widget_type=\"spacer.default\">\n\t\t\t\t<div class=\"elementor-widget-container\">\n\t\t\t\t\t\t\t<div class=\"elementor-spacer\">\n\t\t\t<div class=\"elementor-spacer-inner\"><\/div>\n\t\t<\/div>\n\t\t\t\t\t\t<\/div>\n\t\t\t\t<\/div>\n\t\t\t\t<div class=\"elementor-element elementor-element-3e4aa14 sc_fly_static elementor-widget elementor-widget-trx_sc_icons\" data-id=\"3e4aa14\" data-element_type=\"widget\" data-e-type=\"widget\" data-widget_type=\"trx_sc_icons.default\">\n\t\t\t\t<div class=\"elementor-widget-container\">\n\t\t\t\t\t<div \tclass=\"sc_icons sc_icons_default sc_icons_size_medium sc_align_none\" ><div class=\"sc_icons_item\"><div class=\"sc_icons_icon sc_icon_type_ icon-email-2\" ><span class=\"sc_icon_type_ icon-email-2\"><\/span><\/div><div class=\"sc_icons_item_details\"><h4 class=\"sc_icons_item_title\"><span>MISIJA<\/span><\/h4><div class=\"sc_icons_item_description\"><span><strong>  Nj\u00eb bot\u00eb q\u00eb manifeston kultur\u00eb p\u00ebr paqe dhe t\u00eb drejta t\u00eb njeriut.<\/strong><\/span><span>Nd\u00ebrtimi dhe fuqizimi i kapaciteteve njer\u00ebzore, projektimi dhe zbatimi i iniciativave t\u00eb personalit akademik, administrativ\u00eb studenteve, qytetar\u00ebve dhe shoq\u00ebris\u00eb civile p\u00ebr angazhim m\u00eb t\u00eb fuqish\u00ebm drejt ndryshimeve pozitive sociale n\u00eb sfer\u00ebn  e krijimit dhe forcimit kontributit akademik \u2013 universitar dhe sundimit t\u00eb ligjit.<\/span><\/div><\/div><\/div><\/div><!-- \/.sc_icons -->\t\t\t\t<\/div>\n\t\t\t\t<\/div>\n\t\t\t\t<div class=\"elementor-element elementor-element-1bd2677 sc_fly_static elementor-widget elementor-widget-spacer\" data-id=\"1bd2677\" data-element_type=\"widget\" data-e-type=\"widget\" data-widget_type=\"spacer.default\">\n\t\t\t\t<div class=\"elementor-widget-container\">\n\t\t\t\t\t\t\t<div class=\"elementor-spacer\">\n\t\t\t<div class=\"elementor-spacer-inner\"><\/div>\n\t\t<\/div>\n\t\t\t\t\t\t<\/div>\n\t\t\t\t<\/div>\n\t\t\t\t<div class=\"elementor-element elementor-element-ea6f041 sc_fly_static elementor-widget elementor-widget-trx_sc_icons\" data-id=\"ea6f041\" data-element_type=\"widget\" data-e-type=\"widget\" data-widget_type=\"trx_sc_icons.default\">\n\t\t\t\t<div class=\"elementor-widget-container\">\n\t\t\t\t\t<div \tclass=\"sc_icons sc_icons_default sc_icons_size_medium sc_align_none\" ><div class=\"sc_icons_item\"><div class=\"sc_icons_icon sc_icon_type_ icon-email-2\" ><span class=\"sc_icon_type_ icon-email-2\"><\/span><\/div><div class=\"sc_icons_item_details\"><h4 class=\"sc_icons_item_title\"><span> Vrijednosti<\/span><\/h4><div class=\"sc_icons_item_description\"><span>Punojm\u00eb p\u00ebr avancimin e dinjitetit, liris\u00eb, drejt\u00ebsis\u00eb dhe siguris\u00eb p\u00ebrmes marr\u00ebdh\u00ebnieve t\u00eb bashk\u00ebpunimit dhe edukim trnasformativ p\u00ebr paqe dhe p\u00ebr t\u00eb drejta t\u00eb njeriut.<\/span><span><\/span><span>Vlerat tona n\u00eb t\u00eb cilat jemi thell\u00ebsisht t\u00eb mish\u00ebruar bazohen n\u00eb bindjet p\u00ebr mbrojtjen e t\u00eb drejtave dhe lirive t\u00eb njeriut, respektin p\u00ebr diversitetin, humanizmin, toleranc\u00ebn, pluralizmin, p\u00ebrgjegj\u00ebsia personale, pacifizmi, barazia dhe drejt\u00ebsia social, nd\u00ebrgjegj\u00ebsimi, k\u00ebrkesa p\u00ebr zgjidhje inovative, anagazhimi i komunitetit, bashk\u00ebpunimi dhe dialogu dhe barazia gjinore dhe jo dhun\u00ebn.<\/span><\/div><\/div><\/div><\/div><!-- \/.sc_icons -->\t\t\t\t<\/div>\n\t\t\t\t<\/div>\n\t\t\t\t\t<\/div>\n\t\t<\/div>\n\t\t\t\t\t<\/div>\n\t\t<\/section>\n\t\t\t\t<\/div>","protected":false},"excerpt":{"rendered":"<p>Vizioni Qendra p\u00ebr paqe dhe t\u00eb drejtat e njeriut n\u00eb kuad\u00ebr t\u00eb Universitetit \u201cHaxhi Zeka\u201d&hellip;<\/p>","protected":false},"author":1,"featured_media":0,"parent":0,"menu_order":0,"comment_status":"closed","ping_status":"closed","template":"","meta":{"_acf_changed":false,"footnotes":""},"class_list":["post-22098","page","type-page","status-publish","hentry"],"yoast_head":"<!-- This site is optimized with the Yoast SEO Premium plugin v27.2 (Yoast SEO v27.2) - https:\/\/yoast.com\/product\/yoast-seo-premium-wordpress\/ -->\n<title>Qendra p\u00ebr Paqe dhe T\u00eb Drejtat e Njeriut - University Haxhi Zeka<\/title>\n<meta name=\"robots\" content=\"index, follow, max-snippet:-1, max-image-preview:large, max-video-preview:-1\" \/>\n<link rel=\"canonical\" href=\"https:\/\/unhz.eu\/bs\/qendra-per-paqe-dhe-te-drejtat-e-njeriut\/\" \/>\n<meta property=\"og:locale\" content=\"bs_BA\" \/>\n<meta property=\"og:type\" content=\"article\" \/>\n<meta property=\"og:title\" content=\"Qendra p\u00ebr Paqe dhe T\u00eb Drejtat e Njeriut\" \/>\n<meta property=\"og:description\" content=\"Vizioni Qendra p\u00ebr paqe dhe t\u00eb drejtat e njeriut n\u00eb kuad\u00ebr t\u00eb Universitetit \u201cHaxhi Zeka\u201d&hellip;\" \/>\n<meta property=\"og:url\" content=\"https:\/\/unhz.eu\/bs\/qendra-per-paqe-dhe-te-drejtat-e-njeriut\/\" \/>\n<meta property=\"og:site_name\" content=\"University Haxhi Zeka\" \/>\n<meta property=\"article:publisher\" content=\"https:\/\/www.facebook.com\/uni.haxhizeka\" \/>\n<meta property=\"article:modified_time\" content=\"2025-03-24T09:40:23+00:00\" \/>\n<meta name=\"twitter:card\" content=\"summary_large_image\" \/>\n<meta name=\"twitter:site\" content=\"@uni_haxhizeka\" \/>\n<meta name=\"twitter:label1\" content=\"Est. reading time\" \/>\n\t<meta name=\"twitter:data1\" content=\"2 minute\" \/>\n<script type=\"application\/ld+json\" class=\"yoast-schema-graph\">{\"@context\":\"https:\/\/schema.org\",\"@graph\":[{\"@type\":\"WebPage\",\"@id\":\"https:\/\/unhz.eu\/qendra-per-paqe-dhe-te-drejtat-e-njeriut\/\",\"url\":\"https:\/\/unhz.eu\/qendra-per-paqe-dhe-te-drejtat-e-njeriut\/\",\"name\":\"Qendra p\u00ebr Paqe dhe T\u00eb Drejtat e Njeriut - University Haxhi Zeka\",\"isPartOf\":{\"@id\":\"https:\/\/unhz.eu\/#website\"},\"datePublished\":\"2024-04-18T08:17:02+00:00\",\"dateModified\":\"2025-03-24T09:40:23+00:00\",\"breadcrumb\":{\"@id\":\"https:\/\/unhz.eu\/qendra-per-paqe-dhe-te-drejtat-e-njeriut\/#breadcrumb\"},\"inLanguage\":\"bs-BA\",\"potentialAction\":[{\"@type\":\"ReadAction\",\"target\":[\"https:\/\/unhz.eu\/qendra-per-paqe-dhe-te-drejtat-e-njeriut\/\"]}]},{\"@type\":\"BreadcrumbList\",\"@id\":\"https:\/\/unhz.eu\/qendra-per-paqe-dhe-te-drejtat-e-njeriut\/#breadcrumb\",\"itemListElement\":[{\"@type\":\"ListItem\",\"position\":1,\"name\":\"Home\",\"item\":\"https:\/\/unhz.eu\/\"},{\"@type\":\"ListItem\",\"position\":2,\"name\":\"Qendra p\u00ebr Paqe dhe T\u00eb Drejtat e Njeriut\"}]},{\"@type\":\"WebSite\",\"@id\":\"https:\/\/unhz.eu\/#website\",\"url\":\"https:\/\/unhz.eu\/\",\"name\":\"Universiteti \u201cHaxhi Zeka\u201d\",\"description\":\"I dedikuar p\u00ebr cil\u00ebsi, standarde dhe suksese\",\"publisher\":{\"@id\":\"https:\/\/unhz.eu\/#organization\"},\"alternateName\":\"Universiteti Haxhi Zeka\",\"potentialAction\":[{\"@type\":\"SearchAction\",\"target\":{\"@type\":\"EntryPoint\",\"urlTemplate\":\"https:\/\/unhz.eu\/?s={search_term_string}\"},\"query-input\":{\"@type\":\"PropertyValueSpecification\",\"valueRequired\":true,\"valueName\":\"search_term_string\"}}],\"inLanguage\":\"bs-BA\"},{\"@type\":\"Organization\",\"@id\":\"https:\/\/unhz.eu\/#organization\",\"name\":\"Universiteti \u201cHaxhi Zeka\u201d\",\"alternateName\":\"Universiteti Haxhi Zeka\",\"url\":\"https:\/\/unhz.eu\/\",\"logo\":{\"@type\":\"ImageObject\",\"inLanguage\":\"bs-BA\",\"@id\":\"https:\/\/unhz.eu\/#\/schema\/logo\/image\/\",\"url\":\"https:\/\/unhz.eu\/wp-content\/uploads\/2025\/04\/logo-unhz.webp\",\"contentUrl\":\"https:\/\/unhz.eu\/wp-content\/uploads\/2025\/04\/logo-unhz.webp\",\"width\":1024,\"height\":260,\"caption\":\"Universiteti \u201cHaxhi Zeka\u201d\"},\"image\":{\"@id\":\"https:\/\/unhz.eu\/#\/schema\/logo\/image\/\"},\"sameAs\":[\"https:\/\/www.facebook.com\/uni.haxhizeka\",\"https:\/\/x.com\/uni_haxhizeka\",\"https:\/\/www.linkedin.com\/school\/haxhi-zeka-university\",\"https:\/\/www.instagram.com\/uni_haxhizeka\/\"],\"description\":\"Universiteti \u201cHaxhi Zeka\u201d n\u00eb Pej\u00eb \u00ebsht\u00eb institucion publik i arsimit t\u00eb lart\u00eb, q\u00eb ofron studime bachelor, master dhe doktorat\u00eb n\u00eb fusha t\u00eb ndryshme si menaxhimi, turizmi, ekonomia, bujq\u00ebsia, arti dhe drejt\u00ebsia. Universiteti synon zhvillimin akademik, hulumtimin shkencor dhe kontributin n\u00eb komunitet.\",\"email\":\"info@unhz.eu\",\"telephone\":\"+38339410970\",\"legalName\":\"Universiteti \u201cHaxhi Zeka\u201d n\u00eb Pej\u00eb\",\"foundingDate\":\"2011-11-14\",\"numberOfEmployees\":{\"@type\":\"QuantitativeValue\",\"minValue\":\"201\",\"maxValue\":\"500\"}}]}<\/script>\n<!-- \/ Yoast SEO Premium plugin. -->","yoast_head_json":{"title":"Qendra p\u00ebr Paqe dhe T\u00eb Drejtat e Njeriut - University Haxhi Zeka","robots":{"index":"index","follow":"follow","max-snippet":"max-snippet:-1","max-image-preview":"max-image-preview:large","max-video-preview":"max-video-preview:-1"},"canonical":"https:\/\/unhz.eu\/bs\/qendra-per-paqe-dhe-te-drejtat-e-njeriut\/","og_locale":"bs_BA","og_type":"article","og_title":"Qendra p\u00ebr Paqe dhe T\u00eb Drejtat e Njeriut","og_description":"Vizioni Qendra p\u00ebr paqe dhe t\u00eb drejtat e njeriut n\u00eb kuad\u00ebr t\u00eb Universitetit \u201cHaxhi Zeka\u201d&hellip;","og_url":"https:\/\/unhz.eu\/bs\/qendra-per-paqe-dhe-te-drejtat-e-njeriut\/","og_site_name":"University Haxhi Zeka","article_publisher":"https:\/\/www.facebook.com\/uni.haxhizeka","article_modified_time":"2025-03-24T09:40:23+00:00","twitter_card":"summary_large_image","twitter_site":"@uni_haxhizeka","twitter_misc":{"Est. reading time":"2 minute"},"schema":{"@context":"https:\/\/schema.org","@graph":[{"@type":"WebPage","@id":"https:\/\/unhz.eu\/qendra-per-paqe-dhe-te-drejtat-e-njeriut\/","url":"https:\/\/unhz.eu\/qendra-per-paqe-dhe-te-drejtat-e-njeriut\/","name":"Qendra p\u00ebr Paqe dhe T\u00eb Drejtat e Njeriut - University Haxhi Zeka","isPartOf":{"@id":"https:\/\/unhz.eu\/#website"},"datePublished":"2024-04-18T08:17:02+00:00","dateModified":"2025-03-24T09:40:23+00:00","breadcrumb":{"@id":"https:\/\/unhz.eu\/qendra-per-paqe-dhe-te-drejtat-e-njeriut\/#breadcrumb"},"inLanguage":"bs-BA","potentialAction":[{"@type":"ReadAction","target":["https:\/\/unhz.eu\/qendra-per-paqe-dhe-te-drejtat-e-njeriut\/"]}]},{"@type":"BreadcrumbList","@id":"https:\/\/unhz.eu\/qendra-per-paqe-dhe-te-drejtat-e-njeriut\/#breadcrumb","itemListElement":[{"@type":"ListItem","position":1,"name":"Home","item":"https:\/\/unhz.eu\/"},{"@type":"ListItem","position":2,"name":"Qendra p\u00ebr Paqe dhe T\u00eb Drejtat e Njeriut"}]},{"@type":"WebSite","@id":"https:\/\/unhz.eu\/#website","url":"https:\/\/unhz.eu\/","name":"Univerzitet &quot;Had\u017ei Zeka&quot;\u201c","description":"Posve\u0107eni kvaliteti, standardima i uspjehu","publisher":{"@id":"https:\/\/unhz.eu\/#organization"},"alternateName":"Universiteti Haxhi Zeka","potentialAction":[{"@type":"SearchAction","target":{"@type":"EntryPoint","urlTemplate":"https:\/\/unhz.eu\/?s={search_term_string}"},"query-input":{"@type":"PropertyValueSpecification","valueRequired":true,"valueName":"search_term_string"}}],"inLanguage":"bs-BA"},{"@type":"Organization","@id":"https:\/\/unhz.eu\/#organization","name":"Univerzitet &quot;Had\u017ei Zeka&quot;\u201c","alternateName":"Universiteti Haxhi Zeka","url":"https:\/\/unhz.eu\/","logo":{"@type":"ImageObject","inLanguage":"bs-BA","@id":"https:\/\/unhz.eu\/#\/schema\/logo\/image\/","url":"https:\/\/unhz.eu\/wp-content\/uploads\/2025\/04\/logo-unhz.webp","contentUrl":"https:\/\/unhz.eu\/wp-content\/uploads\/2025\/04\/logo-unhz.webp","width":1024,"height":260,"caption":"Universiteti \u201cHaxhi Zeka\u201d"},"image":{"@id":"https:\/\/unhz.eu\/#\/schema\/logo\/image\/"},"sameAs":["https:\/\/www.facebook.com\/uni.haxhizeka","https:\/\/x.com\/uni_haxhizeka","https:\/\/www.linkedin.com\/school\/haxhi-zeka-university","https:\/\/www.instagram.com\/uni_haxhizeka\/"],"description":"Univerzitet &quot;Had\u017ei Zeka&quot; u Pe\u0107i je javna visoko\u0161kolska ustanova koja nudi dodiplomske, master i doktorske studije u raznim oblastima kao \u0161to su menad\u017ement, turizam, ekonomija, poljoprivreda, umjetnost i pravo. Univerzitet ima za cilj akademski razvoj, nau\u010dna istra\u017eivanja i doprinos zajednici.","email":"info@unhz.eu","telephone":"+38339410970","legalName":"Universiteti \u201cHaxhi Zeka\u201d n\u00eb Pej\u00eb","foundingDate":"2011-11-14","numberOfEmployees":{"@type":"QuantitativeValue","minValue":"201","maxValue":"500"}}]}},"acf":[],"_links":{"self":[{"href":"https:\/\/unhz.eu\/bs\/wp-json\/wp\/v2\/pages\/22098","targetHints":{"allow":["GET"]}}],"collection":[{"href":"https:\/\/unhz.eu\/bs\/wp-json\/wp\/v2\/pages"}],"about":[{"href":"https:\/\/unhz.eu\/bs\/wp-json\/wp\/v2\/types\/page"}],"author":[{"embeddable":true,"href":"https:\/\/unhz.eu\/bs\/wp-json\/wp\/v2\/users\/1"}],"replies":[{"embeddable":true,"href":"https:\/\/unhz.eu\/bs\/wp-json\/wp\/v2\/comments?post=22098"}],"version-history":[{"count":1,"href":"https:\/\/unhz.eu\/bs\/wp-json\/wp\/v2\/pages\/22098\/revisions"}],"predecessor-version":[{"id":50157,"href":"https:\/\/unhz.eu\/bs\/wp-json\/wp\/v2\/pages\/22098\/revisions\/50157"}],"wp:attachment":[{"href":"https:\/\/unhz.eu\/bs\/wp-json\/wp\/v2\/media?parent=22098"}],"curies":[{"name":"radni list","href":"https:\/\/api.w.org\/{rel}","templated":true}]}}