{"id":22078,"date":"2024-04-18T08:14:27","date_gmt":"2024-04-18T08:14:27","guid":{"rendered":"http:\/\/unhz.local\/?page_id=22078"},"modified":"2025-07-18T08:36:24","modified_gmt":"2025-07-18T06:36:24","slug":"instituti-per-shkence-dhe-arte","status":"publish","type":"page","link":"https:\/\/unhz.eu\/bs\/instituti-per-shkence-dhe-arte\/","title":{"rendered":"Instituti p\u00ebr Shkenc\u00eb dhe Arte"},"content":{"rendered":"<div data-elementor-type=\"wp-page\" data-elementor-id=\"22078\" class=\"elementor elementor-22078\" data-elementor-post-type=\"page\">\n\t\t\t\t\t\t<section class=\"elementor-section elementor-top-section elementor-element elementor-element-16b1f9e elementor-section-boxed elementor-section-height-default elementor-section-height-default sc_fly_static\" data-id=\"16b1f9e\" data-element_type=\"section\" data-e-type=\"section\">\n\t\t\t\t\t\t<div class=\"elementor-container elementor-column-gap-extended\">\n\t\t\t\t\t<div class=\"elementor-column elementor-col-100 elementor-top-column elementor-element elementor-element-1131f5f sc_content_align_inherit sc_layouts_column_icons_position_left sc_fly_static\" data-id=\"1131f5f\" data-element_type=\"column\" data-e-type=\"column\">\n\t\t\t<div class=\"elementor-widget-wrap elementor-element-populated\">\n\t\t\t\t\t\t<div class=\"elementor-element elementor-element-e3eb873 sc_fly_static elementor-widget elementor-widget-spacer\" data-id=\"e3eb873\" data-element_type=\"widget\" data-e-type=\"widget\" data-widget_type=\"spacer.default\">\n\t\t\t\t<div class=\"elementor-widget-container\">\n\t\t\t\t\t\t\t<div class=\"elementor-spacer\">\n\t\t\t<div class=\"elementor-spacer-inner\"><\/div>\n\t\t<\/div>\n\t\t\t\t\t\t<\/div>\n\t\t\t\t<\/div>\n\t\t\t\t<div class=\"elementor-element elementor-element-3e9c916 sc_fly_static elementor-widget elementor-widget-heading\" data-id=\"3e9c916\" data-element_type=\"widget\" data-e-type=\"widget\" data-widget_type=\"heading.default\">\n\t\t\t\t<div class=\"elementor-widget-container\">\n\t\t\t\t\t<h3 class=\"elementor-heading-title elementor-size-default\">Instituti p\u00ebr Shkenc\u00eb dhe Arte<\/h3>\t\t\t\t<\/div>\n\t\t\t\t<\/div>\n\t\t\t\t<div class=\"elementor-element elementor-element-41d86ea sc_fly_static elementor-widget elementor-widget-spacer\" data-id=\"41d86ea\" data-element_type=\"widget\" data-e-type=\"widget\" data-widget_type=\"spacer.default\">\n\t\t\t\t<div class=\"elementor-widget-container\">\n\t\t\t\t\t\t\t<div class=\"elementor-spacer\">\n\t\t\t<div class=\"elementor-spacer-inner\"><\/div>\n\t\t<\/div>\n\t\t\t\t\t\t<\/div>\n\t\t\t\t<\/div>\n\t\t\t\t<div class=\"elementor-element elementor-element-b718b72 sc_fly_static elementor-widget elementor-widget-image\" data-id=\"b718b72\" data-element_type=\"widget\" data-e-type=\"widget\" data-widget_type=\"image.default\">\n\t\t\t\t<div class=\"elementor-widget-container\">\n\t\t\t\t\t\t\t\t\t\t\t\t\t\t\t<img fetchpriority=\"high\" decoding=\"async\" width=\"768\" height=\"768\" src=\"https:\/\/unhz.eu\/wp-content\/uploads\/2024\/04\/nj1.jpeg\" class=\"attachment-large size-large wp-image-23046\" alt=\"\" srcset=\"https:\/\/unhz.eu\/wp-content\/uploads\/2024\/04\/nj1.jpeg 768w, https:\/\/unhz.eu\/wp-content\/uploads\/2024\/04\/nj1-300x300.jpeg 300w, https:\/\/unhz.eu\/wp-content\/uploads\/2024\/04\/nj1-150x150.jpeg 150w, https:\/\/unhz.eu\/wp-content\/uploads\/2024\/04\/nj1-370x370.jpeg 370w, https:\/\/unhz.eu\/wp-content\/uploads\/2024\/04\/nj1-120x120.jpeg 120w, https:\/\/unhz.eu\/wp-content\/uploads\/2024\/04\/nj1-410x410.jpeg 410w\" sizes=\"(max-width: 768px) 100vw, 768px\" \/>\t\t\t\t\t\t\t\t\t\t\t\t\t\t\t<\/div>\n\t\t\t\t<\/div>\n\t\t\t\t<div class=\"elementor-element elementor-element-1879aed sc_fly_static elementor-widget elementor-widget-spacer\" data-id=\"1879aed\" data-element_type=\"widget\" data-e-type=\"widget\" data-widget_type=\"spacer.default\">\n\t\t\t\t<div class=\"elementor-widget-container\">\n\t\t\t\t\t\t\t<div class=\"elementor-spacer\">\n\t\t\t<div class=\"elementor-spacer-inner\"><\/div>\n\t\t<\/div>\n\t\t\t\t\t\t<\/div>\n\t\t\t\t<\/div>\n\t\t\t\t\t<\/div>\n\t\t<\/div>\n\t\t\t\t\t<\/div>\n\t\t<\/section>\n\t\t\t\t<section class=\"elementor-section elementor-top-section elementor-element elementor-element-0c76558 elementor-section-boxed elementor-section-height-default elementor-section-height-default sc_fly_static\" data-id=\"0c76558\" data-element_type=\"section\" data-e-type=\"section\">\n\t\t\t\t\t\t<div class=\"elementor-container elementor-column-gap-extended\">\n\t\t\t\t\t<div class=\"elementor-column elementor-col-100 elementor-top-column elementor-element elementor-element-4464927 sc_content_align_inherit sc_layouts_column_icons_position_left sc_fly_static\" data-id=\"4464927\" data-element_type=\"column\" data-e-type=\"column\">\n\t\t\t<div class=\"elementor-widget-wrap elementor-element-populated\">\n\t\t\t\t\t\t<div class=\"elementor-element elementor-element-ca938d8 sc_fly_static elementor-widget elementor-widget-heading\" data-id=\"ca938d8\" data-element_type=\"widget\" data-e-type=\"widget\" data-widget_type=\"heading.default\">\n\t\t\t\t<div class=\"elementor-widget-container\">\n\t\t\t\t\t<h3 class=\"elementor-heading-title elementor-size-default\">Bashk\u00ebpunim<\/h3>\t\t\t\t<\/div>\n\t\t\t\t<\/div>\n\t\t\t\t<div class=\"elementor-element elementor-element-788f767 sc_fly_static elementor-widget elementor-widget-spacer\" data-id=\"788f767\" data-element_type=\"widget\" data-e-type=\"widget\" data-widget_type=\"spacer.default\">\n\t\t\t\t<div class=\"elementor-widget-container\">\n\t\t\t\t\t\t\t<div class=\"elementor-spacer\">\n\t\t\t<div class=\"elementor-spacer-inner\"><\/div>\n\t\t<\/div>\n\t\t\t\t\t\t<\/div>\n\t\t\t\t<\/div>\n\t\t\t\t<div class=\"elementor-element elementor-element-213f46c sc_fly_static elementor-widget elementor-widget-image\" data-id=\"213f46c\" data-element_type=\"widget\" data-e-type=\"widget\" data-widget_type=\"image.default\">\n\t\t\t\t<div class=\"elementor-widget-container\">\n\t\t\t\t\t\t\t\t\t\t\t\t\t\t\t<img decoding=\"async\" width=\"768\" height=\"768\" src=\"https:\/\/unhz.eu\/wp-content\/uploads\/2024\/04\/nj2.jpg\" class=\"attachment-large size-large wp-image-23047\" alt=\"\" srcset=\"https:\/\/unhz.eu\/wp-content\/uploads\/2024\/04\/nj2.jpg 768w, https:\/\/unhz.eu\/wp-content\/uploads\/2024\/04\/nj2-300x300.jpg 300w, https:\/\/unhz.eu\/wp-content\/uploads\/2024\/04\/nj2-150x150.jpg 150w, https:\/\/unhz.eu\/wp-content\/uploads\/2024\/04\/nj2-370x370.jpg 370w, https:\/\/unhz.eu\/wp-content\/uploads\/2024\/04\/nj2-120x120.jpg 120w, https:\/\/unhz.eu\/wp-content\/uploads\/2024\/04\/nj2-410x410.jpg 410w\" sizes=\"(max-width: 768px) 100vw, 768px\" \/>\t\t\t\t\t\t\t\t\t\t\t\t\t\t\t<\/div>\n\t\t\t\t<\/div>\n\t\t\t\t<div class=\"elementor-element elementor-element-a84a59a sc_fly_static elementor-widget elementor-widget-spacer\" data-id=\"a84a59a\" data-element_type=\"widget\" data-e-type=\"widget\" data-widget_type=\"spacer.default\">\n\t\t\t\t<div class=\"elementor-widget-container\">\n\t\t\t\t\t\t\t<div class=\"elementor-spacer\">\n\t\t\t<div class=\"elementor-spacer-inner\"><\/div>\n\t\t<\/div>\n\t\t\t\t\t\t<\/div>\n\t\t\t\t<\/div>\n\t\t\t\t\t<\/div>\n\t\t<\/div>\n\t\t\t\t\t<\/div>\n\t\t<\/section>\n\t\t\t\t<section class=\"elementor-section elementor-top-section elementor-element elementor-element-a4fff00 elementor-section-boxed elementor-section-height-default elementor-section-height-default sc_fly_static\" data-id=\"a4fff00\" data-element_type=\"section\" data-e-type=\"section\">\n\t\t\t\t\t\t<div class=\"elementor-container elementor-column-gap-extended\">\n\t\t\t\t\t<div class=\"elementor-column elementor-col-100 elementor-top-column elementor-element elementor-element-0e47fa3 sc_content_align_inherit sc_layouts_column_icons_position_left sc_fly_static\" data-id=\"0e47fa3\" data-element_type=\"column\" data-e-type=\"column\">\n\t\t\t<div class=\"elementor-widget-wrap elementor-element-populated\">\n\t\t\t\t\t\t<div class=\"elementor-element elementor-element-b7376a8 sc_fly_static elementor-widget elementor-widget-heading\" data-id=\"b7376a8\" data-element_type=\"widget\" data-e-type=\"widget\" data-widget_type=\"heading.default\">\n\t\t\t\t<div class=\"elementor-widget-container\">\n\t\t\t\t\t<h3 class=\"elementor-heading-title elementor-size-default\">Sh\u00ebrbimet<\/h3>\t\t\t\t<\/div>\n\t\t\t\t<\/div>\n\t\t\t\t<div class=\"elementor-element elementor-element-d465739 sc_fly_static elementor-widget elementor-widget-spacer\" data-id=\"d465739\" data-element_type=\"widget\" data-e-type=\"widget\" data-widget_type=\"spacer.default\">\n\t\t\t\t<div class=\"elementor-widget-container\">\n\t\t\t\t\t\t\t<div class=\"elementor-spacer\">\n\t\t\t<div class=\"elementor-spacer-inner\"><\/div>\n\t\t<\/div>\n\t\t\t\t\t\t<\/div>\n\t\t\t\t<\/div>\n\t\t\t\t<div class=\"elementor-element elementor-element-7878652 sc_fly_static elementor-widget elementor-widget-image\" data-id=\"7878652\" data-element_type=\"widget\" data-e-type=\"widget\" data-widget_type=\"image.default\">\n\t\t\t\t<div class=\"elementor-widget-container\">\n\t\t\t\t\t\t\t\t\t\t\t\t\t\t\t<img decoding=\"async\" width=\"768\" height=\"768\" src=\"https:\/\/unhz.eu\/wp-content\/uploads\/2024\/04\/nj3.jpg\" class=\"attachment-large size-large wp-image-23049\" alt=\"\" srcset=\"https:\/\/unhz.eu\/wp-content\/uploads\/2024\/04\/nj3.jpg 768w, https:\/\/unhz.eu\/wp-content\/uploads\/2024\/04\/nj3-300x300.jpg 300w, https:\/\/unhz.eu\/wp-content\/uploads\/2024\/04\/nj3-150x150.jpg 150w, https:\/\/unhz.eu\/wp-content\/uploads\/2024\/04\/nj3-370x370.jpg 370w, https:\/\/unhz.eu\/wp-content\/uploads\/2024\/04\/nj3-120x120.jpg 120w, https:\/\/unhz.eu\/wp-content\/uploads\/2024\/04\/nj3-410x410.jpg 410w\" sizes=\"(max-width: 768px) 100vw, 768px\" \/>\t\t\t\t\t\t\t\t\t\t\t\t\t\t\t<\/div>\n\t\t\t\t<\/div>\n\t\t\t\t\t<\/div>\n\t\t<\/div>\n\t\t\t\t\t<\/div>\n\t\t<\/section>\n\t\t\t\t<\/div>","protected":false},"excerpt":{"rendered":"<p>Instituti p\u00ebr Shkenc\u00eb dhe Arte Bashk\u00ebpunim Sh\u00ebrbimet<\/p>","protected":false},"author":1,"featured_media":0,"parent":0,"menu_order":0,"comment_status":"closed","ping_status":"closed","template":"","meta":{"_acf_changed":false,"footnotes":""},"class_list":["post-22078","page","type-page","status-publish","hentry"],"yoast_head":"<!-- This site is optimized with the Yoast SEO Premium plugin v27.2 (Yoast SEO v27.2) - https:\/\/yoast.com\/product\/yoast-seo-premium-wordpress\/ -->\n<title>Instituti p\u00ebr Shkenc\u00eb dhe Arte - University Haxhi Zeka<\/title>\n<meta name=\"description\" content=\"ISHA n\u00eb UHZ (themeluar maj 2023): promovon k\u00ebrkim shkencor dhe art e bashk\u00ebpunime nd\u00ebrkomb\u00ebtare. Ekspertiz\u00eb, laborator\u00eb dhe publikime.\" \/>\n<meta name=\"robots\" content=\"index, follow, max-snippet:-1, max-image-preview:large, max-video-preview:-1\" \/>\n<link rel=\"canonical\" href=\"https:\/\/unhz.eu\/bs\/instituti-per-shkence-dhe-arte\/\" \/>\n<meta property=\"og:locale\" content=\"bs_BA\" \/>\n<meta property=\"og:type\" content=\"article\" \/>\n<meta property=\"og:title\" content=\"Instituti p\u00ebr Shkenc\u00eb dhe Arte\" \/>\n<meta property=\"og:description\" content=\"ISHA n\u00eb UHZ (themeluar maj 2023): promovon k\u00ebrkim shkencor dhe art e bashk\u00ebpunime nd\u00ebrkomb\u00ebtare. Ekspertiz\u00eb, laborator\u00eb dhe publikime.\" \/>\n<meta property=\"og:url\" content=\"https:\/\/unhz.eu\/bs\/instituti-per-shkence-dhe-arte\/\" \/>\n<meta property=\"og:site_name\" content=\"University Haxhi Zeka\" \/>\n<meta property=\"article:publisher\" content=\"https:\/\/www.facebook.com\/uni.haxhizeka\" \/>\n<meta property=\"article:modified_time\" content=\"2025-07-18T06:36:24+00:00\" \/>\n<meta property=\"og:image\" content=\"https:\/\/unhz.eu\/wp-content\/uploads\/2024\/04\/nj1.jpeg\" \/>\n<meta name=\"twitter:card\" content=\"summary_large_image\" \/>\n<meta name=\"twitter:site\" content=\"@uni_haxhizeka\" \/>\n<meta name=\"twitter:label1\" content=\"Est. reading time\" \/>\n\t<meta name=\"twitter:data1\" content=\"1 minuta\" \/>\n<script type=\"application\/ld+json\" class=\"yoast-schema-graph\">{\"@context\":\"https:\/\/schema.org\",\"@graph\":[{\"@type\":\"WebPage\",\"@id\":\"https:\/\/unhz.eu\/instituti-per-shkence-dhe-arte\/\",\"url\":\"https:\/\/unhz.eu\/instituti-per-shkence-dhe-arte\/\",\"name\":\"Instituti p\u00ebr Shkenc\u00eb dhe Arte - University Haxhi Zeka\",\"isPartOf\":{\"@id\":\"https:\/\/unhz.eu\/#website\"},\"primaryImageOfPage\":{\"@id\":\"https:\/\/unhz.eu\/instituti-per-shkence-dhe-arte\/#primaryimage\"},\"image\":{\"@id\":\"https:\/\/unhz.eu\/instituti-per-shkence-dhe-arte\/#primaryimage\"},\"thumbnailUrl\":\"https:\/\/unhz.eu\/wp-content\/uploads\/2024\/04\/nj1.jpeg\",\"datePublished\":\"2024-04-18T08:14:27+00:00\",\"dateModified\":\"2025-07-18T06:36:24+00:00\",\"description\":\"ISHA n\u00eb UHZ (themeluar maj 2023): promovon k\u00ebrkim shkencor dhe art e bashk\u00ebpunime nd\u00ebrkomb\u00ebtare. Ekspertiz\u00eb, laborator\u00eb dhe publikime.\",\"breadcrumb\":{\"@id\":\"https:\/\/unhz.eu\/instituti-per-shkence-dhe-arte\/#breadcrumb\"},\"inLanguage\":\"bs-BA\",\"potentialAction\":[{\"@type\":\"ReadAction\",\"target\":[\"https:\/\/unhz.eu\/instituti-per-shkence-dhe-arte\/\"]}]},{\"@type\":\"ImageObject\",\"inLanguage\":\"bs-BA\",\"@id\":\"https:\/\/unhz.eu\/instituti-per-shkence-dhe-arte\/#primaryimage\",\"url\":\"https:\/\/unhz.eu\/wp-content\/uploads\/2024\/04\/nj1.jpeg\",\"contentUrl\":\"https:\/\/unhz.eu\/wp-content\/uploads\/2024\/04\/nj1.jpeg\"},{\"@type\":\"BreadcrumbList\",\"@id\":\"https:\/\/unhz.eu\/instituti-per-shkence-dhe-arte\/#breadcrumb\",\"itemListElement\":[{\"@type\":\"ListItem\",\"position\":1,\"name\":\"Home\",\"item\":\"https:\/\/unhz.eu\/\"},{\"@type\":\"ListItem\",\"position\":2,\"name\":\"Instituti p\u00ebr Shkenc\u00eb dhe Arte\"}]},{\"@type\":\"WebSite\",\"@id\":\"https:\/\/unhz.eu\/#website\",\"url\":\"https:\/\/unhz.eu\/\",\"name\":\"Universiteti \u201cHaxhi Zeka\u201d\",\"description\":\"I dedikuar p\u00ebr cil\u00ebsi, standarde dhe suksese\",\"publisher\":{\"@id\":\"https:\/\/unhz.eu\/#organization\"},\"alternateName\":\"Universiteti Haxhi Zeka\",\"potentialAction\":[{\"@type\":\"SearchAction\",\"target\":{\"@type\":\"EntryPoint\",\"urlTemplate\":\"https:\/\/unhz.eu\/?s={search_term_string}\"},\"query-input\":{\"@type\":\"PropertyValueSpecification\",\"valueRequired\":true,\"valueName\":\"search_term_string\"}}],\"inLanguage\":\"bs-BA\"},{\"@type\":\"Organization\",\"@id\":\"https:\/\/unhz.eu\/#organization\",\"name\":\"Universiteti \u201cHaxhi Zeka\u201d\",\"alternateName\":\"Universiteti Haxhi Zeka\",\"url\":\"https:\/\/unhz.eu\/\",\"logo\":{\"@type\":\"ImageObject\",\"inLanguage\":\"bs-BA\",\"@id\":\"https:\/\/unhz.eu\/#\/schema\/logo\/image\/\",\"url\":\"https:\/\/unhz.eu\/wp-content\/uploads\/2025\/04\/logo-unhz.webp\",\"contentUrl\":\"https:\/\/unhz.eu\/wp-content\/uploads\/2025\/04\/logo-unhz.webp\",\"width\":1024,\"height\":260,\"caption\":\"Universiteti \u201cHaxhi Zeka\u201d\"},\"image\":{\"@id\":\"https:\/\/unhz.eu\/#\/schema\/logo\/image\/\"},\"sameAs\":[\"https:\/\/www.facebook.com\/uni.haxhizeka\",\"https:\/\/x.com\/uni_haxhizeka\",\"https:\/\/www.linkedin.com\/school\/haxhi-zeka-university\",\"https:\/\/www.instagram.com\/uni_haxhizeka\/\"],\"description\":\"Universiteti \u201cHaxhi Zeka\u201d n\u00eb Pej\u00eb \u00ebsht\u00eb institucion publik i arsimit t\u00eb lart\u00eb, q\u00eb ofron studime bachelor, master dhe doktorat\u00eb n\u00eb fusha t\u00eb ndryshme si menaxhimi, turizmi, ekonomia, bujq\u00ebsia, arti dhe drejt\u00ebsia. Universiteti synon zhvillimin akademik, hulumtimin shkencor dhe kontributin n\u00eb komunitet.\",\"email\":\"info@unhz.eu\",\"telephone\":\"+38339410970\",\"legalName\":\"Universiteti \u201cHaxhi Zeka\u201d n\u00eb Pej\u00eb\",\"foundingDate\":\"2011-11-14\",\"numberOfEmployees\":{\"@type\":\"QuantitativeValue\",\"minValue\":\"201\",\"maxValue\":\"500\"}}]}<\/script>\n<!-- \/ Yoast SEO Premium plugin. -->","yoast_head_json":{"title":"Instituti p\u00ebr Shkenc\u00eb dhe Arte - University Haxhi Zeka","description":"ISHA n\u00eb UHZ (themeluar maj 2023): promovon k\u00ebrkim shkencor dhe art e bashk\u00ebpunime nd\u00ebrkomb\u00ebtare. Ekspertiz\u00eb, laborator\u00eb dhe publikime.","robots":{"index":"index","follow":"follow","max-snippet":"max-snippet:-1","max-image-preview":"max-image-preview:large","max-video-preview":"max-video-preview:-1"},"canonical":"https:\/\/unhz.eu\/bs\/instituti-per-shkence-dhe-arte\/","og_locale":"bs_BA","og_type":"article","og_title":"Instituti p\u00ebr Shkenc\u00eb dhe Arte","og_description":"ISHA n\u00eb UHZ (themeluar maj 2023): promovon k\u00ebrkim shkencor dhe art e bashk\u00ebpunime nd\u00ebrkomb\u00ebtare. Ekspertiz\u00eb, laborator\u00eb dhe publikime.","og_url":"https:\/\/unhz.eu\/bs\/instituti-per-shkence-dhe-arte\/","og_site_name":"University Haxhi Zeka","article_publisher":"https:\/\/www.facebook.com\/uni.haxhizeka","article_modified_time":"2025-07-18T06:36:24+00:00","og_image":[{"url":"https:\/\/unhz.eu\/wp-content\/uploads\/2024\/04\/nj1.jpeg","type":"","width":"","height":""}],"twitter_card":"summary_large_image","twitter_site":"@uni_haxhizeka","twitter_misc":{"Est. reading time":"1 minuta"},"schema":{"@context":"https:\/\/schema.org","@graph":[{"@type":"WebPage","@id":"https:\/\/unhz.eu\/instituti-per-shkence-dhe-arte\/","url":"https:\/\/unhz.eu\/instituti-per-shkence-dhe-arte\/","name":"Instituti p\u00ebr Shkenc\u00eb dhe Arte - University Haxhi Zeka","isPartOf":{"@id":"https:\/\/unhz.eu\/#website"},"primaryImageOfPage":{"@id":"https:\/\/unhz.eu\/instituti-per-shkence-dhe-arte\/#primaryimage"},"image":{"@id":"https:\/\/unhz.eu\/instituti-per-shkence-dhe-arte\/#primaryimage"},"thumbnailUrl":"https:\/\/unhz.eu\/wp-content\/uploads\/2024\/04\/nj1.jpeg","datePublished":"2024-04-18T08:14:27+00:00","dateModified":"2025-07-18T06:36:24+00:00","description":"ISHA n\u00eb UHZ (themeluar maj 2023): promovon k\u00ebrkim shkencor dhe art e bashk\u00ebpunime nd\u00ebrkomb\u00ebtare. Ekspertiz\u00eb, laborator\u00eb dhe publikime.","breadcrumb":{"@id":"https:\/\/unhz.eu\/instituti-per-shkence-dhe-arte\/#breadcrumb"},"inLanguage":"bs-BA","potentialAction":[{"@type":"ReadAction","target":["https:\/\/unhz.eu\/instituti-per-shkence-dhe-arte\/"]}]},{"@type":"ImageObject","inLanguage":"bs-BA","@id":"https:\/\/unhz.eu\/instituti-per-shkence-dhe-arte\/#primaryimage","url":"https:\/\/unhz.eu\/wp-content\/uploads\/2024\/04\/nj1.jpeg","contentUrl":"https:\/\/unhz.eu\/wp-content\/uploads\/2024\/04\/nj1.jpeg"},{"@type":"BreadcrumbList","@id":"https:\/\/unhz.eu\/instituti-per-shkence-dhe-arte\/#breadcrumb","itemListElement":[{"@type":"ListItem","position":1,"name":"Home","item":"https:\/\/unhz.eu\/"},{"@type":"ListItem","position":2,"name":"Instituti p\u00ebr Shkenc\u00eb dhe Arte"}]},{"@type":"WebSite","@id":"https:\/\/unhz.eu\/#website","url":"https:\/\/unhz.eu\/","name":"Univerzitet &quot;Had\u017ei Zeka&quot;\u201c","description":"Posve\u0107eni kvaliteti, standardima i uspjehu","publisher":{"@id":"https:\/\/unhz.eu\/#organization"},"alternateName":"Universiteti Haxhi Zeka","potentialAction":[{"@type":"SearchAction","target":{"@type":"EntryPoint","urlTemplate":"https:\/\/unhz.eu\/?s={search_term_string}"},"query-input":{"@type":"PropertyValueSpecification","valueRequired":true,"valueName":"search_term_string"}}],"inLanguage":"bs-BA"},{"@type":"Organization","@id":"https:\/\/unhz.eu\/#organization","name":"Univerzitet &quot;Had\u017ei Zeka&quot;\u201c","alternateName":"Universiteti Haxhi Zeka","url":"https:\/\/unhz.eu\/","logo":{"@type":"ImageObject","inLanguage":"bs-BA","@id":"https:\/\/unhz.eu\/#\/schema\/logo\/image\/","url":"https:\/\/unhz.eu\/wp-content\/uploads\/2025\/04\/logo-unhz.webp","contentUrl":"https:\/\/unhz.eu\/wp-content\/uploads\/2025\/04\/logo-unhz.webp","width":1024,"height":260,"caption":"Universiteti \u201cHaxhi Zeka\u201d"},"image":{"@id":"https:\/\/unhz.eu\/#\/schema\/logo\/image\/"},"sameAs":["https:\/\/www.facebook.com\/uni.haxhizeka","https:\/\/x.com\/uni_haxhizeka","https:\/\/www.linkedin.com\/school\/haxhi-zeka-university","https:\/\/www.instagram.com\/uni_haxhizeka\/"],"description":"Univerzitet &quot;Had\u017ei Zeka&quot; u Pe\u0107i je javna visoko\u0161kolska ustanova koja nudi dodiplomske, master i doktorske studije u raznim oblastima kao \u0161to su menad\u017ement, turizam, ekonomija, poljoprivreda, umjetnost i pravo. Univerzitet ima za cilj akademski razvoj, nau\u010dna istra\u017eivanja i doprinos zajednici.","email":"info@unhz.eu","telephone":"+38339410970","legalName":"Universiteti \u201cHaxhi Zeka\u201d n\u00eb Pej\u00eb","foundingDate":"2011-11-14","numberOfEmployees":{"@type":"QuantitativeValue","minValue":"201","maxValue":"500"}}]}},"acf":[],"_links":{"self":[{"href":"https:\/\/unhz.eu\/bs\/wp-json\/wp\/v2\/pages\/22078","targetHints":{"allow":["GET"]}}],"collection":[{"href":"https:\/\/unhz.eu\/bs\/wp-json\/wp\/v2\/pages"}],"about":[{"href":"https:\/\/unhz.eu\/bs\/wp-json\/wp\/v2\/types\/page"}],"author":[{"embeddable":true,"href":"https:\/\/unhz.eu\/bs\/wp-json\/wp\/v2\/users\/1"}],"replies":[{"embeddable":true,"href":"https:\/\/unhz.eu\/bs\/wp-json\/wp\/v2\/comments?post=22078"}],"version-history":[{"count":2,"href":"https:\/\/unhz.eu\/bs\/wp-json\/wp\/v2\/pages\/22078\/revisions"}],"predecessor-version":[{"id":56746,"href":"https:\/\/unhz.eu\/bs\/wp-json\/wp\/v2\/pages\/22078\/revisions\/56746"}],"wp:attachment":[{"href":"https:\/\/unhz.eu\/bs\/wp-json\/wp\/v2\/media?parent=22078"}],"curies":[{"name":"radni list","href":"https:\/\/api.w.org\/{rel}","templated":true}]}}