{"id":21564,"date":"2024-04-11T09:07:11","date_gmt":"2024-04-11T09:07:11","guid":{"rendered":"http:\/\/unhz.local\/?page_id=21564"},"modified":"2025-06-23T14:32:07","modified_gmt":"2025-06-23T12:32:07","slug":"zgjedhjet-studentore-2023","status":"publish","type":"page","link":"https:\/\/unhz.eu\/bs\/zgjedhjet-studentore-2023\/","title":{"rendered":"Studentski izbori 2023."},"content":{"rendered":"<div data-elementor-type=\"wp-page\" data-elementor-id=\"21564\" class=\"elementor elementor-21564\" data-elementor-post-type=\"page\">\n\t\t\t\t\t\t<section class=\"elementor-section elementor-top-section elementor-element elementor-element-9de55c4 elementor-section-boxed elementor-section-height-default elementor-section-height-default sc_fly_static\" data-id=\"9de55c4\" data-element_type=\"section\" data-e-type=\"section\">\n\t\t\t\t\t\t<div class=\"elementor-container elementor-column-gap-extended\">\n\t\t\t\t\t<div class=\"elementor-column elementor-col-100 elementor-top-column elementor-element elementor-element-1716246 sc_content_align_inherit sc_layouts_column_icons_position_left sc_fly_static\" data-id=\"1716246\" data-element_type=\"column\" data-e-type=\"column\">\n\t\t\t<div class=\"elementor-widget-wrap elementor-element-populated\">\n\t\t\t\t\t\t<div class=\"elementor-element elementor-element-a994b20 sc_fly_static elementor-widget elementor-widget-trx_sc_title\" data-id=\"a994b20\" data-element_type=\"widget\" data-e-type=\"widget\" data-widget_type=\"trx_sc_title.default\">\n\t\t\t\t<div class=\"elementor-widget-container\">\n\t\t\t\t\t<div\t\tclass=\"sc_title sc_title_default\" ><span class=\"sc_item_subtitle sc_title_subtitle sc_item_subtitle_above sc_item_title_style_default\">O nama<\/span><h4 class=\"sc_item_title sc_title_title sc_item_title_style_default sc_item_title_tag\"\n\t\t\t><span class=\"sc_item_title_text\"> Zgjedhjeve Studentore 2023<\/span><\/h4><\/div>\t\t\t\t<\/div>\n\t\t\t\t<\/div>\n\t\t\t\t<div class=\"elementor-element elementor-element-6926eab sc_fly_static elementor-widget elementor-widget-spacer\" data-id=\"6926eab\" data-element_type=\"widget\" data-e-type=\"widget\" data-widget_type=\"spacer.default\">\n\t\t\t\t<div class=\"elementor-widget-container\">\n\t\t\t\t\t\t\t<div class=\"elementor-spacer\">\n\t\t\t<div class=\"elementor-spacer-inner\"><\/div>\n\t\t<\/div>\n\t\t\t\t\t\t<\/div>\n\t\t\t\t<\/div>\n\t\t\t\t<div class=\"elementor-element elementor-element-ce5b5f2 sc_fly_static elementor-widget elementor-widget-text-editor\" data-id=\"ce5b5f2\" data-element_type=\"widget\" data-e-type=\"widget\" data-widget_type=\"text-editor.default\">\n\t\t\t\t<div class=\"elementor-widget-container\">\n\t\t\t\t\t\t\t\t\t<p><a href=\"https:\/\/unhz.eu\/blog\/zgjedhjet-studentore-2\/\">Zgjedhjet Studentore 2023<\/a><\/p><p><a href=\"https:\/\/drive.google.com\/file\/d\/16CWVwo4R_vjpfqPups5M8P8XUVFLqVi8\/view?usp=sharing\">KQZ- Dinamika e procesit zgjedhor p\u00ebr zgjedhjet e student\u00ebve n\u00eb UHZ p\u00ebr vitin 2023<\/a><\/p><p><a href=\"https:\/\/drive.google.com\/file\/d\/1UPPmvR4MYcY3lP-weKNdq5zf606cIKyV\/view?usp=sharing\">Njoftim p\u00ebr zgjedhjet studentore<\/a><\/p><p><a href=\"https:\/\/drive.google.com\/file\/d\/16gMVG0kfJTcl9GoFOiOHm4iDuF5e1U3N\/view?usp=sharing\">Njoftim p\u00ebr nominime<\/a><\/p><p><a href=\"https:\/\/drive.google.com\/file\/d\/1SkXJqBO5nudalmmh_BdEcI6xphxd9XwS\/view?usp=sharing\">Lista e deklaratave mb\u00ebshtetese p\u00ebr certifikimin e Organizat\u00ebs studentore p\u00ebr zgjedhjet studentore 2023<\/a><\/p><p>Listat t\u00eb student\u00ebve me t\u00eb drejt\u00eb VOTE dhe t\u00eb drejt\u00eb ankese<\/p><p><a href=\"https:\/\/drive.google.com\/file\/d\/1YgVXX6WT-FM34_W2vl4tP9VdMGlXFnvx\/view?usp=sharing\">Listat e kandidat\u00ebve<\/a><\/p><p><a href=\"https:\/\/drive.google.com\/file\/d\/1EtukpihztTEWU6y5dEPs78pjO3K-qVEG\/view?usp=sharing\">Udh\u00ebzimet p\u00ebr Vendvotim<\/a><\/p><p><a href=\"https:\/\/unhz.eu\/Dokumente\/Zgjedhjet%20Studentore\/1311-%20Vendim%20KQZ-s%c3%ab-%20Certifikimin%20i%20organizatave%20Studentore%20n%c3%ab%20UHZ-%20Fisnik%20Morina.PDF\">1311- Vendim KQZ-s\u00eb- Certifikimin i organizatave Studentore n\u00eb UHZ- Fisnik Morina<\/a><\/p><p><a href=\"https:\/\/unhz.eu\/Dokumente\/Zgjedhjet%20Studentore\/1312-%20Vendim%20i%20KQZ-s%C3%AB-%20Mbi%20ranglist%C3%ABn%20e%20Organizat%C3%ABs%20studentore%20n%C3%AB%20Flet%C3%ABvotim-%20Fisnik%20Morina.PDF\">1312- Vendim i KQZ-s\u00eb- Mbi ranglist\u00ebn e Organizat\u00ebs studentore n\u00eb Flet\u00ebvotim- Fisnik Morina<\/a><\/p><p><a href=\"https:\/\/drive.google.com\/file\/d\/1-kh6iMRChte3P3YQxszEtoMyw566GVwr\/view?usp=sharing\">1337- K\u00ebrkes\u00eb p\u00ebr ndryshim t\u00eb listave t\u00eb kandidat\u00ebve p\u00ebr parlament studentor dhe K\u00ebshilla t\u00eb Student\u00ebve-<\/a><\/p><p>Listat p\u00ebrfundimtare e kandidat\u00ebve p\u00ebr Zgjedhjet Studentore 2023<\/p><p>Si t\u00eb votojm\u00eb p\u00ebr Zgjedhjet Studentore 2023<\/p><p><a href=\"https:\/\/drive.google.com\/file\/d\/1oml9e1WGEfa5Fbg4bO5wXHyQzAIpvNTB\/view?usp=sharing\">Njoftim p\u00ebr zgjedhjet studentore 2023<\/a><\/p><p><a href=\"https:\/\/unhz.eu\/blog\/komunikate-e-kqz-se\/\">Komunikat\u00eb e KQZ-s\u00eb<\/a><\/p><p><a href=\"https:\/\/unhz.eu\/blog\/zgjedhjet-studentore-2023-ne-universitetin-haxhi-zeka-ne-peje\/\">P\u00ebrqindja e daljes n\u00eb zgjedhjeve studentore 2023<\/a><\/p><p><a href=\"https:\/\/drive.google.com\/file\/d\/1DgQstwAGNDFfy-AOZcxKYF4D9QdY8KLN\/view?usp=sharing\">1590- Mandatet p\u00ebr Parlament t\u00eb Student\u00ebve<\/a><\/p><p><a href=\"https:\/\/drive.google.com\/file\/d\/1ti0SrOZhF-ggcVFPtbayA7PfYuhKvk6H\/view?usp=sharing\">1591- Mandatet p\u00ebr Parlament dhe K\u00ebshilla t\u00eb Student\u00ebve<\/a><\/p>\t\t\t\t\t\t\t\t<\/div>\n\t\t\t\t<\/div>\n\t\t\t\t\t<\/div>\n\t\t<\/div>\n\t\t\t\t\t<\/div>\n\t\t<\/section>\n\t\t\t\t<\/div>","protected":false},"excerpt":{"rendered":"<p>Rreth Zgjedhjeve Studentore 2023 Zgjedhjet Studentore 2023 KQZ- Dinamika e procesit zgjedhor p\u00ebr zgjedhjet e&hellip;<\/p>","protected":false},"author":1,"featured_media":0,"parent":0,"menu_order":0,"comment_status":"closed","ping_status":"closed","template":"","meta":{"_acf_changed":false,"footnotes":""},"class_list":["post-21564","page","type-page","status-publish","hentry"],"yoast_head":"<!-- This site is optimized with the Yoast SEO Premium plugin v27.2 (Yoast SEO v27.2) - https:\/\/yoast.com\/product\/yoast-seo-premium-wordpress\/ -->\n<title>Zgjedhjet studentore 2023 - University Haxhi Zeka<\/title>\n<meta name=\"robots\" content=\"index, follow, max-snippet:-1, max-image-preview:large, max-video-preview:-1\" \/>\n<link rel=\"canonical\" href=\"https:\/\/unhz.eu\/bs\/zgjedhjet-studentore-2023\/\" \/>\n<meta property=\"og:locale\" content=\"bs_BA\" \/>\n<meta property=\"og:type\" content=\"article\" \/>\n<meta property=\"og:title\" content=\"Zgjedhjet studentore 2023\" \/>\n<meta property=\"og:description\" content=\"Rreth Zgjedhjeve Studentore 2023 Zgjedhjet Studentore 2023 KQZ- Dinamika e procesit zgjedhor p\u00ebr zgjedhjet e&hellip;\" \/>\n<meta property=\"og:url\" content=\"https:\/\/unhz.eu\/bs\/zgjedhjet-studentore-2023\/\" \/>\n<meta property=\"og:site_name\" content=\"University Haxhi Zeka\" \/>\n<meta property=\"article:publisher\" content=\"https:\/\/www.facebook.com\/uni.haxhizeka\" \/>\n<meta property=\"article:modified_time\" content=\"2025-06-23T12:32:07+00:00\" \/>\n<meta name=\"twitter:card\" content=\"summary_large_image\" \/>\n<meta name=\"twitter:site\" content=\"@uni_haxhizeka\" \/>\n<meta name=\"twitter:label1\" content=\"Est. reading time\" \/>\n\t<meta name=\"twitter:data1\" content=\"1 minuta\" \/>\n<script type=\"application\/ld+json\" class=\"yoast-schema-graph\">{\"@context\":\"https:\/\/schema.org\",\"@graph\":[{\"@type\":\"WebPage\",\"@id\":\"https:\/\/unhz.eu\/zgjedhjet-studentore-2023\/\",\"url\":\"https:\/\/unhz.eu\/zgjedhjet-studentore-2023\/\",\"name\":\"Zgjedhjet studentore 2023 - University Haxhi Zeka\",\"isPartOf\":{\"@id\":\"https:\/\/unhz.eu\/#website\"},\"datePublished\":\"2024-04-11T09:07:11+00:00\",\"dateModified\":\"2025-06-23T12:32:07+00:00\",\"breadcrumb\":{\"@id\":\"https:\/\/unhz.eu\/zgjedhjet-studentore-2023\/#breadcrumb\"},\"inLanguage\":\"bs-BA\",\"potentialAction\":[{\"@type\":\"ReadAction\",\"target\":[\"https:\/\/unhz.eu\/zgjedhjet-studentore-2023\/\"]}]},{\"@type\":\"BreadcrumbList\",\"@id\":\"https:\/\/unhz.eu\/zgjedhjet-studentore-2023\/#breadcrumb\",\"itemListElement\":[{\"@type\":\"ListItem\",\"position\":1,\"name\":\"Home\",\"item\":\"https:\/\/unhz.eu\/\"},{\"@type\":\"ListItem\",\"position\":2,\"name\":\"Zgjedhjet studentore 2023\"}]},{\"@type\":\"WebSite\",\"@id\":\"https:\/\/unhz.eu\/#website\",\"url\":\"https:\/\/unhz.eu\/\",\"name\":\"Universiteti \u201cHaxhi Zeka\u201d\",\"description\":\"I dedikuar p\u00ebr cil\u00ebsi, standarde dhe suksese\",\"publisher\":{\"@id\":\"https:\/\/unhz.eu\/#organization\"},\"alternateName\":\"Universiteti Haxhi Zeka\",\"potentialAction\":[{\"@type\":\"SearchAction\",\"target\":{\"@type\":\"EntryPoint\",\"urlTemplate\":\"https:\/\/unhz.eu\/?s={search_term_string}\"},\"query-input\":{\"@type\":\"PropertyValueSpecification\",\"valueRequired\":true,\"valueName\":\"search_term_string\"}}],\"inLanguage\":\"bs-BA\"},{\"@type\":\"Organization\",\"@id\":\"https:\/\/unhz.eu\/#organization\",\"name\":\"Universiteti \u201cHaxhi Zeka\u201d\",\"alternateName\":\"Universiteti Haxhi Zeka\",\"url\":\"https:\/\/unhz.eu\/\",\"logo\":{\"@type\":\"ImageObject\",\"inLanguage\":\"bs-BA\",\"@id\":\"https:\/\/unhz.eu\/#\/schema\/logo\/image\/\",\"url\":\"https:\/\/unhz.eu\/wp-content\/uploads\/2025\/04\/logo-unhz.webp\",\"contentUrl\":\"https:\/\/unhz.eu\/wp-content\/uploads\/2025\/04\/logo-unhz.webp\",\"width\":1024,\"height\":260,\"caption\":\"Universiteti \u201cHaxhi Zeka\u201d\"},\"image\":{\"@id\":\"https:\/\/unhz.eu\/#\/schema\/logo\/image\/\"},\"sameAs\":[\"https:\/\/www.facebook.com\/uni.haxhizeka\",\"https:\/\/x.com\/uni_haxhizeka\",\"https:\/\/www.linkedin.com\/school\/haxhi-zeka-university\",\"https:\/\/www.instagram.com\/uni_haxhizeka\/\"],\"description\":\"Universiteti \u201cHaxhi Zeka\u201d n\u00eb Pej\u00eb \u00ebsht\u00eb institucion publik i arsimit t\u00eb lart\u00eb, q\u00eb ofron studime bachelor, master dhe doktorat\u00eb n\u00eb fusha t\u00eb ndryshme si menaxhimi, turizmi, ekonomia, bujq\u00ebsia, arti dhe drejt\u00ebsia. Universiteti synon zhvillimin akademik, hulumtimin shkencor dhe kontributin n\u00eb komunitet.\",\"email\":\"info@unhz.eu\",\"telephone\":\"+38339410970\",\"legalName\":\"Universiteti \u201cHaxhi Zeka\u201d n\u00eb Pej\u00eb\",\"foundingDate\":\"2011-11-14\",\"numberOfEmployees\":{\"@type\":\"QuantitativeValue\",\"minValue\":\"201\",\"maxValue\":\"500\"}}]}<\/script>\n<!-- \/ Yoast SEO Premium plugin. -->","yoast_head_json":{"title":"Zgjedhjet studentore 2023 - University Haxhi Zeka","robots":{"index":"index","follow":"follow","max-snippet":"max-snippet:-1","max-image-preview":"max-image-preview:large","max-video-preview":"max-video-preview:-1"},"canonical":"https:\/\/unhz.eu\/bs\/zgjedhjet-studentore-2023\/","og_locale":"bs_BA","og_type":"article","og_title":"Zgjedhjet studentore 2023","og_description":"Rreth Zgjedhjeve Studentore 2023 Zgjedhjet Studentore 2023 KQZ- Dinamika e procesit zgjedhor p\u00ebr zgjedhjet e&hellip;","og_url":"https:\/\/unhz.eu\/bs\/zgjedhjet-studentore-2023\/","og_site_name":"University Haxhi Zeka","article_publisher":"https:\/\/www.facebook.com\/uni.haxhizeka","article_modified_time":"2025-06-23T12:32:07+00:00","twitter_card":"summary_large_image","twitter_site":"@uni_haxhizeka","twitter_misc":{"Est. reading time":"1 minuta"},"schema":{"@context":"https:\/\/schema.org","@graph":[{"@type":"WebPage","@id":"https:\/\/unhz.eu\/zgjedhjet-studentore-2023\/","url":"https:\/\/unhz.eu\/zgjedhjet-studentore-2023\/","name":"Zgjedhjet studentore 2023 - University Haxhi Zeka","isPartOf":{"@id":"https:\/\/unhz.eu\/#website"},"datePublished":"2024-04-11T09:07:11+00:00","dateModified":"2025-06-23T12:32:07+00:00","breadcrumb":{"@id":"https:\/\/unhz.eu\/zgjedhjet-studentore-2023\/#breadcrumb"},"inLanguage":"bs-BA","potentialAction":[{"@type":"ReadAction","target":["https:\/\/unhz.eu\/zgjedhjet-studentore-2023\/"]}]},{"@type":"BreadcrumbList","@id":"https:\/\/unhz.eu\/zgjedhjet-studentore-2023\/#breadcrumb","itemListElement":[{"@type":"ListItem","position":1,"name":"Home","item":"https:\/\/unhz.eu\/"},{"@type":"ListItem","position":2,"name":"Zgjedhjet studentore 2023"}]},{"@type":"WebSite","@id":"https:\/\/unhz.eu\/#website","url":"https:\/\/unhz.eu\/","name":"Univerzitet &quot;Had\u017ei Zeka&quot;\u201c","description":"Posve\u0107eni kvaliteti, standardima i uspjehu","publisher":{"@id":"https:\/\/unhz.eu\/#organization"},"alternateName":"Universiteti Haxhi Zeka","potentialAction":[{"@type":"SearchAction","target":{"@type":"EntryPoint","urlTemplate":"https:\/\/unhz.eu\/?s={search_term_string}"},"query-input":{"@type":"PropertyValueSpecification","valueRequired":true,"valueName":"search_term_string"}}],"inLanguage":"bs-BA"},{"@type":"Organization","@id":"https:\/\/unhz.eu\/#organization","name":"Univerzitet &quot;Had\u017ei Zeka&quot;\u201c","alternateName":"Universiteti Haxhi Zeka","url":"https:\/\/unhz.eu\/","logo":{"@type":"ImageObject","inLanguage":"bs-BA","@id":"https:\/\/unhz.eu\/#\/schema\/logo\/image\/","url":"https:\/\/unhz.eu\/wp-content\/uploads\/2025\/04\/logo-unhz.webp","contentUrl":"https:\/\/unhz.eu\/wp-content\/uploads\/2025\/04\/logo-unhz.webp","width":1024,"height":260,"caption":"Universiteti \u201cHaxhi Zeka\u201d"},"image":{"@id":"https:\/\/unhz.eu\/#\/schema\/logo\/image\/"},"sameAs":["https:\/\/www.facebook.com\/uni.haxhizeka","https:\/\/x.com\/uni_haxhizeka","https:\/\/www.linkedin.com\/school\/haxhi-zeka-university","https:\/\/www.instagram.com\/uni_haxhizeka\/"],"description":"Univerzitet &quot;Had\u017ei Zeka&quot; u Pe\u0107i je javna visoko\u0161kolska ustanova koja nudi dodiplomske, master i doktorske studije u raznim oblastima kao \u0161to su menad\u017ement, turizam, ekonomija, poljoprivreda, umjetnost i pravo. Univerzitet ima za cilj akademski razvoj, nau\u010dna istra\u017eivanja i doprinos zajednici.","email":"info@unhz.eu","telephone":"+38339410970","legalName":"Universiteti \u201cHaxhi Zeka\u201d n\u00eb Pej\u00eb","foundingDate":"2011-11-14","numberOfEmployees":{"@type":"QuantitativeValue","minValue":"201","maxValue":"500"}}]}},"acf":[],"_links":{"self":[{"href":"https:\/\/unhz.eu\/bs\/wp-json\/wp\/v2\/pages\/21564","targetHints":{"allow":["GET"]}}],"collection":[{"href":"https:\/\/unhz.eu\/bs\/wp-json\/wp\/v2\/pages"}],"about":[{"href":"https:\/\/unhz.eu\/bs\/wp-json\/wp\/v2\/types\/page"}],"author":[{"embeddable":true,"href":"https:\/\/unhz.eu\/bs\/wp-json\/wp\/v2\/users\/1"}],"replies":[{"embeddable":true,"href":"https:\/\/unhz.eu\/bs\/wp-json\/wp\/v2\/comments?post=21564"}],"version-history":[{"count":13,"href":"https:\/\/unhz.eu\/bs\/wp-json\/wp\/v2\/pages\/21564\/revisions"}],"predecessor-version":[{"id":54042,"href":"https:\/\/unhz.eu\/bs\/wp-json\/wp\/v2\/pages\/21564\/revisions\/54042"}],"wp:attachment":[{"href":"https:\/\/unhz.eu\/bs\/wp-json\/wp\/v2\/media?parent=21564"}],"curies":[{"name":"radni list","href":"https:\/\/api.w.org\/{rel}","templated":true}]}}