{"id":21560,"date":"2024-04-11T09:06:43","date_gmt":"2024-04-11T09:06:43","guid":{"rendered":"http:\/\/unhz.local\/?page_id=21560"},"modified":"2025-06-03T14:00:10","modified_gmt":"2025-06-03T12:00:10","slug":"zgjedhjet-studentore-2017","status":"publish","type":"page","link":"https:\/\/unhz.eu\/bs\/zgjedhjet-studentore-2017\/","title":{"rendered":"Studentski izbori 2017."},"content":{"rendered":"<div data-elementor-type=\"wp-page\" data-elementor-id=\"21560\" class=\"elementor elementor-21560\" data-elementor-post-type=\"page\">\n\t\t\t\t\t\t<section class=\"elementor-section elementor-top-section elementor-element elementor-element-5e6e061 elementor-section-boxed elementor-section-height-default elementor-section-height-default sc_fly_static\" data-id=\"5e6e061\" data-element_type=\"section\" data-e-type=\"section\">\n\t\t\t\t\t\t<div class=\"elementor-container elementor-column-gap-extended\">\n\t\t\t\t\t<div class=\"elementor-column elementor-col-100 elementor-top-column elementor-element elementor-element-04565b6 sc_content_align_inherit sc_layouts_column_icons_position_left sc_fly_static\" data-id=\"04565b6\" data-element_type=\"column\" data-e-type=\"column\">\n\t\t\t<div class=\"elementor-widget-wrap elementor-element-populated\">\n\t\t\t\t\t\t<div class=\"elementor-element elementor-element-39a8ed5 sc_style_default sc_fly_static elementor-widget elementor-widget-trx_sc_blogger\" data-id=\"39a8ed5\" data-element_type=\"widget\" data-e-type=\"widget\" data-widget_type=\"trx_sc_blogger.default\">\n\t\t\t\t<div class=\"elementor-widget-container\">\n\t\t\t\t\t<div \t\tclass=\"sc_blogger sc_blogger_default sc_blogger_default_classic sc_item_filters_tabs_none alignnone\" ><div class=\"sc_blogger_content sc_item_content sc_item_posts_container\" ><div data-post-id=\"13373\" data-item-number=\"1\" class=\"sc_blogger_item sc_item_container post_container sc_blogger_item_default sc_blogger_item_default_classic sc_blogger_item_odd sc_blogger_item_align_none post_format_standard sc_blogger_item_with_image sc_blogger_item_with_excerpt sc_blogger_item_image_position_top post-13373 post type-post status-publish format-standard has-post-thumbnail hentry category-njoftime-per-studente\" ><div class=\"sc_blogger_item_body\"><div class=\"post_featured with_thumb hover_link sc_item_featured sc_blogger_item_featured\"><img fetchpriority=\"high\" decoding=\"async\" width=\"574\" height=\"336\" src=\"https:\/\/unhz.eu\/wp-content\/uploads\/2017\/05\/rez-prelim.png\" class=\"attachment-law-office-thumb-huge size-law-office-thumb-huge wp-post-image\" alt=\"\" srcset=\"https:\/\/unhz.eu\/wp-content\/uploads\/2017\/05\/rez-prelim.png 574w, https:\/\/unhz.eu\/wp-content\/uploads\/2017\/05\/rez-prelim-300x176.png 300w, https:\/\/unhz.eu\/wp-content\/uploads\/2017\/05\/rez-prelim-370x217.png 370w, https:\/\/unhz.eu\/wp-content\/uploads\/2017\/05\/rez-prelim-410x240.png 410w\" sizes=\"(max-width: 600px) 100vw, 574px\" \/>\t\t\t\t\t\t<div class=\"mask\"><\/div>\n\t\t\t\t\t\t\t\t\t<a href=\"https:\/\/unhz.eu\/bs\/blog\/rezultatet-preliminare-nga-zgjedhjet-studentore-2017\/\"  aria-hidden=\"true\" class=\"link\"><\/a>\n\t\t\t<\/div><div class=\"sc_blogger_item_content entry-content\"><div class=\"post_meta sc_blogger_item_meta post_meta_categories\"><span class=\"post_meta_item post_categories cat_sep\"><a href=\"https:\/\/unhz.eu\/bs\/blog\/category\/njoftime-per-studente\/\" rel=\"category tag\">Obavje\u0161tenja za studente<\/a><\/span><\/div><h5 class=\"sc_blogger_item_title entry-title\" data-item-number=\"1\"><a href=\"https:\/\/unhz.eu\/bs\/blog\/rezultatet-preliminare-nga-zgjedhjet-studentore-2017\/\" rel=\"bookmark\">Preliminarni rezultati studentskih izbora 2017.<\/a><\/h5><div class=\"post_meta sc_blogger_item_meta post_meta\"><span class=\"post_meta_item post_date\"><a href=\"https:\/\/unhz.eu\/bs\/blog\/rezultatet-preliminare-nga-zgjedhjet-studentore-2017\/\">24\/05\/2017<\/a><\/span><\/div><div class=\"sc_blogger_item_excerpt\">Danas, 24. maja 2017. godine, Univerzitet &quot;Haxhi Zeka&quot; odr\u017eao je svoje tre\u0107e op\u0107e izbore...<\/div><div class=\"sc_blogger_item_button sc_item_button\"><a href=\"https:\/\/unhz.eu\/bs\/blog\/rezultatet-preliminare-nga-zgjedhjet-studentore-2017\/\" class=\"item_more_link\"><span class=\"link_text\">Pro\u010ditajte vi\u0161e <\/span><span class=\"link_icon\"><\/span><\/a><\/div><\/div><!-- .entry-content --><\/div><!-- .sc_blogger_item_body --><\/div><!-- .sc_blogger_item --><\/div><\/div>\t\t\t\t<\/div>\n\t\t\t\t<\/div>\n\t\t\t\t\t<\/div>\n\t\t<\/div>\n\t\t\t\t\t<\/div>\n\t\t<\/section>\n\t\t\t\t<\/div>","protected":false},"excerpt":{"rendered":"<p>Obavje\u0161tenja za studente Preliminarni rezultati studentskih izbora 2017. 24.05.2017. Danas, 24. maja 2017.\u2026<\/p>","protected":false},"author":1,"featured_media":0,"parent":0,"menu_order":0,"comment_status":"closed","ping_status":"closed","template":"","meta":{"_acf_changed":false,"footnotes":""},"class_list":["post-21560","page","type-page","status-publish","hentry"],"yoast_head":"<!-- This site is optimized with the Yoast SEO Premium plugin v27.2 (Yoast SEO v27.2) - https:\/\/yoast.com\/product\/yoast-seo-premium-wordpress\/ -->\n<title>Zgjedhjet studentore 2017 - University Haxhi Zeka<\/title>\n<meta name=\"robots\" content=\"index, follow, max-snippet:-1, max-image-preview:large, max-video-preview:-1\" \/>\n<link rel=\"canonical\" href=\"https:\/\/unhz.eu\/bs\/zgjedhjet-studentore-2017\/\" \/>\n<meta property=\"og:locale\" content=\"bs_BA\" \/>\n<meta property=\"og:type\" content=\"article\" \/>\n<meta property=\"og:title\" content=\"Zgjedhjet studentore 2017\" \/>\n<meta property=\"og:description\" content=\"Njoftime p\u00ebr student\u00eb Rezultatet Preliminare nga Zgjedhjet Studentore 2017 24\/05\/2017Sot, me dat\u00eb 24 Maj 2017&hellip;\" \/>\n<meta property=\"og:url\" content=\"https:\/\/unhz.eu\/bs\/zgjedhjet-studentore-2017\/\" \/>\n<meta property=\"og:site_name\" content=\"University Haxhi Zeka\" \/>\n<meta property=\"article:publisher\" content=\"https:\/\/www.facebook.com\/uni.haxhizeka\" \/>\n<meta property=\"article:modified_time\" content=\"2025-06-03T12:00:10+00:00\" \/>\n<meta property=\"og:image\" content=\"https:\/\/unhz.eu\/wp-content\/uploads\/2017\/05\/rez-prelim.png\" \/>\n<meta name=\"twitter:card\" content=\"summary_large_image\" \/>\n<meta name=\"twitter:site\" content=\"@uni_haxhizeka\" \/>\n<meta name=\"twitter:label1\" content=\"Est. reading time\" \/>\n\t<meta name=\"twitter:data1\" content=\"1 minuta\" \/>\n<script type=\"application\/ld+json\" class=\"yoast-schema-graph\">{\"@context\":\"https:\/\/schema.org\",\"@graph\":[{\"@type\":\"WebPage\",\"@id\":\"https:\/\/unhz.eu\/zgjedhjet-studentore-2017\/\",\"url\":\"https:\/\/unhz.eu\/zgjedhjet-studentore-2017\/\",\"name\":\"Zgjedhjet studentore 2017 - University Haxhi Zeka\",\"isPartOf\":{\"@id\":\"https:\/\/unhz.eu\/#website\"},\"primaryImageOfPage\":{\"@id\":\"https:\/\/unhz.eu\/zgjedhjet-studentore-2017\/#primaryimage\"},\"image\":{\"@id\":\"https:\/\/unhz.eu\/zgjedhjet-studentore-2017\/#primaryimage\"},\"thumbnailUrl\":\"https:\/\/unhz.eu\/wp-content\/uploads\/2017\/05\/rez-prelim.png\",\"datePublished\":\"2024-04-11T09:06:43+00:00\",\"dateModified\":\"2025-06-03T12:00:10+00:00\",\"breadcrumb\":{\"@id\":\"https:\/\/unhz.eu\/zgjedhjet-studentore-2017\/#breadcrumb\"},\"inLanguage\":\"bs-BA\",\"potentialAction\":[{\"@type\":\"ReadAction\",\"target\":[\"https:\/\/unhz.eu\/zgjedhjet-studentore-2017\/\"]}]},{\"@type\":\"ImageObject\",\"inLanguage\":\"bs-BA\",\"@id\":\"https:\/\/unhz.eu\/zgjedhjet-studentore-2017\/#primaryimage\",\"url\":\"https:\/\/unhz.eu\/wp-content\/uploads\/2017\/05\/rez-prelim.png\",\"contentUrl\":\"https:\/\/unhz.eu\/wp-content\/uploads\/2017\/05\/rez-prelim.png\"},{\"@type\":\"BreadcrumbList\",\"@id\":\"https:\/\/unhz.eu\/zgjedhjet-studentore-2017\/#breadcrumb\",\"itemListElement\":[{\"@type\":\"ListItem\",\"position\":1,\"name\":\"Home\",\"item\":\"https:\/\/unhz.eu\/\"},{\"@type\":\"ListItem\",\"position\":2,\"name\":\"Zgjedhjet studentore 2017\"}]},{\"@type\":\"WebSite\",\"@id\":\"https:\/\/unhz.eu\/#website\",\"url\":\"https:\/\/unhz.eu\/\",\"name\":\"Universiteti \u201cHaxhi Zeka\u201d\",\"description\":\"I dedikuar p\u00ebr cil\u00ebsi, standarde dhe suksese\",\"publisher\":{\"@id\":\"https:\/\/unhz.eu\/#organization\"},\"alternateName\":\"Universiteti Haxhi Zeka\",\"potentialAction\":[{\"@type\":\"SearchAction\",\"target\":{\"@type\":\"EntryPoint\",\"urlTemplate\":\"https:\/\/unhz.eu\/?s={search_term_string}\"},\"query-input\":{\"@type\":\"PropertyValueSpecification\",\"valueRequired\":true,\"valueName\":\"search_term_string\"}}],\"inLanguage\":\"bs-BA\"},{\"@type\":\"Organization\",\"@id\":\"https:\/\/unhz.eu\/#organization\",\"name\":\"Universiteti \u201cHaxhi Zeka\u201d\",\"alternateName\":\"Universiteti Haxhi Zeka\",\"url\":\"https:\/\/unhz.eu\/\",\"logo\":{\"@type\":\"ImageObject\",\"inLanguage\":\"bs-BA\",\"@id\":\"https:\/\/unhz.eu\/#\/schema\/logo\/image\/\",\"url\":\"https:\/\/unhz.eu\/wp-content\/uploads\/2025\/04\/logo-unhz.webp\",\"contentUrl\":\"https:\/\/unhz.eu\/wp-content\/uploads\/2025\/04\/logo-unhz.webp\",\"width\":1024,\"height\":260,\"caption\":\"Universiteti \u201cHaxhi Zeka\u201d\"},\"image\":{\"@id\":\"https:\/\/unhz.eu\/#\/schema\/logo\/image\/\"},\"sameAs\":[\"https:\/\/www.facebook.com\/uni.haxhizeka\",\"https:\/\/x.com\/uni_haxhizeka\",\"https:\/\/www.linkedin.com\/school\/haxhi-zeka-university\",\"https:\/\/www.instagram.com\/uni_haxhizeka\/\"],\"description\":\"Universiteti \u201cHaxhi Zeka\u201d n\u00eb Pej\u00eb \u00ebsht\u00eb institucion publik i arsimit t\u00eb lart\u00eb, q\u00eb ofron studime bachelor, master dhe doktorat\u00eb n\u00eb fusha t\u00eb ndryshme si menaxhimi, turizmi, ekonomia, bujq\u00ebsia, arti dhe drejt\u00ebsia. Universiteti synon zhvillimin akademik, hulumtimin shkencor dhe kontributin n\u00eb komunitet.\",\"email\":\"info@unhz.eu\",\"telephone\":\"+38339410970\",\"legalName\":\"Universiteti \u201cHaxhi Zeka\u201d n\u00eb Pej\u00eb\",\"foundingDate\":\"2011-11-14\",\"numberOfEmployees\":{\"@type\":\"QuantitativeValue\",\"minValue\":\"201\",\"maxValue\":\"500\"}}]}<\/script>\n<!-- \/ Yoast SEO Premium plugin. -->","yoast_head_json":{"title":"Zgjedhjet studentore 2017 - University Haxhi Zeka","robots":{"index":"index","follow":"follow","max-snippet":"max-snippet:-1","max-image-preview":"max-image-preview:large","max-video-preview":"max-video-preview:-1"},"canonical":"https:\/\/unhz.eu\/bs\/zgjedhjet-studentore-2017\/","og_locale":"bs_BA","og_type":"article","og_title":"Zgjedhjet studentore 2017","og_description":"Njoftime p\u00ebr student\u00eb Rezultatet Preliminare nga Zgjedhjet Studentore 2017 24\/05\/2017Sot, me dat\u00eb 24 Maj 2017&hellip;","og_url":"https:\/\/unhz.eu\/bs\/zgjedhjet-studentore-2017\/","og_site_name":"University Haxhi Zeka","article_publisher":"https:\/\/www.facebook.com\/uni.haxhizeka","article_modified_time":"2025-06-03T12:00:10+00:00","og_image":[{"url":"https:\/\/unhz.eu\/wp-content\/uploads\/2017\/05\/rez-prelim.png","type":"","width":"","height":""}],"twitter_card":"summary_large_image","twitter_site":"@uni_haxhizeka","twitter_misc":{"Est. reading time":"1 minuta"},"schema":{"@context":"https:\/\/schema.org","@graph":[{"@type":"WebPage","@id":"https:\/\/unhz.eu\/zgjedhjet-studentore-2017\/","url":"https:\/\/unhz.eu\/zgjedhjet-studentore-2017\/","name":"Zgjedhjet studentore 2017 - University Haxhi Zeka","isPartOf":{"@id":"https:\/\/unhz.eu\/#website"},"primaryImageOfPage":{"@id":"https:\/\/unhz.eu\/zgjedhjet-studentore-2017\/#primaryimage"},"image":{"@id":"https:\/\/unhz.eu\/zgjedhjet-studentore-2017\/#primaryimage"},"thumbnailUrl":"https:\/\/unhz.eu\/wp-content\/uploads\/2017\/05\/rez-prelim.png","datePublished":"2024-04-11T09:06:43+00:00","dateModified":"2025-06-03T12:00:10+00:00","breadcrumb":{"@id":"https:\/\/unhz.eu\/zgjedhjet-studentore-2017\/#breadcrumb"},"inLanguage":"bs-BA","potentialAction":[{"@type":"ReadAction","target":["https:\/\/unhz.eu\/zgjedhjet-studentore-2017\/"]}]},{"@type":"ImageObject","inLanguage":"bs-BA","@id":"https:\/\/unhz.eu\/zgjedhjet-studentore-2017\/#primaryimage","url":"https:\/\/unhz.eu\/wp-content\/uploads\/2017\/05\/rez-prelim.png","contentUrl":"https:\/\/unhz.eu\/wp-content\/uploads\/2017\/05\/rez-prelim.png"},{"@type":"BreadcrumbList","@id":"https:\/\/unhz.eu\/zgjedhjet-studentore-2017\/#breadcrumb","itemListElement":[{"@type":"ListItem","position":1,"name":"Home","item":"https:\/\/unhz.eu\/"},{"@type":"ListItem","position":2,"name":"Zgjedhjet studentore 2017"}]},{"@type":"WebSite","@id":"https:\/\/unhz.eu\/#website","url":"https:\/\/unhz.eu\/","name":"Univerzitet &quot;Had\u017ei Zeka&quot;\u201c","description":"Posve\u0107eni kvaliteti, standardima i uspjehu","publisher":{"@id":"https:\/\/unhz.eu\/#organization"},"alternateName":"Universiteti Haxhi Zeka","potentialAction":[{"@type":"SearchAction","target":{"@type":"EntryPoint","urlTemplate":"https:\/\/unhz.eu\/?s={search_term_string}"},"query-input":{"@type":"PropertyValueSpecification","valueRequired":true,"valueName":"search_term_string"}}],"inLanguage":"bs-BA"},{"@type":"Organization","@id":"https:\/\/unhz.eu\/#organization","name":"Univerzitet &quot;Had\u017ei Zeka&quot;\u201c","alternateName":"Universiteti Haxhi Zeka","url":"https:\/\/unhz.eu\/","logo":{"@type":"ImageObject","inLanguage":"bs-BA","@id":"https:\/\/unhz.eu\/#\/schema\/logo\/image\/","url":"https:\/\/unhz.eu\/wp-content\/uploads\/2025\/04\/logo-unhz.webp","contentUrl":"https:\/\/unhz.eu\/wp-content\/uploads\/2025\/04\/logo-unhz.webp","width":1024,"height":260,"caption":"Universiteti \u201cHaxhi Zeka\u201d"},"image":{"@id":"https:\/\/unhz.eu\/#\/schema\/logo\/image\/"},"sameAs":["https:\/\/www.facebook.com\/uni.haxhizeka","https:\/\/x.com\/uni_haxhizeka","https:\/\/www.linkedin.com\/school\/haxhi-zeka-university","https:\/\/www.instagram.com\/uni_haxhizeka\/"],"description":"Univerzitet &quot;Had\u017ei Zeka&quot; u Pe\u0107i je javna visoko\u0161kolska ustanova koja nudi dodiplomske, master i doktorske studije u raznim oblastima kao \u0161to su menad\u017ement, turizam, ekonomija, poljoprivreda, umjetnost i pravo. Univerzitet ima za cilj akademski razvoj, nau\u010dna istra\u017eivanja i doprinos zajednici.","email":"info@unhz.eu","telephone":"+38339410970","legalName":"Universiteti \u201cHaxhi Zeka\u201d n\u00eb Pej\u00eb","foundingDate":"2011-11-14","numberOfEmployees":{"@type":"QuantitativeValue","minValue":"201","maxValue":"500"}}]}},"acf":[],"_links":{"self":[{"href":"https:\/\/unhz.eu\/bs\/wp-json\/wp\/v2\/pages\/21560","targetHints":{"allow":["GET"]}}],"collection":[{"href":"https:\/\/unhz.eu\/bs\/wp-json\/wp\/v2\/pages"}],"about":[{"href":"https:\/\/unhz.eu\/bs\/wp-json\/wp\/v2\/types\/page"}],"author":[{"embeddable":true,"href":"https:\/\/unhz.eu\/bs\/wp-json\/wp\/v2\/users\/1"}],"replies":[{"embeddable":true,"href":"https:\/\/unhz.eu\/bs\/wp-json\/wp\/v2\/comments?post=21560"}],"version-history":[{"count":1,"href":"https:\/\/unhz.eu\/bs\/wp-json\/wp\/v2\/pages\/21560\/revisions"}],"predecessor-version":[{"id":52620,"href":"https:\/\/unhz.eu\/bs\/wp-json\/wp\/v2\/pages\/21560\/revisions\/52620"}],"wp:attachment":[{"href":"https:\/\/unhz.eu\/bs\/wp-json\/wp\/v2\/media?parent=21560"}],"curies":[{"name":"radni list","href":"https:\/\/api.w.org\/{rel}","templated":true}]}}