{"id":21542,"date":"2024-04-11T09:01:47","date_gmt":"2024-04-11T09:01:47","guid":{"rendered":"http:\/\/unhz.local\/?page_id=21542"},"modified":"2025-06-03T15:23:08","modified_gmt":"2025-06-03T13:23:08","slug":"revista-studentore-ii","status":"publish","type":"page","link":"https:\/\/unhz.eu\/bs\/revista-studentore-ii\/","title":{"rendered":"Studentski \u010dasopis II"},"content":{"rendered":"<div data-elementor-type=\"wp-page\" data-elementor-id=\"21542\" class=\"elementor elementor-21542\" data-elementor-post-type=\"page\">\n\t\t\t\t\t\t<section class=\"elementor-section elementor-top-section elementor-element elementor-element-f61915b elementor-section-boxed elementor-section-height-default elementor-section-height-default sc_fly_static\" data-id=\"f61915b\" data-element_type=\"section\" data-e-type=\"section\">\n\t\t\t\t\t\t<div class=\"elementor-container elementor-column-gap-extended\">\n\t\t\t\t\t<div class=\"elementor-column elementor-col-100 elementor-top-column elementor-element elementor-element-f5d0822 sc_content_align_inherit sc_layouts_column_icons_position_left sc_fly_static\" data-id=\"f5d0822\" data-element_type=\"column\" data-e-type=\"column\">\n\t\t\t<div class=\"elementor-widget-wrap elementor-element-populated\">\n\t\t\t\t\t\t<div class=\"elementor-element elementor-element-76f1cf3 sc_fly_static elementor-widget elementor-widget-trx_sc_title\" data-id=\"76f1cf3\" data-element_type=\"widget\" data-e-type=\"widget\" data-widget_type=\"trx_sc_title.default\">\n\t\t\t\t<div class=\"elementor-widget-container\">\n\t\t\t\t\t<div\t\tclass=\"sc_title sc_title_default\" ><span class=\"sc_item_subtitle sc_title_subtitle sc_item_subtitle_above sc_item_title_style_default\">O nama<\/span><h4 class=\"sc_item_title sc_title_title sc_item_title_style_default sc_item_title_tag\"\n\t\t\t><span class=\"sc_item_title_text\">Detajeve p\u00ebr Parlamentin Studentor 2019-2021<\/span><\/h4><\/div>\t\t\t\t<\/div>\n\t\t\t\t<\/div>\n\t\t\t\t\t<\/div>\n\t\t<\/div>\n\t\t\t\t\t<\/div>\n\t\t<\/section>\n\t\t\t\t<section class=\"elementor-section elementor-top-section elementor-element elementor-element-1f208be elementor-section-boxed elementor-section-height-default elementor-section-height-default sc_fly_static\" data-id=\"1f208be\" data-element_type=\"section\" data-e-type=\"section\">\n\t\t\t\t\t\t<div class=\"elementor-container elementor-column-gap-extended\">\n\t\t\t\t\t<div class=\"elementor-column elementor-col-100 elementor-top-column elementor-element elementor-element-674c5ee sc_content_align_inherit sc_layouts_column_icons_position_left sc_fly_static\" data-id=\"674c5ee\" data-element_type=\"column\" data-e-type=\"column\">\n\t\t\t<div class=\"elementor-widget-wrap elementor-element-populated\">\n\t\t\t\t\t\t<div class=\"elementor-element elementor-element-a9758c6 sc_fly_static elementor-widget elementor-widget-spacer\" data-id=\"a9758c6\" data-element_type=\"widget\" data-e-type=\"widget\" data-widget_type=\"spacer.default\">\n\t\t\t\t<div class=\"elementor-widget-container\">\n\t\t\t\t\t\t\t<div class=\"elementor-spacer\">\n\t\t\t<div class=\"elementor-spacer-inner\"><\/div>\n\t\t<\/div>\n\t\t\t\t\t\t<\/div>\n\t\t\t\t<\/div>\n\t\t\t\t\t<\/div>\n\t\t<\/div>\n\t\t\t\t\t<\/div>\n\t\t<\/section>\n\t\t\t\t<section class=\"elementor-section elementor-top-section elementor-element elementor-element-58f356f elementor-section-boxed elementor-section-height-default elementor-section-height-default sc_fly_static\" data-id=\"58f356f\" data-element_type=\"section\" data-e-type=\"section\">\n\t\t\t\t\t\t<div class=\"elementor-container elementor-column-gap-extended\">\n\t\t\t\t\t<div class=\"elementor-column elementor-col-100 elementor-top-column elementor-element elementor-element-c8257f0 sc_content_align_inherit sc_layouts_column_icons_position_left sc_fly_static\" data-id=\"c8257f0\" data-element_type=\"column\" data-e-type=\"column\">\n\t\t\t<div class=\"elementor-widget-wrap elementor-element-populated\">\n\t\t\t\t\t\t<div class=\"elementor-element elementor-element-57c7d46 sc_fly_static elementor-widget elementor-widget-text-editor\" data-id=\"57c7d46\" data-element_type=\"widget\" data-e-type=\"widget\" data-widget_type=\"text-editor.default\">\n\t\t\t\t<div class=\"elementor-widget-container\">\n\t\t\t\t\t\t\t\t\t<p><a href=\"https:\/\/unhz.eu\/wp-content\/uploads\/2024\/04\/StudentsMag-II.pdf\" class=\"pdfemb-viewer\" style=\"\" data-width=\"max\" data-height=\"max\" data-toolbar=\"bottom\" data-toolbar-fixed=\"off\">#Student&#039;sMag II<\/a><\/p>\t\t\t\t\t\t\t\t<\/div>\n\t\t\t\t<\/div>\n\t\t\t\t<div class=\"elementor-element elementor-element-ef1a44b sc_fly_static elementor-widget elementor-widget-spacer\" data-id=\"ef1a44b\" data-element_type=\"widget\" data-e-type=\"widget\" data-widget_type=\"spacer.default\">\n\t\t\t\t<div class=\"elementor-widget-container\">\n\t\t\t\t\t\t\t<div class=\"elementor-spacer\">\n\t\t\t<div class=\"elementor-spacer-inner\"><\/div>\n\t\t<\/div>\n\t\t\t\t\t\t<\/div>\n\t\t\t\t<\/div>\n\t\t\t\t\t<\/div>\n\t\t<\/div>\n\t\t\t\t\t<\/div>\n\t\t<\/section>\n\t\t\t\t<section class=\"elementor-section elementor-top-section elementor-element elementor-element-428a541 elementor-section-boxed elementor-section-height-default elementor-section-height-default sc_fly_static\" data-id=\"428a541\" data-element_type=\"section\" data-e-type=\"section\">\n\t\t\t\t\t\t<div class=\"elementor-container elementor-column-gap-extended\">\n\t\t\t\t\t<div class=\"elementor-column elementor-col-100 elementor-top-column elementor-element elementor-element-b6fe4b4 sc_content_align_inherit sc_layouts_column_icons_position_left sc_fly_static\" data-id=\"b6fe4b4\" data-element_type=\"column\" data-e-type=\"column\">\n\t\t\t<div class=\"elementor-widget-wrap elementor-element-populated\">\n\t\t\t\t\t\t\t<\/div>\n\t\t<\/div>\n\t\t\t\t\t<\/div>\n\t\t<\/section>\n\t\t\t\t<\/div>","protected":false},"excerpt":{"rendered":"<p>Rreth Detajeve p\u00ebr Parlamentin Studentor 2019-2021<\/p>","protected":false},"author":1,"featured_media":0,"parent":0,"menu_order":0,"comment_status":"closed","ping_status":"closed","template":"","meta":{"_acf_changed":false,"footnotes":""},"class_list":["post-21542","page","type-page","status-publish","hentry"],"yoast_head":"<!-- This site is optimized with the Yoast SEO Premium plugin v27.2 (Yoast SEO v27.2) - https:\/\/yoast.com\/product\/yoast-seo-premium-wordpress\/ -->\n<title>Revista studentore ii - University Haxhi Zeka<\/title>\n<meta name=\"robots\" content=\"index, follow, max-snippet:-1, max-image-preview:large, max-video-preview:-1\" \/>\n<link rel=\"canonical\" href=\"https:\/\/unhz.eu\/bs\/revista-studentore-ii\/\" \/>\n<meta property=\"og:locale\" content=\"bs_BA\" \/>\n<meta property=\"og:type\" content=\"article\" \/>\n<meta property=\"og:title\" content=\"Revista studentore ii\" \/>\n<meta property=\"og:description\" content=\"Rreth Detajeve p\u00ebr Parlamentin Studentor 2019-2021\" \/>\n<meta property=\"og:url\" content=\"https:\/\/unhz.eu\/bs\/revista-studentore-ii\/\" \/>\n<meta property=\"og:site_name\" content=\"University Haxhi Zeka\" \/>\n<meta property=\"article:publisher\" content=\"https:\/\/www.facebook.com\/uni.haxhizeka\" \/>\n<meta property=\"article:modified_time\" content=\"2025-06-03T13:23:08+00:00\" \/>\n<meta name=\"twitter:card\" content=\"summary_large_image\" \/>\n<meta name=\"twitter:site\" content=\"@uni_haxhizeka\" \/>\n<meta name=\"twitter:label1\" content=\"Est. reading time\" \/>\n\t<meta name=\"twitter:data1\" content=\"1 minuta\" \/>\n<script type=\"application\/ld+json\" class=\"yoast-schema-graph\">{\"@context\":\"https:\/\/schema.org\",\"@graph\":[{\"@type\":\"WebPage\",\"@id\":\"https:\/\/unhz.eu\/revista-studentore-ii\/\",\"url\":\"https:\/\/unhz.eu\/revista-studentore-ii\/\",\"name\":\"Revista studentore ii - University Haxhi Zeka\",\"isPartOf\":{\"@id\":\"https:\/\/unhz.eu\/#website\"},\"datePublished\":\"2024-04-11T09:01:47+00:00\",\"dateModified\":\"2025-06-03T13:23:08+00:00\",\"breadcrumb\":{\"@id\":\"https:\/\/unhz.eu\/revista-studentore-ii\/#breadcrumb\"},\"inLanguage\":\"bs-BA\",\"potentialAction\":[{\"@type\":\"ReadAction\",\"target\":[\"https:\/\/unhz.eu\/revista-studentore-ii\/\"]}]},{\"@type\":\"BreadcrumbList\",\"@id\":\"https:\/\/unhz.eu\/revista-studentore-ii\/#breadcrumb\",\"itemListElement\":[{\"@type\":\"ListItem\",\"position\":1,\"name\":\"Home\",\"item\":\"https:\/\/unhz.eu\/\"},{\"@type\":\"ListItem\",\"position\":2,\"name\":\"Revista studentore ii\"}]},{\"@type\":\"WebSite\",\"@id\":\"https:\/\/unhz.eu\/#website\",\"url\":\"https:\/\/unhz.eu\/\",\"name\":\"Universiteti \u201cHaxhi Zeka\u201d\",\"description\":\"I dedikuar p\u00ebr cil\u00ebsi, standarde dhe suksese\",\"publisher\":{\"@id\":\"https:\/\/unhz.eu\/#organization\"},\"alternateName\":\"Universiteti Haxhi Zeka\",\"potentialAction\":[{\"@type\":\"SearchAction\",\"target\":{\"@type\":\"EntryPoint\",\"urlTemplate\":\"https:\/\/unhz.eu\/?s={search_term_string}\"},\"query-input\":{\"@type\":\"PropertyValueSpecification\",\"valueRequired\":true,\"valueName\":\"search_term_string\"}}],\"inLanguage\":\"bs-BA\"},{\"@type\":\"Organization\",\"@id\":\"https:\/\/unhz.eu\/#organization\",\"name\":\"Universiteti \u201cHaxhi Zeka\u201d\",\"alternateName\":\"Universiteti Haxhi Zeka\",\"url\":\"https:\/\/unhz.eu\/\",\"logo\":{\"@type\":\"ImageObject\",\"inLanguage\":\"bs-BA\",\"@id\":\"https:\/\/unhz.eu\/#\/schema\/logo\/image\/\",\"url\":\"https:\/\/unhz.eu\/wp-content\/uploads\/2025\/04\/logo-unhz.webp\",\"contentUrl\":\"https:\/\/unhz.eu\/wp-content\/uploads\/2025\/04\/logo-unhz.webp\",\"width\":1024,\"height\":260,\"caption\":\"Universiteti \u201cHaxhi Zeka\u201d\"},\"image\":{\"@id\":\"https:\/\/unhz.eu\/#\/schema\/logo\/image\/\"},\"sameAs\":[\"https:\/\/www.facebook.com\/uni.haxhizeka\",\"https:\/\/x.com\/uni_haxhizeka\",\"https:\/\/www.linkedin.com\/school\/haxhi-zeka-university\",\"https:\/\/www.instagram.com\/uni_haxhizeka\/\"],\"description\":\"Universiteti \u201cHaxhi Zeka\u201d n\u00eb Pej\u00eb \u00ebsht\u00eb institucion publik i arsimit t\u00eb lart\u00eb, q\u00eb ofron studime bachelor, master dhe doktorat\u00eb n\u00eb fusha t\u00eb ndryshme si menaxhimi, turizmi, ekonomia, bujq\u00ebsia, arti dhe drejt\u00ebsia. Universiteti synon zhvillimin akademik, hulumtimin shkencor dhe kontributin n\u00eb komunitet.\",\"email\":\"info@unhz.eu\",\"telephone\":\"+38339410970\",\"legalName\":\"Universiteti \u201cHaxhi Zeka\u201d n\u00eb Pej\u00eb\",\"foundingDate\":\"2011-11-14\",\"numberOfEmployees\":{\"@type\":\"QuantitativeValue\",\"minValue\":\"201\",\"maxValue\":\"500\"}}]}<\/script>\n<!-- \/ Yoast SEO Premium plugin. -->","yoast_head_json":{"title":"Revista studentore ii - University Haxhi Zeka","robots":{"index":"index","follow":"follow","max-snippet":"max-snippet:-1","max-image-preview":"max-image-preview:large","max-video-preview":"max-video-preview:-1"},"canonical":"https:\/\/unhz.eu\/bs\/revista-studentore-ii\/","og_locale":"bs_BA","og_type":"article","og_title":"Revista studentore ii","og_description":"Rreth Detajeve p\u00ebr Parlamentin Studentor 2019-2021","og_url":"https:\/\/unhz.eu\/bs\/revista-studentore-ii\/","og_site_name":"University Haxhi Zeka","article_publisher":"https:\/\/www.facebook.com\/uni.haxhizeka","article_modified_time":"2025-06-03T13:23:08+00:00","twitter_card":"summary_large_image","twitter_site":"@uni_haxhizeka","twitter_misc":{"Est. reading time":"1 minuta"},"schema":{"@context":"https:\/\/schema.org","@graph":[{"@type":"WebPage","@id":"https:\/\/unhz.eu\/revista-studentore-ii\/","url":"https:\/\/unhz.eu\/revista-studentore-ii\/","name":"Revista studentore ii - University Haxhi Zeka","isPartOf":{"@id":"https:\/\/unhz.eu\/#website"},"datePublished":"2024-04-11T09:01:47+00:00","dateModified":"2025-06-03T13:23:08+00:00","breadcrumb":{"@id":"https:\/\/unhz.eu\/revista-studentore-ii\/#breadcrumb"},"inLanguage":"bs-BA","potentialAction":[{"@type":"ReadAction","target":["https:\/\/unhz.eu\/revista-studentore-ii\/"]}]},{"@type":"BreadcrumbList","@id":"https:\/\/unhz.eu\/revista-studentore-ii\/#breadcrumb","itemListElement":[{"@type":"ListItem","position":1,"name":"Home","item":"https:\/\/unhz.eu\/"},{"@type":"ListItem","position":2,"name":"Revista studentore ii"}]},{"@type":"WebSite","@id":"https:\/\/unhz.eu\/#website","url":"https:\/\/unhz.eu\/","name":"Univerzitet &quot;Had\u017ei Zeka&quot;\u201c","description":"Posve\u0107eni kvaliteti, standardima i uspjehu","publisher":{"@id":"https:\/\/unhz.eu\/#organization"},"alternateName":"Universiteti Haxhi Zeka","potentialAction":[{"@type":"SearchAction","target":{"@type":"EntryPoint","urlTemplate":"https:\/\/unhz.eu\/?s={search_term_string}"},"query-input":{"@type":"PropertyValueSpecification","valueRequired":true,"valueName":"search_term_string"}}],"inLanguage":"bs-BA"},{"@type":"Organization","@id":"https:\/\/unhz.eu\/#organization","name":"Univerzitet &quot;Had\u017ei Zeka&quot;\u201c","alternateName":"Universiteti Haxhi Zeka","url":"https:\/\/unhz.eu\/","logo":{"@type":"ImageObject","inLanguage":"bs-BA","@id":"https:\/\/unhz.eu\/#\/schema\/logo\/image\/","url":"https:\/\/unhz.eu\/wp-content\/uploads\/2025\/04\/logo-unhz.webp","contentUrl":"https:\/\/unhz.eu\/wp-content\/uploads\/2025\/04\/logo-unhz.webp","width":1024,"height":260,"caption":"Universiteti \u201cHaxhi Zeka\u201d"},"image":{"@id":"https:\/\/unhz.eu\/#\/schema\/logo\/image\/"},"sameAs":["https:\/\/www.facebook.com\/uni.haxhizeka","https:\/\/x.com\/uni_haxhizeka","https:\/\/www.linkedin.com\/school\/haxhi-zeka-university","https:\/\/www.instagram.com\/uni_haxhizeka\/"],"description":"Univerzitet &quot;Had\u017ei Zeka&quot; u Pe\u0107i je javna visoko\u0161kolska ustanova koja nudi dodiplomske, master i doktorske studije u raznim oblastima kao \u0161to su menad\u017ement, turizam, ekonomija, poljoprivreda, umjetnost i pravo. Univerzitet ima za cilj akademski razvoj, nau\u010dna istra\u017eivanja i doprinos zajednici.","email":"info@unhz.eu","telephone":"+38339410970","legalName":"Universiteti \u201cHaxhi Zeka\u201d n\u00eb Pej\u00eb","foundingDate":"2011-11-14","numberOfEmployees":{"@type":"QuantitativeValue","minValue":"201","maxValue":"500"}}]}},"acf":[],"_links":{"self":[{"href":"https:\/\/unhz.eu\/bs\/wp-json\/wp\/v2\/pages\/21542","targetHints":{"allow":["GET"]}}],"collection":[{"href":"https:\/\/unhz.eu\/bs\/wp-json\/wp\/v2\/pages"}],"about":[{"href":"https:\/\/unhz.eu\/bs\/wp-json\/wp\/v2\/types\/page"}],"author":[{"embeddable":true,"href":"https:\/\/unhz.eu\/bs\/wp-json\/wp\/v2\/users\/1"}],"replies":[{"embeddable":true,"href":"https:\/\/unhz.eu\/bs\/wp-json\/wp\/v2\/comments?post=21542"}],"version-history":[{"count":1,"href":"https:\/\/unhz.eu\/bs\/wp-json\/wp\/v2\/pages\/21542\/revisions"}],"predecessor-version":[{"id":52730,"href":"https:\/\/unhz.eu\/bs\/wp-json\/wp\/v2\/pages\/21542\/revisions\/52730"}],"wp:attachment":[{"href":"https:\/\/unhz.eu\/bs\/wp-json\/wp\/v2\/media?parent=21542"}],"curies":[{"name":"radni list","href":"https:\/\/api.w.org\/{rel}","templated":true}]}}