{"id":21526,"date":"2024-04-11T08:56:31","date_gmt":"2024-04-11T08:56:31","guid":{"rendered":"http:\/\/unhz.local\/?page_id=21526"},"modified":"2025-07-29T10:38:45","modified_gmt":"2025-07-29T08:38:45","slug":"marreveshje-bashkepunimi-per-studente","status":"publish","type":"page","link":"https:\/\/unhz.eu\/bs\/marreveshje-bashkepunimi-per-studente\/","title":{"rendered":"Sporazum o saradnji za studente"},"content":{"rendered":"<div data-elementor-type=\"wp-page\" data-elementor-id=\"21526\" class=\"elementor elementor-21526\" data-elementor-post-type=\"page\">\n\t\t\t\t\t\t<section class=\"elementor-section elementor-top-section elementor-element elementor-element-82c0d59 elementor-section-boxed elementor-section-height-default elementor-section-height-default sc_fly_static\" data-id=\"82c0d59\" data-element_type=\"section\" data-e-type=\"section\">\n\t\t\t\t\t\t<div class=\"elementor-container elementor-column-gap-extended\">\n\t\t\t\t\t<div class=\"elementor-column elementor-col-100 elementor-top-column elementor-element elementor-element-3202456 sc_content_align_inherit sc_layouts_column_icons_position_left sc_fly_static\" data-id=\"3202456\" data-element_type=\"column\" data-e-type=\"column\">\n\t\t\t<div class=\"elementor-widget-wrap elementor-element-populated\">\n\t\t\t\t\t\t<div class=\"elementor-element elementor-element-5466937 sc_fly_static elementor-widget elementor-widget-spacer\" data-id=\"5466937\" data-element_type=\"widget\" data-e-type=\"widget\" data-widget_type=\"spacer.default\">\n\t\t\t\t<div class=\"elementor-widget-container\">\n\t\t\t\t\t\t\t<div class=\"elementor-spacer\">\n\t\t\t<div class=\"elementor-spacer-inner\"><\/div>\n\t\t<\/div>\n\t\t\t\t\t\t<\/div>\n\t\t\t\t<\/div>\n\t\t\t\t<div class=\"elementor-element elementor-element-e6c1ec5 elementor-widget-divider--view-line sc_fly_static elementor-widget elementor-widget-divider\" data-id=\"e6c1ec5\" data-element_type=\"widget\" data-e-type=\"widget\" data-widget_type=\"divider.default\">\n\t\t\t\t<div class=\"elementor-widget-container\">\n\t\t\t\t\t\t\t<div class=\"elementor-divider\">\n\t\t\t<span class=\"elementor-divider-separator\">\n\t\t\t\t\t\t<\/span>\n\t\t<\/div>\n\t\t\t\t\t\t<\/div>\n\t\t\t\t<\/div>\n\t\t\t\t<div class=\"elementor-element elementor-element-fea6b9d sc_fly_static elementor-widget elementor-widget-text-editor\" data-id=\"fea6b9d\" data-element_type=\"widget\" data-e-type=\"widget\" data-widget_type=\"text-editor.default\">\n\t\t\t\t<div class=\"elementor-widget-container\">\n\t\t\t\t\t\t\t\t\t<table class=\"mtr-table mtr-tr-td\"><tbody><tr><td class=\"mtr-td-tag\" data-mtr-content=\"Institucionet Bashk\u00ebpunuese\"><div class=\"mtr-cell-content\"><strong>Saradni\u010dke institucije<\/strong><\/div><\/td><td class=\"mtr-td-tag\" data-mtr-content=\"Viti\"><div class=\"mtr-cell-content\"><strong>godina<\/strong><\/div><\/td><td class=\"mtr-td-tag\" data-mtr-content=\"Dokumenti n\u00eb gjuh\u00ebn shqipe\"><div class=\"mtr-cell-content\"><strong>Dokument na albanskom<\/strong><\/div><\/td><td class=\"mtr-td-tag\" data-mtr-content=\"Dokumenti n\u00eb gjuh\u00ebn angleze\"><div class=\"mtr-cell-content\"><strong>Dokument na engleskom jeziku<\/strong><\/div><\/td><\/tr><tr><td class=\"mtr-td-tag\" data-mtr-content=\"Institucionet Bashk\u00ebpunuese\"><div class=\"mtr-cell-content\">Univerzitetska bolnica i klini\u010dka slu\u017eba Kosova<\/div><\/td><td class=\"mtr-td-tag\" data-mtr-content=\"Viti\"><div class=\"mtr-cell-content\">2023<\/div><\/td><td class=\"mtr-td-tag\" data-mtr-content=\"Dokumenti n\u00eb gjuh\u00ebn shqipe\"><div class=\"mtr-cell-content\"><a href=\"https:\/\/unhz.eu\/Dokumente\/Marreveshje\/340-Memorandum_Mir%C3%ABkuptimi_n%C3%AB_mes_UHZ-s%C3%AB(SHSKUK).PDF\">Preuzmi<\/a><\/div><\/td><td class=\"mtr-td-tag\" data-mtr-content=\"Dokumenti n\u00eb gjuh\u00ebn angleze\"><div class=\"mtr-cell-content\">Preuzmi<\/div><\/td><\/tr><tr><td class=\"mtr-td-tag\" data-mtr-content=\"Institucionet Bashk\u00ebpunuese\"><div class=\"mtr-cell-content\">Nacionalni institut za javno zdravlje Kosova, Regionalni centar Pe\u0107<\/div><\/td><td class=\"mtr-td-tag\" data-mtr-content=\"Viti\"><div class=\"mtr-cell-content\">2023<\/div><\/td><td class=\"mtr-td-tag\" data-mtr-content=\"Dokumenti n\u00eb gjuh\u00ebn shqipe\"><div class=\"mtr-cell-content\"><a href=\"https:\/\/unhz.eu\/Dokumente\/Marreveshje\/326-_Memorandum_bashk%C3%ABpunimi_n%C3%AB_mes_UHZ-s%C3%AB_dhe_Qendra_Rajonale_Pej%C3%AB-.PDF\">Preuzmi<\/a><\/div><\/td><td class=\"mtr-td-tag\" data-mtr-content=\"Dokumenti n\u00eb gjuh\u00ebn angleze\"><div class=\"mtr-cell-content\"><a href=\"https:\/\/unhz.eu\/Dokumente\/Marreveshje\/326%20MOU%20with%20Institute%20of%20Public%20Health%20in%20Kosovo_%20eng.pdf\">Preuzmi<\/a><\/div><\/td><\/tr><tr><td class=\"mtr-td-tag\" data-mtr-content=\"Institucionet Bashk\u00ebpunuese\"><div class=\"mtr-cell-content\">IAAP Tafil Kasumaj<\/div><\/td><td class=\"mtr-td-tag\" data-mtr-content=\"Viti\"><div class=\"mtr-cell-content\">2023<\/div><\/td><td class=\"mtr-td-tag\" data-mtr-content=\"Dokumenti n\u00eb gjuh\u00ebn shqipe\"><div class=\"mtr-cell-content\"><a href=\"https:\/\/unhz.eu\/Dokumente\/Marreveshje\/325-Marr%C3%ABveshje_bashk%C3%ABpunimi_n%C3%AB_mesUHZ-s%C3%AB_Institucionit_t%C3%AB_Arsimit_dhe_aft%C3%ABsimit_Profesional_IAAP.PDF\">Preuzmi<\/a><\/div><\/td><td class=\"mtr-td-tag\" data-mtr-content=\"Dokumenti n\u00eb gjuh\u00ebn angleze\"><div class=\"mtr-cell-content\">Preuzmi<\/div><\/td><\/tr><\/tbody><\/table>\t\t\t\t\t\t\t\t<\/div>\n\t\t\t\t<\/div>\n\t\t\t\t<div class=\"elementor-element elementor-element-7208446 sc_fly_static elementor-widget elementor-widget-spacer\" data-id=\"7208446\" data-element_type=\"widget\" data-e-type=\"widget\" data-widget_type=\"spacer.default\">\n\t\t\t\t<div class=\"elementor-widget-container\">\n\t\t\t\t\t\t\t<div class=\"elementor-spacer\">\n\t\t\t<div class=\"elementor-spacer-inner\"><\/div>\n\t\t<\/div>\n\t\t\t\t\t\t<\/div>\n\t\t\t\t<\/div>\n\t\t\t\t<div class=\"elementor-element elementor-element-bcdd190 elementor-widget-divider--view-line sc_fly_static elementor-widget elementor-widget-divider\" data-id=\"bcdd190\" data-element_type=\"widget\" data-e-type=\"widget\" data-widget_type=\"divider.default\">\n\t\t\t\t<div class=\"elementor-widget-container\">\n\t\t\t\t\t\t\t<div class=\"elementor-divider\">\n\t\t\t<span class=\"elementor-divider-separator\">\n\t\t\t\t\t\t<\/span>\n\t\t<\/div>\n\t\t\t\t\t\t<\/div>\n\t\t\t\t<\/div>\n\t\t\t\t\t<\/div>\n\t\t<\/div>\n\t\t\t\t\t<\/div>\n\t\t<\/section>\n\t\t\t\t<\/div>","protected":false},"excerpt":{"rendered":"<p>Institucionet Bashk\u00ebpunuese Viti Dokumenti n\u00eb gjuh\u00ebn shqipe Dokumenti n\u00eb gjuh\u00ebn angleze Sh\u00ebrbimi Spitalor dhe Klinik&hellip;<\/p>","protected":false},"author":1,"featured_media":50754,"parent":0,"menu_order":0,"comment_status":"closed","ping_status":"closed","template":"","meta":{"_acf_changed":false,"footnotes":""},"class_list":["post-21526","page","type-page","status-publish","has-post-thumbnail","hentry"],"yoast_head":"<!-- This site is optimized with the Yoast SEO Premium plugin v27.2 (Yoast SEO v27.2) - https:\/\/yoast.com\/product\/yoast-seo-premium-wordpress\/ -->\n<title>Marr\u00ebveshje bashk\u00ebpunimi p\u00ebr student\u00eb - University Haxhi Zeka<\/title>\n<meta name=\"description\" content=\"Marr\u00ebveshje bashk\u00ebpunimi p\u00ebr student\u00ebt e UHZ-s\u00eb me institucione si SHSKUK, IPH Pej\u00eb dhe IAAP Tafil Kasumaj, p\u00ebr mund\u00ebsi praktike dhe zhvillim profesional.\" \/>\n<meta name=\"robots\" content=\"index, follow, max-snippet:-1, max-image-preview:large, max-video-preview:-1\" \/>\n<link rel=\"canonical\" href=\"https:\/\/unhz.eu\/bs\/marreveshje-bashkepunimi-per-studente\/\" \/>\n<meta property=\"og:locale\" content=\"bs_BA\" \/>\n<meta property=\"og:type\" content=\"article\" \/>\n<meta property=\"og:title\" content=\"Marr\u00ebveshje bashk\u00ebpunimi p\u00ebr student\u00eb\" \/>\n<meta property=\"og:description\" content=\"Marr\u00ebveshje bashk\u00ebpunimi p\u00ebr student\u00ebt e UHZ-s\u00eb me institucione si SHSKUK, IPH Pej\u00eb dhe IAAP Tafil Kasumaj, p\u00ebr mund\u00ebsi praktike dhe zhvillim profesional.\" \/>\n<meta property=\"og:url\" content=\"https:\/\/unhz.eu\/bs\/marreveshje-bashkepunimi-per-studente\/\" \/>\n<meta property=\"og:site_name\" content=\"University Haxhi Zeka\" \/>\n<meta property=\"article:publisher\" content=\"https:\/\/www.facebook.com\/uni.haxhizeka\" \/>\n<meta property=\"article:modified_time\" content=\"2025-07-29T08:38:45+00:00\" \/>\n<meta property=\"og:image\" content=\"https:\/\/unhz.eu\/wp-content\/uploads\/2025\/04\/Dizajn-me-logo-te-UHZ.webp\" \/>\n\t<meta property=\"og:image:width\" content=\"1000\" \/>\n\t<meta property=\"og:image:height\" content=\"1000\" \/>\n\t<meta property=\"og:image:type\" content=\"image\/webp\" \/>\n<meta name=\"twitter:card\" content=\"summary_large_image\" \/>\n<meta name=\"twitter:site\" content=\"@uni_haxhizeka\" \/>\n<meta name=\"twitter:label1\" content=\"Est. reading time\" \/>\n\t<meta name=\"twitter:data1\" content=\"1 minuta\" \/>\n<script type=\"application\/ld+json\" class=\"yoast-schema-graph\">{\"@context\":\"https:\/\/schema.org\",\"@graph\":[{\"@type\":\"WebPage\",\"@id\":\"https:\/\/unhz.eu\/marreveshje-bashkepunimi-per-studente\/\",\"url\":\"https:\/\/unhz.eu\/marreveshje-bashkepunimi-per-studente\/\",\"name\":\"Marr\u00ebveshje bashk\u00ebpunimi p\u00ebr student\u00eb - University Haxhi Zeka\",\"isPartOf\":{\"@id\":\"https:\/\/unhz.eu\/#website\"},\"primaryImageOfPage\":{\"@id\":\"https:\/\/unhz.eu\/marreveshje-bashkepunimi-per-studente\/#primaryimage\"},\"image\":{\"@id\":\"https:\/\/unhz.eu\/marreveshje-bashkepunimi-per-studente\/#primaryimage\"},\"thumbnailUrl\":\"https:\/\/unhz.eu\/wp-content\/uploads\/2025\/04\/Dizajn-me-logo-te-UHZ.webp\",\"datePublished\":\"2024-04-11T08:56:31+00:00\",\"dateModified\":\"2025-07-29T08:38:45+00:00\",\"description\":\"Marr\u00ebveshje bashk\u00ebpunimi p\u00ebr student\u00ebt e UHZ-s\u00eb me institucione si SHSKUK, IPH Pej\u00eb dhe IAAP Tafil Kasumaj, p\u00ebr mund\u00ebsi praktike dhe zhvillim profesional.\",\"breadcrumb\":{\"@id\":\"https:\/\/unhz.eu\/marreveshje-bashkepunimi-per-studente\/#breadcrumb\"},\"inLanguage\":\"bs-BA\",\"potentialAction\":[{\"@type\":\"ReadAction\",\"target\":[\"https:\/\/unhz.eu\/marreveshje-bashkepunimi-per-studente\/\"]}]},{\"@type\":\"ImageObject\",\"inLanguage\":\"bs-BA\",\"@id\":\"https:\/\/unhz.eu\/marreveshje-bashkepunimi-per-studente\/#primaryimage\",\"url\":\"https:\/\/unhz.eu\/wp-content\/uploads\/2025\/04\/Dizajn-me-logo-te-UHZ.webp\",\"contentUrl\":\"https:\/\/unhz.eu\/wp-content\/uploads\/2025\/04\/Dizajn-me-logo-te-UHZ.webp\",\"width\":1000,\"height\":1000,\"caption\":\"Universiteti Haxhi Zeka, UHZ logo me background te kuq\"},{\"@type\":\"BreadcrumbList\",\"@id\":\"https:\/\/unhz.eu\/marreveshje-bashkepunimi-per-studente\/#breadcrumb\",\"itemListElement\":[{\"@type\":\"ListItem\",\"position\":1,\"name\":\"Home\",\"item\":\"https:\/\/unhz.eu\/\"},{\"@type\":\"ListItem\",\"position\":2,\"name\":\"Marr\u00ebveshje bashk\u00ebpunimi p\u00ebr student\u00eb\"}]},{\"@type\":\"WebSite\",\"@id\":\"https:\/\/unhz.eu\/#website\",\"url\":\"https:\/\/unhz.eu\/\",\"name\":\"Universiteti \u201cHaxhi Zeka\u201d\",\"description\":\"I dedikuar p\u00ebr cil\u00ebsi, standarde dhe suksese\",\"publisher\":{\"@id\":\"https:\/\/unhz.eu\/#organization\"},\"alternateName\":\"Universiteti Haxhi Zeka\",\"potentialAction\":[{\"@type\":\"SearchAction\",\"target\":{\"@type\":\"EntryPoint\",\"urlTemplate\":\"https:\/\/unhz.eu\/?s={search_term_string}\"},\"query-input\":{\"@type\":\"PropertyValueSpecification\",\"valueRequired\":true,\"valueName\":\"search_term_string\"}}],\"inLanguage\":\"bs-BA\"},{\"@type\":\"Organization\",\"@id\":\"https:\/\/unhz.eu\/#organization\",\"name\":\"Universiteti \u201cHaxhi Zeka\u201d\",\"alternateName\":\"Universiteti Haxhi Zeka\",\"url\":\"https:\/\/unhz.eu\/\",\"logo\":{\"@type\":\"ImageObject\",\"inLanguage\":\"bs-BA\",\"@id\":\"https:\/\/unhz.eu\/#\/schema\/logo\/image\/\",\"url\":\"https:\/\/unhz.eu\/wp-content\/uploads\/2025\/04\/logo-unhz.webp\",\"contentUrl\":\"https:\/\/unhz.eu\/wp-content\/uploads\/2025\/04\/logo-unhz.webp\",\"width\":1024,\"height\":260,\"caption\":\"Universiteti \u201cHaxhi Zeka\u201d\"},\"image\":{\"@id\":\"https:\/\/unhz.eu\/#\/schema\/logo\/image\/\"},\"sameAs\":[\"https:\/\/www.facebook.com\/uni.haxhizeka\",\"https:\/\/x.com\/uni_haxhizeka\",\"https:\/\/www.linkedin.com\/school\/haxhi-zeka-university\",\"https:\/\/www.instagram.com\/uni_haxhizeka\/\"],\"description\":\"Universiteti \u201cHaxhi Zeka\u201d n\u00eb Pej\u00eb \u00ebsht\u00eb institucion publik i arsimit t\u00eb lart\u00eb, q\u00eb ofron studime bachelor, master dhe doktorat\u00eb n\u00eb fusha t\u00eb ndryshme si menaxhimi, turizmi, ekonomia, bujq\u00ebsia, arti dhe drejt\u00ebsia. Universiteti synon zhvillimin akademik, hulumtimin shkencor dhe kontributin n\u00eb komunitet.\",\"email\":\"info@unhz.eu\",\"telephone\":\"+38339410970\",\"legalName\":\"Universiteti \u201cHaxhi Zeka\u201d n\u00eb Pej\u00eb\",\"foundingDate\":\"2011-11-14\",\"numberOfEmployees\":{\"@type\":\"QuantitativeValue\",\"minValue\":\"201\",\"maxValue\":\"500\"}}]}<\/script>\n<!-- \/ Yoast SEO Premium plugin. -->","yoast_head_json":{"title":"Sporazum o saradnji za studente - Univerzitet Haxhi Zeka","description":"Sporazumi o saradnji za studente UHZ-a sa institucijama kao \u0161to su SHSKUK, IPH Peja i IAAP Tafil Kasumaj, za prakti\u010dne mogu\u0107nosti i profesionalni razvoj.","robots":{"index":"index","follow":"follow","max-snippet":"max-snippet:-1","max-image-preview":"max-image-preview:large","max-video-preview":"max-video-preview:-1"},"canonical":"https:\/\/unhz.eu\/bs\/marreveshje-bashkepunimi-per-studente\/","og_locale":"bs_BA","og_type":"article","og_title":"Marr\u00ebveshje bashk\u00ebpunimi p\u00ebr student\u00eb","og_description":"Marr\u00ebveshje bashk\u00ebpunimi p\u00ebr student\u00ebt e UHZ-s\u00eb me institucione si SHSKUK, IPH Pej\u00eb dhe IAAP Tafil Kasumaj, p\u00ebr mund\u00ebsi praktike dhe zhvillim profesional.","og_url":"https:\/\/unhz.eu\/bs\/marreveshje-bashkepunimi-per-studente\/","og_site_name":"University Haxhi Zeka","article_publisher":"https:\/\/www.facebook.com\/uni.haxhizeka","article_modified_time":"2025-07-29T08:38:45+00:00","og_image":[{"width":1000,"height":1000,"url":"https:\/\/unhz.eu\/wp-content\/uploads\/2025\/04\/Dizajn-me-logo-te-UHZ.webp","type":"image\/webp"}],"twitter_card":"summary_large_image","twitter_site":"@uni_haxhizeka","twitter_misc":{"Est. reading time":"1 minuta"},"schema":{"@context":"https:\/\/schema.org","@graph":[{"@type":"WebPage","@id":"https:\/\/unhz.eu\/marreveshje-bashkepunimi-per-studente\/","url":"https:\/\/unhz.eu\/marreveshje-bashkepunimi-per-studente\/","name":"Sporazum o saradnji za studente - Univerzitet Haxhi Zeka","isPartOf":{"@id":"https:\/\/unhz.eu\/#website"},"primaryImageOfPage":{"@id":"https:\/\/unhz.eu\/marreveshje-bashkepunimi-per-studente\/#primaryimage"},"image":{"@id":"https:\/\/unhz.eu\/marreveshje-bashkepunimi-per-studente\/#primaryimage"},"thumbnailUrl":"https:\/\/unhz.eu\/wp-content\/uploads\/2025\/04\/Dizajn-me-logo-te-UHZ.webp","datePublished":"2024-04-11T08:56:31+00:00","dateModified":"2025-07-29T08:38:45+00:00","description":"Sporazumi o saradnji za studente UHZ-a sa institucijama kao \u0161to su SHSKUK, IPH Peja i IAAP Tafil Kasumaj, za prakti\u010dne mogu\u0107nosti i profesionalni razvoj.","breadcrumb":{"@id":"https:\/\/unhz.eu\/marreveshje-bashkepunimi-per-studente\/#breadcrumb"},"inLanguage":"bs-BA","potentialAction":[{"@type":"ReadAction","target":["https:\/\/unhz.eu\/marreveshje-bashkepunimi-per-studente\/"]}]},{"@type":"ImageObject","inLanguage":"bs-BA","@id":"https:\/\/unhz.eu\/marreveshje-bashkepunimi-per-studente\/#primaryimage","url":"https:\/\/unhz.eu\/wp-content\/uploads\/2025\/04\/Dizajn-me-logo-te-UHZ.webp","contentUrl":"https:\/\/unhz.eu\/wp-content\/uploads\/2025\/04\/Dizajn-me-logo-te-UHZ.webp","width":1000,"height":1000,"caption":"Universiteti Haxhi Zeka, UHZ logo me background te kuq"},{"@type":"BreadcrumbList","@id":"https:\/\/unhz.eu\/marreveshje-bashkepunimi-per-studente\/#breadcrumb","itemListElement":[{"@type":"ListItem","position":1,"name":"Home","item":"https:\/\/unhz.eu\/"},{"@type":"ListItem","position":2,"name":"Marr\u00ebveshje bashk\u00ebpunimi p\u00ebr student\u00eb"}]},{"@type":"WebSite","@id":"https:\/\/unhz.eu\/#website","url":"https:\/\/unhz.eu\/","name":"Univerzitet &quot;Had\u017ei Zeka&quot;\u201c","description":"Posve\u0107eni kvaliteti, standardima i uspjehu","publisher":{"@id":"https:\/\/unhz.eu\/#organization"},"alternateName":"Universiteti Haxhi Zeka","potentialAction":[{"@type":"SearchAction","target":{"@type":"EntryPoint","urlTemplate":"https:\/\/unhz.eu\/?s={search_term_string}"},"query-input":{"@type":"PropertyValueSpecification","valueRequired":true,"valueName":"search_term_string"}}],"inLanguage":"bs-BA"},{"@type":"Organization","@id":"https:\/\/unhz.eu\/#organization","name":"Univerzitet &quot;Had\u017ei Zeka&quot;\u201c","alternateName":"Universiteti Haxhi Zeka","url":"https:\/\/unhz.eu\/","logo":{"@type":"ImageObject","inLanguage":"bs-BA","@id":"https:\/\/unhz.eu\/#\/schema\/logo\/image\/","url":"https:\/\/unhz.eu\/wp-content\/uploads\/2025\/04\/logo-unhz.webp","contentUrl":"https:\/\/unhz.eu\/wp-content\/uploads\/2025\/04\/logo-unhz.webp","width":1024,"height":260,"caption":"Universiteti \u201cHaxhi Zeka\u201d"},"image":{"@id":"https:\/\/unhz.eu\/#\/schema\/logo\/image\/"},"sameAs":["https:\/\/www.facebook.com\/uni.haxhizeka","https:\/\/x.com\/uni_haxhizeka","https:\/\/www.linkedin.com\/school\/haxhi-zeka-university","https:\/\/www.instagram.com\/uni_haxhizeka\/"],"description":"Univerzitet &quot;Had\u017ei Zeka&quot; u Pe\u0107i je javna visoko\u0161kolska ustanova koja nudi dodiplomske, master i doktorske studije u raznim oblastima kao \u0161to su menad\u017ement, turizam, ekonomija, poljoprivreda, umjetnost i pravo. Univerzitet ima za cilj akademski razvoj, nau\u010dna istra\u017eivanja i doprinos zajednici.","email":"info@unhz.eu","telephone":"+38339410970","legalName":"Universiteti \u201cHaxhi Zeka\u201d n\u00eb Pej\u00eb","foundingDate":"2011-11-14","numberOfEmployees":{"@type":"QuantitativeValue","minValue":"201","maxValue":"500"}}]}},"acf":[],"_links":{"self":[{"href":"https:\/\/unhz.eu\/bs\/wp-json\/wp\/v2\/pages\/21526","targetHints":{"allow":["GET"]}}],"collection":[{"href":"https:\/\/unhz.eu\/bs\/wp-json\/wp\/v2\/pages"}],"about":[{"href":"https:\/\/unhz.eu\/bs\/wp-json\/wp\/v2\/types\/page"}],"author":[{"embeddable":true,"href":"https:\/\/unhz.eu\/bs\/wp-json\/wp\/v2\/users\/1"}],"replies":[{"embeddable":true,"href":"https:\/\/unhz.eu\/bs\/wp-json\/wp\/v2\/comments?post=21526"}],"version-history":[{"count":1,"href":"https:\/\/unhz.eu\/bs\/wp-json\/wp\/v2\/pages\/21526\/revisions"}],"predecessor-version":[{"id":52691,"href":"https:\/\/unhz.eu\/bs\/wp-json\/wp\/v2\/pages\/21526\/revisions\/52691"}],"wp:featuredmedia":[{"embeddable":true,"href":"https:\/\/unhz.eu\/bs\/wp-json\/wp\/v2\/media\/50754"}],"wp:attachment":[{"href":"https:\/\/unhz.eu\/bs\/wp-json\/wp\/v2\/media?parent=21526"}],"curies":[{"name":"radni list","href":"https:\/\/api.w.org\/{rel}","templated":true}]}}