{"id":21512,"date":"2024-04-11T08:37:07","date_gmt":"2024-04-11T08:37:07","guid":{"rendered":"http:\/\/unhz.local\/?page_id=21512"},"modified":"2025-07-29T10:33:55","modified_gmt":"2025-07-29T08:33:55","slug":"lirimet-nga-pagesa-e-semestrit","status":"publish","type":"page","link":"https:\/\/unhz.eu\/bs\/lirimet-nga-pagesa-e-semestrit\/","title":{"rendered":"Izuze\u0107a od pla\u0107anja semestarskih \u0161kolarina"},"content":{"rendered":"<div data-elementor-type=\"wp-page\" data-elementor-id=\"21512\" class=\"elementor elementor-21512\" data-elementor-post-type=\"page\">\n\t\t\t\t\t\t<section class=\"elementor-section elementor-top-section elementor-element elementor-element-4ef7c08 elementor-section-boxed elementor-section-height-default elementor-section-height-default sc_fly_static\" data-id=\"4ef7c08\" data-element_type=\"section\" data-e-type=\"section\">\n\t\t\t\t\t\t<div class=\"elementor-container elementor-column-gap-extended\">\n\t\t\t\t\t<div class=\"elementor-column elementor-col-100 elementor-top-column elementor-element elementor-element-c2f1ac2 sc_content_align_inherit sc_layouts_column_icons_position_left sc_fly_static\" data-id=\"c2f1ac2\" data-element_type=\"column\" data-e-type=\"column\">\n\t\t\t<div class=\"elementor-widget-wrap elementor-element-populated\">\n\t\t\t\t\t\t<div class=\"elementor-element elementor-element-b8f60b7 sc_fly_static elementor-widget elementor-widget-trx_sc_title\" data-id=\"b8f60b7\" data-element_type=\"widget\" data-e-type=\"widget\" data-widget_type=\"trx_sc_title.default\">\n\t\t\t\t<div class=\"elementor-widget-container\">\n\t\t\t\t\t<div\t\tclass=\"sc_title sc_title_default\" ><span class=\"sc_item_subtitle sc_title_subtitle sc_item_subtitle_above sc_item_title_style_default\">O nama<\/span><h4 class=\"sc_item_title sc_title_title sc_item_title_style_default sc_item_title_tag\"\n\t\t\t><span class=\"sc_item_title_text\">Izuze\u0107a od semestarskih \u0161kolarina<\/span><\/h4><\/div>\t\t\t\t<\/div>\n\t\t\t\t<\/div>\n\t\t\t\t<div class=\"elementor-element elementor-element-54dffea sc_fly_static elementor-widget elementor-widget-spacer\" data-id=\"54dffea\" data-element_type=\"widget\" data-e-type=\"widget\" data-widget_type=\"spacer.default\">\n\t\t\t\t<div class=\"elementor-widget-container\">\n\t\t\t\t\t\t\t<div class=\"elementor-spacer\">\n\t\t\t<div class=\"elementor-spacer-inner\"><\/div>\n\t\t<\/div>\n\t\t\t\t\t\t<\/div>\n\t\t\t\t<\/div>\n\t\t\t\t<div class=\"elementor-element elementor-element-403954e elementor-widget-divider--view-line sc_fly_static elementor-widget elementor-widget-divider\" data-id=\"403954e\" data-element_type=\"widget\" data-e-type=\"widget\" data-widget_type=\"divider.default\">\n\t\t\t\t<div class=\"elementor-widget-container\">\n\t\t\t\t\t\t\t<div class=\"elementor-divider\">\n\t\t\t<span class=\"elementor-divider-separator\">\n\t\t\t\t\t\t<\/span>\n\t\t<\/div>\n\t\t\t\t\t\t<\/div>\n\t\t\t\t<\/div>\n\t\t\t\t<div class=\"elementor-element elementor-element-3ac34c0 sc_fly_static elementor-widget elementor-widget-text-editor\" data-id=\"3ac34c0\" data-element_type=\"widget\" data-e-type=\"widget\" data-widget_type=\"text-editor.default\">\n\t\t\t\t<div class=\"elementor-widget-container\">\n\t\t\t\t\t\t\t\t\t<table class=\"mtr-table mtr-tr-td\"><tbody><tr><td class=\"mtr-td-tag\" data-mtr-content=\"04\/L-261\"><div class=\"mtr-cell-content\"><a href=\"https:\/\/drive.google.com\/file\/d\/1E2234wc0N31deQRrZkBnMWqkifHYtWrx\/view?usp=sharing\">04\/L-261<\/a><\/div><\/td><td class=\"mtr-td-tag\" data-mtr-content=\"LIGJ P\u00cbR VETERAN\u00cbT E LUFT\u00cbS S\u00cb USHTRIS\u00cb \u00c7LIRIMTARE T\u00cb KOSOV\u00cbS\"><div class=\"mtr-cell-content\">ZAKON O VETERANIMA RATA OSLOBODILACKE VOJSKE KOSOVA<\/div><\/td><\/tr><tr><td class=\"mtr-td-tag\" data-mtr-content=\"04\/L-261\"><div class=\"mtr-cell-content\"><a href=\"https:\/\/drive.google.com\/file\/d\/1UmrS6wNuGw562um0DTs6Tir5I1qVnhsf\/view?usp=sharing\">04\/L-054<\/a><\/div><\/td><td class=\"mtr-td-tag\" data-mtr-content=\"LIGJ P\u00cbR VETERAN\u00cbT E LUFT\u00cbS S\u00cb USHTRIS\u00cb \u00c7LIRIMTARE T\u00cb KOSOV\u00cbS\"><div class=\"mtr-cell-content\">ZAKON O STATUSU I PRAVIMA MU\u010cENIH RATA, INVALIDA, VETERANA,<br \/>PRIPADNICI OSLOBODILA\u010cKE VOJSKE KOSOVA, CIVILNE \u017dRTVE I<br \/>NJIHOVE PORODICE<\/div><\/td><\/tr><tr><td class=\"mtr-td-tag\" data-mtr-content=\"04\/L-261\"><div class=\"mtr-cell-content\"><a href=\"https:\/\/drive.google.com\/file\/d\/1hsvGmJeeTcFeYdFnsLIIrJeoE-Ht4KhU\/view?usp=sharing\">17\/2014<\/a><\/div><\/td><td class=\"mtr-td-tag\" data-mtr-content=\"LIGJ P\u00cbR VETERAN\u00cbT E LUFT\u00cbS S\u00cb USHTRIS\u00cb \u00c7LIRIMTARE T\u00cb KOSOV\u00cbS\"><div class=\"mtr-cell-content\">Administrativna uputa MEST-a, na osnovu koje su studenti oslobo\u0111eni pla\u0107anja semestra.\u00a0<\/div><\/td><\/tr><\/tbody><\/table>\t\t\t\t\t\t\t\t<\/div>\n\t\t\t\t<\/div>\n\t\t\t\t<div class=\"elementor-element elementor-element-cf2b818 elementor-widget-divider--view-line sc_fly_static elementor-widget elementor-widget-divider\" data-id=\"cf2b818\" data-element_type=\"widget\" data-e-type=\"widget\" data-widget_type=\"divider.default\">\n\t\t\t\t<div class=\"elementor-widget-container\">\n\t\t\t\t\t\t\t<div class=\"elementor-divider\">\n\t\t\t<span class=\"elementor-divider-separator\">\n\t\t\t\t\t\t<\/span>\n\t\t<\/div>\n\t\t\t\t\t\t<\/div>\n\t\t\t\t<\/div>\n\t\t\t\t\t<\/div>\n\t\t<\/div>\n\t\t\t\t\t<\/div>\n\t\t<\/section>\n\t\t\t\t<\/div>","protected":false},"excerpt":{"rendered":"<p>Rreth Lirimeve nga Pagesat e Semestrit 04\/L-261 LIGJ P\u00cbR VETERAN\u00cbT E LUFT\u00cbS S\u00cb USHTRIS\u00cb \u00c7LIRIMTARE&hellip;<\/p>","protected":false},"author":1,"featured_media":50754,"parent":0,"menu_order":0,"comment_status":"closed","ping_status":"closed","template":"","meta":{"_acf_changed":false,"footnotes":""},"class_list":["post-21512","page","type-page","status-publish","has-post-thumbnail","hentry"],"yoast_head":"<!-- This site is optimized with the Yoast SEO Premium plugin v27.2 (Yoast SEO v27.2) - https:\/\/yoast.com\/product\/yoast-seo-premium-wordpress\/ -->\n<title>Lirimet nga pagesa e semestrit - University Haxhi Zeka<\/title>\n<meta name=\"description\" content=\"Lirime nga pagesa e semestrit p\u00ebr student\u00ebt me status t\u00eb ve\u00e7ant\u00eb n\u00eb Universitetin Haxhi Zeka.\" \/>\n<meta name=\"robots\" content=\"index, follow, max-snippet:-1, max-image-preview:large, max-video-preview:-1\" \/>\n<link rel=\"canonical\" href=\"https:\/\/unhz.eu\/bs\/lirimet-nga-pagesa-e-semestrit\/\" \/>\n<meta property=\"og:locale\" content=\"bs_BA\" \/>\n<meta property=\"og:type\" content=\"article\" \/>\n<meta property=\"og:title\" content=\"Lirimet nga pagesa e semestrit\" \/>\n<meta property=\"og:description\" content=\"Lirime nga pagesa e semestrit p\u00ebr student\u00ebt me status t\u00eb ve\u00e7ant\u00eb n\u00eb Universitetin Haxhi Zeka.\" \/>\n<meta property=\"og:url\" content=\"https:\/\/unhz.eu\/bs\/lirimet-nga-pagesa-e-semestrit\/\" \/>\n<meta property=\"og:site_name\" content=\"University Haxhi Zeka\" \/>\n<meta property=\"article:publisher\" content=\"https:\/\/www.facebook.com\/uni.haxhizeka\" \/>\n<meta property=\"article:modified_time\" content=\"2025-07-29T08:33:55+00:00\" \/>\n<meta property=\"og:image\" content=\"https:\/\/unhz.eu\/wp-content\/uploads\/2025\/04\/Dizajn-me-logo-te-UHZ.webp\" \/>\n\t<meta property=\"og:image:width\" content=\"1000\" \/>\n\t<meta property=\"og:image:height\" content=\"1000\" \/>\n\t<meta property=\"og:image:type\" content=\"image\/webp\" \/>\n<meta name=\"twitter:card\" content=\"summary_large_image\" \/>\n<meta name=\"twitter:site\" content=\"@uni_haxhizeka\" \/>\n<meta name=\"twitter:label1\" content=\"Est. reading time\" \/>\n\t<meta name=\"twitter:data1\" content=\"1 minuta\" \/>\n<script type=\"application\/ld+json\" class=\"yoast-schema-graph\">{\"@context\":\"https:\/\/schema.org\",\"@graph\":[{\"@type\":\"WebPage\",\"@id\":\"https:\/\/unhz.eu\/lirimet-nga-pagesa-e-semestrit\/\",\"url\":\"https:\/\/unhz.eu\/lirimet-nga-pagesa-e-semestrit\/\",\"name\":\"Lirimet nga pagesa e semestrit - University Haxhi Zeka\",\"isPartOf\":{\"@id\":\"https:\/\/unhz.eu\/#website\"},\"primaryImageOfPage\":{\"@id\":\"https:\/\/unhz.eu\/lirimet-nga-pagesa-e-semestrit\/#primaryimage\"},\"image\":{\"@id\":\"https:\/\/unhz.eu\/lirimet-nga-pagesa-e-semestrit\/#primaryimage\"},\"thumbnailUrl\":\"https:\/\/unhz.eu\/wp-content\/uploads\/2025\/04\/Dizajn-me-logo-te-UHZ.webp\",\"datePublished\":\"2024-04-11T08:37:07+00:00\",\"dateModified\":\"2025-07-29T08:33:55+00:00\",\"description\":\"Lirime nga pagesa e semestrit p\u00ebr student\u00ebt me status t\u00eb ve\u00e7ant\u00eb n\u00eb Universitetin Haxhi Zeka.\",\"breadcrumb\":{\"@id\":\"https:\/\/unhz.eu\/lirimet-nga-pagesa-e-semestrit\/#breadcrumb\"},\"inLanguage\":\"bs-BA\",\"potentialAction\":[{\"@type\":\"ReadAction\",\"target\":[\"https:\/\/unhz.eu\/lirimet-nga-pagesa-e-semestrit\/\"]}]},{\"@type\":\"ImageObject\",\"inLanguage\":\"bs-BA\",\"@id\":\"https:\/\/unhz.eu\/lirimet-nga-pagesa-e-semestrit\/#primaryimage\",\"url\":\"https:\/\/unhz.eu\/wp-content\/uploads\/2025\/04\/Dizajn-me-logo-te-UHZ.webp\",\"contentUrl\":\"https:\/\/unhz.eu\/wp-content\/uploads\/2025\/04\/Dizajn-me-logo-te-UHZ.webp\",\"width\":1000,\"height\":1000,\"caption\":\"Universiteti Haxhi Zeka, UHZ logo me background te kuq\"},{\"@type\":\"BreadcrumbList\",\"@id\":\"https:\/\/unhz.eu\/lirimet-nga-pagesa-e-semestrit\/#breadcrumb\",\"itemListElement\":[{\"@type\":\"ListItem\",\"position\":1,\"name\":\"Home\",\"item\":\"https:\/\/unhz.eu\/\"},{\"@type\":\"ListItem\",\"position\":2,\"name\":\"Lirimet nga pagesa e semestrit\"}]},{\"@type\":\"WebSite\",\"@id\":\"https:\/\/unhz.eu\/#website\",\"url\":\"https:\/\/unhz.eu\/\",\"name\":\"Universiteti \u201cHaxhi Zeka\u201d\",\"description\":\"I dedikuar p\u00ebr cil\u00ebsi, standarde dhe suksese\",\"publisher\":{\"@id\":\"https:\/\/unhz.eu\/#organization\"},\"alternateName\":\"Universiteti Haxhi Zeka\",\"potentialAction\":[{\"@type\":\"SearchAction\",\"target\":{\"@type\":\"EntryPoint\",\"urlTemplate\":\"https:\/\/unhz.eu\/?s={search_term_string}\"},\"query-input\":{\"@type\":\"PropertyValueSpecification\",\"valueRequired\":true,\"valueName\":\"search_term_string\"}}],\"inLanguage\":\"bs-BA\"},{\"@type\":\"Organization\",\"@id\":\"https:\/\/unhz.eu\/#organization\",\"name\":\"Universiteti \u201cHaxhi Zeka\u201d\",\"alternateName\":\"Universiteti Haxhi Zeka\",\"url\":\"https:\/\/unhz.eu\/\",\"logo\":{\"@type\":\"ImageObject\",\"inLanguage\":\"bs-BA\",\"@id\":\"https:\/\/unhz.eu\/#\/schema\/logo\/image\/\",\"url\":\"https:\/\/unhz.eu\/wp-content\/uploads\/2025\/04\/logo-unhz.webp\",\"contentUrl\":\"https:\/\/unhz.eu\/wp-content\/uploads\/2025\/04\/logo-unhz.webp\",\"width\":1024,\"height\":260,\"caption\":\"Universiteti \u201cHaxhi Zeka\u201d\"},\"image\":{\"@id\":\"https:\/\/unhz.eu\/#\/schema\/logo\/image\/\"},\"sameAs\":[\"https:\/\/www.facebook.com\/uni.haxhizeka\",\"https:\/\/x.com\/uni_haxhizeka\",\"https:\/\/www.linkedin.com\/school\/haxhi-zeka-university\",\"https:\/\/www.instagram.com\/uni_haxhizeka\/\"],\"description\":\"Universiteti \u201cHaxhi Zeka\u201d n\u00eb Pej\u00eb \u00ebsht\u00eb institucion publik i arsimit t\u00eb lart\u00eb, q\u00eb ofron studime bachelor, master dhe doktorat\u00eb n\u00eb fusha t\u00eb ndryshme si menaxhimi, turizmi, ekonomia, bujq\u00ebsia, arti dhe drejt\u00ebsia. Universiteti synon zhvillimin akademik, hulumtimin shkencor dhe kontributin n\u00eb komunitet.\",\"email\":\"info@unhz.eu\",\"telephone\":\"+38339410970\",\"legalName\":\"Universiteti \u201cHaxhi Zeka\u201d n\u00eb Pej\u00eb\",\"foundingDate\":\"2011-11-14\",\"numberOfEmployees\":{\"@type\":\"QuantitativeValue\",\"minValue\":\"201\",\"maxValue\":\"500\"}}]}<\/script>\n<!-- \/ Yoast SEO Premium plugin. -->","yoast_head_json":{"title":"Izuze\u0107a od pla\u0107anja semestarskih \u0161kolarina - Univerzitet Haxhi Zeka","description":"Osloba\u0111anje od pla\u0107anja semestarskih \u0161kolarina za studente sa posebnim statusom na Univerzitetu Haxhi Zeka.","robots":{"index":"index","follow":"follow","max-snippet":"max-snippet:-1","max-image-preview":"max-image-preview:large","max-video-preview":"max-video-preview:-1"},"canonical":"https:\/\/unhz.eu\/bs\/lirimet-nga-pagesa-e-semestrit\/","og_locale":"bs_BA","og_type":"article","og_title":"Lirimet nga pagesa e semestrit","og_description":"Lirime nga pagesa e semestrit p\u00ebr student\u00ebt me status t\u00eb ve\u00e7ant\u00eb n\u00eb Universitetin Haxhi Zeka.","og_url":"https:\/\/unhz.eu\/bs\/lirimet-nga-pagesa-e-semestrit\/","og_site_name":"University Haxhi Zeka","article_publisher":"https:\/\/www.facebook.com\/uni.haxhizeka","article_modified_time":"2025-07-29T08:33:55+00:00","og_image":[{"width":1000,"height":1000,"url":"https:\/\/unhz.eu\/wp-content\/uploads\/2025\/04\/Dizajn-me-logo-te-UHZ.webp","type":"image\/webp"}],"twitter_card":"summary_large_image","twitter_site":"@uni_haxhizeka","twitter_misc":{"Est. reading time":"1 minuta"},"schema":{"@context":"https:\/\/schema.org","@graph":[{"@type":"WebPage","@id":"https:\/\/unhz.eu\/lirimet-nga-pagesa-e-semestrit\/","url":"https:\/\/unhz.eu\/lirimet-nga-pagesa-e-semestrit\/","name":"Izuze\u0107a od pla\u0107anja semestarskih \u0161kolarina - Univerzitet Haxhi Zeka","isPartOf":{"@id":"https:\/\/unhz.eu\/#website"},"primaryImageOfPage":{"@id":"https:\/\/unhz.eu\/lirimet-nga-pagesa-e-semestrit\/#primaryimage"},"image":{"@id":"https:\/\/unhz.eu\/lirimet-nga-pagesa-e-semestrit\/#primaryimage"},"thumbnailUrl":"https:\/\/unhz.eu\/wp-content\/uploads\/2025\/04\/Dizajn-me-logo-te-UHZ.webp","datePublished":"2024-04-11T08:37:07+00:00","dateModified":"2025-07-29T08:33:55+00:00","description":"Osloba\u0111anje od pla\u0107anja semestarskih \u0161kolarina za studente sa posebnim statusom na Univerzitetu Haxhi Zeka.","breadcrumb":{"@id":"https:\/\/unhz.eu\/lirimet-nga-pagesa-e-semestrit\/#breadcrumb"},"inLanguage":"bs-BA","potentialAction":[{"@type":"ReadAction","target":["https:\/\/unhz.eu\/lirimet-nga-pagesa-e-semestrit\/"]}]},{"@type":"ImageObject","inLanguage":"bs-BA","@id":"https:\/\/unhz.eu\/lirimet-nga-pagesa-e-semestrit\/#primaryimage","url":"https:\/\/unhz.eu\/wp-content\/uploads\/2025\/04\/Dizajn-me-logo-te-UHZ.webp","contentUrl":"https:\/\/unhz.eu\/wp-content\/uploads\/2025\/04\/Dizajn-me-logo-te-UHZ.webp","width":1000,"height":1000,"caption":"Universiteti Haxhi Zeka, UHZ logo me background te kuq"},{"@type":"BreadcrumbList","@id":"https:\/\/unhz.eu\/lirimet-nga-pagesa-e-semestrit\/#breadcrumb","itemListElement":[{"@type":"ListItem","position":1,"name":"Home","item":"https:\/\/unhz.eu\/"},{"@type":"ListItem","position":2,"name":"Lirimet nga pagesa e semestrit"}]},{"@type":"WebSite","@id":"https:\/\/unhz.eu\/#website","url":"https:\/\/unhz.eu\/","name":"Univerzitet &quot;Had\u017ei Zeka&quot;\u201c","description":"Posve\u0107eni kvaliteti, standardima i uspjehu","publisher":{"@id":"https:\/\/unhz.eu\/#organization"},"alternateName":"Universiteti Haxhi Zeka","potentialAction":[{"@type":"SearchAction","target":{"@type":"EntryPoint","urlTemplate":"https:\/\/unhz.eu\/?s={search_term_string}"},"query-input":{"@type":"PropertyValueSpecification","valueRequired":true,"valueName":"search_term_string"}}],"inLanguage":"bs-BA"},{"@type":"Organization","@id":"https:\/\/unhz.eu\/#organization","name":"Univerzitet &quot;Had\u017ei Zeka&quot;\u201c","alternateName":"Universiteti Haxhi Zeka","url":"https:\/\/unhz.eu\/","logo":{"@type":"ImageObject","inLanguage":"bs-BA","@id":"https:\/\/unhz.eu\/#\/schema\/logo\/image\/","url":"https:\/\/unhz.eu\/wp-content\/uploads\/2025\/04\/logo-unhz.webp","contentUrl":"https:\/\/unhz.eu\/wp-content\/uploads\/2025\/04\/logo-unhz.webp","width":1024,"height":260,"caption":"Universiteti \u201cHaxhi Zeka\u201d"},"image":{"@id":"https:\/\/unhz.eu\/#\/schema\/logo\/image\/"},"sameAs":["https:\/\/www.facebook.com\/uni.haxhizeka","https:\/\/x.com\/uni_haxhizeka","https:\/\/www.linkedin.com\/school\/haxhi-zeka-university","https:\/\/www.instagram.com\/uni_haxhizeka\/"],"description":"Univerzitet &quot;Had\u017ei Zeka&quot; u Pe\u0107i je javna visoko\u0161kolska ustanova koja nudi dodiplomske, master i doktorske studije u raznim oblastima kao \u0161to su menad\u017ement, turizam, ekonomija, poljoprivreda, umjetnost i pravo. Univerzitet ima za cilj akademski razvoj, nau\u010dna istra\u017eivanja i doprinos zajednici.","email":"info@unhz.eu","telephone":"+38339410970","legalName":"Universiteti \u201cHaxhi Zeka\u201d n\u00eb Pej\u00eb","foundingDate":"2011-11-14","numberOfEmployees":{"@type":"QuantitativeValue","minValue":"201","maxValue":"500"}}]}},"acf":[],"_links":{"self":[{"href":"https:\/\/unhz.eu\/bs\/wp-json\/wp\/v2\/pages\/21512","targetHints":{"allow":["GET"]}}],"collection":[{"href":"https:\/\/unhz.eu\/bs\/wp-json\/wp\/v2\/pages"}],"about":[{"href":"https:\/\/unhz.eu\/bs\/wp-json\/wp\/v2\/types\/page"}],"author":[{"embeddable":true,"href":"https:\/\/unhz.eu\/bs\/wp-json\/wp\/v2\/users\/1"}],"replies":[{"embeddable":true,"href":"https:\/\/unhz.eu\/bs\/wp-json\/wp\/v2\/comments?post=21512"}],"version-history":[{"count":2,"href":"https:\/\/unhz.eu\/bs\/wp-json\/wp\/v2\/pages\/21512\/revisions"}],"predecessor-version":[{"id":57061,"href":"https:\/\/unhz.eu\/bs\/wp-json\/wp\/v2\/pages\/21512\/revisions\/57061"}],"wp:featuredmedia":[{"embeddable":true,"href":"https:\/\/unhz.eu\/bs\/wp-json\/wp\/v2\/media\/50754"}],"wp:attachment":[{"href":"https:\/\/unhz.eu\/bs\/wp-json\/wp\/v2\/media?parent=21512"}],"curies":[{"name":"radni list","href":"https:\/\/api.w.org\/{rel}","templated":true}]}}