{"id":21506,"date":"2024-04-11T08:36:10","date_gmt":"2024-04-11T08:36:10","guid":{"rendered":"http:\/\/unhz.local\/?page_id=21506"},"modified":"2025-06-03T14:06:18","modified_gmt":"2025-06-03T12:06:18","slug":"sherbimi-konsultor","status":"publish","type":"page","link":"https:\/\/unhz.eu\/bs\/sherbimi-konsultor\/","title":{"rendered":"Konsultantske usluge"},"content":{"rendered":"<div data-elementor-type=\"wp-page\" data-elementor-id=\"21506\" class=\"elementor elementor-21506\" data-elementor-post-type=\"page\">\n\t\t\t\t\t\t<section class=\"elementor-section elementor-top-section elementor-element elementor-element-53961c5 elementor-section-boxed elementor-section-height-default elementor-section-height-default sc_fly_static\" data-id=\"53961c5\" data-element_type=\"section\" data-e-type=\"section\">\n\t\t\t\t\t\t<div class=\"elementor-container elementor-column-gap-extended\">\n\t\t\t\t\t<div class=\"elementor-column elementor-col-100 elementor-top-column elementor-element elementor-element-b84c275 sc_content_align_inherit sc_layouts_column_icons_position_left sc_fly_static\" data-id=\"b84c275\" data-element_type=\"column\" data-e-type=\"column\">\n\t\t\t<div class=\"elementor-widget-wrap elementor-element-populated\">\n\t\t\t\t\t\t<div class=\"elementor-element elementor-element-0df358e elementor-icon-list--layout-traditional elementor-list-item-link-full_width sc_fly_static elementor-widget elementor-widget-icon-list\" data-id=\"0df358e\" data-element_type=\"widget\" data-e-type=\"widget\" data-widget_type=\"icon-list.default\">\n\t\t\t\t<div class=\"elementor-widget-container\">\n\t\t\t\t\t\t\t<ul class=\"elementor-icon-list-items\">\n\t\t\t\t\t\t\t<li class=\"elementor-icon-list-item\">\n\t\t\t\t\t\t\t\t\t\t\t<span class=\"elementor-icon-list-icon\">\n\t\t\t\t\t\t\t<svg aria-hidden=\"true\" class=\"e-font-icon-svg e-fab-pushed\" viewbox=\"0 0 432 512\" xmlns=\"http:\/\/www.w3.org\/2000\/svg\"><path d=\"M407 111.9l-98.5-9 14-33.4c10.4-23.5-10.8-40.4-28.7-37L22.5 76.9c-15.1 2.7-26 18.3-21.4 36.6l105.1 348.3c6.5 21.3 36.7 24.2 47.7 7l35.3-80.8 235.2-231.3c16.4-16.8 4.3-42.9-17.4-44.8zM297.6 53.6c5.1-.7 7.5 2.5 5.2 7.4L286 100.9 108.6 84.6l189-31zM22.7 107.9c-3.1-5.1 1-10 6.1-9.1l248.7 22.7-96.9 230.7L22.7 107.9zM136 456.4c-2.6 4-7.9 3.1-9.4-1.2L43.5 179.7l127.7 197.6c-7 15-35.2 79.1-35.2 79.1zm272.8-314.5L210.1 337.3l89.7-213.7 106.4 9.7c4 1.1 5.7 5.3 2.6 8.6z\"><\/path><\/svg>\t\t\t\t\t\t<\/span>\n\t\t\t\t\t\t\t\t\t\t<span class=\"elementor-icon-list-text\">Sistem tutorijala - Peer to Peer<\/span>\n\t\t\t\t\t\t\t\t\t<\/li>\n\t\t\t\t\t\t<\/ul>\n\t\t\t\t\t\t<\/div>\n\t\t\t\t<\/div>\n\t\t\t\t<div class=\"elementor-element elementor-element-386323a sc_fly_static elementor-widget elementor-widget-spacer\" data-id=\"386323a\" data-element_type=\"widget\" data-e-type=\"widget\" data-widget_type=\"spacer.default\">\n\t\t\t\t<div class=\"elementor-widget-container\">\n\t\t\t\t\t\t\t<div class=\"elementor-spacer\">\n\t\t\t<div class=\"elementor-spacer-inner\"><\/div>\n\t\t<\/div>\n\t\t\t\t\t\t<\/div>\n\t\t\t\t<\/div>\n\t\t\t\t<div class=\"elementor-element elementor-element-8a31fe2 sc_fly_static elementor-widget elementor-widget-text-editor\" data-id=\"8a31fe2\" data-element_type=\"widget\" data-e-type=\"widget\" data-widget_type=\"text-editor.default\">\n\t\t\t\t<div class=\"elementor-widget-container\">\n\t\t\t\t\t\t\t\t\t<p><span style=\"font-size: 18px; background-color: var(--theme-color-bg_color); color: var(--theme-color-text); letter-spacing: 0.1px;\">Izjava \u0161kole za li\u010dne tutore<\/span><\/p><p>2016\/17<\/p><p>Dobrodo\u0161li u novu akademsku godinu!<\/p><p>Svrha ovog dokumenta je da vam pru\u017ei pregled ugovora o li\u010dnom tutoru na Univerzitetu Haxhi Zeka.<\/p><p>Prednosti sistema li\u010dnog podu\u010davanja<\/p><p>U partnerstvu sa va\u0161im li\u010dnim tutorom i nastavnim osobljem, imat \u0107ete pristup podr\u0161ci za:<\/p><ul><li>Postanite samouvjereni lider i igrajte aktivnu ulogu u svojoj akademskoj zajednici;<\/li><li>Razmislite o svom akademskom napretku i svom utjecaju na akademske povratne informacije;<\/li><li>Razviti niz vje\u0161tina i kvaliteta potrebnih za uspjeh na univerzitetu i dalje.<\/li><\/ul><p>Detaljnije informacije o svim aspektima li\u010dnog podu\u010davanja, kao i o drugim izvorima podr\u0161ke na Univerzitetu, mo\u017eete prona\u0107i na linku ispod:<\/p><p>Kako \u0107e Univerzitet predstaviti ove pogodnosti \u2013 Studenti univerziteta<\/p><p>Kao student dodiplomskog studija, imat \u0107ete veliki broj sastanaka sa svojim li\u010dnim tutorom, kao i veliki broj grupnih sastanaka, tokom perioda zavr\u0161etka studija.<\/p><p><strong>Individualni sastanci:<\/strong><\/p><p><strong>Prva godina:<\/strong><\/p><p>Svaki student \u0107e u pismu dobrodo\u0161lice dobiti vrijeme sastanka i imat \u0107e priliku upoznati svog li\u010dnog tutora. Ovaj sastanak je obavezan za studente i trajat \u0107e otprilike 15 minuta; njegova svrha \u0107e biti potvrda prisustva i osiguranje da su studenti registrovani, te uvodni sastanak.<\/p><p>Studenti prve godine \u0107e imati dodatne individualne sastanke sa svojim li\u010dnim tutorima u drugom semestru: ovaj sastanak \u0107e unaprijed organizovati Ured za podr\u0161ku studentima i obavezan je za sve studente. Svrha sastanka \u0107e biti razmi\u0161ljanje i diskusija o ukupnom napretku (uklju\u010duju\u0107i pregled rezultata ispita i ishoda ocjenjivanja ispita), te uspostavljanje drugih mehanizama podr\u0161ke, gdje je to potrebno. Nakon sastanka, studenti \u0107e biti zamoljeni da naprave kratku bilje\u0161ku o sastanku.<\/p><p><strong>Druga godina:<\/strong><\/p><p>Studenti \u0107e na po\u010detku prvog semestra imati individualni sastanak sa svojim li\u010dnim tutorom kako bi potvrdili svoje u\u010de\u0161\u0107e, zatra\u017eili smjernice pri odabiru izbornih predmeta i pregledali akademski napredak. Ovaj sastanak je obavezan za sve studente i traje otprilike 10-15 minuta. Pismo sa svim detaljima sastanka bit \u0107e objavljeno na vratima profesorske kancelarije. Studenti su du\u017eni potvrditi svoje prisustvo na sastanku na sljede\u0107i na\u010din: (i) oni koji imaju problema s napretkom (zbog neuspjelih ili propu\u0161tenih ispita ili oni koji su se vratili nakon prekida studija), trebaju se sastati sa svojim li\u010dnim tutorom tokom sedmice dobrodo\u0161lice. Ured za podr\u0161ku studentima \u0107e unaprijed obavijestiti ove studente putem web stranice kako bi ih obavijestio o ranijem sastanku; (ii) Svi ostali studenti moraju se sastati sa svojim li\u010dnim tutorom do kraja oktobra.<\/p><p>Na po\u010detku drugog semestra, svi studenti druge godine bit \u0107e obavije\u0161teni putem web stranice od strane Ureda za podr\u0161ku studentima: bit \u0107e pozvani da kontaktiraju svoje li\u010dne tutore kako bi na li\u010dnoj sjednici razgovarali o svim pitanjima koja su se pojavila u vezi s njihovim uspjehom ili bilo kojim drugim problemima vezanim za njihov studij. Studenti koji imaju problema s akademskim napretkom (npr. zbog neuspjelih ili propu\u0161tenih testova) bit \u0107e posebno kontaktirani od strane Ureda za podr\u0161ku studentima i zamoljeni da potpi\u0161u potpisni list za sastanak sa svojim li\u010dnim tutorima. Ovaj sastanak je obavezan i ima za cilj uspostavljanje mehanizama kojima je potrebna podr\u0161ka.<\/p><p><strong>Tre\u0107a i \u010detvrta godina:<\/strong><\/p><p>Studenti \u0107e biti pozvani da se prijave za sastanak sa svojim li\u010dnim tutorom na po\u010detku prvog semestra, kako bi potvrdili prisustvo, kao i razgovarali o napretku i drugim pitanjima. Ovaj sastanak je obavezan za sve studente i trajat \u0107e otprilike 10\/15 minuta. List sa svim detaljima sastanaka bit \u0107e postavljen na vratima profesorske kancelarije. Studenti su du\u017eni da se prijave za sastanak na sljede\u0107i na\u010din: (i) oni koji imaju problema s napretkom (zbog neuspjelih ili propu\u0161tenih ispita ili koji su se vratili nakon prekida studija) trebaju se sastati sa svojim li\u010dnim tutorom tokom sedmice dobrodo\u0161lice. Ured za podr\u0161ku studentima \u0107e unaprijed kontaktirati ove studente kako bi ih podsjetio na raniji sastanak; (ii) Svi ostali studenti trebaju se sastati sa svojim li\u010dnim tutorom do kraja oktobra.<\/p><p>Na po\u010detku drugog semestra, svi studenti \u0107e biti obavije\u0161teni putem web stranice Ureda za podr\u0161ku studentima: bit \u0107e pozvani da kontaktiraju svoje li\u010dne tutore kako bi na li\u010dnoj sjednici razgovarali o svim pitanjima koja proizlaze iz njihovog dosada\u0161njeg uspjeha ili bilo kojem drugom pitanju vezanom za njihov studij. Studenti koji imaju problema u vezi sa svojim akademskim napretkom bit \u0107e posebno kontaktirani od strane ZMS-a i zamoljeni da se prijave za sastanak putem potpisanog obrasca za sastanak u uredu li\u010dnih tutora. U pripremi za sastanke, studenti \u0107e podnijeti kratku izjavu o svom radu, kako bi ona mogla poslu\u017eiti kao osnova za razgovor o potrebama studenata i za planove za napredak i pobolj\u0161anje u budu\u0107nosti.<\/p><p><strong>Pored zakazanih sastanaka, studenti mogu zatra\u017eiti sastanak sa svojim li\u010dnim tutorom u bilo koje vrijeme tokom akademske godine, putem e-po\u0161te.<\/strong><\/p><p><strong>Grupni sastanci:<\/strong><\/p><p>Datumi i mjesta za sve grupne sastanke bit \u0107e objavljeni tokom Sedmice dobrodo\u0161lice.<\/p><p><strong>Prva godina:<\/strong><\/p><p>Studenti prve godine \u0107e imati tri grupna sastanka tokom akademske godine, kao \u0161to mo\u017eete vidjeti u nastavku:<\/p><ol><li><strong>Prvi semestar,<\/strong>\u00a0Oko 7. sedmice: grupni sastanak (u trajanju od jednog sata) o polaganju i ja\u010danju vje\u0161tina polaganja ispita iz predmeta u kojima u\u010denici imaju najvi\u0161e problema.\u00a0 \u00a0<\/li><li><strong>Prvi semestar<\/strong>, oko 11. sedmice: grupni sastanak koji organizuju li\u010dni tutori (u trajanju od oko 45 minuta) radi diskusije o pitanjima koja proizlaze iz predavanja iz tema gdje postoji problem.<\/li><li><strong>Drugi semestar,<\/strong>\u00a0Oko 9. sedmice: grupni sastanak tokom cijele godine (u trajanju od jednog sata) koji se bavi izazovima pregleda problema i neuspjeha.<\/li><\/ol><p>Studenti druge i tre\u0107e godine \u0107e u\u010destvovati u najmanje tri grupna sastanka tokom akademske godine, a fokus ovih sastanaka \u0107e varirati u zavisnosti od programa na koji su studenti upisani i omjera postignu\u0107a na ispitima. Isti obrazac sastanaka \u0107e se nastaviti i u naredne dvije ili tri godine studija, samo je fokus sastanaka druga\u010diji.<\/p><p><strong>Podr\u0161ka vr\u0161njaka:<\/strong><\/p><p>Aktivnosti vr\u0161nja\u010dke podr\u0161ke su tako\u0111er dostupne svakom studentu na univerzitetu. Ohrabrujemo studente da se uklju\u010de u ovo jer je to odli\u010dan na\u010din za interakciju s drugim studentima.<\/p><p>Svake godine, studenti prve godine UHZ-a se automatski dodjeljuju u vr\u0161nja\u010dku grupu koja se sastaje jednom sedmi\u010dno po jedan sat u prvom semestru. Grupe vode obu\u010deni lideri koji su studenti tre\u0107e, \u010detvrte godine i master studija i koji su tu da im pomognu u snala\u017eenju na Univerzitetu Haxhi Zeka.<\/p><p>Ostali linkovi:<br \/><a href=\"https:\/\/drive.google.com\/file\/d\/1Ra_pojWkeidQIhwtSD4qaMxCx6M8m2dH\/view?usp=sharing\">Izvje\u0161taj o sistemu tutorijala<br \/><\/a><a href=\"https:\/\/drive.google.com\/file\/d\/1GuAW-_qryHHxO3O4CRa-uYSwfYbbjdiG\/view?usp=sharing\">Upute za profesore Sistem tutorijala<\/a><\/p>\t\t\t\t\t\t\t\t<\/div>\n\t\t\t\t<\/div>\n\t\t\t\t\t<\/div>\n\t\t<\/div>\n\t\t\t\t\t<\/div>\n\t\t<\/section>\n\t\t\t\t<\/div>","protected":false},"excerpt":{"rendered":"<p>Sistemi tutorial &#8211; Peer to Peer Deklarata Shkollore e Tutor\u00ebve Personal 2016\/17 Mire se vini&hellip;<\/p>","protected":false},"author":1,"featured_media":0,"parent":0,"menu_order":0,"comment_status":"closed","ping_status":"closed","template":"","meta":{"_acf_changed":false,"footnotes":""},"class_list":["post-21506","page","type-page","status-publish","hentry"],"yoast_head":"<!-- This site is optimized with the Yoast SEO Premium plugin v27.2 (Yoast SEO v27.2) - https:\/\/yoast.com\/product\/yoast-seo-premium-wordpress\/ -->\n<title>Sh\u00ebrbimi Konsultor - University Haxhi Zeka<\/title>\n<meta name=\"robots\" content=\"index, follow, max-snippet:-1, max-image-preview:large, max-video-preview:-1\" \/>\n<link rel=\"canonical\" href=\"https:\/\/unhz.eu\/bs\/sherbimi-konsultor\/\" \/>\n<meta property=\"og:locale\" content=\"bs_BA\" \/>\n<meta property=\"og:type\" content=\"article\" \/>\n<meta property=\"og:title\" content=\"Sh\u00ebrbimi Konsultor\" \/>\n<meta property=\"og:description\" content=\"Sistemi tutorial &#8211; Peer to Peer Deklarata Shkollore e Tutor\u00ebve Personal 2016\/17 Mire se vini&hellip;\" \/>\n<meta property=\"og:url\" content=\"https:\/\/unhz.eu\/bs\/sherbimi-konsultor\/\" \/>\n<meta property=\"og:site_name\" content=\"University Haxhi Zeka\" \/>\n<meta property=\"article:publisher\" content=\"https:\/\/www.facebook.com\/uni.haxhizeka\" \/>\n<meta property=\"article:modified_time\" content=\"2025-06-03T12:06:18+00:00\" \/>\n<meta name=\"twitter:card\" content=\"summary_large_image\" \/>\n<meta name=\"twitter:site\" content=\"@uni_haxhizeka\" \/>\n<meta name=\"twitter:label1\" content=\"Est. reading time\" \/>\n\t<meta name=\"twitter:data1\" content=\"6 minuta\" \/>\n<script type=\"application\/ld+json\" class=\"yoast-schema-graph\">{\"@context\":\"https:\/\/schema.org\",\"@graph\":[{\"@type\":\"WebPage\",\"@id\":\"https:\/\/unhz.eu\/sherbimi-konsultor\/\",\"url\":\"https:\/\/unhz.eu\/sherbimi-konsultor\/\",\"name\":\"Sh\u00ebrbimi Konsultor - University Haxhi Zeka\",\"isPartOf\":{\"@id\":\"https:\/\/unhz.eu\/#website\"},\"datePublished\":\"2024-04-11T08:36:10+00:00\",\"dateModified\":\"2025-06-03T12:06:18+00:00\",\"breadcrumb\":{\"@id\":\"https:\/\/unhz.eu\/sherbimi-konsultor\/#breadcrumb\"},\"inLanguage\":\"bs-BA\",\"potentialAction\":[{\"@type\":\"ReadAction\",\"target\":[\"https:\/\/unhz.eu\/sherbimi-konsultor\/\"]}]},{\"@type\":\"BreadcrumbList\",\"@id\":\"https:\/\/unhz.eu\/sherbimi-konsultor\/#breadcrumb\",\"itemListElement\":[{\"@type\":\"ListItem\",\"position\":1,\"name\":\"Home\",\"item\":\"https:\/\/unhz.eu\/\"},{\"@type\":\"ListItem\",\"position\":2,\"name\":\"Sh\u00ebrbimi Konsultor\"}]},{\"@type\":\"WebSite\",\"@id\":\"https:\/\/unhz.eu\/#website\",\"url\":\"https:\/\/unhz.eu\/\",\"name\":\"Universiteti \u201cHaxhi Zeka\u201d\",\"description\":\"I dedikuar p\u00ebr cil\u00ebsi, standarde dhe suksese\",\"publisher\":{\"@id\":\"https:\/\/unhz.eu\/#organization\"},\"alternateName\":\"Universiteti Haxhi Zeka\",\"potentialAction\":[{\"@type\":\"SearchAction\",\"target\":{\"@type\":\"EntryPoint\",\"urlTemplate\":\"https:\/\/unhz.eu\/?s={search_term_string}\"},\"query-input\":{\"@type\":\"PropertyValueSpecification\",\"valueRequired\":true,\"valueName\":\"search_term_string\"}}],\"inLanguage\":\"bs-BA\"},{\"@type\":\"Organization\",\"@id\":\"https:\/\/unhz.eu\/#organization\",\"name\":\"Universiteti \u201cHaxhi Zeka\u201d\",\"alternateName\":\"Universiteti Haxhi Zeka\",\"url\":\"https:\/\/unhz.eu\/\",\"logo\":{\"@type\":\"ImageObject\",\"inLanguage\":\"bs-BA\",\"@id\":\"https:\/\/unhz.eu\/#\/schema\/logo\/image\/\",\"url\":\"https:\/\/unhz.eu\/wp-content\/uploads\/2025\/04\/logo-unhz.webp\",\"contentUrl\":\"https:\/\/unhz.eu\/wp-content\/uploads\/2025\/04\/logo-unhz.webp\",\"width\":1024,\"height\":260,\"caption\":\"Universiteti \u201cHaxhi Zeka\u201d\"},\"image\":{\"@id\":\"https:\/\/unhz.eu\/#\/schema\/logo\/image\/\"},\"sameAs\":[\"https:\/\/www.facebook.com\/uni.haxhizeka\",\"https:\/\/x.com\/uni_haxhizeka\",\"https:\/\/www.linkedin.com\/school\/haxhi-zeka-university\",\"https:\/\/www.instagram.com\/uni_haxhizeka\/\"],\"description\":\"Universiteti \u201cHaxhi Zeka\u201d n\u00eb Pej\u00eb \u00ebsht\u00eb institucion publik i arsimit t\u00eb lart\u00eb, q\u00eb ofron studime bachelor, master dhe doktorat\u00eb n\u00eb fusha t\u00eb ndryshme si menaxhimi, turizmi, ekonomia, bujq\u00ebsia, arti dhe drejt\u00ebsia. Universiteti synon zhvillimin akademik, hulumtimin shkencor dhe kontributin n\u00eb komunitet.\",\"email\":\"info@unhz.eu\",\"telephone\":\"+38339410970\",\"legalName\":\"Universiteti \u201cHaxhi Zeka\u201d n\u00eb Pej\u00eb\",\"foundingDate\":\"2011-11-14\",\"numberOfEmployees\":{\"@type\":\"QuantitativeValue\",\"minValue\":\"201\",\"maxValue\":\"500\"}}]}<\/script>\n<!-- \/ Yoast SEO Premium plugin. -->","yoast_head_json":{"title":"Konsultantska slu\u017eba - Univerzitet Had\u017ei Zeka","robots":{"index":"index","follow":"follow","max-snippet":"max-snippet:-1","max-image-preview":"max-image-preview:large","max-video-preview":"max-video-preview:-1"},"canonical":"https:\/\/unhz.eu\/bs\/sherbimi-konsultor\/","og_locale":"bs_BA","og_type":"article","og_title":"Sh\u00ebrbimi Konsultor","og_description":"Sistemi tutorial &#8211; Peer to Peer Deklarata Shkollore e Tutor\u00ebve Personal 2016\/17 Mire se vini&hellip;","og_url":"https:\/\/unhz.eu\/bs\/sherbimi-konsultor\/","og_site_name":"University Haxhi Zeka","article_publisher":"https:\/\/www.facebook.com\/uni.haxhizeka","article_modified_time":"2025-06-03T12:06:18+00:00","twitter_card":"summary_large_image","twitter_site":"@uni_haxhizeka","twitter_misc":{"Est. reading time":"6 minuta"},"schema":{"@context":"https:\/\/schema.org","@graph":[{"@type":"WebPage","@id":"https:\/\/unhz.eu\/sherbimi-konsultor\/","url":"https:\/\/unhz.eu\/sherbimi-konsultor\/","name":"Konsultantska slu\u017eba - Univerzitet Had\u017ei Zeka","isPartOf":{"@id":"https:\/\/unhz.eu\/#website"},"datePublished":"2024-04-11T08:36:10+00:00","dateModified":"2025-06-03T12:06:18+00:00","breadcrumb":{"@id":"https:\/\/unhz.eu\/sherbimi-konsultor\/#breadcrumb"},"inLanguage":"bs-BA","potentialAction":[{"@type":"ReadAction","target":["https:\/\/unhz.eu\/sherbimi-konsultor\/"]}]},{"@type":"BreadcrumbList","@id":"https:\/\/unhz.eu\/sherbimi-konsultor\/#breadcrumb","itemListElement":[{"@type":"ListItem","position":1,"name":"Home","item":"https:\/\/unhz.eu\/"},{"@type":"ListItem","position":2,"name":"Sh\u00ebrbimi Konsultor"}]},{"@type":"WebSite","@id":"https:\/\/unhz.eu\/#website","url":"https:\/\/unhz.eu\/","name":"Univerzitet &quot;Had\u017ei Zeka&quot;\u201c","description":"Posve\u0107eni kvaliteti, standardima i uspjehu","publisher":{"@id":"https:\/\/unhz.eu\/#organization"},"alternateName":"Universiteti Haxhi Zeka","potentialAction":[{"@type":"SearchAction","target":{"@type":"EntryPoint","urlTemplate":"https:\/\/unhz.eu\/?s={search_term_string}"},"query-input":{"@type":"PropertyValueSpecification","valueRequired":true,"valueName":"search_term_string"}}],"inLanguage":"bs-BA"},{"@type":"Organization","@id":"https:\/\/unhz.eu\/#organization","name":"Univerzitet &quot;Had\u017ei Zeka&quot;\u201c","alternateName":"Universiteti Haxhi Zeka","url":"https:\/\/unhz.eu\/","logo":{"@type":"ImageObject","inLanguage":"bs-BA","@id":"https:\/\/unhz.eu\/#\/schema\/logo\/image\/","url":"https:\/\/unhz.eu\/wp-content\/uploads\/2025\/04\/logo-unhz.webp","contentUrl":"https:\/\/unhz.eu\/wp-content\/uploads\/2025\/04\/logo-unhz.webp","width":1024,"height":260,"caption":"Universiteti \u201cHaxhi Zeka\u201d"},"image":{"@id":"https:\/\/unhz.eu\/#\/schema\/logo\/image\/"},"sameAs":["https:\/\/www.facebook.com\/uni.haxhizeka","https:\/\/x.com\/uni_haxhizeka","https:\/\/www.linkedin.com\/school\/haxhi-zeka-university","https:\/\/www.instagram.com\/uni_haxhizeka\/"],"description":"Univerzitet &quot;Had\u017ei Zeka&quot; u Pe\u0107i je javna visoko\u0161kolska ustanova koja nudi dodiplomske, master i doktorske studije u raznim oblastima kao \u0161to su menad\u017ement, turizam, ekonomija, poljoprivreda, umjetnost i pravo. Univerzitet ima za cilj akademski razvoj, nau\u010dna istra\u017eivanja i doprinos zajednici.","email":"info@unhz.eu","telephone":"+38339410970","legalName":"Universiteti \u201cHaxhi Zeka\u201d n\u00eb Pej\u00eb","foundingDate":"2011-11-14","numberOfEmployees":{"@type":"QuantitativeValue","minValue":"201","maxValue":"500"}}]}},"acf":[],"_links":{"self":[{"href":"https:\/\/unhz.eu\/bs\/wp-json\/wp\/v2\/pages\/21506","targetHints":{"allow":["GET"]}}],"collection":[{"href":"https:\/\/unhz.eu\/bs\/wp-json\/wp\/v2\/pages"}],"about":[{"href":"https:\/\/unhz.eu\/bs\/wp-json\/wp\/v2\/types\/page"}],"author":[{"embeddable":true,"href":"https:\/\/unhz.eu\/bs\/wp-json\/wp\/v2\/users\/1"}],"replies":[{"embeddable":true,"href":"https:\/\/unhz.eu\/bs\/wp-json\/wp\/v2\/comments?post=21506"}],"version-history":[{"count":1,"href":"https:\/\/unhz.eu\/bs\/wp-json\/wp\/v2\/pages\/21506\/revisions"}],"predecessor-version":[{"id":52644,"href":"https:\/\/unhz.eu\/bs\/wp-json\/wp\/v2\/pages\/21506\/revisions\/52644"}],"wp:attachment":[{"href":"https:\/\/unhz.eu\/bs\/wp-json\/wp\/v2\/media?parent=21506"}],"curies":[{"name":"radni list","href":"https:\/\/api.w.org\/{rel}","templated":true}]}}