{"id":21468,"date":"2024-04-11T08:19:49","date_gmt":"2024-04-11T08:19:49","guid":{"rendered":"http:\/\/unhz.local\/?page_id=21468"},"modified":"2025-11-11T12:33:24","modified_gmt":"2025-11-11T10:33:24","slug":"fjala-e-rektorit","status":"publish","type":"page","link":"https:\/\/unhz.eu\/bs\/fjala-e-rektorit\/","title":{"rendered":"Rektorov govor"},"content":{"rendered":"<div data-elementor-type=\"wp-page\" data-elementor-id=\"21468\" class=\"elementor elementor-21468\" data-elementor-post-type=\"page\">\n\t\t\t\t\t\t<section class=\"elementor-section elementor-top-section elementor-element elementor-element-2682dcb elementor-section-boxed elementor-section-height-default elementor-section-height-default sc_fly_static\" data-id=\"2682dcb\" data-element_type=\"section\" data-e-type=\"section\">\n\t\t\t\t\t\t<div class=\"elementor-container elementor-column-gap-extended\">\n\t\t\t\t\t<div class=\"elementor-column elementor-col-50 elementor-top-column elementor-element elementor-element-b37fa4d sc_content_align_inherit sc_layouts_column_icons_position_left sc_fly_static\" data-id=\"b37fa4d\" data-element_type=\"column\" data-e-type=\"column\">\n\t\t\t<div class=\"elementor-widget-wrap elementor-element-populated\">\n\t\t\t\t\t\t<div class=\"elementor-element elementor-element-4bc64e6 sc_fly_static elementor-widget elementor-widget-image\" data-id=\"4bc64e6\" data-element_type=\"widget\" data-e-type=\"widget\" data-widget_type=\"image.default\">\n\t\t\t\t<div class=\"elementor-widget-container\">\n\t\t\t\t\t\t\t\t\t\t\t\t\t\t\t<img fetchpriority=\"high\" decoding=\"async\" width=\"320\" height=\"320\" src=\"https:\/\/unhz.eu\/wp-content\/uploads\/2024\/04\/Armand-Krasniqi-e1634910432846.jpg\" class=\"attachment-large size-large wp-image-22206\" alt=\"\" srcset=\"https:\/\/unhz.eu\/wp-content\/uploads\/2024\/04\/Armand-Krasniqi-e1634910432846.jpg 320w, https:\/\/unhz.eu\/wp-content\/uploads\/2024\/04\/Armand-Krasniqi-e1634910432846-300x300.jpg 300w, https:\/\/unhz.eu\/wp-content\/uploads\/2024\/04\/Armand-Krasniqi-e1634910432846-150x150.jpg 150w, https:\/\/unhz.eu\/wp-content\/uploads\/2024\/04\/Armand-Krasniqi-e1634910432846-120x120.jpg 120w\" sizes=\"(max-width: 600px) 100vw, 320px\" \/>\t\t\t\t\t\t\t\t\t\t\t\t\t\t\t<\/div>\n\t\t\t\t<\/div>\n\t\t\t\t\t<\/div>\n\t\t<\/div>\n\t\t\t\t<div class=\"elementor-column elementor-col-50 elementor-top-column elementor-element elementor-element-0a29cb6 sc_content_align_inherit sc_layouts_column_icons_position_left sc_fly_static\" data-id=\"0a29cb6\" data-element_type=\"column\" data-e-type=\"column\">\n\t\t\t<div class=\"elementor-widget-wrap elementor-element-populated\">\n\t\t\t\t\t\t<div class=\"elementor-element elementor-element-915bc6d sc_fly_static elementor-widget elementor-widget-text-editor\" data-id=\"915bc6d\" data-element_type=\"widget\" data-e-type=\"widget\" data-widget_type=\"text-editor.default\">\n\t\t\t\t<div class=\"elementor-widget-container\">\n\t\t\t\t\t\t\t\t\t<p>\u00a0<\/p><p>\u00a0<\/p><p>\u00a0<\/p><p>\u00a0<\/p><p><strong><em>Prof. dr. Armand KRASNIQI<\/em><\/strong><\/p><p><em>Rektorov govor<\/em><\/p>\t\t\t\t\t\t\t\t<\/div>\n\t\t\t\t<\/div>\n\t\t\t\t\t<\/div>\n\t\t<\/div>\n\t\t\t\t\t<\/div>\n\t\t<\/section>\n\t\t\t\t<section class=\"elementor-section elementor-top-section elementor-element elementor-element-7e2581c elementor-section-boxed elementor-section-height-default elementor-section-height-default sc_fly_static\" data-id=\"7e2581c\" data-element_type=\"section\" data-e-type=\"section\">\n\t\t\t\t\t\t<div class=\"elementor-container elementor-column-gap-extended\">\n\t\t\t\t\t<div class=\"elementor-column elementor-col-100 elementor-top-column elementor-element elementor-element-9e22b2e sc_content_align_inherit sc_layouts_column_icons_position_left sc_fly_static\" data-id=\"9e22b2e\" data-element_type=\"column\" data-e-type=\"column\">\n\t\t\t<div class=\"elementor-widget-wrap elementor-element-populated\">\n\t\t\t\t\t\t<div class=\"elementor-element elementor-element-8530cfc elementor-widget-divider--view-line sc_fly_static elementor-widget elementor-widget-divider\" data-id=\"8530cfc\" data-element_type=\"widget\" data-e-type=\"widget\" data-widget_type=\"divider.default\">\n\t\t\t\t<div class=\"elementor-widget-container\">\n\t\t\t\t\t\t\t<div class=\"elementor-divider\">\n\t\t\t<span class=\"elementor-divider-separator\">\n\t\t\t\t\t\t<\/span>\n\t\t<\/div>\n\t\t\t\t\t\t<\/div>\n\t\t\t\t<\/div>\n\t\t\t\t<div class=\"elementor-element elementor-element-b0c6b48 sc_fly_static elementor-widget elementor-widget-text-editor\" data-id=\"b0c6b48\" data-element_type=\"widget\" data-e-type=\"widget\" data-widget_type=\"text-editor.default\">\n\t\t\t\t<div class=\"elementor-widget-container\">\n\t\t\t\t\t\t\t\t\t<p>Po\u0161tovani studenti, kolege! Po\u0161tovani posjetioci! Univerzitet je najbolja prilika koja se mo\u017ee ponuditi na\u0161im mladim mu\u0161karcima i djevojkama da se pravilno obrazuju. On im pru\u017ea priliku da izgrade svoju budu\u0107nost. Na\u0161 glavni cilj i orijentacija su studenti, njihovo obrazovanje, kako bi mogli biti korisni sebi, svojim porodicama i svojoj zemlji. Samo pru\u017eaju\u0107i im priliku da se obrazuju, otvaramo put razvoju i prosperitetu na\u0161e zemlje. Na\u0161i napori \u0107e biti usmjereni na pove\u0107anje kvaliteta, ponudu programa kompatibilnih s potrebama tr\u017ei\u0161ta, kao i pru\u017eanje dodatnih vje\u0161tina, koje na\u0161e studente \u010dine konkurentnim na tr\u017ei\u0161tu znanja i rada. Na\u0161 trajni cilj ostaje stvaranje kadrova koji \u0107e raditi na pobolj\u0161anju \u017eivota na\u0161ih gra\u0111ana i koji \u0107e nas svojim nau\u010dnim i stru\u010dnim dostignu\u0107ima \u010diniti ponosnima \u010dak i u inostranstvu. Saradnja sa visoko\u0161kolskim ustanovama, bilo doma\u0107im ili me\u0111unarodnim, bit \u0107e kori\u0161tena u funkciji kontinuiranog unapre\u0111enja nastave i u\u010denja. Mobilnost akademskog osoblja i studenata, razmjena iskustava i metoda, donijet \u0107e nova iskustva, kulturu i duh na\u0161oj instituciji, zna\u010dajno pobolj\u0161avaju\u0107i akademski i studentski \u017eivot. Tako\u0111er \u0107emo blisko sara\u0111ivati sa zainteresovanim stranama, civilnim dru\u0161tvom, preduze\u0107ima, javnim i privatnim institucijama, jer je saradnja s njima klju\u010dna za orijentaciju programa na\u0161eg univerziteta prema potrebama tr\u017ei\u0161ta. Izazovi u postizanju na\u0161ih ciljeva su svakako veliki, ali snovi o transformaciji univerziteta u savremeni univerzitet su jo\u0161 ve\u0107i. Stoga je svako od nas pojedina\u010dno, u svojoj poziciji, va\u017ean za postizanje ovih ciljeva. Zajedno, me\u0111utim, mo\u017eemo ostvariti ovaj zajedni\u010dki san. Na\u0161a je du\u017enost i obaveza da odr\u017eavamo duh saradnje i gra\u0111anski duh na\u0161e zemlje. Rektor prof.dr. Armand Krasniqi<\/p>\t\t\t\t\t\t\t\t<\/div>\n\t\t\t\t<\/div>\n\t\t\t\t\t<\/div>\n\t\t<\/div>\n\t\t\t\t\t<\/div>\n\t\t<\/section>\n\t\t\t\t<section class=\"elementor-section elementor-top-section elementor-element elementor-element-fa5ebf5 elementor-section-boxed elementor-section-height-default elementor-section-height-default sc_fly_static\" data-id=\"fa5ebf5\" data-element_type=\"section\" data-e-type=\"section\">\n\t\t\t\t\t\t<div class=\"elementor-container elementor-column-gap-extended\">\n\t\t\t\t\t<div class=\"elementor-column elementor-col-100 elementor-top-column elementor-element elementor-element-5036d0c sc_content_align_inherit sc_layouts_column_icons_position_left sc_fly_static\" data-id=\"5036d0c\" data-element_type=\"column\" data-e-type=\"column\">\n\t\t\t<div class=\"elementor-widget-wrap\">\n\t\t\t\t\t\t\t<\/div>\n\t\t<\/div>\n\t\t\t\t\t<\/div>\n\t\t<\/section>\n\t\t\t\t<\/div>","protected":false},"excerpt":{"rendered":"<p>\u00a0 \u00a0 \u00a0 \u00a0 Prof. Dr. Armand KRASNIQI Fjala e Rektorit T\u00eb dashur student\u00eb, koleg\u00eb!&hellip;<\/p>","protected":false},"author":1,"featured_media":50754,"parent":0,"menu_order":0,"comment_status":"closed","ping_status":"closed","template":"","meta":{"_acf_changed":false,"footnotes":""},"class_list":["post-21468","page","type-page","status-publish","has-post-thumbnail","hentry"],"yoast_head":"<!-- This site is optimized with the Yoast SEO Premium plugin v27.2 (Yoast SEO v27.2) - https:\/\/yoast.com\/product\/yoast-seo-premium-wordpress\/ -->\n<title>Fjala e Rektorit - University Haxhi Zeka<\/title>\n<meta name=\"description\" content=\"Rektori Prof. Dr. Armand Krasniqi ndan angazhimin e tij p\u00ebr cil\u00ebsi, bashk\u00ebpunim dhe zhvillim t\u00eb q\u00ebndruesh\u00ebm n\u00eb Universitetin Haxhi Zeka.\" \/>\n<meta name=\"robots\" content=\"index, follow, max-snippet:-1, max-image-preview:large, max-video-preview:-1\" \/>\n<link rel=\"canonical\" href=\"https:\/\/unhz.eu\/bs\/fjala-e-rektorit\/\" \/>\n<meta property=\"og:locale\" content=\"bs_BA\" \/>\n<meta property=\"og:type\" content=\"article\" \/>\n<meta property=\"og:title\" content=\"Fjala e Rektorit\" \/>\n<meta property=\"og:description\" content=\"Rektori Prof. Dr. Armand Krasniqi ndan angazhimin e tij p\u00ebr cil\u00ebsi, bashk\u00ebpunim dhe zhvillim t\u00eb q\u00ebndruesh\u00ebm n\u00eb Universitetin Haxhi Zeka.\" \/>\n<meta property=\"og:url\" content=\"https:\/\/unhz.eu\/bs\/fjala-e-rektorit\/\" \/>\n<meta property=\"og:site_name\" content=\"University Haxhi Zeka\" \/>\n<meta property=\"article:publisher\" content=\"https:\/\/www.facebook.com\/uni.haxhizeka\" \/>\n<meta property=\"article:modified_time\" content=\"2025-11-11T10:33:24+00:00\" \/>\n<meta property=\"og:image\" content=\"https:\/\/unhz.eu\/wp-content\/uploads\/2025\/04\/Dizajn-me-logo-te-UHZ.webp\" \/>\n\t<meta property=\"og:image:width\" content=\"1000\" \/>\n\t<meta property=\"og:image:height\" content=\"1000\" \/>\n\t<meta property=\"og:image:type\" content=\"image\/webp\" \/>\n<meta name=\"twitter:card\" content=\"summary_large_image\" \/>\n<meta name=\"twitter:site\" content=\"@uni_haxhizeka\" \/>\n<meta name=\"twitter:label1\" content=\"Est. reading time\" \/>\n\t<meta name=\"twitter:data1\" content=\"2 minute\" \/>\n<script type=\"application\/ld+json\" class=\"yoast-schema-graph\">{\"@context\":\"https:\/\/schema.org\",\"@graph\":[{\"@type\":\"WebPage\",\"@id\":\"https:\/\/unhz.eu\/fjala-e-rektorit\/\",\"url\":\"https:\/\/unhz.eu\/fjala-e-rektorit\/\",\"name\":\"Fjala e Rektorit - University Haxhi Zeka\",\"isPartOf\":{\"@id\":\"https:\/\/unhz.eu\/#website\"},\"primaryImageOfPage\":{\"@id\":\"https:\/\/unhz.eu\/fjala-e-rektorit\/#primaryimage\"},\"image\":{\"@id\":\"https:\/\/unhz.eu\/fjala-e-rektorit\/#primaryimage\"},\"thumbnailUrl\":\"https:\/\/unhz.eu\/wp-content\/uploads\/2025\/04\/Dizajn-me-logo-te-UHZ.webp\",\"datePublished\":\"2024-04-11T08:19:49+00:00\",\"dateModified\":\"2025-11-11T10:33:24+00:00\",\"description\":\"Rektori Prof. Dr. Armand Krasniqi ndan angazhimin e tij p\u00ebr cil\u00ebsi, bashk\u00ebpunim dhe zhvillim t\u00eb q\u00ebndruesh\u00ebm n\u00eb Universitetin Haxhi Zeka.\",\"breadcrumb\":{\"@id\":\"https:\/\/unhz.eu\/fjala-e-rektorit\/#breadcrumb\"},\"inLanguage\":\"bs-BA\",\"potentialAction\":[{\"@type\":\"ReadAction\",\"target\":[\"https:\/\/unhz.eu\/fjala-e-rektorit\/\"]}]},{\"@type\":\"ImageObject\",\"inLanguage\":\"bs-BA\",\"@id\":\"https:\/\/unhz.eu\/fjala-e-rektorit\/#primaryimage\",\"url\":\"https:\/\/unhz.eu\/wp-content\/uploads\/2025\/04\/Dizajn-me-logo-te-UHZ.webp\",\"contentUrl\":\"https:\/\/unhz.eu\/wp-content\/uploads\/2025\/04\/Dizajn-me-logo-te-UHZ.webp\",\"width\":1000,\"height\":1000,\"caption\":\"Universiteti Haxhi Zeka, UHZ logo me background te kuq\"},{\"@type\":\"BreadcrumbList\",\"@id\":\"https:\/\/unhz.eu\/fjala-e-rektorit\/#breadcrumb\",\"itemListElement\":[{\"@type\":\"ListItem\",\"position\":1,\"name\":\"Home\",\"item\":\"https:\/\/unhz.eu\/\"},{\"@type\":\"ListItem\",\"position\":2,\"name\":\"Fjala e Rektorit\"}]},{\"@type\":\"WebSite\",\"@id\":\"https:\/\/unhz.eu\/#website\",\"url\":\"https:\/\/unhz.eu\/\",\"name\":\"Universiteti \u201cHaxhi Zeka\u201d\",\"description\":\"I dedikuar p\u00ebr cil\u00ebsi, standarde dhe suksese\",\"publisher\":{\"@id\":\"https:\/\/unhz.eu\/#organization\"},\"alternateName\":\"Universiteti Haxhi Zeka\",\"potentialAction\":[{\"@type\":\"SearchAction\",\"target\":{\"@type\":\"EntryPoint\",\"urlTemplate\":\"https:\/\/unhz.eu\/?s={search_term_string}\"},\"query-input\":{\"@type\":\"PropertyValueSpecification\",\"valueRequired\":true,\"valueName\":\"search_term_string\"}}],\"inLanguage\":\"bs-BA\"},{\"@type\":\"Organization\",\"@id\":\"https:\/\/unhz.eu\/#organization\",\"name\":\"Universiteti \u201cHaxhi Zeka\u201d\",\"alternateName\":\"Universiteti Haxhi Zeka\",\"url\":\"https:\/\/unhz.eu\/\",\"logo\":{\"@type\":\"ImageObject\",\"inLanguage\":\"bs-BA\",\"@id\":\"https:\/\/unhz.eu\/#\/schema\/logo\/image\/\",\"url\":\"https:\/\/unhz.eu\/wp-content\/uploads\/2025\/04\/logo-unhz.webp\",\"contentUrl\":\"https:\/\/unhz.eu\/wp-content\/uploads\/2025\/04\/logo-unhz.webp\",\"width\":1024,\"height\":260,\"caption\":\"Universiteti \u201cHaxhi Zeka\u201d\"},\"image\":{\"@id\":\"https:\/\/unhz.eu\/#\/schema\/logo\/image\/\"},\"sameAs\":[\"https:\/\/www.facebook.com\/uni.haxhizeka\",\"https:\/\/x.com\/uni_haxhizeka\",\"https:\/\/www.linkedin.com\/school\/haxhi-zeka-university\",\"https:\/\/www.instagram.com\/uni_haxhizeka\/\"],\"description\":\"Universiteti \u201cHaxhi Zeka\u201d n\u00eb Pej\u00eb \u00ebsht\u00eb institucion publik i arsimit t\u00eb lart\u00eb, q\u00eb ofron studime bachelor, master dhe doktorat\u00eb n\u00eb fusha t\u00eb ndryshme si menaxhimi, turizmi, ekonomia, bujq\u00ebsia, arti dhe drejt\u00ebsia. Universiteti synon zhvillimin akademik, hulumtimin shkencor dhe kontributin n\u00eb komunitet.\",\"email\":\"info@unhz.eu\",\"telephone\":\"+38339410970\",\"legalName\":\"Universiteti \u201cHaxhi Zeka\u201d n\u00eb Pej\u00eb\",\"foundingDate\":\"2011-11-14\",\"numberOfEmployees\":{\"@type\":\"QuantitativeValue\",\"minValue\":\"201\",\"maxValue\":\"500\"}}]}<\/script>\n<!-- \/ Yoast SEO Premium plugin. -->","yoast_head_json":{"title":"Fjala e Rektorit - University Haxhi Zeka","description":"Rektori Prof. Dr. Armand Krasniqi ndan angazhimin e tij p\u00ebr cil\u00ebsi, bashk\u00ebpunim dhe zhvillim t\u00eb q\u00ebndruesh\u00ebm n\u00eb Universitetin Haxhi Zeka.","robots":{"index":"index","follow":"follow","max-snippet":"max-snippet:-1","max-image-preview":"max-image-preview:large","max-video-preview":"max-video-preview:-1"},"canonical":"https:\/\/unhz.eu\/bs\/fjala-e-rektorit\/","og_locale":"bs_BA","og_type":"article","og_title":"Fjala e Rektorit","og_description":"Rektori Prof. Dr. Armand Krasniqi ndan angazhimin e tij p\u00ebr cil\u00ebsi, bashk\u00ebpunim dhe zhvillim t\u00eb q\u00ebndruesh\u00ebm n\u00eb Universitetin Haxhi Zeka.","og_url":"https:\/\/unhz.eu\/bs\/fjala-e-rektorit\/","og_site_name":"University Haxhi Zeka","article_publisher":"https:\/\/www.facebook.com\/uni.haxhizeka","article_modified_time":"2025-11-11T10:33:24+00:00","og_image":[{"width":1000,"height":1000,"url":"https:\/\/unhz.eu\/wp-content\/uploads\/2025\/04\/Dizajn-me-logo-te-UHZ.webp","type":"image\/webp"}],"twitter_card":"summary_large_image","twitter_site":"@uni_haxhizeka","twitter_misc":{"Est. reading time":"2 minute"},"schema":{"@context":"https:\/\/schema.org","@graph":[{"@type":"WebPage","@id":"https:\/\/unhz.eu\/fjala-e-rektorit\/","url":"https:\/\/unhz.eu\/fjala-e-rektorit\/","name":"Fjala e Rektorit - University Haxhi Zeka","isPartOf":{"@id":"https:\/\/unhz.eu\/#website"},"primaryImageOfPage":{"@id":"https:\/\/unhz.eu\/fjala-e-rektorit\/#primaryimage"},"image":{"@id":"https:\/\/unhz.eu\/fjala-e-rektorit\/#primaryimage"},"thumbnailUrl":"https:\/\/unhz.eu\/wp-content\/uploads\/2025\/04\/Dizajn-me-logo-te-UHZ.webp","datePublished":"2024-04-11T08:19:49+00:00","dateModified":"2025-11-11T10:33:24+00:00","description":"Rektori Prof. Dr. Armand Krasniqi ndan angazhimin e tij p\u00ebr cil\u00ebsi, bashk\u00ebpunim dhe zhvillim t\u00eb q\u00ebndruesh\u00ebm n\u00eb Universitetin Haxhi Zeka.","breadcrumb":{"@id":"https:\/\/unhz.eu\/fjala-e-rektorit\/#breadcrumb"},"inLanguage":"bs-BA","potentialAction":[{"@type":"ReadAction","target":["https:\/\/unhz.eu\/fjala-e-rektorit\/"]}]},{"@type":"ImageObject","inLanguage":"bs-BA","@id":"https:\/\/unhz.eu\/fjala-e-rektorit\/#primaryimage","url":"https:\/\/unhz.eu\/wp-content\/uploads\/2025\/04\/Dizajn-me-logo-te-UHZ.webp","contentUrl":"https:\/\/unhz.eu\/wp-content\/uploads\/2025\/04\/Dizajn-me-logo-te-UHZ.webp","width":1000,"height":1000,"caption":"Universiteti Haxhi Zeka, UHZ logo me background te kuq"},{"@type":"BreadcrumbList","@id":"https:\/\/unhz.eu\/fjala-e-rektorit\/#breadcrumb","itemListElement":[{"@type":"ListItem","position":1,"name":"Home","item":"https:\/\/unhz.eu\/"},{"@type":"ListItem","position":2,"name":"Fjala e Rektorit"}]},{"@type":"WebSite","@id":"https:\/\/unhz.eu\/#website","url":"https:\/\/unhz.eu\/","name":"Univerzitet &quot;Had\u017ei Zeka&quot;\u201c","description":"Posve\u0107eni kvaliteti, standardima i uspjehu","publisher":{"@id":"https:\/\/unhz.eu\/#organization"},"alternateName":"Universiteti Haxhi Zeka","potentialAction":[{"@type":"SearchAction","target":{"@type":"EntryPoint","urlTemplate":"https:\/\/unhz.eu\/?s={search_term_string}"},"query-input":{"@type":"PropertyValueSpecification","valueRequired":true,"valueName":"search_term_string"}}],"inLanguage":"bs-BA"},{"@type":"Organization","@id":"https:\/\/unhz.eu\/#organization","name":"Univerzitet &quot;Had\u017ei Zeka&quot;\u201c","alternateName":"Universiteti Haxhi Zeka","url":"https:\/\/unhz.eu\/","logo":{"@type":"ImageObject","inLanguage":"bs-BA","@id":"https:\/\/unhz.eu\/#\/schema\/logo\/image\/","url":"https:\/\/unhz.eu\/wp-content\/uploads\/2025\/04\/logo-unhz.webp","contentUrl":"https:\/\/unhz.eu\/wp-content\/uploads\/2025\/04\/logo-unhz.webp","width":1024,"height":260,"caption":"Universiteti \u201cHaxhi Zeka\u201d"},"image":{"@id":"https:\/\/unhz.eu\/#\/schema\/logo\/image\/"},"sameAs":["https:\/\/www.facebook.com\/uni.haxhizeka","https:\/\/x.com\/uni_haxhizeka","https:\/\/www.linkedin.com\/school\/haxhi-zeka-university","https:\/\/www.instagram.com\/uni_haxhizeka\/"],"description":"Univerzitet &quot;Had\u017ei Zeka&quot; u Pe\u0107i je javna visoko\u0161kolska ustanova koja nudi dodiplomske, master i doktorske studije u raznim oblastima kao \u0161to su menad\u017ement, turizam, ekonomija, poljoprivreda, umjetnost i pravo. Univerzitet ima za cilj akademski razvoj, nau\u010dna istra\u017eivanja i doprinos zajednici.","email":"info@unhz.eu","telephone":"+38339410970","legalName":"Universiteti \u201cHaxhi Zeka\u201d n\u00eb Pej\u00eb","foundingDate":"2011-11-14","numberOfEmployees":{"@type":"QuantitativeValue","minValue":"201","maxValue":"500"}}]}},"acf":[],"_links":{"self":[{"href":"https:\/\/unhz.eu\/bs\/wp-json\/wp\/v2\/pages\/21468","targetHints":{"allow":["GET"]}}],"collection":[{"href":"https:\/\/unhz.eu\/bs\/wp-json\/wp\/v2\/pages"}],"about":[{"href":"https:\/\/unhz.eu\/bs\/wp-json\/wp\/v2\/types\/page"}],"author":[{"embeddable":true,"href":"https:\/\/unhz.eu\/bs\/wp-json\/wp\/v2\/users\/1"}],"replies":[{"embeddable":true,"href":"https:\/\/unhz.eu\/bs\/wp-json\/wp\/v2\/comments?post=21468"}],"version-history":[{"count":5,"href":"https:\/\/unhz.eu\/bs\/wp-json\/wp\/v2\/pages\/21468\/revisions"}],"predecessor-version":[{"id":58682,"href":"https:\/\/unhz.eu\/bs\/wp-json\/wp\/v2\/pages\/21468\/revisions\/58682"}],"wp:featuredmedia":[{"embeddable":true,"href":"https:\/\/unhz.eu\/bs\/wp-json\/wp\/v2\/media\/50754"}],"wp:attachment":[{"href":"https:\/\/unhz.eu\/bs\/wp-json\/wp\/v2\/media?parent=21468"}],"curies":[{"name":"radni list","href":"https:\/\/api.w.org\/{rel}","templated":true}]}}