{"id":21251,"date":"2024-02-22T14:24:04","date_gmt":"2024-02-22T14:24:04","guid":{"rendered":"http:\/\/unhz.local\/?page_id=21251"},"modified":"2025-07-18T15:13:43","modified_gmt":"2025-07-18T13:13:43","slug":"kush-ishte-haxhi-zeka","status":"publish","type":"page","link":"https:\/\/unhz.eu\/bs\/kush-ishte-haxhi-zeka\/","title":{"rendered":"Ko je bio Had\u017ei Zeka?"},"content":{"rendered":"<div data-elementor-type=\"wp-page\" data-elementor-id=\"21251\" class=\"elementor elementor-21251\" data-elementor-post-type=\"page\">\n\t\t\t\t\t\t<section class=\"elementor-section elementor-top-section elementor-element elementor-element-753ac2f elementor-section-boxed elementor-section-height-default elementor-section-height-default sc_fly_static\" data-id=\"753ac2f\" data-element_type=\"section\" data-e-type=\"section\" data-settings=\"{&quot;background_background&quot;:&quot;classic&quot;}\">\n\t\t\t\t\t\t\t<div class=\"elementor-background-overlay\"><\/div>\n\t\t\t\t\t\t\t<div class=\"elementor-container elementor-column-gap-extended\">\n\t\t\t\t\t<div class=\"elementor-column elementor-col-100 elementor-top-column elementor-element elementor-element-500deb2 sc_content_align_inherit sc_layouts_column_icons_position_left sc_fly_static\" data-id=\"500deb2\" data-element_type=\"column\" data-e-type=\"column\">\n\t\t\t<div class=\"elementor-widget-wrap elementor-element-populated\">\n\t\t\t\t\t\t<div class=\"elementor-element elementor-element-f93f9fb sc_height_huge sc_fly_static elementor-widget elementor-widget-spacer\" data-id=\"f93f9fb\" data-element_type=\"widget\" data-e-type=\"widget\" data-widget_type=\"spacer.default\">\n\t\t\t\t<div class=\"elementor-widget-container\">\n\t\t\t\t\t\t\t<div class=\"elementor-spacer\">\n\t\t\t<div class=\"elementor-spacer-inner\"><\/div>\n\t\t<\/div>\n\t\t\t\t\t\t<\/div>\n\t\t\t\t<\/div>\n\t\t\t\t\t<\/div>\n\t\t<\/div>\n\t\t\t\t\t<\/div>\n\t\t<\/section>\n\t\t\t\t<section class=\"elementor-section elementor-top-section elementor-element elementor-element-d4d2aa6 elementor-section-boxed elementor-section-height-default elementor-section-height-default sc_fly_static\" data-id=\"d4d2aa6\" data-element_type=\"section\" data-e-type=\"section\">\n\t\t\t\t\t\t<div class=\"elementor-container elementor-column-gap-wider\">\n\t\t\t\t\t<div class=\"elementor-column elementor-col-50 elementor-top-column elementor-element elementor-element-1413e86 sc_content_align_inherit sc_layouts_column_icons_position_left sc_fly_static\" data-id=\"1413e86\" data-element_type=\"column\" data-e-type=\"column\">\n\t\t\t<div class=\"elementor-widget-wrap elementor-element-populated\">\n\t\t\t\t\t\t<div class=\"elementor-element elementor-element-26a3fba sc_fly_static elementor-widget elementor-widget-spacer\" data-id=\"26a3fba\" data-element_type=\"widget\" data-e-type=\"widget\" data-widget_type=\"spacer.default\">\n\t\t\t\t<div class=\"elementor-widget-container\">\n\t\t\t\t\t\t\t<div class=\"elementor-spacer\">\n\t\t\t<div class=\"elementor-spacer-inner\"><\/div>\n\t\t<\/div>\n\t\t\t\t\t\t<\/div>\n\t\t\t\t<\/div>\n\t\t\t\t<div class=\"elementor-element elementor-element-c589a00 sc_fly_static elementor-widget elementor-widget-image\" data-id=\"c589a00\" data-element_type=\"widget\" data-e-type=\"widget\" data-widget_type=\"image.default\">\n\t\t\t\t<div class=\"elementor-widget-container\">\n\t\t\t\t\t\t\t\t\t\t\t\t\t\t\t<img fetchpriority=\"high\" decoding=\"async\" width=\"290\" height=\"375\" src=\"https:\/\/unhz.eu\/wp-content\/uploads\/2025\/06\/Haxhi-Zeka-750x375-1-e1749036412950.png\" class=\"attachment-full size-full wp-image-52810 not-transparent\" alt=\"\" srcset=\"https:\/\/unhz.eu\/wp-content\/uploads\/2025\/06\/Haxhi-Zeka-750x375-1-e1749036412950.png 290w, https:\/\/unhz.eu\/wp-content\/uploads\/2025\/06\/Haxhi-Zeka-750x375-1-e1749036412950-232x300.png 232w\" sizes=\"(max-width: 290px) 100vw, 290px\" data-has-transparency=\"false\" data-dominant-color=\"545954\" style=\"--dominant-color: #545954\" \/>\t\t\t\t\t\t\t\t\t\t\t\t\t\t\t<\/div>\n\t\t\t\t<\/div>\n\t\t\t\t\t<\/div>\n\t\t<\/div>\n\t\t\t\t<div class=\"elementor-column elementor-col-50 elementor-top-column elementor-element elementor-element-326ba7f sc_content_align_inherit sc_layouts_column_icons_position_left sc_fly_static\" data-id=\"326ba7f\" data-element_type=\"column\" data-e-type=\"column\">\n\t\t\t<div class=\"elementor-widget-wrap elementor-element-populated\">\n\t\t\t\t\t\t<div class=\"elementor-element elementor-element-162f5d0 sc_fly_static elementor-widget elementor-widget-spacer\" data-id=\"162f5d0\" data-element_type=\"widget\" data-e-type=\"widget\" data-widget_type=\"spacer.default\">\n\t\t\t\t<div class=\"elementor-widget-container\">\n\t\t\t\t\t\t\t<div class=\"elementor-spacer\">\n\t\t\t<div class=\"elementor-spacer-inner\"><\/div>\n\t\t<\/div>\n\t\t\t\t\t\t<\/div>\n\t\t\t\t<\/div>\n\t\t\t\t<div class=\"elementor-element elementor-element-2d5bbb3 sc_fly_static elementor-widget elementor-widget-text-editor\" data-id=\"2d5bbb3\" data-element_type=\"widget\" data-e-type=\"widget\" data-widget_type=\"text-editor.default\">\n\t\t\t\t<div class=\"elementor-widget-container\">\n\t\t\t\t\t\t\t\t\t<h3 style=\"text-align: center;\"><strong>Haxhi Zeka \u2013 Figura e Rilindjes Komb\u00ebtare dhe Frym\u00ebzimi i Universitetit q\u00eb mban emrin e tij<\/strong><\/h3><p style=\"text-align: center;\"><strong>\u201cFigura e Haxhi Zek\u00ebs, si simbol i bashkimit, arsimit dhe p\u00ebrparimit, frym\u00ebzon sot nd\u00ebrtimin e nj\u00eb shoq\u00ebrie kosovare gjith\u00ebp\u00ebrfshir\u00ebse, ku t\u00eb gjitha komunitetet jetojn\u00eb n\u00eb harmoni, dhe ku vlerat e dijes,\u00a0bashk\u00ebpunimit nd\u00ebrkomb\u00ebtar dhe orientimit proevropian\u00a0p\u00ebrfaq\u00ebsojn\u00eb vazhdim\u00ebsin\u00eb m\u00eb dinjitoze t\u00eb idealit t\u00eb tij.\u201d<\/strong><\/p>\t\t\t\t\t\t\t\t<\/div>\n\t\t\t\t<\/div>\n\t\t\t\t\t<\/div>\n\t\t<\/div>\n\t\t\t\t\t<\/div>\n\t\t<\/section>\n\t\t\t\t<section class=\"elementor-section elementor-top-section elementor-element elementor-element-693daa3 elementor-section-boxed elementor-section-height-default elementor-section-height-default sc_fly_static\" data-id=\"693daa3\" data-element_type=\"section\" data-e-type=\"section\">\n\t\t\t\t\t\t<div class=\"elementor-container elementor-column-gap-extended\">\n\t\t\t\t\t<div class=\"elementor-column elementor-col-100 elementor-top-column elementor-element elementor-element-2881cb9 sc_content_align_inherit sc_layouts_column_icons_position_left sc_fly_static\" data-id=\"2881cb9\" data-element_type=\"column\" data-e-type=\"column\">\n\t\t\t<div class=\"elementor-widget-wrap elementor-element-populated\">\n\t\t\t\t\t\t<div class=\"elementor-element elementor-element-93c5bce sc_fly_static elementor-widget elementor-widget-text-editor\" data-id=\"93c5bce\" data-element_type=\"widget\" data-e-type=\"widget\" data-widget_type=\"text-editor.default\">\n\t\t\t\t<div class=\"elementor-widget-container\">\n\t\t\t\t\t\t\t\t\t<p>Shqiptar\u00ebt, si nj\u00eb nd\u00ebr popujt m\u00eb t\u00eb vjet\u00ebr t\u00eb Ballkanit, mbartin nj\u00eb histori t\u00eb pasur dhe t\u00eb larmishme, e cila \u00ebsht\u00eb nd\u00ebrtuar nd\u00ebr shekuj n\u00eb p\u00ebrballje me pushtime, p\u00ebr\u00e7arje dhe sfida t\u00eb shumta historike. Por pik\u00ebrisht n\u00ebp\u00ebr k\u00ebt\u00eb udh\u00eb t\u00eb v\u00ebshtir\u00eb historike lind\u00ebn figura t\u00eb rralla q\u00eb i dhan\u00eb kaheje kombit dhe nd\u00ebrtuan themelet e nd\u00ebrgjegjes son\u00eb komb\u00ebtare. Nd\u00ebr m\u00eb t\u00eb ndriturat nga k\u00ebto figura \u00ebsht\u00eb pa dyshim Haxhi Zeka, nj\u00eb personalitet kompleks, atdhetar, organizator politik, luft\u00ebtar i pal\u00ebkundur p\u00ebr t\u00eb drejtat e shqiptar\u00ebve dhe p\u00ebrparimtar n\u00eb fush\u00ebn e arsimit dhe zhvillimit ekonomik.<br \/><strong>Prejardhja dhe formimi i nj\u00eb udh\u00ebheq\u00ebsi komb\u00ebtar<\/strong>. &#8211; Haxhi Zeka (Zek\u00eb Mehmet Byberi), lindi m\u00eb 20 dhjetor 1832 n\u00eb Shoshan t\u00eb Tropoj\u00ebs, por jet\u00ebn dhe veprimtarin\u00eb e zhvilloi kryesisht n\u00eb Pej\u00eb. Ai u rrit n\u00eb nj\u00eb familje me tradit\u00eb patriotike dhe u shqua her\u00ebt si prij\u00ebs me vizion t\u00eb qart\u00eb p\u00ebr \u00e7\u00ebshtjen komb\u00ebtare. Duke p\u00ebrfaq\u00ebsuar interesat e shqiptar\u00ebve n\u00eb nj\u00eb koh\u00eb t\u00eb nd\u00ebrlikuar historike, ai ishte gjithnj\u00eb n\u00eb ball\u00eb t\u00eb p\u00ebrpjekjeve p\u00ebr t\u00eb mbrojtur territorin dhe identitetin komb\u00ebtar nga cop\u00ebtimi dhe asimilimi.<br \/><strong>Lidhjet Komb\u00ebtare dhe organizimi politik<\/strong>. &#8211; Haxhi Zeka ishte nj\u00ebri nd\u00ebr themeluesit dhe drejtuesit m\u00eb t\u00eb r\u00ebnd\u00ebsish\u00ebm t\u00eb <strong>Lidhjes Shqiptare t\u00eb Prizrenit<\/strong> (1878), organizat\u00eb e cila u krijua p\u00ebr t\u00eb kund\u00ebrshtuar vendimet e Kongresit t\u00eb Berlinit dhe p\u00ebr t\u00eb mbrojtur t\u00ebr\u00ebsin\u00eb territoriale t\u00eb tokave shqiptare. Ai u zgjodh an\u00ebtar i Komitetit Qendror t\u00eb Lidhjes dhe mori pjes\u00eb aktive si komandant n\u00eb aksione ushtarake, p\u00ebrfshir\u00eb betej\u00ebn e Gjakov\u00ebs kund\u00ebr Mehmet Ali Pash\u00ebs dhe rezistenc\u00ebn n\u00eb Plav\u00eb e Guci.<br \/>N\u00eb vitin 1899, ai organizoi <strong>Kuvendin e Pej\u00ebs<\/strong>, nga i cili lindi <strong>Lidhja Shqiptare e Pej\u00ebs<\/strong>, e njohur edhe si &#8220;Besa-Bes\u00eb&#8221;, q\u00eb synonte bashkimin e shqiptar\u00ebve n\u00eb nj\u00eb vilajet t\u00eb vet\u00ebm brenda Perandoris\u00eb Osmane, dhe rregullimin e konflikteve t\u00eb brendshme me an\u00eb t\u00eb tradit\u00ebs s\u00eb bes\u00ebs shqiptare. Haxhi Zeka u zgjodh kryetar i Komitetit t\u00eb Lidhjes, duke u b\u00ebr\u00eb simbol i unitetit politik t\u00eb shqiptar\u00ebve n\u00eb fundin e shekullit XIX.<br \/><strong>Kontributi n\u00eb arsim dhe identitet komb\u00ebtar<\/strong>. &#8211; N\u00eb p\u00ebrputhje me frym\u00ebn e rilindjes, Haxhi Zeka pati vizionin p\u00ebr r\u00ebnd\u00ebsin\u00eb e arsimit n\u00eb gjuh\u00ebn shqipe. N\u00eb vitin 1878, me vet\u00ebfinancim dhe iniciativ\u00eb personale, ai hapi <strong>shkoll\u00ebn e par\u00eb shqipe n\u00eb Pej\u00eb<\/strong>, duke e vendosur fillimisht n\u00eb sarajet e tij dhe m\u00eb pas pran\u00eb Hamamit t\u00eb Pej\u00ebs. M\u00ebsimi n\u00eb k\u00ebt\u00eb shkoll\u00eb nuk kishte karakter fetar, por ishte i p\u00ebrqendruar n\u00eb p\u00ebrhapjen e shkrim-leximit n\u00eb gjuh\u00ebn shqipe, n\u00eb p\u00ebrputhje me idealin e rilind\u00ebsve t\u00eb Stambollit. Haxhi Zeka ishte vet\u00eb m\u00ebsuesi i par\u00eb i k\u00ebsaj shkolle dhe edukator i brezit t\u00eb ri me vlera atdhetarie dhe p\u00ebrkushtimi ndaj gjuh\u00ebs dhe kultur\u00ebs komb\u00ebtare.<br \/><strong>P\u00ebrparimi ekonomik dhe industrial n\u00eb Pej\u00eb<\/strong>. &#8211; P\u00ebrve\u00e7 angazhimit politik dhe arsimor, Haxhi Zeka kontribuoi edhe n\u00eb zhvillimin ekonomik t\u00eb Pej\u00ebs dhe m\u00eb gjer\u00eb. N\u00eb gjysm\u00ebn e dyt\u00eb t\u00eb shekullit XIX, ai themeloi <strong>mullirin e par\u00eb industrial n\u00eb Kosov\u00eb<\/strong>, t\u00eb njohur si <strong>Mulliri i Haxhi Zek\u00ebs<\/strong>, i cili u nd\u00ebrtua me teknologji t\u00eb importuar nga Austria dhe ishte objekti m\u00eb modern i koh\u00ebs n\u00eb k\u00ebt\u00eb rajon. Mulliri me tre kate ishte qendra e par\u00eb industriale q\u00eb punonte fillimisht me uj\u00eb e m\u00eb pas me energji elektrike, dhe p\u00ebr shum\u00eb vite sh\u00ebrbeu si burim jetik p\u00ebr furnizimin me miell t\u00eb gjith\u00eb Dukagjinit. Sot ky objekt p\u00ebrfaq\u00ebson nj\u00eb trash\u00ebgimi t\u00eb r\u00ebnd\u00ebsishme t\u00eb zhvillimit ekonomik vendor dhe \u00ebsht\u00eb mbrojtur si monument i trash\u00ebgimis\u00eb kulturore.<br \/><strong>Vrasja dhe trash\u00ebgimia<\/strong>. &#8211; M\u00eb 20 shkurt 1902, Haxhi Zeka u vra pabesisht n\u00eb Pej\u00eb nga nj\u00eb atentator i lidhur me qarqet antishqiptare serbe. Megjithat\u00eb, ai vdiq me dinjitet, duke l\u00ebn\u00eb pas nj\u00eb trash\u00ebgimi t\u00eb pasur n\u00eb sh\u00ebrbim t\u00eb kombit dhe nj\u00eb kujtim t\u00eb gjall\u00eb si njeri i bes\u00ebs, sakrific\u00ebs dhe p\u00ebrkushtimit t\u00eb pakursyer p\u00ebr \u00e7\u00ebshtjen shqiptare.<br \/><strong>Universiteti \u201cHaxhi Zeka\u201d \u2013 bart\u00ebs i emrit dhe i misionit t\u00eb tij<\/strong>. &#8211; Emri i Haxhi Zek\u00ebs i jep Universitetit n\u00eb Pej\u00eb e n\u00eb rajonin e Dukagjinit nj\u00eb identitet t\u00eb thell\u00eb historik dhe nj\u00eb mesazh t\u00eb qart\u00eb p\u00ebr misionin e tij bashk\u00ebkohor: t\u00eb nd\u00ebrtoj\u00eb ura mes s\u00eb kaluar\u00ebs atdhetare dhe nj\u00eb t\u00eb ardhmeje arsimore moderne dhe proevropiane. Si figur\u00eb q\u00eb nd\u00ebrthuri atdhedashurin\u00eb me arsimin, zhvillimin ekonomik dhe organizimin politik, Haxhi Zeka p\u00ebrfaq\u00ebson nj\u00eb model vizionar q\u00eb shkon p\u00ebrtej kontekstit historik, duke frym\u00ebzuar gjeneratat e reja q\u00eb arsimohen jo vet\u00ebm p\u00ebr t\u00eb ditur, por edhe p\u00ebr t\u00eb nd\u00ebrtuar. Ai ishte nism\u00ebtar i shkoll\u00ebs shqipe, bashkues i shqiptar\u00ebve p\u00ebrmes platformave t\u00eb organizimit komb\u00ebtar, dhe inovator n\u00eb fush\u00ebn e zhvillimit industrial \u2013 vlera k\u00ebto q\u00eb jan\u00eb themelore p\u00ebr nj\u00eb universitet modern q\u00eb synon t\u00eb kontribuoj\u00eb n\u00eb zhvillimin demokratik dhe ekonomik t\u00eb Kosov\u00ebs.<br \/>N\u00eb nj\u00eb kontekst shoq\u00ebror gjithnj\u00eb e m\u00eb t\u00eb nd\u00ebrlidhur, Universiteti \u201cHaxhi Zeka\u201d bart p\u00ebrgjegj\u00ebsin\u00eb q\u00eb p\u00ebrmes k\u00ebtij emri t\u00eb mish\u00ebroj\u00eb edhe vizionin p\u00ebr nj\u00eb Kosov\u00eb t\u00eb hapur, gjith\u00ebp\u00ebrfshir\u00ebse dhe t\u00eb integruar n\u00eb familjen evropiane. Haxhi Zeka nuk ishte vet\u00ebm figur\u00eb shqiptare, por edhe ur\u00eb mes kulturave dhe mend\u00ebsive t\u00eb ndryshme n\u00eb Ballkan, duke p\u00ebr\u00e7uar nj\u00eb mesazh aktual p\u00ebr bashk\u00ebjetes\u00eb dhe respekt t\u00eb nd\u00ebrsjell\u00eb nd\u00ebrmjet komuniteteve. Kjo trash\u00ebgimi morale dhe intelektuale e b\u00ebn emrin e tij t\u00eb p\u00ebrkryer p\u00ebr nj\u00eb universitet q\u00eb synon t\u00eb jet\u00eb qend\u00ebr e dialogut nd\u00ebrkulturor, e bashk\u00ebpunimit nd\u00ebrkomb\u00ebtar dhe e inovacionit n\u00eb arsim, shkenc\u00eb dhe zhvillim shoq\u00ebror.<\/p>\t\t\t\t\t\t\t\t<\/div>\n\t\t\t\t<\/div>\n\t\t\t\t<div class=\"elementor-element elementor-element-3b8a75a sc_height_huge sc_fly_static elementor-widget elementor-widget-spacer\" data-id=\"3b8a75a\" data-element_type=\"widget\" data-e-type=\"widget\" data-widget_type=\"spacer.default\">\n\t\t\t\t<div class=\"elementor-widget-container\">\n\t\t\t\t\t\t\t<div class=\"elementor-spacer\">\n\t\t\t<div class=\"elementor-spacer-inner\"><\/div>\n\t\t<\/div>\n\t\t\t\t\t\t<\/div>\n\t\t\t\t<\/div>\n\t\t\t\t\t<\/div>\n\t\t<\/div>\n\t\t\t\t\t<\/div>\n\t\t<\/section>\n\t\t\t\t<\/div>","protected":false},"excerpt":{"rendered":"<p>Haxhi Zeka \u2013 Figura e Rilindjes Komb\u00ebtare dhe Frym\u00ebzimi i Universitetit q\u00eb mban emrin e&hellip;<\/p>","protected":false},"author":1,"featured_media":0,"parent":0,"menu_order":0,"comment_status":"closed","ping_status":"closed","template":"","meta":{"_acf_changed":false,"footnotes":""},"class_list":["post-21251","page","type-page","status-publish","hentry"],"yoast_head":"<!-- This site is optimized with the Yoast SEO Premium plugin v27.2 (Yoast SEO v27.2) - https:\/\/yoast.com\/product\/yoast-seo-premium-wordpress\/ -->\n<title>Kush ishte Haxhi Zeka? | Universiteti \u201cHaxhi Zeka\u201d n\u00eb Pej\u00eb<\/title>\n<meta name=\"description\" content=\"Kush ishte Haxhi Zeka? Nj\u00eb figur\u00eb ky\u00e7e n\u00eb historin\u00eb shqiptare dhe l\u00ebvizjet komb\u00ebtare. M\u00ebsoni p\u00ebr jet\u00ebn, veprimtarin\u00eb dhe trash\u00ebgimin\u00eb e tij historike.\" \/>\n<meta name=\"robots\" content=\"index, follow, max-snippet:-1, max-image-preview:large, max-video-preview:-1\" \/>\n<link rel=\"canonical\" href=\"https:\/\/unhz.eu\/bs\/kush-ishte-haxhi-zeka\/\" \/>\n<meta property=\"og:locale\" content=\"bs_BA\" \/>\n<meta property=\"og:type\" content=\"article\" \/>\n<meta property=\"og:title\" content=\"Kush ishte Haxhi Zeka?\" \/>\n<meta property=\"og:description\" content=\"Kush ishte Haxhi Zeka? Nj\u00eb figur\u00eb ky\u00e7e n\u00eb historin\u00eb shqiptare dhe l\u00ebvizjet komb\u00ebtare. M\u00ebsoni p\u00ebr jet\u00ebn, veprimtarin\u00eb dhe trash\u00ebgimin\u00eb e tij historike.\" \/>\n<meta property=\"og:url\" content=\"https:\/\/unhz.eu\/bs\/kush-ishte-haxhi-zeka\/\" \/>\n<meta property=\"og:site_name\" content=\"University Haxhi Zeka\" \/>\n<meta property=\"article:publisher\" content=\"https:\/\/www.facebook.com\/uni.haxhizeka\" \/>\n<meta property=\"article:modified_time\" content=\"2025-07-18T13:13:43+00:00\" \/>\n<meta property=\"og:image\" content=\"https:\/\/unhz.eu\/wp-content\/uploads\/2025\/06\/Haxhi-Zeka-750x375-1-e1749036412950.png\" \/>\n<meta name=\"twitter:card\" content=\"summary_large_image\" \/>\n<meta name=\"twitter:site\" content=\"@uni_haxhizeka\" \/>\n<meta name=\"twitter:label1\" content=\"Est. reading time\" \/>\n\t<meta name=\"twitter:data1\" content=\"5 minuta\" \/>\n<script type=\"application\/ld+json\" class=\"yoast-schema-graph\">{\"@context\":\"https:\/\/schema.org\",\"@graph\":[{\"@type\":\"WebPage\",\"@id\":\"https:\/\/unhz.eu\/kush-ishte-haxhi-zeka\/\",\"url\":\"https:\/\/unhz.eu\/kush-ishte-haxhi-zeka\/\",\"name\":\"Kush ishte Haxhi Zeka? | Universiteti \u201cHaxhi Zeka\u201d n\u00eb Pej\u00eb\",\"isPartOf\":{\"@id\":\"https:\/\/unhz.eu\/#website\"},\"primaryImageOfPage\":{\"@id\":\"https:\/\/unhz.eu\/kush-ishte-haxhi-zeka\/#primaryimage\"},\"image\":{\"@id\":\"https:\/\/unhz.eu\/kush-ishte-haxhi-zeka\/#primaryimage\"},\"thumbnailUrl\":\"https:\/\/unhz.eu\/wp-content\/uploads\/2025\/06\/Haxhi-Zeka-750x375-1-e1749036412950.png\",\"datePublished\":\"2024-02-22T14:24:04+00:00\",\"dateModified\":\"2025-07-18T13:13:43+00:00\",\"description\":\"Kush ishte Haxhi Zeka? Nj\u00eb figur\u00eb ky\u00e7e n\u00eb historin\u00eb shqiptare dhe l\u00ebvizjet komb\u00ebtare. M\u00ebsoni p\u00ebr jet\u00ebn, veprimtarin\u00eb dhe trash\u00ebgimin\u00eb e tij historike.\",\"breadcrumb\":{\"@id\":\"https:\/\/unhz.eu\/kush-ishte-haxhi-zeka\/#breadcrumb\"},\"inLanguage\":\"bs-BA\",\"potentialAction\":[{\"@type\":\"ReadAction\",\"target\":[\"https:\/\/unhz.eu\/kush-ishte-haxhi-zeka\/\"]}]},{\"@type\":\"ImageObject\",\"inLanguage\":\"bs-BA\",\"@id\":\"https:\/\/unhz.eu\/kush-ishte-haxhi-zeka\/#primaryimage\",\"url\":\"https:\/\/unhz.eu\/wp-content\/uploads\/2025\/06\/Haxhi-Zeka-750x375-1-e1749036412950.png\",\"contentUrl\":\"https:\/\/unhz.eu\/wp-content\/uploads\/2025\/06\/Haxhi-Zeka-750x375-1-e1749036412950.png\"},{\"@type\":\"BreadcrumbList\",\"@id\":\"https:\/\/unhz.eu\/kush-ishte-haxhi-zeka\/#breadcrumb\",\"itemListElement\":[{\"@type\":\"ListItem\",\"position\":1,\"name\":\"Home\",\"item\":\"https:\/\/unhz.eu\/\"},{\"@type\":\"ListItem\",\"position\":2,\"name\":\"Kush ishte Haxhi Zeka?\"}]},{\"@type\":\"WebSite\",\"@id\":\"https:\/\/unhz.eu\/#website\",\"url\":\"https:\/\/unhz.eu\/\",\"name\":\"Universiteti \u201cHaxhi Zeka\u201d\",\"description\":\"I dedikuar p\u00ebr cil\u00ebsi, standarde dhe suksese\",\"publisher\":{\"@id\":\"https:\/\/unhz.eu\/#organization\"},\"alternateName\":\"Universiteti Haxhi Zeka\",\"potentialAction\":[{\"@type\":\"SearchAction\",\"target\":{\"@type\":\"EntryPoint\",\"urlTemplate\":\"https:\/\/unhz.eu\/?s={search_term_string}\"},\"query-input\":{\"@type\":\"PropertyValueSpecification\",\"valueRequired\":true,\"valueName\":\"search_term_string\"}}],\"inLanguage\":\"bs-BA\"},{\"@type\":\"Organization\",\"@id\":\"https:\/\/unhz.eu\/#organization\",\"name\":\"Universiteti \u201cHaxhi Zeka\u201d\",\"alternateName\":\"Universiteti Haxhi Zeka\",\"url\":\"https:\/\/unhz.eu\/\",\"logo\":{\"@type\":\"ImageObject\",\"inLanguage\":\"bs-BA\",\"@id\":\"https:\/\/unhz.eu\/#\/schema\/logo\/image\/\",\"url\":\"https:\/\/unhz.eu\/wp-content\/uploads\/2025\/04\/logo-unhz.webp\",\"contentUrl\":\"https:\/\/unhz.eu\/wp-content\/uploads\/2025\/04\/logo-unhz.webp\",\"width\":1024,\"height\":260,\"caption\":\"Universiteti \u201cHaxhi Zeka\u201d\"},\"image\":{\"@id\":\"https:\/\/unhz.eu\/#\/schema\/logo\/image\/\"},\"sameAs\":[\"https:\/\/www.facebook.com\/uni.haxhizeka\",\"https:\/\/x.com\/uni_haxhizeka\",\"https:\/\/www.linkedin.com\/school\/haxhi-zeka-university\",\"https:\/\/www.instagram.com\/uni_haxhizeka\/\"],\"description\":\"Universiteti \u201cHaxhi Zeka\u201d n\u00eb Pej\u00eb \u00ebsht\u00eb institucion publik i arsimit t\u00eb lart\u00eb, q\u00eb ofron studime bachelor, master dhe doktorat\u00eb n\u00eb fusha t\u00eb ndryshme si menaxhimi, turizmi, ekonomia, bujq\u00ebsia, arti dhe drejt\u00ebsia. Universiteti synon zhvillimin akademik, hulumtimin shkencor dhe kontributin n\u00eb komunitet.\",\"email\":\"info@unhz.eu\",\"telephone\":\"+38339410970\",\"legalName\":\"Universiteti \u201cHaxhi Zeka\u201d n\u00eb Pej\u00eb\",\"foundingDate\":\"2011-11-14\",\"numberOfEmployees\":{\"@type\":\"QuantitativeValue\",\"minValue\":\"201\",\"maxValue\":\"500\"}}]}<\/script>\n<!-- \/ Yoast SEO Premium plugin. -->","yoast_head_json":{"title":"Kush ishte Haxhi Zeka? | Universiteti \u201cHaxhi Zeka\u201d n\u00eb Pej\u00eb","description":"Kush ishte Haxhi Zeka? Nj\u00eb figur\u00eb ky\u00e7e n\u00eb historin\u00eb shqiptare dhe l\u00ebvizjet komb\u00ebtare. M\u00ebsoni p\u00ebr jet\u00ebn, veprimtarin\u00eb dhe trash\u00ebgimin\u00eb e tij historike.","robots":{"index":"index","follow":"follow","max-snippet":"max-snippet:-1","max-image-preview":"max-image-preview:large","max-video-preview":"max-video-preview:-1"},"canonical":"https:\/\/unhz.eu\/bs\/kush-ishte-haxhi-zeka\/","og_locale":"bs_BA","og_type":"article","og_title":"Kush ishte Haxhi Zeka?","og_description":"Kush ishte Haxhi Zeka? Nj\u00eb figur\u00eb ky\u00e7e n\u00eb historin\u00eb shqiptare dhe l\u00ebvizjet komb\u00ebtare. M\u00ebsoni p\u00ebr jet\u00ebn, veprimtarin\u00eb dhe trash\u00ebgimin\u00eb e tij historike.","og_url":"https:\/\/unhz.eu\/bs\/kush-ishte-haxhi-zeka\/","og_site_name":"University Haxhi Zeka","article_publisher":"https:\/\/www.facebook.com\/uni.haxhizeka","article_modified_time":"2025-07-18T13:13:43+00:00","og_image":[{"url":"https:\/\/unhz.eu\/wp-content\/uploads\/2025\/06\/Haxhi-Zeka-750x375-1-e1749036412950.png","type":"","width":"","height":""}],"twitter_card":"summary_large_image","twitter_site":"@uni_haxhizeka","twitter_misc":{"Est. reading time":"5 minuta"},"schema":{"@context":"https:\/\/schema.org","@graph":[{"@type":"WebPage","@id":"https:\/\/unhz.eu\/kush-ishte-haxhi-zeka\/","url":"https:\/\/unhz.eu\/kush-ishte-haxhi-zeka\/","name":"Kush ishte Haxhi Zeka? | Universiteti \u201cHaxhi Zeka\u201d n\u00eb Pej\u00eb","isPartOf":{"@id":"https:\/\/unhz.eu\/#website"},"primaryImageOfPage":{"@id":"https:\/\/unhz.eu\/kush-ishte-haxhi-zeka\/#primaryimage"},"image":{"@id":"https:\/\/unhz.eu\/kush-ishte-haxhi-zeka\/#primaryimage"},"thumbnailUrl":"https:\/\/unhz.eu\/wp-content\/uploads\/2025\/06\/Haxhi-Zeka-750x375-1-e1749036412950.png","datePublished":"2024-02-22T14:24:04+00:00","dateModified":"2025-07-18T13:13:43+00:00","description":"Kush ishte Haxhi Zeka? Nj\u00eb figur\u00eb ky\u00e7e n\u00eb historin\u00eb shqiptare dhe l\u00ebvizjet komb\u00ebtare. M\u00ebsoni p\u00ebr jet\u00ebn, veprimtarin\u00eb dhe trash\u00ebgimin\u00eb e tij historike.","breadcrumb":{"@id":"https:\/\/unhz.eu\/kush-ishte-haxhi-zeka\/#breadcrumb"},"inLanguage":"bs-BA","potentialAction":[{"@type":"ReadAction","target":["https:\/\/unhz.eu\/kush-ishte-haxhi-zeka\/"]}]},{"@type":"ImageObject","inLanguage":"bs-BA","@id":"https:\/\/unhz.eu\/kush-ishte-haxhi-zeka\/#primaryimage","url":"https:\/\/unhz.eu\/wp-content\/uploads\/2025\/06\/Haxhi-Zeka-750x375-1-e1749036412950.png","contentUrl":"https:\/\/unhz.eu\/wp-content\/uploads\/2025\/06\/Haxhi-Zeka-750x375-1-e1749036412950.png"},{"@type":"BreadcrumbList","@id":"https:\/\/unhz.eu\/kush-ishte-haxhi-zeka\/#breadcrumb","itemListElement":[{"@type":"ListItem","position":1,"name":"Home","item":"https:\/\/unhz.eu\/"},{"@type":"ListItem","position":2,"name":"Kush ishte Haxhi Zeka?"}]},{"@type":"WebSite","@id":"https:\/\/unhz.eu\/#website","url":"https:\/\/unhz.eu\/","name":"Univerzitet &quot;Had\u017ei Zeka&quot;\u201c","description":"Posve\u0107eni kvaliteti, standardima i uspjehu","publisher":{"@id":"https:\/\/unhz.eu\/#organization"},"alternateName":"Universiteti Haxhi Zeka","potentialAction":[{"@type":"SearchAction","target":{"@type":"EntryPoint","urlTemplate":"https:\/\/unhz.eu\/?s={search_term_string}"},"query-input":{"@type":"PropertyValueSpecification","valueRequired":true,"valueName":"search_term_string"}}],"inLanguage":"bs-BA"},{"@type":"Organization","@id":"https:\/\/unhz.eu\/#organization","name":"Univerzitet &quot;Had\u017ei Zeka&quot;\u201c","alternateName":"Universiteti Haxhi Zeka","url":"https:\/\/unhz.eu\/","logo":{"@type":"ImageObject","inLanguage":"bs-BA","@id":"https:\/\/unhz.eu\/#\/schema\/logo\/image\/","url":"https:\/\/unhz.eu\/wp-content\/uploads\/2025\/04\/logo-unhz.webp","contentUrl":"https:\/\/unhz.eu\/wp-content\/uploads\/2025\/04\/logo-unhz.webp","width":1024,"height":260,"caption":"Universiteti \u201cHaxhi Zeka\u201d"},"image":{"@id":"https:\/\/unhz.eu\/#\/schema\/logo\/image\/"},"sameAs":["https:\/\/www.facebook.com\/uni.haxhizeka","https:\/\/x.com\/uni_haxhizeka","https:\/\/www.linkedin.com\/school\/haxhi-zeka-university","https:\/\/www.instagram.com\/uni_haxhizeka\/"],"description":"Univerzitet &quot;Had\u017ei Zeka&quot; u Pe\u0107i je javna visoko\u0161kolska ustanova koja nudi dodiplomske, master i doktorske studije u raznim oblastima kao \u0161to su menad\u017ement, turizam, ekonomija, poljoprivreda, umjetnost i pravo. Univerzitet ima za cilj akademski razvoj, nau\u010dna istra\u017eivanja i doprinos zajednici.","email":"info@unhz.eu","telephone":"+38339410970","legalName":"Universiteti \u201cHaxhi Zeka\u201d n\u00eb Pej\u00eb","foundingDate":"2011-11-14","numberOfEmployees":{"@type":"QuantitativeValue","minValue":"201","maxValue":"500"}}]}},"acf":[],"_links":{"self":[{"href":"https:\/\/unhz.eu\/bs\/wp-json\/wp\/v2\/pages\/21251","targetHints":{"allow":["GET"]}}],"collection":[{"href":"https:\/\/unhz.eu\/bs\/wp-json\/wp\/v2\/pages"}],"about":[{"href":"https:\/\/unhz.eu\/bs\/wp-json\/wp\/v2\/types\/page"}],"author":[{"embeddable":true,"href":"https:\/\/unhz.eu\/bs\/wp-json\/wp\/v2\/users\/1"}],"replies":[{"embeddable":true,"href":"https:\/\/unhz.eu\/bs\/wp-json\/wp\/v2\/comments?post=21251"}],"version-history":[{"count":19,"href":"https:\/\/unhz.eu\/bs\/wp-json\/wp\/v2\/pages\/21251\/revisions"}],"predecessor-version":[{"id":52814,"href":"https:\/\/unhz.eu\/bs\/wp-json\/wp\/v2\/pages\/21251\/revisions\/52814"}],"wp:attachment":[{"href":"https:\/\/unhz.eu\/bs\/wp-json\/wp\/v2\/media?parent=21251"}],"curies":[{"name":"radni list","href":"https:\/\/api.w.org\/{rel}","templated":true}]}}